{"id":13713,"date":"2021-01-19T10:04:40","date_gmt":"2021-01-19T07:04:40","guid":{"rendered":"https:\/\/gmddetectors-syria.com\/about-us\/"},"modified":"2025-01-09T17:33:34","modified_gmt":"2025-01-09T14:33:34","slug":"about-us","status":"publish","type":"page","link":"https:\/\/gmd-detectors.com\/fr\/about-us\/","title":{"rendered":"\u00c0 propos de nous"},"content":{"rendered":"<div class=\"wpb-content-wrapper\"><p>[vc_row][vc_column width=\u00a0\u00bb1\/2&Prime; css=\u00a0\u00bb.vc_custom_1610353301997{padding-right: 30px !important;padding-left: 30px !important;}\u00a0\u00bb mobile_bg_img_hidden=\u00a0\u00bbno\u00a0\u00bb tablet_bg_img_hidden=\u00a0\u00bbno\u00a0\u00bb woodmart_parallax=\u00a0\u00bb0&Prime; woodmart_sticky_column=\u00a0\u00bbfalse\u00a0\u00bb parallax_scroll=\u00a0\u00bbno\u00a0\u00bb mobile_reset_margin=\u00a0\u00bbno\u00a0\u00bb tablet_reset_margin=\u00a0\u00bbno\u00a0\u00bb][vc_column_text css=\u00a0\u00bb\u00a0\u00bb text_larger=\u00a0\u00bbno\u00a0\u00bb woodmart_inline=\u00a0\u00bbno\u00a0\u00bb]<\/p>\n<h2><strong>GMD Detectors\u00ae<\/strong><\/h2>\n<p>GMD Detectors Company, une soci\u00e9t\u00e9 commerciale situ\u00e9e dans l&rsquo;\u00c9tat du Qatar, cr\u00e9\u00e9e en 2015, sp\u00e9cialis\u00e9e dans le commerce et la vente d&rsquo;appareils et d&rsquo;\u00e9quipements d&rsquo;exploration, d&rsquo;appareils et de syst\u00e8mes de d\u00e9tection sp\u00e9cialis\u00e9s dans la d\u00e9tection de l&rsquo;or et du m\u00e9tal, et l&rsquo;exploration des eaux souterraines.<\/p>\n<p>Notre soci\u00e9t\u00e9 est la premi\u00e8re du genre au Qatar en termes de sp\u00e9cialisation et de grande exp\u00e9rience que nous avons dans ce domaine.<\/p>\n<p>Depuis sa cr\u00e9ation, notre soci\u00e9t\u00e9 a tenu \u00e0 \u00eatre la premi\u00e8re entreprise efficace dans le domaine des \u00e9quipements de d\u00e9tection et d&rsquo;exploration.<\/p>\n<p>Nous travaillons en permanence pour vous fournir les meilleurs services et pour d\u00e9velopper en permanence le niveau de services.<\/p>\n<p>Afin que l&rsquo;entreprise atteigne les plus hauts niveaux et reste fid\u00e8le \u00e0 notre engagement envers vous en vous offrant le meilleur o\u00f9 que vous soyez.<\/p>\n<p>Notre soci\u00e9t\u00e9 est l&rsquo;agent exclusif et agr\u00e9\u00e9 de nombreuses usines internationales sp\u00e9cialis\u00e9es dans ce domaine, et nous disposons d&rsquo;agences commerciales exclusives pour tous les appareils que nous vendons, afin de vous garantir la qualit\u00e9 et la fiabilit\u00e9 de tous nos services.<\/p>\n<p>Notre entreprise, gr\u00e2ce \u00e0 sa gestion avis\u00e9e, est fi\u00e8re de s&rsquo;engager aupr\u00e8s de vous \u00e0 toujours vous fournir le meilleur et le plus r\u00e9cent.[\/vc_column_text][\/vc_column][vc_column width=\u00a0\u00bb1\/2&Prime; css=\u00a0\u00bb.vc_custom_1610353310864{padding-right: 30px !important;padding-left: 30px !important;}\u00a0\u00bb mobile_bg_img_hidden=\u00a0\u00bbno\u00a0\u00bb tablet_bg_img_hidden=\u00a0\u00bbno\u00a0\u00bb woodmart_parallax=\u00a0\u00bb0&Prime; woodmart_sticky_column=\u00a0\u00bbfalse\u00a0\u00bb parallax_scroll=\u00a0\u00bbno\u00a0\u00bb mobile_reset_margin=\u00a0\u00bbno\u00a0\u00bb tablet_reset_margin=\u00a0\u00bbno\u00a0\u00bb][vc_column_text css=\u00a0\u00bb\u00a0\u00bb text_larger=\u00a0\u00bbno\u00a0\u00bb woodmart_inline=\u00a0\u00bbno\u00a0\u00bb]<\/p>\n<h2><strong>Parmi les principales sp\u00e9cialit\u00e9s et services fournis par notre soci\u00e9t\u00e9, on trouve :<\/strong><\/h2>\n<ul>\n<li>D\u00e9tecteurs de m\u00e9taux souterrains<\/li>\n<li>D\u00e9tecteurs d&rsquo;or et de tr\u00e9sors<\/li>\n<li>D\u00e9tecteurs d&rsquo;eaux souterraines<\/li>\n<li>D\u00e9tecteurs de pierres pr\u00e9cieuses et de diamants<\/li>\n<li>Tous les syst\u00e8mes et types d&rsquo;\u00e9quipements g\u00e9ophysiques et g\u00e9ologiques<\/li>\n<li>Appareils de test et de mesure des sols<\/li>\n<li>Testeurs de diamants et de pierres pr\u00e9cieuses<\/li>\n<li>Dispositifs de s\u00e9curit\u00e9 et de protection<\/li>\n<li>D\u00e9tecteurs de m\u00e9taux portatifs<\/li>\n<li><a href=\"https:\/\/gmd-scanners.com\/product-category\/walk-through-metal-detector\/\" target=\"_blank\" rel=\"noopener\">D\u00e9tecteur de m\u00e9taux \u00e0 passage direct (portails de s\u00e9curit\u00e9)<\/a><\/li>\n<li><a href=\"https:\/\/gmd-scanners.com\/product-category\/x-ray-baggage-scanners\/\" target=\"_blank\" rel=\"noopener\">Inspection des bagages aux rayons X<\/a><\/li>\n<\/ul>\n<p>[\/vc_column_text][\/vc_column][\/vc_row]<\/p>\n<\/div>","protected":false},"excerpt":{"rendered":"<p>[vc_row][vc_column width=\u00a0\u00bb1\/2&Prime; css=\u00a0\u00bb.vc_custom_1610353301997{padding-right: 30px !important;padding-left: 30px !important;}\u00a0\u00bb mobile_bg_img_hidden=\u00a0\u00bbno\u00a0\u00bb tablet_bg_img_hidden=\u00a0\u00bbno\u00a0\u00bb woodmart_parallax=\u00a0\u00bb0&Prime; woodmart_sticky_column=\u00a0\u00bbfalse\u00a0\u00bb parallax_scroll=\u00a0\u00bbno\u00a0\u00bb mobile_reset_margin=\u00a0\u00bbno\u00a0\u00bb tablet_reset_margin=\u00a0\u00bbno\u00a0\u00bb][vc_column_text css=\u00a0\u00bb\u00a0\u00bb text_larger=\u00a0\u00bbno\u00a0\u00bb woodmart_inline=\u00a0\u00bbno\u00a0\u00bb] GMD Detectors\u00ae GMD<\/p>\n","protected":false},"author":2,"featured_media":0,"parent":0,"menu_order":0,"comment_status":"closed","ping_status":"closed","template":"","meta":{"_acf_changed":false,"footnotes":""},"class_list":["post-13713","page","type-page","status-publish","hentry"],"acf":[],"_links":{"self":[{"href":"https:\/\/gmd-detectors.com\/fr\/wp-json\/wp\/v2\/pages\/13713","targetHints":{"allow":["GET"]}}],"collection":[{"href":"https:\/\/gmd-detectors.com\/fr\/wp-json\/wp\/v2\/pages"}],"about":[{"href":"https:\/\/gmd-detectors.com\/fr\/wp-json\/wp\/v2\/types\/page"}],"author":[{"embeddable":true,"href":"https:\/\/gmd-detectors.com\/fr\/wp-json\/wp\/v2\/users\/2"}],"replies":[{"embeddable":true,"href":"https:\/\/gmd-detectors.com\/fr\/wp-json\/wp\/v2\/comments?post=13713"}],"version-history":[{"count":3,"href":"https:\/\/gmd-detectors.com\/fr\/wp-json\/wp\/v2\/pages\/13713\/revisions"}],"predecessor-version":[{"id":13718,"href":"https:\/\/gmd-detectors.com\/fr\/wp-json\/wp\/v2\/pages\/13713\/revisions\/13718"}],"wp:attachment":[{"href":"https:\/\/gmd-detectors.com\/fr\/wp-json\/wp\/v2\/media?parent=13713"}],"curies":[{"name":"wp","href":"https:\/\/api.w.org\/{rel}","templated":true}]}}