{"id":9550,"date":"2023-01-26T21:31:38","date_gmt":"2023-01-26T18:31:38","guid":{"rendered":"https:\/\/gmd-detectors.com\/?page_id=9550"},"modified":"2025-04-29T23:15:37","modified_gmt":"2025-04-29T20:15:37","slug":"buying-and-shipping","status":"publish","type":"page","link":"https:\/\/gmd-detectors.com\/fr\/buying-and-shipping\/","title":{"rendered":"Comment acheter"},"content":{"rendered":"<div class=\"wpb-content-wrapper\"><p>[vc_row full_width=\u00a0\u00bbstretch_row\u00a0\u00bb content_placement=\u00a0\u00bbtop\u00a0\u00bb css_animation=\u00a0\u00bbnone\u00a0\u00bb css=\u00a0\u00bb.vc_custom_1643052010812{margin-top: -80px !important;background-position: center !important;background-repeat: no-repeat !important;background-size: cover !important;}\u00a0\u00bb mobile_bg_img_hidden=\u00a0\u00bbno\u00a0\u00bb tablet_bg_img_hidden=\u00a0\u00bbno\u00a0\u00bb woodmart_parallax=\u00a0\u00bb0&Prime; woodmart_gradient_switch=\u00a0\u00bbno\u00a0\u00bb row_reverse_mobile=\u00a0\u00bb0&Prime; row_reverse_tablet=\u00a0\u00bb0&Prime; woodmart_disable_overflow=\u00a0\u00bb0&Prime;][vc_column mobile_bg_img_hidden=\u00a0\u00bbno\u00a0\u00bb tablet_bg_img_hidden=\u00a0\u00bbno\u00a0\u00bb woodmart_parallax=\u00a0\u00bb0&Prime; woodmart_sticky_column=\u00a0\u00bbfalse\u00a0\u00bb parallax_scroll=\u00a0\u00bbno\u00a0\u00bb mobile_reset_margin=\u00a0\u00bbno\u00a0\u00bb tablet_reset_margin=\u00a0\u00bbno\u00a0\u00bb][vc_single_image image=\u00a0\u00bb11287&Prime; img_size=\u00a0\u00bbfull\u00a0\u00bb alignment=\u00a0\u00bbcenter\u00a0\u00bb css_animation=\u00a0\u00bbnone\u00a0\u00bb parallax_scroll=\u00a0\u00bbno\u00a0\u00bb][vc_column_text text_larger=\u00a0\u00bbno\u00a0\u00bb]<strong>GMD Detectors\u00ae<\/strong>, une entreprise leader mondiale dans le domaine des appareils de d\u00e9tection de m\u00e9taux, d\u2019or et d\u2019eaux souterraines, nous sommes toujours fiers d\u2019offrir \u00e0 nos chers clients du monde entier, la derni\u00e8re et la plus grande collection d\u2019appareils divers pour les prospecteurs amateurs et professionnels. Avec de larges options qui correspondent au potentiel et aux besoins et d\u00e9sirs du client \u00e0 des prix comp\u00e9titifs et sans pr\u00e9c\u00e9dent.<\/p>\n<p>Notre soci\u00e9t\u00e9 est un agent et distributeur autoris\u00e9 et agr\u00e9\u00e9 des principales soci\u00e9t\u00e9s internationales allemandes, am\u00e9ricaines et turques impliqu\u00e9es dans la d\u00e9tection et l\u2019exploration d\u2019or, de m\u00e9taux pr\u00e9cieux, de tr\u00e9sors, de s\u00e9pultures et de dispositifs de monuments, et nous sommes heureux de toujours offrir \u00e0 travers ces soci\u00e9t\u00e9s les plus m\u00e9morables. et des appareils r\u00e9ussis et exclusifs.<\/p>\n<p>Nos chers clients\u2026 pour obtenir et gagner votre ch\u00e8re confiance, notre soci\u00e9t\u00e9 est heureuse de fournir tout ce dont vous avez besoin et r\u00e9pond \u00e0 vos souhaits comme les meilleurs services de vente et d\u2019exp\u00e9dition avec des offres sp\u00e9ciales sur les machines les plus puissantes et leurs accessoires et prix\u2026 Nous vous souhaitons chance et profit abondant avec nos appareils et nos produits, et nous sommes toujours heureux d\u2019\u00eatre \u00e0 votre bon avis.<\/p>\n<h2>Achat et service Apr\u00e8s-vente<\/h2>\n<p>Nos chers clients avec votre contact avec le service commercial, vous pouvez facilement apprendre toutes les informations d\u00e9taill\u00e9es sur tout appareil et son prix et le mode d\u2019achat et de paiement et de r\u00e9ception Chers clients, vous pouvez acheter l\u2019un de nos produits ou nos appareils via les m\u00e9thodes suivantes :[\/vc_column_text][\/vc_column][\/vc_row][vc_row full_width=\u00a0\u00bbstretch_row\u00a0\u00bb content_placement=\u00a0\u00bbtop\u00a0\u00bb css_animation=\u00a0\u00bbnone\u00a0\u00bb css=\u00a0\u00bb.vc_custom_1643052010812{margin-top: -80px !important;background-position: center !important;background-repeat: no-repeat !important;background-size: cover !important;}\u00a0\u00bb mobile_bg_img_hidden=\u00a0\u00bbno\u00a0\u00bb tablet_bg_img_hidden=\u00a0\u00bbno\u00a0\u00bb woodmart_parallax=\u00a0\u00bb0&Prime; woodmart_gradient_switch=\u00a0\u00bbno\u00a0\u00bb row_reverse_mobile=\u00a0\u00bb0&Prime; row_reverse_tablet=\u00a0\u00bb0&Prime; woodmart_disable_overflow=\u00a0\u00bb0&Prime;][vc_column mobile_bg_img_hidden=\u00a0\u00bbno\u00a0\u00bb tablet_bg_img_hidden=\u00a0\u00bbno\u00a0\u00bb woodmart_parallax=\u00a0\u00bb0&Prime; woodmart_sticky_column=\u00a0\u00bbfalse\u00a0\u00bb parallax_scroll=\u00a0\u00bbno\u00a0\u00bb mobile_reset_margin=\u00a0\u00bbno\u00a0\u00bb tablet_reset_margin=\u00a0\u00bbno\u00a0\u00bb][vc_single_image image=\u00a0\u00bb11294&Prime; img_size=\u00a0\u00bbfull\u00a0\u00bb alignment=\u00a0\u00bbcenter\u00a0\u00bb css_animation=\u00a0\u00bbnone\u00a0\u00bb parallax_scroll=\u00a0\u00bbno\u00a0\u00bb][vc_column_text text_larger=\u00a0\u00bbno\u00a0\u00bb]<\/p>\n<h2>Premi\u00e8re m\u00e9thode :<\/h2>\n<p>En visitant le si\u00e8ge de l\u2019entreprise , le client peut voir et pr\u00e9visualiser les appareils disponibles dans notre galerie situ\u00e9e , et choisir l\u2019appareil qui lui convient, nous offrons \u00e0 notre les clients vivent une exp\u00e9rience pratique de la plupart des appareils avec la formation sur l\u2019utilisation de l\u2019appareil \u00e0 gauche avec des conseils corrects sur l\u2019appareil le plus appropri\u00e9 \u00e0 leurs besoins et potentiels pour assurer la fourniture des meilleurs services.<\/p>\n<p>Dans ce cas, le client peut recevoir sa machine directement depuis la galerie et peut payer comptant et nous lui fournissons dans ce cas une facture d\u2019achat \u00e0 son nom comprenant toutes les informations d\u2019achat (nom \u2013 num\u00e9ro de t\u00e9l\u00e9phone \u2013 Adresse \u2013 Liste des appareils achet\u00e9s \u2013 Appareils achet\u00e9s num\u00e9ros de s\u00e9rie \u2013 Prix)<\/p>\n<p>Ou le client peut choisir d\u2019exp\u00e9dier l\u2019appareil dans son propre pays et dans ce cas, l\u2019appareil est exp\u00e9di\u00e9 librement en utilisant notre compte d\u2019entreprise aupr\u00e8s de l\u2019une des soci\u00e9t\u00e9s de transport sans frais ni charges suppl\u00e9mentaires pour le client.<\/p>\n<h2>Deuxi\u00e8me m\u00e9thode :<\/h2>\n<p>Apr\u00e8s que le client ait communiqu\u00e9 avec le service commercial international par t\u00e9l\u00e9phone ou par e-mail et choisi l\u2019appareil \u00e0 acheter et la confirmation du processus d\u2019achat, le service commercial enverra la facture d\u2019achat initiale \u00e0 l\u2019e- adresse e-mail du client comprenant toutes les informations (nom de l\u2019appareil et du produit \u2013 quantit\u00e9 \u2013 le prix \u2013 la valeur finale de la facture apr\u00e8s escompte \u2013 frais d\u2019exp\u00e9dition le cas \u00e9ch\u00e9ant \u2013 coordonn\u00e9es bancaires de l\u2019entreprise)<\/p>\n<p>Avec la confirmation de l\u2019achat par le client en confirmant le processus de paiement en transf\u00e9rant la valeur de la facture sur notre compte bancaire, nous emballons l\u2019appareil et l\u2019exp\u00e9dions le m\u00eame jour \u00e0 travers l\u2019une des c\u00e9l\u00e8bres compagnies maritimes mondiales, et nous fournissons au client avec le num\u00e9ro d\u2019envoi \u00e0 suivre et assurer la livraison de l\u2019appareil \u00e0 l\u2019adresse du client sous quelques jours selon les pays.<\/p>\n<p>Nous offrons \u00e9galement des services de communication continue apr\u00e8s-vente avec le client, et confirmons pour assurer le bon fonctionnement du produit et l\u2019aidons dans toute demande concernant l\u2019appareil et ses accessoires et toutes autres options, ainsi que de continuer \u00e0 se connecter avec les clients et les informer sur les d\u00e9veloppements r\u00e9cents ou les \u00e9ventuelles mises \u00e0 jour ont eu lieu sur les produits existants.<\/p>\n<h2>Achat et service Apr\u00e8s-vente<\/h2>\n<p>Notre soci\u00e9t\u00e9 exp\u00e9die ses appareils et produits \u00e0 travers les plus grandes compagnies maritimes du monde dans tous les pays d\u2019Europe, d\u2019Afrique et du Moyen-Orient, et partout dans le monde pour garantir l\u2019arriv\u00e9e de nos appareils \u00e0 nos chers clients en toute simplicit\u00e9 et dans le meilleur \u00e9tat et dans les meilleurs d\u00e9lais. possible.<\/p>\n<p>Le service d\u2019exp\u00e9dition de notre entreprise, apr\u00e8s avoir confirm\u00e9 le contenu de l\u2019envoi, encapsule les produits achet\u00e9s par les clients avec les m\u00e9thodes les plus r\u00e9centes et les meilleures dans l\u2019emballage des produits, pour maintenir pleinement les produits intacts, pour les livrer aux mains de nos clients sans aucune fracture ou des dommages ou des d\u00e9ficiences.<\/p>\n<p>Notre soci\u00e9t\u00e9 est responsable de l\u2019exp\u00e9dition du produit et le client ne supporte rien de ce qui se passe \u00e0 l\u2019exp\u00e9dition, nous veillons \u00e9galement \u00e0 maintenir les d\u00e9lais minutieux dans la livraison de l\u2019exp\u00e9dition au client conform\u00e9ment au d\u00e9lai sp\u00e9cifi\u00e9, nous fournissons \u00e9galement le client avec un num\u00e9ro d\u2019exp\u00e9dition sp\u00e9cial, et il peut suivre son exp\u00e9dition via le site Web de la compagnie maritime.<\/p>\n<p>Notre soci\u00e9t\u00e9 propose \u00e9galement un service de paiement \u00e0 la livraison directement via des distributeurs agr\u00e9\u00e9s dans de nombreux pays arabes et \u00e9trangers pour vous assurer de s\u00e9curiser vos gauches et un acc\u00e8s facile \u00e0 nos produits exceptionnels.<\/p>\n<p>Nous attirons l\u2019attention de nos chers clients sur le fait que notre politique d\u2019entreprise repose sur le principe du maintien de la vie priv\u00e9e du client et de la confidentialit\u00e9 des transactions, et nous ne fournirons \u00e0 aucun tiers des informations priv\u00e9es sur le client, afin de garantir qu\u2019il n\u2019est attribu\u00e9 \u00e0 aucun droit ou des cons\u00e9quences financi\u00e8res.[\/vc_column_text][vc_single_image image=\u00a0\u00bb11297&Prime; img_size=\u00a0\u00bbfull\u00a0\u00bb alignment=\u00a0\u00bbcenter\u00a0\u00bb css_animation=\u00a0\u00bbnone\u00a0\u00bb parallax_scroll=\u00a0\u00bbno\u00a0\u00bb][vc_column_text text_larger=\u00a0\u00bbno\u00a0\u00bb]<\/p>\n<h2>Services d&rsquo;assistance technique et de maintenance<\/h2>\n<p>est heureux de vous offrir les services de support technique gratuits les plus puissants, o\u00f9 l\u2019\u00e9quipe de support technique se fera un plaisir de r\u00e9pondre \u00e0 toutes vos questions ou questions sur tout appareil ou produit \u00e0 vendre par l\u2019interm\u00e9diaire de la soci\u00e9t\u00e9 ou de l\u2019un de nos distributeurs et nous sommes pr\u00eats pour vous servir \u00e0 tout moment de la semaine[\/vc_column_text][vc_single_image image=\u00a0\u00bb11300&Prime; img_size=\u00a0\u00bbfull\u00a0\u00bb alignment=\u00a0\u00bbcenter\u00a0\u00bb css_animation=\u00a0\u00bbnone\u00a0\u00bb parallax_scroll=\u00a0\u00bbno\u00a0\u00bb][vc_column_text text_larger=\u00a0\u00bbno\u00a0\u00bb]<\/p>\n<h2>Vous pouvez communiquer avec l\u2019\u00e9quipe d\u2019assistance technique par l\u2019un des moyens suivants :<\/h2>\n<p>Connectez-vous directement par t\u00e9l\u00e9phone via nos num\u00e9ros sur notre site Web.<br \/>\nPar adresse e-mail \u00e0 l\u2019adresse : info@gmd-detectors.com<br \/>\nWhatsapp ou Viber au num\u00e9ro : 0097466575294<br \/>\nCommuniquez avec nous en commentant, partageant, chat via nos comptes de r\u00e9seaux sociaux (Facebook \u2013 YouTube \u2026etc.)<br \/>\nDiscutez avec une \u00e9quipe d\u2019assistance technique sur notre site Web, nous sommes disponibles pour r\u00e9pondre \u00e0 vos questions \u00e0 tout moment.<\/p>\n<h2>Services d\u2019entretien :<\/h2>\n<p>Notre soci\u00e9t\u00e9 fournit \u00e9galement des services de maintenance pour la plupart des types d\u2019appareils en cas de dysfonctionnement \u00e9lectronique.<br \/>\nLa r\u00e9paration du produit rel\u00e8ve de la responsabilit\u00e9 de notre soci\u00e9t\u00e9 en cas de dysfonctionnement \u00e9lectronique naturel et nous n\u2019assumons aucune responsabilit\u00e9 pour les d\u00e9faillances que vous obtenez \u00e0 la suite d\u2019une mauvaise utilisation ou en cas de chute ou de casse d\u2019un produit par le client. Notez que nous r\u00e9parons les produits qui sont expos\u00e9s \u00e0 des dommages dus \u00e0 une mauvaise utilisation et fournissons des pi\u00e8ces de remplacement aux pi\u00e8ces endommag\u00e9es \u00e0 des salaires nominaux.<br \/>\nNous pouvons \u00e9galement fournir des accessoires et des pi\u00e8ces de rechange pour la plupart des types d\u2019appareils et de produits \u00e0 des prix sup\u00e9rieurs.[\/vc_column_text][\/vc_column][\/vc_row][vc_row][vc_column css=\u00a0\u00bb.vc_custom_1610353301997{padding-right: 30px !important;padding-left: 30px !important;}\u00a0\u00bb mobile_bg_img_hidden=\u00a0\u00bbno\u00a0\u00bb tablet_bg_img_hidden=\u00a0\u00bbno\u00a0\u00bb woodmart_parallax=\u00a0\u00bb0&Prime; woodmart_sticky_column=\u00a0\u00bbfalse\u00a0\u00bb parallax_scroll=\u00a0\u00bbno\u00a0\u00bb mobile_reset_margin=\u00a0\u00bbno\u00a0\u00bb tablet_reset_margin=\u00a0\u00bbno\u00a0\u00bb][vc_column_text css=\u00a0\u00bb\u00a0\u00bb text_larger=\u00a0\u00bbno\u00a0\u00bb woodmart_inline=\u00a0\u00bbno\u00a0\u00bb]<\/p>\n<div class=\"elementor-element elementor-element-dfe555c elementor-headline--style-highlight elementor-widget elementor-widget-animated-headline\" data-id=\"dfe555c\" data-element_type=\"widget\" data-settings=\"{&quot;marker&quot;:&quot;underline_zigzag&quot;,&quot;highlighted_text&quot;:&quot;\\u0627\\u0644\\u0628\\u0646\\u0643\\u064a\\u0629&quot;,&quot;headline_style&quot;:&quot;highlight&quot;,&quot;loop&quot;:&quot;yes&quot;,&quot;highlight_animation_duration&quot;:1200,&quot;highlight_iteration_delay&quot;:8000}\" data-widget_type=\"animated-headline.default\">\n<div class=\"elementor-widget-container\">\n<h3 class=\"elementor-headline e-animated\" style=\"text-align: center;\"><span class=\"elementor-headline-plain-text elementor-headline-text-wrapper\">Information de compte bancaire<\/span><\/h3>\n<\/div>\n<\/div>\n<div class=\"elementor-element elementor-element-63c5523 eael-dt-th-align-right eael-dt-td-align-right eael-table-align-center elementor-widget elementor-widget-eael-data-table\" data-id=\"63c5523\" data-element_type=\"widget\" data-widget_type=\"eael-data-table.default\">\n<div class=\"elementor-widget-container\">\n<div class=\"eael-data-table-wrap\" data-table_id=\"63c5523\" data-custom_responsive=\"false\"><\/div>\n<\/div>\n<\/div>\n<table dir=\"ltr\" style=\"font-size: 16px;\" border=\"1\">\n<tbody>\n<tr>\n<td>\u0627\u0633\u0645 \u0627\u0644\u0645\u0633\u062a\u0641\u064a\u062f<\/td>\n<td style=\"text-align: center;\"><span style=\"color: #993300;\">GMD EQUIPMENT TRADING<\/span><\/td>\n<td style=\"text-align: left;\">ACCOUNT NAME<\/td>\n<\/tr>\n<tr style=\"background-color: #f9f9f9;\">\n<td>\u0627\u0644\u0628\u0646\u0643<\/td>\n<td style=\"text-align: center;\"><span style=\"color: #993300;\">DOHA BANK<\/span><\/td>\n<td style=\"text-align: left;\">BANK<\/td>\n<\/tr>\n<tr>\n<td>\u0631\u0642\u0645 \u0627\u0644\u062d\u0633\u0627\u0628<\/td>\n<td style=\"text-align: center;\"><span style=\"color: #993300;\">0222 1444 1440 0100 1000 0<\/span><\/td>\n<td style=\"text-align: left;\">ACCOUNT NUMBER<\/td>\n<\/tr>\n<tr style=\"background-color: #f9f9f9;\">\n<td>\u0639\u0646\u0648\u0627\u0646 \u0627\u0644\u0628\u0646\u0643<\/td>\n<td style=\"text-align: center;\"><span style=\"color: #993300;\">HEAD OFFICE TOWER, CORNICHE STREET, WEST BAY<\/span><\/td>\n<td style=\"text-align: left;\">BANK ADDRESS<\/td>\n<\/tr>\n<tr>\n<td>\u0631\u0642\u0645 \u0627\u0644\u0622\u064a\u0628\u0627\u0646<\/td>\n<td style=\"text-align: center;\"><span style=\"color: #993300;\">QA14 DOHB 0222 1444 1440 0100 1000 0<\/span><\/td>\n<td style=\"text-align: left;\">IBAN<\/td>\n<\/tr>\n<tr style=\"background-color: #f9f9f9;\">\n<td>\u0633\u0648\u064a\u0641\u062a \u0643\u0648\u062f<\/td>\n<td style=\"text-align: center;\"><span style=\"color: #993300;\">DOHBQAQAXXX<\/span><\/td>\n<td style=\"text-align: left;\">SWIFT CODE<\/td>\n<\/tr>\n<\/tbody>\n<\/table>\n<p>[\/vc_column_text][\/vc_column][\/vc_row]<\/p>\n<\/div>","protected":false},"excerpt":{"rendered":"<p>[vc_row full_width=\u00a0\u00bbstretch_row\u00a0\u00bb content_placement=\u00a0\u00bbtop\u00a0\u00bb css_animation=\u00a0\u00bbnone\u00a0\u00bb css=\u00a0\u00bb.vc_custom_1643052010812{margin-top: -80px !important;background-position: center !important;background-repeat: no-repeat !important;background-size: cover !important;}\u00a0\u00bb mobile_bg_img_hidden=\u00a0\u00bbno\u00a0\u00bb tablet_bg_img_hidden=\u00a0\u00bbno\u00a0\u00bb woodmart_parallax=\u00a0\u00bb0&Prime; woodmart_gradient_switch=\u00a0\u00bbno\u00a0\u00bb row_reverse_mobile=\u00a0\u00bb0&Prime; row_reverse_tablet=\u00a0\u00bb0&Prime; woodmart_disable_overflow=\u00a0\u00bb0&Prime;][vc_column<\/p>\n","protected":false},"author":2,"featured_media":0,"parent":0,"menu_order":0,"comment_status":"closed","ping_status":"closed","template":"","meta":{"_acf_changed":false,"footnotes":""},"class_list":["post-9550","page","type-page","status-publish","hentry"],"acf":[],"_links":{"self":[{"href":"https:\/\/gmd-detectors.com\/fr\/wp-json\/wp\/v2\/pages\/9550","targetHints":{"allow":["GET"]}}],"collection":[{"href":"https:\/\/gmd-detectors.com\/fr\/wp-json\/wp\/v2\/pages"}],"about":[{"href":"https:\/\/gmd-detectors.com\/fr\/wp-json\/wp\/v2\/types\/page"}],"author":[{"embeddable":true,"href":"https:\/\/gmd-detectors.com\/fr\/wp-json\/wp\/v2\/users\/2"}],"replies":[{"embeddable":true,"href":"https:\/\/gmd-detectors.com\/fr\/wp-json\/wp\/v2\/comments?post=9550"}],"version-history":[{"count":3,"href":"https:\/\/gmd-detectors.com\/fr\/wp-json\/wp\/v2\/pages\/9550\/revisions"}],"predecessor-version":[{"id":14675,"href":"https:\/\/gmd-detectors.com\/fr\/wp-json\/wp\/v2\/pages\/9550\/revisions\/14675"}],"wp:attachment":[{"href":"https:\/\/gmd-detectors.com\/fr\/wp-json\/wp\/v2\/media?parent=9550"}],"curies":[{"name":"wp","href":"https:\/\/api.w.org\/{rel}","templated":true}]}}