{"id":9649,"date":"2021-07-19T09:17:52","date_gmt":"2021-07-19T09:17:52","guid":{"rendered":"https:\/\/gmd-detectors.com\/?page_id=9649"},"modified":"2021-07-19T09:41:15","modified_gmt":"2021-07-19T09:41:15","slug":"nos-services","status":"publish","type":"page","link":"https:\/\/gmd-detectors.com\/fr\/nos-services\/","title":{"rendered":"Nos services"},"content":{"rendered":"<div class=\"wpb-content-wrapper\"><p>[vc_row][vc_column css=\u00a0\u00bb.vc_custom_1611050314474{margin-bottom: 40px !important;padding-top: 40px !important;padding-right: 5% !important;padding-left: 5% !important;background-color: #f9f9f9 !important;background-position: center !important;background-repeat: no-repeat !important;background-size: cover !important;}\u00a0\u00bb mobile_bg_img_hidden=\u00a0\u00bbno\u00a0\u00bb tablet_bg_img_hidden=\u00a0\u00bbno\u00a0\u00bb woodmart_parallax=\u00a0\u00bb0&Prime; woodmart_sticky_column=\u00a0\u00bbfalse\u00a0\u00bb parallax_scroll=\u00a0\u00bbno\u00a0\u00bb mobile_reset_margin=\u00a0\u00bbno\u00a0\u00bb tablet_reset_margin=\u00a0\u00bbno\u00a0\u00bb][vc_column_text text_larger=\u00a0\u00bbno\u00a0\u00bb]<\/p>\n<p style=\"text-align: center;\"><span style=\"color: #000000;\">D\u00e9tecteurs GMD, heureux d&rsquo;offrir ses services professionnels en toute simplicit\u00e9 \u00e0 tous ses clients, dans le secteur des appareils et \u00e9quipements d&rsquo;exploration, appareils sp\u00e9cialis\u00e9s pour la d\u00e9tection d&rsquo;or et de m\u00e9taux et appareils de d\u00e9tection des eaux souterraines. Notre \u00e9quipe compos\u00e9e de plusieurs d\u00e9partements est heureuse de fournir nos services \u00e0 vous en permanence avant et apr\u00e8s les ventes ainsi. Nos services vous sont fournis du Qatar vers toutes les parties du monde.<\/span><\/p>\n<p>[\/vc_column_text][\/vc_column][vc_column width=\u00a0\u00bb1\/2&Prime;][vc_column_text text_larger=\u00a0\u00bbno\u00a0\u00bb]<\/p>\n<h2><strong>D\u00e9partement des ventes:<\/strong><\/h2>\n<p style=\"padding-left: 40px;\">Le service commercial vous apporte un soutien complet pour faciliter les transactions d&rsquo;achat et obtenir votre produit aux meilleurs prix et services. Nous sommes heureux dans le service commercial de recevoir vos demandes officielles d&rsquo;achats par e-mail ou par contact direct, afin que vous veniez avec nous avec un achat facile et s\u00e9curis\u00e9.<\/p>\n<h2><strong>Comment acheter:<\/strong><\/h2>\n<p style=\"padding-left: 40px;\">Vous devez contacter le service commercial et choisir le produit que vous souhaitez acheter, puis le commercial vous pr\u00e9sentera un devis approuv\u00e9 et apr\u00e8s votre approbation de l&rsquo;achat, vous pr\u00e9sentera une facture proforma expliquant tous les d\u00e9tails qui vous permettent de payer les frais de produit par virement bancaire sur le compte bancaire approuv\u00e9 de notre soci\u00e9t\u00e9.<\/p>\n<p style=\"padding-left: 40px;\"><span style=\"color: #000000;\"><strong>Noter:<\/strong><\/span> Notre soci\u00e9t\u00e9 vous fournit toutes les garanties et tous les documents qui garantissent vos droits dans le processus d&rsquo;achat jusqu&rsquo;\u00e0 ce que le produit vous parvienne.<\/p>\n<p>[\/vc_column_text][\/vc_column][vc_column width=\u00a0\u00bb1\/2&Prime;][vc_column_text text_larger=\u00a0\u00bbno\u00a0\u00bb]<\/p>\n<h2><strong>Service \u00e0 la client\u00e8le:<\/strong><\/h2>\n<p style=\"padding-left: 40px;\">Le service client est charg\u00e9 de recevoir toutes vos demandes et demandes de renseignements sept jours sur sept par t\u00e9l\u00e9phone, e-mail et WhatsApp, et via des chats en ligne via notre site Web, afin de vous fournir des services d&rsquo;assistance et de r\u00e9pondre \u00e0 toutes vos demandes de renseignements sur les services li\u00e9s aux produits et vous aider \u00e0 choisir le d\u00e9tecteur qui vous convient dans l&rsquo;accomplissement de vos t\u00e2ches.<\/p>\n<h2><strong>D\u00e9partement des exp\u00e9ditions:<\/strong><\/h2>\n<p style=\"padding-left: 40px;\">L&rsquo;un des services les plus importants fournis par notre soci\u00e9t\u00e9 est les services d&rsquo;exp\u00e9dition express et s\u00fbr, notre service d&rsquo;exp\u00e9dition est sp\u00e9cialis\u00e9 dans l&rsquo;exportation de produits vers vous de la mani\u00e8re la plus pr\u00e9cise avec un emballage professionnel pour maintenir la s\u00e9curit\u00e9 du produit et sa livraison en toute s\u00e9curit\u00e9 et rapidement, nous avons contract\u00e9 avec les plus grandes soci\u00e9t\u00e9s internationales dans le domaine du fret a\u00e9rien express pour vous livrer des produits dans un temps record avec des proc\u00e9dures de d\u00e9douanement rapides, avec une garantie totale de la s\u00e9curit\u00e9 du produit et de sa connexion avec vous sans aucune entrave.<\/p>\n<p>[\/vc_column_text][\/vc_column][\/vc_row]<\/p>\n<\/div>","protected":false},"excerpt":{"rendered":"<p>[vc_row][vc_column css=\u00a0\u00bb.vc_custom_1611050314474{margin-bottom: 40px !important;padding-top: 40px !important;padding-right: 5% !important;padding-left: 5% !important;background-color: #f9f9f9 !important;background-position: center !important;background-repeat: no-repeat !important;background-size: cover !important;}\u00a0\u00bb mobile_bg_img_hidden=\u00a0\u00bbno\u00a0\u00bb tablet_bg_img_hidden=\u00a0\u00bbno\u00a0\u00bb<\/p>\n","protected":false},"author":2,"featured_media":0,"parent":0,"menu_order":0,"comment_status":"closed","ping_status":"closed","template":"","meta":{"_acf_changed":false,"footnotes":""},"class_list":["post-9649","page","type-page","status-publish","hentry"],"acf":[],"_links":{"self":[{"href":"https:\/\/gmd-detectors.com\/fr\/wp-json\/wp\/v2\/pages\/9649","targetHints":{"allow":["GET"]}}],"collection":[{"href":"https:\/\/gmd-detectors.com\/fr\/wp-json\/wp\/v2\/pages"}],"about":[{"href":"https:\/\/gmd-detectors.com\/fr\/wp-json\/wp\/v2\/types\/page"}],"author":[{"embeddable":true,"href":"https:\/\/gmd-detectors.com\/fr\/wp-json\/wp\/v2\/users\/2"}],"replies":[{"embeddable":true,"href":"https:\/\/gmd-detectors.com\/fr\/wp-json\/wp\/v2\/comments?post=9649"}],"version-history":[{"count":0,"href":"https:\/\/gmd-detectors.com\/fr\/wp-json\/wp\/v2\/pages\/9649\/revisions"}],"wp:attachment":[{"href":"https:\/\/gmd-detectors.com\/fr\/wp-json\/wp\/v2\/media?parent=9649"}],"curies":[{"name":"wp","href":"https:\/\/api.w.org\/{rel}","templated":true}]}}