{"id":10031,"date":"2021-08-30T21:41:55","date_gmt":"2021-08-30T18:41:55","guid":{"rendered":"https:\/\/gmd-detectors.com\/?post_type=product&#038;p=10031"},"modified":"2025-02-05T16:44:38","modified_gmt":"2025-02-05T13:44:38","slug":"gold-seeker-detector","status":"publish","type":"product","link":"https:\/\/gmd-detectors.com\/fr\/produit\/gold-seeker-detector\/","title":{"rendered":"GOLD SEEKER DETECTOR"},"content":{"rendered":"<div class=\"wpb-content-wrapper\"><p>[vc_row full_width=\u00a0\u00bbstretch_row\u00a0\u00bb mobile_bg_img_hidden=\u00a0\u00bbno\u00a0\u00bb tablet_bg_img_hidden=\u00a0\u00bbno\u00a0\u00bb woodmart_parallax=\u00a0\u00bb0&Prime; woodmart_gradient_switch=\u00a0\u00bbno\u00a0\u00bb row_reverse_mobile=\u00a0\u00bb0&Prime; row_reverse_tablet=\u00a0\u00bb0&Prime; woodmart_disable_overflow=\u00a0\u00bb0&Prime; css=\u00a0\u00bb.vc_custom_1610451467938{border-bottom-width: 1px !important;padding-bottom: 40px !important;border-bottom-color: #e6e6e6 !important;border-bottom-style: solid !important;}\u00a0\u00bb][vc_column][vc_raw_html]JTNDZGl2JTIwY2xhc3MlM0QlMjJ2aWRlby1yZXNwb25zaXZlJTIyJTNFJTNDaWZyYW1lJTIwc3JjJTNEJTIyaHR0cHMlM0ElMkYlMkZ3d3cueW91dHViZS5jb20lMkZlbWJlZCUyRnhKVGFkSGhaQmZzJTNGcmVsJTNEMCUyMiUyMHdpZHRoJTNEJTIyMTAwJTI1JTIyJTIwaGVpZ2h0JTNEJTIyMzgwJTIyJTIwZnJhbWVib3JkZXIlM0QlMjIwJTIyJTIwYWxsb3dmdWxsc2NyZWVuJTNEJTIyYWxsb3dmdWxsc2NyZWVuJTIyJTNFJTNDJTJGaWZyYW1lJTNFJTNDJTJGZGl2JTNF[\/vc_raw_html][vc_column_text text_larger=\u00a0\u00bbno\u00a0\u00bb]Le syst\u00e8me le plus rapide, le plus simple \u00e0 utiliser, le plus moderne et le plus pr\u00e9cis pour d\u00e9tecter l&rsquo;or et les pi\u00e8ces sous terre.<br \/>\nL\u2019appareil Gold Seeker fonctionne par deux syst\u00e8mes pour distinguer entre les m\u00e9taux pr\u00e9cieux et non pr\u00e9cieux.<br \/>\nIl a \u00e9t\u00e9 ajout\u00e9 la fonction d&rsquo;induction au sol \u00e0 cet appareil, qui est capable de g\u00e9n\u00e9rer des (courants de Foucault) (\u00e9metteur et r\u00e9cepteur).<br \/>\nLorsque l&rsquo;appareil fonctionne, il envoie un signal \u00e0 la bobine de recherche (Double D) qui, \u00e0 son tour, g\u00e9n\u00e8re un signal de courant en spirale (courant de Foucault).<br \/>\nCela cr\u00e9era des ondes en spirale amplifi\u00e9es \u00e0 plus de 1000 impulsions par seconde pour aider l&rsquo;appareil \u00e0 couvrir de plus grandes profondeurs et analyser le signal de la cible pour d\u00e9terminer si le m\u00e9tal d\u00e9tect\u00e9 est pr\u00e9cieux ou non.<br \/>\nUne caract\u00e9ristique unique de cet appareil est sa capacit\u00e9 \u00e0 se calibrer avec le sol pour s&rsquo;assurer qu&rsquo;il n&rsquo;est pas affect\u00e9 par les signaux r\u00e9sultant de l&rsquo;humidit\u00e9 du sol, des roches min\u00e9rales, des terres contenant des sels min\u00e9raux.<\/p>\n<p>[\/vc_column_text][\/vc_column][\/vc_row][vc_row full_width=\u00a0\u00bbstretch_row\u00a0\u00bb mobile_bg_img_hidden=\u00a0\u00bbno\u00a0\u00bb tablet_bg_img_hidden=\u00a0\u00bbno\u00a0\u00bb woodmart_parallax=\u00a0\u00bb0&Prime; woodmart_gradient_switch=\u00a0\u00bbno\u00a0\u00bb row_reverse_mobile=\u00a0\u00bb0&Prime; row_reverse_tablet=\u00a0\u00bb0&Prime; woodmart_disable_overflow=\u00a0\u00bb0&Prime; css=\u00a0\u00bb.vc_custom_1610451892311{margin-bottom: -80px !important;padding-top: 40px !important;padding-bottom: 40px !important;background-color: #f7f7f7 !important;}\u00a0\u00bb][vc_column][vc_tta_tabs style=\u00a0\u00bbmodern\u00a0\u00bb alignment=\u00a0\u00bbcenter\u00a0\u00bb active_section=\u00a0\u00bb1&Prime;][vc_tta_section title=\u00a0\u00bbCaract\u00e9ristiques\u00a0\u00bb tab_id=\u00a0\u00bb1598441911523-c89c9e8e-bac040f2-9266&Prime;][vc_column_text text_larger=\u00a0\u00bbno\u00a0\u00bb]Le syst\u00e8me le plus rapide, le plus simple \u00e0 utiliser, le plus moderne et le plus pr\u00e9cis pour d\u00e9tecter l&rsquo;or et les pi\u00e8ces sous terre.<br \/>\nL\u2019appareil Gold Seeker fonctionne par deux syst\u00e8mes pour distinguer entre les m\u00e9taux pr\u00e9cieux et non pr\u00e9cieux.<br \/>\nIl a \u00e9t\u00e9 ajout\u00e9 la fonction d&rsquo;induction au sol \u00e0 cet appareil, qui est capable de g\u00e9n\u00e9rer des (courants de Foucault) (\u00e9metteur et r\u00e9cepteur).<br \/>\nLorsque l&rsquo;appareil fonctionne, il envoie un signal \u00e0 la bobine de recherche (Double D) qui, \u00e0 son tour, g\u00e9n\u00e8re un signal de courant en spirale (courant de Foucault).<br \/>\nCela cr\u00e9era des ondes en spirale amplifi\u00e9es \u00e0 plus de 1000 impulsions par seconde pour aider l&rsquo;appareil \u00e0 couvrir de plus grandes profondeurs et analyser le signal de la cible pour d\u00e9terminer si le m\u00e9tal d\u00e9tect\u00e9 est pr\u00e9cieux ou non.<br \/>\nUne caract\u00e9ristique unique de cet appareil est sa capacit\u00e9 \u00e0 se calibrer avec le sol pour s&rsquo;assurer qu&rsquo;il n&rsquo;est pas affect\u00e9 par les signaux r\u00e9sultant de l&rsquo;humidit\u00e9 du sol, des roches min\u00e9rales, des terres contenant des sels min\u00e9raux.<\/p>\n<p>[\/vc_column_text][\/vc_tta_section][vc_tta_section title=\u00a0\u00bbSyst\u00e8mes\u00a0\u00bb tab_id=\u00a0\u00bb1598442086500-76e5a306-5ebf40f2-9266&Prime;][vc_toggle title=\u00a0\u00bbavec syst\u00e8me d&rsquo;induction d&rsquo;impulsion\u00a0\u00bb open=\u00a0\u00bbtrue\u00a0\u00bb]Le fonctionnement de l&rsquo;appareil Gold Seeker:<\/p>\n<p>Une fois le processus d&rsquo;\u00e9quilibrage du sol et le r\u00e9glage de la sensibilit\u00e9 ajust\u00e9s, vous pouvez commencer la recherche en soulevant la bobine de recherche \u00e0 2 cm au-dessus du sol et en la balayant \u00e0 droite et \u00e0 gauche en la gardant parall\u00e8le au sol.<br \/>\n&#8211; Lorsqu&rsquo;un signal de m\u00e9tal pr\u00e9cieux est capt\u00e9, l&rsquo;appareil \u00e9met un bip continu et le voyant vert s&rsquo;allume.<br \/>\n&#8211; Si le signal est pour un m\u00e9tal non pr\u00e9cieux d\u00e9tect\u00e9, l&rsquo;appareil \u00e9mettra un son intermittent et le voyant rouge s&rsquo;allumera.<br \/>\n&#8211; Si le signal de la cible d\u00e9tect\u00e9e est faible, appuyez sur le bouton de r\u00e9glage pour augmenter la port\u00e9e de d\u00e9tection de la bobine pour atteindre de plus grandes profondeurs et confirmez la cible.<br \/>\n&#8211; Pour \u00e9viter de rater les petites et les profondes cibles, balayez la bobine de recherche de droite \u00e0 gauche et de gauche \u00e0 droite sur chaque zone que vous scannez.<br \/>\n&#8211; Pour vous assurer que le type de cible est pr\u00e9cieux ou non, passez lentement la bobine au-dessus de la cible.<br \/>\n&#8211; Pour vous assurer que le type de cible est pr\u00e9cieux ou non, arr\u00eatez la bobine au-dessus de la cible tout en la maintenant au-dessus du sol \u00e0 une distance de 2 cm.<br \/>\n[\/vc_toggle][\/vc_tta_section][vc_tta_section title=\u00a0\u00bbSpecifications\u00a0\u00bb tab_id=\u00a0\u00bb1598442096952-72789241-2ba340f2-9266&Prime;][vc_column_text text_larger=\u00a0\u00bbno\u00a0\u00bb]<\/p>\n<table class=\"table table-striped table-bordered\">\n<thead class=\"thead-dark\">\n<tr>\n<th scope=\"col\">Nom de la sp\u00e9cification technique<\/th>\n<th scope=\"col\">Valeur de sp\u00e9cification technique<\/th>\n<\/tr>\n<\/thead>\n<tbody id=\"technicalContainer\">\n<tr>\n<td>Sortie audio<\/td>\n<td>\u00c9couteurs<\/td>\n<\/tr>\n<tr>\n<td>Longueur<\/td>\n<td>Dispositif (ouvert): 1513mm &#8211; Dispositif (ferm\u00e9): 820 mm<\/td>\n<\/tr>\n<tr>\n<td>Fr\u00e9quence<\/td>\n<td>Max 500 KHz<\/td>\n<\/tr>\n<tr>\n<td>Vitesse de traitement des donn\u00e9es<\/td>\n<td>16 MHz<\/td>\n<\/tr>\n<tr>\n<td>La temp\u00e9rature r\u00e9sistente du dispositif<\/td>\n<td>0 C\u00b0 au 70 C\u00b0<\/td>\n<\/tr>\n<tr>\n<td>Taux de r\u00e9sistence \u00e0 l&rsquo;humidit\u00e9<\/td>\n<td>jusqu&rsquo;\u00e0 95% sans condensation<\/td>\n<\/tr>\n<tr>\n<td>Taux de temp\u00e9rature stocker du dispositif<\/td>\n<td>&#8211; 20C\u00b0 au 70C\u00b0<\/td>\n<\/tr>\n<tr>\n<td>Gamme d&rsquo;humidit\u00e9 de stockage<\/td>\n<td>jusqu&rsquo;\u00e0 98% d&rsquo;humidit\u00e9 relative<\/td>\n<\/tr>\n<tr>\n<td>R\u00e9sistence de Batterie (54 Wh Batterie)<\/td>\n<td>12 Heures<\/td>\n<\/tr>\n<tr>\n<td>D\u00e9tecteur Waterproof<\/td>\n<td>non waterproof<\/td>\n<\/tr>\n<tr>\n<td>Bobine Waterproof<\/td>\n<td>waterproof jusqu&rsquo;\u00e0 une profondeur de (30 cm)<\/td>\n<\/tr>\n<tr>\n<td>Bobine<\/td>\n<td>GER30 \u00d8: 30 cm &#8211; GER15 \u00d8: 15 cm<\/td>\n<\/tr>\n<tr>\n<td>Poids total<\/td>\n<td>6800 g<\/td>\n<\/tr>\n<tr>\n<td>Poids du dispositif<\/td>\n<td>2000 g<\/td>\n<\/tr>\n<tr>\n<td>Poids du sac (vide)<\/td>\n<td>3900 g<\/td>\n<\/tr>\n<tr>\n<td>Dimensions du sac<\/td>\n<td>810mm x 325mm x 200mm<\/td>\n<\/tr>\n<tr>\n<td>Type de la batterie<\/td>\n<td>Batterie Li-ion rechargeable &#8211; Batterie externe<\/td>\n<\/tr>\n<tr>\n<td>Tension de sortie de la batterie<\/td>\n<td>Li-ion 10.8 VDC<\/td>\n<\/tr>\n<tr>\n<td>Capacit\u00e9 de la batterie<\/td>\n<td>Li-ion 54 Wh<\/td>\n<\/tr>\n<tr>\n<td>Temps d&rsquo;ex\u00e9cution de la batterie<\/td>\n<td>12 Heures<\/td>\n<\/tr>\n<tr>\n<td>Temp\u00e9rature du fonctionnement de la batterie<\/td>\n<td>0 C\u00b0 au 60 C\u00b0<\/td>\n<\/tr>\n<tr>\n<td>Temp\u00e9rature de stockage de la batterie<\/td>\n<td>&#8211; 2C\u00b0 au 70C\u00b0<\/td>\n<\/tr>\n<tr>\n<td>Poids de la batterie<\/td>\n<td>500 g<\/td>\n<\/tr>\n<tr>\n<td>Temp\u00e9rature d&rsquo;exploitation du chargeur de la Batterie<\/td>\n<td>0 C\u00b0 au 50 C\u00b0<\/td>\n<\/tr>\n<tr>\n<td>Temp\u00e9rature de stockage du chargeur de la Batterie<\/td>\n<td>&#8211; 30C\u00b0 au 80C\u00b0<\/td>\n<\/tr>\n<tr>\n<td>Tension d&rsquo;entr\u00e9e du chargeur de la Batterie<\/td>\n<td>90 \u2192 250 VAC 50\u219260 Hz<\/td>\n<\/tr>\n<tr>\n<td>Sortie du chargeur de la Batterie<\/td>\n<td>12.6 VDC \/ 1000 mA<\/td>\n<\/tr>\n<\/tbody>\n<\/table>\n<p>[\/vc_column_text][\/vc_tta_section][vc_tta_section title=\u00a0\u00bbAccessoires\u00a0\u00bb tab_id=\u00a0\u00bb1598442097652-d383f913-39bd40f2-9266&Prime;]\t\t<div id=\"gallery_181\" class=\"wd-images-gallery wd-wpb wd-rs-67a36b2141379 photoswipe-images\" style=\"--wd-justify-content:center;--wd-align-items:center;\">\n\t\t\t\n\t\t\t<div class=\" wd-grid-g\" style=\"--wd-col-lg:3;--wd-col-md:3;--wd-col-sm:1;--wd-gap-lg:2px;\">\n\t\t\t\t\n\t\t\t\t\t\t\t\t\t\t\t\t\t\t\t<div class=\"wd-gallery-item wd-col\">\n\t\t\t\t\t\t\t\t\t\t\t\t\t\t<a href=\"https:\/\/gmd-detectors.com\/wp-content\/uploads\/2021\/08\/15-15-coil-for-gold-seeker-device-5.jpg\" data-elementor-open-lightbox=\"no\" data-index=\"1\" data-width=\"360\" data-height=\"360\" \n\t\t\t\t\t\t\t\t\t\t\t\t >\n\t\t\t\t\t\t\t\t\n\t\t\t\t\t\t\t\t<img loading=\"lazy\" decoding=\"async\" width=\"300\" height=\"300\" src=\"https:\/\/gmd-detectors.com\/wp-content\/uploads\/2021\/08\/15-15-coil-for-gold-seeker-device-5-300x300.jpg\" class=\"wd-gallery-image image-1\" alt=\"\" srcset=\"https:\/\/gmd-detectors.com\/wp-content\/uploads\/2021\/08\/15-15-coil-for-gold-seeker-device-5-300x300.jpg 300w, https:\/\/gmd-detectors.com\/wp-content\/uploads\/2021\/08\/15-15-coil-for-gold-seeker-device-5-150x150.jpg 150w, https:\/\/gmd-detectors.com\/wp-content\/uploads\/2021\/08\/15-15-coil-for-gold-seeker-device-5-100x100.jpg 100w, https:\/\/gmd-detectors.com\/wp-content\/uploads\/2021\/08\/15-15-coil-for-gold-seeker-device-5.jpg 360w\" sizes=\"auto, (max-width: 300px) 100vw, 300px\" \/>\n\t\t\t\t\t\t\t\t\t\t\t\t\t\t\t<\/a>\n\t\t\t\t\t\t\t\t\t\t\t\t<\/div>\n\t\t\t\t\t\t\t\t\t\t\t<div class=\"wd-gallery-item wd-col\">\n\t\t\t\t\t\t\t\t\t\t\t\t\t\t<a href=\"https:\/\/gmd-detectors.com\/wp-content\/uploads\/2021\/08\/28-28-coil-for-gold-seeker-device-5.jpg\" data-elementor-open-lightbox=\"no\" data-index=\"2\" data-width=\"360\" data-height=\"360\" \n\t\t\t\t\t\t\t\t\t\t\t\t >\n\t\t\t\t\t\t\t\t\n\t\t\t\t\t\t\t\t<img loading=\"lazy\" decoding=\"async\" width=\"300\" height=\"300\" src=\"https:\/\/gmd-detectors.com\/wp-content\/uploads\/2021\/08\/28-28-coil-for-gold-seeker-device-5-300x300.jpg\" class=\"wd-gallery-image image-2\" alt=\"\" srcset=\"https:\/\/gmd-detectors.com\/wp-content\/uploads\/2021\/08\/28-28-coil-for-gold-seeker-device-5-300x300.jpg 300w, https:\/\/gmd-detectors.com\/wp-content\/uploads\/2021\/08\/28-28-coil-for-gold-seeker-device-5-150x150.jpg 150w, https:\/\/gmd-detectors.com\/wp-content\/uploads\/2021\/08\/28-28-coil-for-gold-seeker-device-5-100x100.jpg 100w, https:\/\/gmd-detectors.com\/wp-content\/uploads\/2021\/08\/28-28-coil-for-gold-seeker-device-5.jpg 360w\" sizes=\"auto, (max-width: 300px) 100vw, 300px\" \/>\n\t\t\t\t\t\t\t\t\t\t\t\t\t\t\t<\/a>\n\t\t\t\t\t\t\t\t\t\t\t\t<\/div>\n\t\t\t\t\t\t\t\t\t\t\t<div class=\"wd-gallery-item wd-col\">\n\t\t\t\t\t\t\t\t\t\t\t\t\t\t<a href=\"https:\/\/gmd-detectors.com\/wp-content\/uploads\/2021\/08\/battery-for-gold-seeker-device-5.jpg\" data-elementor-open-lightbox=\"no\" data-index=\"3\" data-width=\"360\" data-height=\"360\" \n\t\t\t\t\t\t\t\t\t\t\t\t >\n\t\t\t\t\t\t\t\t\n\t\t\t\t\t\t\t\t<img loading=\"lazy\" decoding=\"async\" width=\"300\" height=\"300\" src=\"https:\/\/gmd-detectors.com\/wp-content\/uploads\/2021\/08\/battery-for-gold-seeker-device-5-300x300.jpg\" class=\"wd-gallery-image image-3\" alt=\"\" srcset=\"https:\/\/gmd-detectors.com\/wp-content\/uploads\/2021\/08\/battery-for-gold-seeker-device-5-300x300.jpg 300w, https:\/\/gmd-detectors.com\/wp-content\/uploads\/2021\/08\/battery-for-gold-seeker-device-5-150x150.jpg 150w, https:\/\/gmd-detectors.com\/wp-content\/uploads\/2021\/08\/battery-for-gold-seeker-device-5-100x100.jpg 100w, https:\/\/gmd-detectors.com\/wp-content\/uploads\/2021\/08\/battery-for-gold-seeker-device-5.jpg 360w\" sizes=\"auto, (max-width: 300px) 100vw, 300px\" \/>\n\t\t\t\t\t\t\t\t\t\t\t\t\t\t\t<\/a>\n\t\t\t\t\t\t\t\t\t\t\t\t<\/div>\n\t\t\t\t\t\t\t\t\t\t\t<div class=\"wd-gallery-item wd-col\">\n\t\t\t\t\t\t\t\t\t\t\t\t\t\t<a href=\"https:\/\/gmd-detectors.com\/wp-content\/uploads\/2021\/08\/car-charger-for-gold-seeker-device-2.jpg\" data-elementor-open-lightbox=\"no\" data-index=\"4\" data-width=\"360\" data-height=\"360\" \n\t\t\t\t\t\t\t\t\t\t\t\t >\n\t\t\t\t\t\t\t\t\n\t\t\t\t\t\t\t\t<img loading=\"lazy\" decoding=\"async\" width=\"300\" height=\"300\" src=\"https:\/\/gmd-detectors.com\/wp-content\/uploads\/2021\/08\/car-charger-for-gold-seeker-device-2-300x300.jpg\" class=\"wd-gallery-image image-4\" alt=\"\" srcset=\"https:\/\/gmd-detectors.com\/wp-content\/uploads\/2021\/08\/car-charger-for-gold-seeker-device-2-300x300.jpg 300w, https:\/\/gmd-detectors.com\/wp-content\/uploads\/2021\/08\/car-charger-for-gold-seeker-device-2-150x150.jpg 150w, https:\/\/gmd-detectors.com\/wp-content\/uploads\/2021\/08\/car-charger-for-gold-seeker-device-2-100x100.jpg 100w, https:\/\/gmd-detectors.com\/wp-content\/uploads\/2021\/08\/car-charger-for-gold-seeker-device-2.jpg 360w\" sizes=\"auto, (max-width: 300px) 100vw, 300px\" \/>\n\t\t\t\t\t\t\t\t\t\t\t\t\t\t\t<\/a>\n\t\t\t\t\t\t\t\t\t\t\t\t<\/div>\n\t\t\t\t\t\t\t\t\t\t\t<div class=\"wd-gallery-item wd-col\">\n\t\t\t\t\t\t\t\t\t\t\t\t\t\t<a href=\"https:\/\/gmd-detectors.com\/wp-content\/uploads\/2021\/08\/charger-for-gold-seeker-device-5.jpg\" data-elementor-open-lightbox=\"no\" data-index=\"5\" data-width=\"360\" data-height=\"360\" \n\t\t\t\t\t\t\t\t\t\t\t\t >\n\t\t\t\t\t\t\t\t\n\t\t\t\t\t\t\t\t<img loading=\"lazy\" decoding=\"async\" width=\"300\" height=\"300\" src=\"https:\/\/gmd-detectors.com\/wp-content\/uploads\/2021\/08\/charger-for-gold-seeker-device-5-300x300.jpg\" class=\"wd-gallery-image image-5\" alt=\"\" srcset=\"https:\/\/gmd-detectors.com\/wp-content\/uploads\/2021\/08\/charger-for-gold-seeker-device-5-300x300.jpg 300w, https:\/\/gmd-detectors.com\/wp-content\/uploads\/2021\/08\/charger-for-gold-seeker-device-5-150x150.jpg 150w, https:\/\/gmd-detectors.com\/wp-content\/uploads\/2021\/08\/charger-for-gold-seeker-device-5-100x100.jpg 100w, https:\/\/gmd-detectors.com\/wp-content\/uploads\/2021\/08\/charger-for-gold-seeker-device-5.jpg 360w\" sizes=\"auto, (max-width: 300px) 100vw, 300px\" \/>\n\t\t\t\t\t\t\t\t\t\t\t\t\t\t\t<\/a>\n\t\t\t\t\t\t\t\t\t\t\t\t<\/div>\n\t\t\t\t\t\t\t\t\t\t\t<div class=\"wd-gallery-item wd-col\">\n\t\t\t\t\t\t\t\t\t\t\t\t\t\t<a href=\"https:\/\/gmd-detectors.com\/wp-content\/uploads\/2021\/08\/gold-seeker-device-multi-shovel-5.jpg\" data-elementor-open-lightbox=\"no\" data-index=\"6\" data-width=\"360\" data-height=\"360\" \n\t\t\t\t\t\t\t\t\t\t\t\t >\n\t\t\t\t\t\t\t\t\n\t\t\t\t\t\t\t\t<img loading=\"lazy\" decoding=\"async\" width=\"300\" height=\"300\" src=\"https:\/\/gmd-detectors.com\/wp-content\/uploads\/2021\/08\/gold-seeker-device-multi-shovel-5-300x300.jpg\" class=\"wd-gallery-image image-6\" alt=\"\" srcset=\"https:\/\/gmd-detectors.com\/wp-content\/uploads\/2021\/08\/gold-seeker-device-multi-shovel-5-300x300.jpg 300w, https:\/\/gmd-detectors.com\/wp-content\/uploads\/2021\/08\/gold-seeker-device-multi-shovel-5-150x150.jpg 150w, https:\/\/gmd-detectors.com\/wp-content\/uploads\/2021\/08\/gold-seeker-device-multi-shovel-5-100x100.jpg 100w, https:\/\/gmd-detectors.com\/wp-content\/uploads\/2021\/08\/gold-seeker-device-multi-shovel-5.jpg 360w\" sizes=\"auto, (max-width: 300px) 100vw, 300px\" \/>\n\t\t\t\t\t\t\t\t\t\t\t\t\t\t\t<\/a>\n\t\t\t\t\t\t\t\t\t\t\t\t<\/div>\n\t\t\t\t\t\t\t\t\t\t\t<div class=\"wd-gallery-item wd-col\">\n\t\t\t\t\t\t\t\t\t\t\t\t\t\t<a href=\"https:\/\/gmd-detectors.com\/wp-content\/uploads\/2021\/08\/headphones-for-gold-seeker-device-5.jpg\" data-elementor-open-lightbox=\"no\" data-index=\"7\" data-width=\"360\" data-height=\"360\" \n\t\t\t\t\t\t\t\t\t\t\t\t >\n\t\t\t\t\t\t\t\t\n\t\t\t\t\t\t\t\t<img loading=\"lazy\" decoding=\"async\" width=\"300\" height=\"300\" src=\"https:\/\/gmd-detectors.com\/wp-content\/uploads\/2021\/08\/headphones-for-gold-seeker-device-5-300x300.jpg\" class=\"wd-gallery-image image-7\" alt=\"\" srcset=\"https:\/\/gmd-detectors.com\/wp-content\/uploads\/2021\/08\/headphones-for-gold-seeker-device-5-300x300.jpg 300w, https:\/\/gmd-detectors.com\/wp-content\/uploads\/2021\/08\/headphones-for-gold-seeker-device-5-150x150.jpg 150w, https:\/\/gmd-detectors.com\/wp-content\/uploads\/2021\/08\/headphones-for-gold-seeker-device-5-100x100.jpg 100w, https:\/\/gmd-detectors.com\/wp-content\/uploads\/2021\/08\/headphones-for-gold-seeker-device-5.jpg 360w\" sizes=\"auto, (max-width: 300px) 100vw, 300px\" \/>\n\t\t\t\t\t\t\t\t\t\t\t\t\t\t\t<\/a>\n\t\t\t\t\t\t\t\t\t\t\t\t<\/div>\n\t\t\t\t\t\t\t\t\t\t\t<div class=\"wd-gallery-item wd-col\">\n\t\t\t\t\t\t\t\t\t\t\t\t\t\t<a href=\"https:\/\/gmd-detectors.com\/wp-content\/uploads\/2021\/08\/safety-box-for-gold-seeker-device-5.jpg\" data-elementor-open-lightbox=\"no\" data-index=\"8\" data-width=\"360\" data-height=\"360\" \n\t\t\t\t\t\t\t\t\t\t\t\t >\n\t\t\t\t\t\t\t\t\n\t\t\t\t\t\t\t\t<img loading=\"lazy\" decoding=\"async\" width=\"300\" height=\"300\" src=\"https:\/\/gmd-detectors.com\/wp-content\/uploads\/2021\/08\/safety-box-for-gold-seeker-device-5-300x300.jpg\" class=\"wd-gallery-image image-8\" alt=\"\" srcset=\"https:\/\/gmd-detectors.com\/wp-content\/uploads\/2021\/08\/safety-box-for-gold-seeker-device-5-300x300.jpg 300w, https:\/\/gmd-detectors.com\/wp-content\/uploads\/2021\/08\/safety-box-for-gold-seeker-device-5-150x150.jpg 150w, https:\/\/gmd-detectors.com\/wp-content\/uploads\/2021\/08\/safety-box-for-gold-seeker-device-5-100x100.jpg 100w, https:\/\/gmd-detectors.com\/wp-content\/uploads\/2021\/08\/safety-box-for-gold-seeker-device-5.jpg 360w\" sizes=\"auto, (max-width: 300px) 100vw, 300px\" \/>\n\t\t\t\t\t\t\t\t\t\t\t\t\t\t\t<\/a>\n\t\t\t\t\t\t\t\t\t\t\t\t<\/div>\n\t\t\t\t\t\t\t\t\t\t\t<div class=\"wd-gallery-item wd-col\">\n\t\t\t\t\t\t\t\t\t\t\t\t\t\t<a href=\"https:\/\/gmd-detectors.com\/wp-content\/uploads\/2021\/08\/unit-holder-for-gold-seeker-device-5.jpg\" data-elementor-open-lightbox=\"no\" data-index=\"9\" data-width=\"360\" data-height=\"360\" \n\t\t\t\t\t\t\t\t\t\t\t\t >\n\t\t\t\t\t\t\t\t\n\t\t\t\t\t\t\t\t<img loading=\"lazy\" decoding=\"async\" width=\"300\" height=\"300\" src=\"https:\/\/gmd-detectors.com\/wp-content\/uploads\/2021\/08\/unit-holder-for-gold-seeker-device-5-300x300.jpg\" class=\"wd-gallery-image image-9\" alt=\"\" srcset=\"https:\/\/gmd-detectors.com\/wp-content\/uploads\/2021\/08\/unit-holder-for-gold-seeker-device-5-300x300.jpg 300w, https:\/\/gmd-detectors.com\/wp-content\/uploads\/2021\/08\/unit-holder-for-gold-seeker-device-5-150x150.jpg 150w, https:\/\/gmd-detectors.com\/wp-content\/uploads\/2021\/08\/unit-holder-for-gold-seeker-device-5-100x100.jpg 100w, https:\/\/gmd-detectors.com\/wp-content\/uploads\/2021\/08\/unit-holder-for-gold-seeker-device-5.jpg 360w\" sizes=\"auto, (max-width: 300px) 100vw, 300px\" \/>\n\t\t\t\t\t\t\t\t\t\t\t\t\t\t\t<\/a>\n\t\t\t\t\t\t\t\t\t\t\t\t<\/div>\n\t\t\t\t\t\t\t\t\t\t\t<div class=\"wd-gallery-item wd-col\">\n\t\t\t\t\t\t\t\t\t\t\t\t\t\t<a href=\"https:\/\/gmd-detectors.com\/wp-content\/uploads\/2024\/05\/gerdetect-warranty.webp\" data-elementor-open-lightbox=\"no\" data-index=\"10\" data-width=\"400\" data-height=\"400\" \n\t\t\t\t\t\t\t\t\t\t\t\t >\n\t\t\t\t\t\t\t\t\n\t\t\t\t\t\t\t\t<img loading=\"lazy\" decoding=\"async\" width=\"300\" height=\"300\" src=\"https:\/\/gmd-detectors.com\/wp-content\/uploads\/2024\/05\/gerdetect-warranty-300x300.webp\" class=\"wd-gallery-image image-10\" alt=\"gerdetect-warranty\" srcset=\"https:\/\/gmd-detectors.com\/wp-content\/uploads\/2024\/05\/gerdetect-warranty-300x300.webp 300w, https:\/\/gmd-detectors.com\/wp-content\/uploads\/2024\/05\/gerdetect-warranty-150x150.webp 150w, https:\/\/gmd-detectors.com\/wp-content\/uploads\/2024\/05\/gerdetect-warranty.webp 400w\" sizes=\"auto, (max-width: 300px) 100vw, 300px\" \/>\n\t\t\t\t\t\t\t\t\t\t\t\t\t\t\t<\/a>\n\t\t\t\t\t\t\t\t\t\t\t\t<\/div>\n\t\t\t\t\t\t\t\t\t\n\t\t\t\t\t\t\t<\/div>\n\n\t\t\t\t\t<\/div>\n\t\t[\/vc_tta_section][\/vc_tta_tabs][\/vc_column][\/vc_row]<\/p>\n<\/div>","protected":false},"excerpt":{"rendered":"<p>avec syst\u00e8me d&rsquo;induction d&rsquo;impulsion<\/p>\n<p>Le syst\u00e8me le plus rapide, le plus facile \u00e0 utiliser, le plus moderne et le plus pr\u00e9cis pour d\u00e9tecter l&rsquo;or et les pi\u00e8ces sous terre.<br \/>\nL&rsquo;appareil Gold Seeker fonctionne par deux syst\u00e8mes pour d\u00e9terminer entre les m\u00e9taux pr\u00e9cieux et non pr\u00e9cieux.<br \/>\nIl atteint jusqu&rsquo;\u00e0 3,5 m\u00e8tres de profondeur sous-sol.<br \/>\nLe detecteur d&rsquo;or pourrait p\u00e9n\u00e9trer aux couches du sol \u00e0 de grandes profondeurs, celles qui sont difficiles \u00e0 atteindre pour de nombreux autres appareils.<br \/>\nAppareil GOLD SEEKER est l&rsquo;une des meilleures innovations allemandes ayant la certification europ\u00e9enne CE selon les normes de fabrication internationales.<\/p>\n","protected":false},"featured_media":11066,"template":"","meta":{"_acf_changed":false},"product_brand":[],"product_cat":[739,743,765],"product_tag":[],"class_list":{"0":"post-10031","1":"product","2":"type-product","3":"status-publish","4":"has-post-thumbnail","6":"product_cat-detecteurs-dor","7":"product_cat-detecteurs-de-metaux","8":"product_cat-ger-detect-fr","10":"first","11":"instock","12":"shipping-taxable","13":"purchasable","14":"product-type-simple"},"acf":[],"_links":{"self":[{"href":"https:\/\/gmd-detectors.com\/fr\/wp-json\/wp\/v2\/product\/10031","targetHints":{"allow":["GET"]}}],"collection":[{"href":"https:\/\/gmd-detectors.com\/fr\/wp-json\/wp\/v2\/product"}],"about":[{"href":"https:\/\/gmd-detectors.com\/fr\/wp-json\/wp\/v2\/types\/product"}],"wp:featuredmedia":[{"embeddable":true,"href":"https:\/\/gmd-detectors.com\/fr\/wp-json\/wp\/v2\/media\/11066"}],"wp:attachment":[{"href":"https:\/\/gmd-detectors.com\/fr\/wp-json\/wp\/v2\/media?parent=10031"}],"wp:term":[{"taxonomy":"product_brand","embeddable":true,"href":"https:\/\/gmd-detectors.com\/fr\/wp-json\/wp\/v2\/product_brand?post=10031"},{"taxonomy":"product_cat","embeddable":true,"href":"https:\/\/gmd-detectors.com\/fr\/wp-json\/wp\/v2\/product_cat?post=10031"},{"taxonomy":"product_tag","embeddable":true,"href":"https:\/\/gmd-detectors.com\/fr\/wp-json\/wp\/v2\/product_tag?post=10031"}],"curies":[{"name":"wp","href":"https:\/\/api.w.org\/{rel}","templated":true}]}}