{"id":10043,"date":"2021-09-01T20:36:25","date_gmt":"2021-09-01T17:36:25","guid":{"rendered":"https:\/\/gmd-detectors.com\/?post_type=product&#038;p=10043"},"modified":"2022-02-23T18:55:12","modified_gmt":"2022-02-23T15:55:12","slug":"uig-pointer-detector","status":"publish","type":"product","link":"https:\/\/gmd-detectors.com\/fr\/produit\/uig-pointer-detector\/","title":{"rendered":"UIG POINTER DETECTOR"},"content":{"rendered":"<div class=\"wpb-content-wrapper\"><p>[vc_row full_width=\u00a0\u00bbstretch_row\u00a0\u00bb mobile_bg_img_hidden=\u00a0\u00bbno\u00a0\u00bb tablet_bg_img_hidden=\u00a0\u00bbno\u00a0\u00bb woodmart_parallax=\u00a0\u00bb0&Prime; woodmart_gradient_switch=\u00a0\u00bbno\u00a0\u00bb row_reverse_mobile=\u00a0\u00bb0&Prime; row_reverse_tablet=\u00a0\u00bb0&Prime; woodmart_disable_overflow=\u00a0\u00bb0&Prime; css=\u00a0\u00bb.vc_custom_1610451467938{border-bottom-width: 1px !important;padding-bottom: 40px !important;border-bottom-color: #e6e6e6 !important;border-bottom-style: solid !important;}\u00a0\u00bb][vc_column][vc_raw_html]JTNDZGl2JTIwY2xhc3MlM0QlMjJ2aWRlby1yZXNwb25zaXZlJTIyJTNFJTNDaWZyYW1lJTIwc3JjJTNEJTIyaHR0cHMlM0ElMkYlMkZ3d3cueW91dHViZS5jb20lMkZlbWJlZCUyRnlMcWNuVjg1TlE0JTNGcmVsJTNEMCUyMiUyMHdpZHRoJTNEJTIyMTAwJTI1JTIyJTIwaGVpZ2h0JTNEJTIyMzgwJTIyJTIwZnJhbWVib3JkZXIlM0QlMjIwJTIyJTIwYWxsb3dmdWxsc2NyZWVuJTNEJTIyYWxsb3dmdWxsc2NyZWVuJTIyJTNFJTNDJTJGaWZyYW1lJTNFJTNDJTJGZGl2JTNFJTBB[\/vc_raw_html][vc_column_text text_larger=\u00a0\u00bbno\u00a0\u00bb]UIG POINTER a la capacit\u00e9 de faire la distinction entre les m\u00e9taux non pr\u00e9cieux et pr\u00e9cieux sous terre<br \/>\nUIG POINTER peut d\u00e9tecter tous les types de m\u00e9taux et identifier s&rsquo;ils sont pr\u00e9cieux ou non<br \/>\nGER DETECT, en collaboration avec UIG DETECTORS, a con\u00e7u l&rsquo;UIG POINTER, pour \u00eatre le premier du genre au monde \u00e0 d\u00e9tecter les m\u00e9taux, tout en les distinguant en m\u00eame temps qu&rsquo;ils soient pr\u00e9cieux ou non.<br \/>\nLe meilleur appareil pour d\u00e9tecter l&rsquo;or et les m\u00e9taux pr\u00e9cieux: multi-usage et grande efficacit\u00e9 dans toutes les conditions et les r\u00e9gions.<br \/>\nUIG POINTER se distingue par sa grande capacit\u00e9 \u00e0 distinguer les m\u00e9taux pr\u00e9cieux et non pr\u00e9cieux en \u00e9mettant deux sons diff\u00e9rents:<br \/>\nSon des m\u00e9taux pr\u00e9cieux.<br \/>\nSon des m\u00e9taux non pr\u00e9cieux.[\/vc_column_text][\/vc_column][\/vc_row][vc_row full_width=\u00a0\u00bbstretch_row\u00a0\u00bb mobile_bg_img_hidden=\u00a0\u00bbno\u00a0\u00bb tablet_bg_img_hidden=\u00a0\u00bbno\u00a0\u00bb woodmart_parallax=\u00a0\u00bb0&Prime; woodmart_gradient_switch=\u00a0\u00bbno\u00a0\u00bb row_reverse_mobile=\u00a0\u00bb0&Prime; row_reverse_tablet=\u00a0\u00bb0&Prime; woodmart_disable_overflow=\u00a0\u00bb0&Prime; css=\u00a0\u00bb.vc_custom_1610451892311{margin-bottom: -80px !important;padding-top: 40px !important;padding-bottom: 40px !important;background-color: #f7f7f7 !important;}\u00a0\u00bb][vc_column][vc_tta_tabs style=\u00a0\u00bbmodern\u00a0\u00bb alignment=\u00a0\u00bbcenter\u00a0\u00bb active_section=\u00a0\u00bb1&Prime;][vc_tta_section title=\u00a0\u00bbCaract\u00e9ristiques\u00a0\u00bb tab_id=\u00a0\u00bb1598441911523-c89c9e8e-bac040f2-9266&Prime;][vc_column_text text_larger=\u00a0\u00bbno\u00a0\u00bb]UIG POINTER a la capacit\u00e9 de faire la distinction entre les m\u00e9taux non pr\u00e9cieux et pr\u00e9cieux sous terre<br \/>\nUIG POINTER peut d\u00e9tecter tous les types de m\u00e9taux et identifier s&rsquo;ils sont pr\u00e9cieux ou non<br \/>\nGER DETECT, en collaboration avec UIG DETECTORS, a con\u00e7u l&rsquo;UIG POINTER, pour \u00eatre le premier du genre au monde \u00e0 d\u00e9tecter les m\u00e9taux, tout en les distinguant en m\u00eame temps qu&rsquo;ils soient pr\u00e9cieux ou non.<br \/>\nLe meilleur appareil pour d\u00e9tecter l&rsquo;or et les m\u00e9taux pr\u00e9cieux: multi-usage et grande efficacit\u00e9 dans toutes les conditions et les r\u00e9gions.<br \/>\nUIG POINTER se distingue par sa grande capacit\u00e9 \u00e0 distinguer les m\u00e9taux pr\u00e9cieux et non pr\u00e9cieux en \u00e9mettant deux sons diff\u00e9rents:<br \/>\nSon des m\u00e9taux pr\u00e9cieux.<br \/>\nSon des m\u00e9taux non pr\u00e9cieux.[\/vc_column_text][\/vc_tta_section][vc_tta_section title=\u00a0\u00bbSyst\u00e8mes\u00a0\u00bb tab_id=\u00a0\u00bb1598442086500-76e5a306-5ebf40f2-9266&Prime;][vc_toggle title=\u00a0\u00bbFonctionnalit\u00e9s UIG POINTER\u00a0\u00bb open=\u00a0\u00bbtrue\u00a0\u00bb]UIG POINTER a quatre boutons:<\/p>\n<p>Bouton d&rsquo;alimentation: UIG POINTER d\u00e9marre apr\u00e8s une longue pression sur le bouton ON.<br \/>\nBouton d&rsquo;alerte par vibration: appuyez sur ce bouton pour activer l&rsquo;alerte de vibration (lorsqu&rsquo;un m\u00e9tal est d\u00e9tect\u00e9.<br \/>\nBouton Lumi\u00e8re: Ce bouton active la fonction d&rsquo;\u00e9clairage pour aider les prospecteurs \u00e0 rechercher dans les endroits sombres.<br \/>\nBouton de calibrage: vous devez appuyer sur ce bouton en cas d\u2019interf\u00e9rence pouvant affecter le fonctionnement de l\u2019appareil.<\/p>\n<blockquote><p><strong>UIG POINTER est l\u00e9ger et facile \u00e0 utiliser. Cet appareil est con\u00e7u pour s&rsquo;adapter \u00e0 tous les pays et toutes les r\u00e9gions.<\/strong><br \/>\n<strong>UIG POINTER est l&rsquo;une des meilleures technologies allemandes avec la certification europ\u00e9enne CE qui correspond aux normes de certification internationales.<\/strong><br \/>\n<strong>L&rsquo;UIG POINTER a son brevet (un certificat d&rsquo;origine) et une garantie d&rsquo;un an \u00e0 compter de la date d&rsquo;achat, Une industrie Allemande tr\u00e8s avanc\u00e9e.<\/strong><\/p><\/blockquote>\n<p>[\/vc_toggle][\/vc_tta_section][vc_tta_section title=\u00a0\u00bbSpecifications\u00a0\u00bb tab_id=\u00a0\u00bb1598442096952-72789241-2ba340f2-9266&Prime;][vc_column_text text_larger=\u00a0\u00bbno\u00a0\u00bb]<\/p>\n<table class=\"table table-striped table-bordered\">\n<thead class=\"thead-dark\">\n<tr>\n<th scope=\"col\">Nom de la sp\u00e9cification technique<\/th>\n<th scope=\"col\">Valeur de sp\u00e9cification technique<\/th>\n<\/tr>\n<\/thead>\n<tbody id=\"technicalContainer\">\n<tr>\n<td>Sortie audio<\/td>\n<td>buzzer pi\u00e9zo \u00d8: 12mm &#8211; H: 9.8mm niveau de pression acoustique 85db 10cm fr\u00e9quence 4,5 \u00b1 0,5 kHz<\/td>\n<\/tr>\n<tr>\n<td>Longueur<\/td>\n<td>Appareil (unit\u00e9 principale): 234 mm<\/td>\n<\/tr>\n<tr>\n<td>Vitesse de traitement des donn\u00e9es<\/td>\n<td>12 MHz<\/td>\n<\/tr>\n<tr>\n<td>Plage de temp\u00e9rature de fonctionnement<\/td>\n<td>0 C \u00b0 \u00e0 70 C \u00b0<\/td>\n<\/tr>\n<tr>\n<td>Plage d&rsquo;humidit\u00e9 de fonctionnement<\/td>\n<td>jusqu&rsquo;\u00e0 95% sans condensation<\/td>\n<\/tr>\n<tr>\n<td>Plage de temp\u00e9rature de stockage<\/td>\n<td>&#8211; 20C \u00b0 \u00e0 70C \u00b0<\/td>\n<\/tr>\n<tr>\n<td>Plage d&rsquo;humidit\u00e9 de stockage<\/td>\n<td>jusqu&rsquo;\u00e0 98% d&rsquo;humidit\u00e9 relative<\/td>\n<\/tr>\n<tr>\n<td>Temps de fonctionnement<\/td>\n<td>6 Heures<\/td>\n<\/tr>\n<tr>\n<td>Indice d&rsquo;\u00e9tanch\u00e9it\u00e9 &#8211; D\u00e9tecteur<\/td>\n<td>non \u00e9tanche (r\u00e9sistant aux intemp\u00e9ries uniquement)<\/td>\n<\/tr>\n<\/tbody>\n<thead class=\"thead-dark\">\n<tr>\n<th colspan=\"2\">Sp\u00e9cifications techniques de la batterie<\/th>\n<\/tr>\n<\/thead>\n<tbody>\n<tr>\n<td>Type<\/td>\n<td>Pile alcaline<\/td>\n<\/tr>\n<tr>\n<td>Tension de sortie<\/td>\n<td>9 VDC<\/td>\n<\/tr>\n<tr>\n<td>Dur\u00e9e<\/td>\n<td>6 Heures<\/td>\n<\/tr>\n<tr>\n<td>Temp\u00e9rature de fonctionnement de la batterie<\/td>\n<td>0 C \u00b0 \u00e0 60 C \u00b0<\/td>\n<\/tr>\n<tr>\n<td>Temp\u00e9rature de stockage de la batterie<\/td>\n<td>&#8211; 2C \u00b0 \u00e0 70C \u00b0<\/td>\n<\/tr>\n<\/tbody>\n<thead class=\"thead-dark\">\n<tr>\n<th colspan=\"2\">Autres sp\u00e9cifications techniques<\/th>\n<\/tr>\n<\/thead>\n<tbody>\n<tr>\n<td>poids total<\/td>\n<td>276 grammes<\/td>\n<\/tr>\n<tr>\n<td>Poids de l&rsquo;appareil<\/td>\n<td>160 grammes<\/td>\n<\/tr>\n<tr>\n<td>Poids de la batterie<\/td>\n<td>50 grammes<\/td>\n<\/tr>\n<tr>\n<td>Dimensions du sac<\/td>\n<td>243mm x 59mm x 59mm<\/td>\n<\/tr>\n<\/tbody>\n<\/table>\n<p>[\/vc_column_text][\/vc_tta_section][vc_tta_section title=\u00a0\u00bbAccessoires\u00a0\u00bb tab_id=\u00a0\u00bb1598442097652-d383f913-39bd40f2-9266&Prime;]\t\t<div id=\"gallery_561\" class=\"wd-images-gallery wd-wpb photoswipe-images\" style=\"--wd-justify-content:center;--wd-align-items:center;\">\n\t\t\t\n\t\t\t<div class=\" wd-grid-g\" style=\"--wd-col-lg:3;--wd-col-md:3;--wd-col-sm:1;--wd-gap-lg:2px;\">\n\t\t\t\t\n\t\t\t\t\t\t\t\t\t\t\t\t\t\t\t<div class=\"wd-gallery-item wd-col\">\n\t\t\t\t\t\t\t\t\t\t\t\t\t\t<a href=\"https:\/\/gmd-detectors.com\/wp-content\/uploads\/2021\/09\/uig-pointer-devcie-pinpointer-5.jpg\" data-elementor-open-lightbox=\"no\" data-index=\"1\" data-width=\"360\" data-height=\"360\" \n\t\t\t\t\t\t\t\t\t\t\t\t >\n\t\t\t\t\t\t\t\t\n\t\t\t\t\t\t\t\t<img loading=\"lazy\" decoding=\"async\" width=\"300\" height=\"300\" src=\"https:\/\/gmd-detectors.com\/wp-content\/uploads\/2021\/09\/uig-pointer-devcie-pinpointer-5-300x300.jpg\" class=\"wd-gallery-image image-1\" alt=\"\" srcset=\"https:\/\/gmd-detectors.com\/wp-content\/uploads\/2021\/09\/uig-pointer-devcie-pinpointer-5-300x300.jpg 300w, https:\/\/gmd-detectors.com\/wp-content\/uploads\/2021\/09\/uig-pointer-devcie-pinpointer-5-150x150.jpg 150w, https:\/\/gmd-detectors.com\/wp-content\/uploads\/2021\/09\/uig-pointer-devcie-pinpointer-5-100x100.jpg 100w, https:\/\/gmd-detectors.com\/wp-content\/uploads\/2021\/09\/uig-pointer-devcie-pinpointer-5.jpg 360w\" sizes=\"auto, (max-width: 300px) 100vw, 300px\" \/>\n\t\t\t\t\t\t\t\t\t\t\t\t\t\t\t<\/a>\n\t\t\t\t\t\t\t\t\t\t\t\t<\/div>\n\t\t\t\t\t\t\t\t\t\t\t<div class=\"wd-gallery-item wd-col\">\n\t\t\t\t\t\t\t\t\t\t\t\t\t\t<a href=\"https:\/\/gmd-detectors.com\/wp-content\/uploads\/2021\/09\/uig-pointer-devcie-retractable-hanging-wire-5.jpg\" data-elementor-open-lightbox=\"no\" data-index=\"2\" data-width=\"360\" data-height=\"360\" \n\t\t\t\t\t\t\t\t\t\t\t\t >\n\t\t\t\t\t\t\t\t\n\t\t\t\t\t\t\t\t<img loading=\"lazy\" decoding=\"async\" width=\"300\" height=\"300\" src=\"https:\/\/gmd-detectors.com\/wp-content\/uploads\/2021\/09\/uig-pointer-devcie-retractable-hanging-wire-5-300x300.jpg\" class=\"wd-gallery-image image-2\" alt=\"\" srcset=\"https:\/\/gmd-detectors.com\/wp-content\/uploads\/2021\/09\/uig-pointer-devcie-retractable-hanging-wire-5-300x300.jpg 300w, https:\/\/gmd-detectors.com\/wp-content\/uploads\/2021\/09\/uig-pointer-devcie-retractable-hanging-wire-5-150x150.jpg 150w, https:\/\/gmd-detectors.com\/wp-content\/uploads\/2021\/09\/uig-pointer-devcie-retractable-hanging-wire-5-100x100.jpg 100w, https:\/\/gmd-detectors.com\/wp-content\/uploads\/2021\/09\/uig-pointer-devcie-retractable-hanging-wire-5.jpg 360w\" sizes=\"auto, (max-width: 300px) 100vw, 300px\" \/>\n\t\t\t\t\t\t\t\t\t\t\t\t\t\t\t<\/a>\n\t\t\t\t\t\t\t\t\t\t\t\t<\/div>\n\t\t\t\t\t\t\t\t\t\t\t<div class=\"wd-gallery-item wd-col\">\n\t\t\t\t\t\t\t\t\t\t\t\t\t\t<a href=\"https:\/\/gmd-detectors.com\/wp-content\/uploads\/2021\/09\/uig-pointer-device-battery-5.jpg\" data-elementor-open-lightbox=\"no\" data-index=\"3\" data-width=\"360\" data-height=\"360\" \n\t\t\t\t\t\t\t\t\t\t\t\t >\n\t\t\t\t\t\t\t\t\n\t\t\t\t\t\t\t\t<img loading=\"lazy\" decoding=\"async\" width=\"300\" height=\"300\" src=\"https:\/\/gmd-detectors.com\/wp-content\/uploads\/2021\/09\/uig-pointer-device-battery-5-300x300.jpg\" class=\"wd-gallery-image image-3\" alt=\"\" srcset=\"https:\/\/gmd-detectors.com\/wp-content\/uploads\/2021\/09\/uig-pointer-device-battery-5-300x300.jpg 300w, https:\/\/gmd-detectors.com\/wp-content\/uploads\/2021\/09\/uig-pointer-device-battery-5-150x150.jpg 150w, https:\/\/gmd-detectors.com\/wp-content\/uploads\/2021\/09\/uig-pointer-device-battery-5-100x100.jpg 100w, https:\/\/gmd-detectors.com\/wp-content\/uploads\/2021\/09\/uig-pointer-device-battery-5.jpg 360w\" sizes=\"auto, (max-width: 300px) 100vw, 300px\" \/>\n\t\t\t\t\t\t\t\t\t\t\t\t\t\t\t<\/a>\n\t\t\t\t\t\t\t\t\t\t\t\t<\/div>\n\t\t\t\t\t\t\t\t\t\t\t<div class=\"wd-gallery-item wd-col\">\n\t\t\t\t\t\t\t\t\t\t\t\t\t\t<a href=\"https:\/\/gmd-detectors.com\/wp-content\/uploads\/2021\/09\/uig-pointer-device-holster-5.jpg\" data-elementor-open-lightbox=\"no\" data-index=\"4\" data-width=\"360\" data-height=\"360\" \n\t\t\t\t\t\t\t\t\t\t\t\t >\n\t\t\t\t\t\t\t\t\n\t\t\t\t\t\t\t\t<img loading=\"lazy\" decoding=\"async\" width=\"300\" height=\"300\" src=\"https:\/\/gmd-detectors.com\/wp-content\/uploads\/2021\/09\/uig-pointer-device-holster-5-300x300.jpg\" class=\"wd-gallery-image image-4\" alt=\"\" srcset=\"https:\/\/gmd-detectors.com\/wp-content\/uploads\/2021\/09\/uig-pointer-device-holster-5-300x300.jpg 300w, https:\/\/gmd-detectors.com\/wp-content\/uploads\/2021\/09\/uig-pointer-device-holster-5-150x150.jpg 150w, https:\/\/gmd-detectors.com\/wp-content\/uploads\/2021\/09\/uig-pointer-device-holster-5-100x100.jpg 100w, https:\/\/gmd-detectors.com\/wp-content\/uploads\/2021\/09\/uig-pointer-device-holster-5.jpg 360w\" sizes=\"auto, (max-width: 300px) 100vw, 300px\" \/>\n\t\t\t\t\t\t\t\t\t\t\t\t\t\t\t<\/a>\n\t\t\t\t\t\t\t\t\t\t\t\t<\/div>\n\t\t\t\t\t\t\t\t\t\n\t\t\t\t\t\t\t<\/div>\n\n\t\t\t\t\t<\/div>\n\t\t[\/vc_tta_section][\/vc_tta_tabs][\/vc_column][\/vc_row]<\/p>\n<\/div>","protected":false},"excerpt":{"rendered":"<p>Cet appareil est con\u00e7u pour d\u00e9tecter tous les types de m\u00e9taux et faire la distinction entre les m\u00e9taux pr\u00e9cieux et non pr\u00e9cieux<\/p>\n<p>UIG POINTER se caract\u00e9rise par sa grande capacit\u00e9 \u00e0 distinguer les m\u00e9taux pr\u00e9cieux et non pr\u00e9cieux en \u00e9mettant deux sons diff\u00e9rents:<br \/>\n1-Son des m\u00e9taux pr\u00e9cieux.<br \/>\n2- Son des m\u00e9taux non pr\u00e9cieux.<br \/>\n-UIG POINTER est l\u00e9ger et facile \u00e0 utiliser.<br \/>\n-Cet appareil est con\u00e7u pour s&rsquo;adapter \u00e0 tous les pays et r\u00e9gions.<br \/>\n<strong>UIG POINTER est l&rsquo;un des meilleurs d\u00e9tecteurs allemands ayant la certification europ\u00e9enne CE selon les normes de fabrication internationales.<\/strong><\/p>\n","protected":false},"featured_media":11080,"template":"","meta":{"_acf_changed":false},"product_brand":[],"product_cat":[739,743,765],"product_tag":[],"class_list":{"0":"post-10043","1":"product","2":"type-product","3":"status-publish","4":"has-post-thumbnail","6":"product_cat-detecteurs-dor","7":"product_cat-detecteurs-de-metaux","8":"product_cat-ger-detect-fr","10":"first","11":"instock","12":"shipping-taxable","13":"purchasable","14":"product-type-simple"},"acf":[],"_links":{"self":[{"href":"https:\/\/gmd-detectors.com\/fr\/wp-json\/wp\/v2\/product\/10043","targetHints":{"allow":["GET"]}}],"collection":[{"href":"https:\/\/gmd-detectors.com\/fr\/wp-json\/wp\/v2\/product"}],"about":[{"href":"https:\/\/gmd-detectors.com\/fr\/wp-json\/wp\/v2\/types\/product"}],"wp:featuredmedia":[{"embeddable":true,"href":"https:\/\/gmd-detectors.com\/fr\/wp-json\/wp\/v2\/media\/11080"}],"wp:attachment":[{"href":"https:\/\/gmd-detectors.com\/fr\/wp-json\/wp\/v2\/media?parent=10043"}],"wp:term":[{"taxonomy":"product_brand","embeddable":true,"href":"https:\/\/gmd-detectors.com\/fr\/wp-json\/wp\/v2\/product_brand?post=10043"},{"taxonomy":"product_cat","embeddable":true,"href":"https:\/\/gmd-detectors.com\/fr\/wp-json\/wp\/v2\/product_cat?post=10043"},{"taxonomy":"product_tag","embeddable":true,"href":"https:\/\/gmd-detectors.com\/fr\/wp-json\/wp\/v2\/product_tag?post=10043"}],"curies":[{"name":"wp","href":"https:\/\/api.w.org\/{rel}","templated":true}]}}