{"id":10053,"date":"2021-09-01T21:23:12","date_gmt":"2021-09-01T18:23:12","guid":{"rendered":"https:\/\/gmd-detectors.com\/?post_type=product&#038;p=10053"},"modified":"2026-03-04T07:03:31","modified_gmt":"2026-03-04T04:03:31","slug":"diamond-hunter-smart-detector","status":"publish","type":"product","link":"https:\/\/gmd-detectors.com\/fr\/produit\/diamond-hunter-smart-detector\/","title":{"rendered":"DIAMOND HUNTER SMART DETECTOR"},"content":{"rendered":"<div class=\"wpb-content-wrapper\"><p>[vc_row full_width=\u00a0\u00bbstretch_row\u00a0\u00bb mobile_bg_img_hidden=\u00a0\u00bbno\u00a0\u00bb tablet_bg_img_hidden=\u00a0\u00bbno\u00a0\u00bb woodmart_parallax=\u00a0\u00bb0&Prime; woodmart_gradient_switch=\u00a0\u00bbno\u00a0\u00bb row_reverse_mobile=\u00a0\u00bb0&Prime; row_reverse_tablet=\u00a0\u00bb0&Prime; woodmart_disable_overflow=\u00a0\u00bb0&Prime; css=\u00a0\u00bb.vc_custom_1610451467938{border-bottom-width: 1px !important;padding-bottom: 40px !important;border-bottom-color: #e6e6e6 !important;border-bottom-style: solid !important;}\u00a0\u00bb][vc_column][vc_raw_html]JTNDZGl2JTIwY2xhc3MlM0QlMjJ2aWRlby1yZXNwb25zaXZlJTIyJTNFJTNDaWZyYW1lJTIwc3JjJTNEJTIyaHR0cHMlM0ElMkYlMkZ3d3cueW91dHViZS5jb20lMkZlbWJlZCUyRmpBMkZMX3ppbW1zJTNGcmVsJTNEMCUyMiUyMHdpZHRoJTNEJTIyMTAwJTI1JTIyJTIwaGVpZ2h0JTNEJTIyMzgwJTIyJTIwZnJhbWVib3JkZXIlM0QlMjIwJTIyJTIwYWxsb3dmdWxsc2NyZWVuJTNEJTIyYWxsb3dmdWxsc2NyZWVuJTIyJTNFJTNDJTJGaWZyYW1lJTNFJTNDJTJGZGl2JTNFJTBB[\/vc_raw_html][vc_column_text text_larger=\u00a0\u00bbno\u00a0\u00bb]DIAMOND HUNTER SMART est multifonctionnel<\/p>\n<p>Il fonctionne avec trois syst\u00e8mes de recherche de pierres pr\u00e9cieuses et de diamants souterrains.<\/p>\n<p>Haute vitesse pour capturer des cibles et les localiser avec pr\u00e9cision.<\/p>\n<p>1- Syst\u00e8me de recherche de pierres pr\u00e9cieuses souterrainnes.<\/p>\n<p>2- Syst\u00e8me de recherche de diamants souterrains.<\/p>\n<p>3- Syst\u00e8me de d\u00e9termination de la profondeur et d&rsquo;analyse des r\u00e9sultats.[\/vc_column_text][\/vc_column][\/vc_row][vc_row full_width=\u00a0\u00bbstretch_row\u00a0\u00bb mobile_bg_img_hidden=\u00a0\u00bbno\u00a0\u00bb tablet_bg_img_hidden=\u00a0\u00bbno\u00a0\u00bb woodmart_parallax=\u00a0\u00bb0&Prime; woodmart_gradient_switch=\u00a0\u00bbno\u00a0\u00bb row_reverse_mobile=\u00a0\u00bb0&Prime; row_reverse_tablet=\u00a0\u00bb0&Prime; woodmart_disable_overflow=\u00a0\u00bb0&Prime; css=\u00a0\u00bb.vc_custom_1610451892311{margin-bottom: -80px !important;padding-top: 40px !important;padding-bottom: 40px !important;background-color: #f7f7f7 !important;}\u00a0\u00bb][vc_column][vc_tta_tabs style=\u00a0\u00bbmodern\u00a0\u00bb alignment=\u00a0\u00bbcenter\u00a0\u00bb active_section=\u00a0\u00bb1&Prime;][vc_tta_section title=\u00a0\u00bbCaract\u00e9ristiques\u00a0\u00bb tab_id=\u00a0\u00bb1598441911523-c89c9e8e-bac040f2-9266&Prime;][vc_column_text text_larger=\u00a0\u00bbno\u00a0\u00bb]DIAMOND HUNTER SMART Detection longue portee: D\u00e9tecteur souterrain de diamants et de pierres pr\u00e9cieuses avec son tout nouveau design: le premier du genre au monde.<br \/>\nL&rsquo;appareil a \u00e9t\u00e9 enti\u00e8rement d\u00e9velopp\u00e9 en DIAMOND HUNTER SMART, avec l&rsquo;ajout de plus de syst\u00e8mes et l&rsquo;amelioation des caract\u00e9ristiques techniques et professionnelles pour d\u00e9tecter les emplacements de diamants et de pierres pr\u00e9cieuses sur de longues distances avec une grande pr\u00e9cision et d\u00e9terminer la profondeur avec facilte.[\/vc_column_text][\/vc_tta_section][vc_tta_section title=\u00a0\u00bbSyst\u00e8mes\u00a0\u00bb tab_id=\u00a0\u00bb1598442086500-76e5a306-5ebf40f2-9266&Prime;][vc_toggle title=\u00a0\u00bbDIAMOND HUNTER SMART EST MULTIFONCTIONNEL\u00a0\u00bb open=\u00a0\u00bbtrue\u00a0\u00bb]Il fonctionne avec trois syst\u00e8mes de recherche diff\u00e9rents :<br \/>\n1- Le syst\u00e8me de recherche de pierres pr\u00e9cieuses dans sous sol telles que saphir, \u00e9meraude, quartz, topaze, agate, am\u00e9thyste, lapis-lazuli, tourmaline, columbite, tanzanite, ferro, aigue-marine, alexandrite, oeil de chat, rubis, jaspe, opale, bleu vert<br \/>\n2- Syst\u00e8me souterrain de recherche de diamants.<br \/>\n3- Un syst\u00e8me d&rsquo;analyse des r\u00e9sultats et de d\u00e9termination de la profondeur en metres ou centimetres et avec une grande pr\u00e9cision.<br \/>\n4- Haute vitesse pour d\u00e9couvrir les diamants et les pierres pr\u00e9cieuses et les localiser avec pr\u00e9cision.<br \/>\nLa profondeur de recherche de l&rsquo;appareil DIAMOND HUNTER SMART atteint 50 m\u00e8tres dans le sol et une port\u00e9e avant de 3000 m\u00e8tres.<br \/>\nLe DIAMOND HUNTER SMART a \u00e9t\u00e9 d\u00e9velopp\u00e9 pour faciliter son utilisation sur diff\u00e9rents types de terrains et dans les conditions m\u00e9t\u00e9orologiques les plus difficiles.<br \/>\nLe DIAMOND HUNTER SMART a la capacit\u00e9 de p\u00e9n\u00e9trer les couches de la terre \u00e0 de grandes profondeurs difficiles \u00e0 atteindre pour de nombreux appareils[\/vc_toggle][\/vc_tta_section][vc_tta_section title=\u00a0\u00bbSpecifications\u00a0\u00bb tab_id=\u00a0\u00bb1598442096952-72789241-2ba340f2-9266&Prime;][vc_column_text text_larger=\u00a0\u00bbno\u00a0\u00bb]<\/p>\n<table class=\"table table-striped table-bordered\">\n<thead class=\"thead-dark\">\n<tr>\n<th scope=\"col\">Nom de la sp\u00e9cification technique<\/th>\n<th scope=\"col\">Valeur de sp\u00e9cification technique<\/th>\n<\/tr>\n<\/thead>\n<tbody id=\"technicalContainer\">\n<tr>\n<td>Sortie audio<\/td>\n<td>sonnerie pi\u00e9zo\u00e9lectrique \u00d8: 12mm &#8211; H: niveau de pression acoustique de 9,8mm 85db \u00e0 une fr\u00e9quence de 12v \/ 10cm 4.5 \u00b1 0.5 KHz<\/td>\n<\/tr>\n<tr>\n<td>Un \u00e9cran \u00e0 cristaux liquides (LCD)<\/td>\n<td>LCD graphique (128&#215;64) pixel \/ 55mm x 27.22mm<\/td>\n<\/tr>\n<tr>\n<td>Longueur<\/td>\n<td>Appareil seulement 203mm &#8211; Dispositif avec super antenne 398mm &#8211; Dispositif avec antenne longue port\u00e9e 638mm (opened)<\/td>\n<\/tr>\n<tr>\n<td>La fr\u00e9quence<\/td>\n<td>Max 500 KHz<\/td>\n<\/tr>\n<tr>\n<td>Vitesse de traitement des donn\u00e9es<\/td>\n<td>20 MHz<\/td>\n<\/tr>\n<tr>\n<td>La temp\u00e9rature r\u00e9sistente du dispositif<\/td>\n<td>0 C\u00b0 au 60 C\u00b0<\/td>\n<\/tr>\n<tr>\n<td>Taux d&rsquo;humidit\u00e9 r\u00e9sist\u00e9 successivement<\/td>\n<td>jusqu&rsquo;\u00e0 95% sans condensation<\/td>\n<\/tr>\n<tr>\n<td>Taux de temp\u00e9rature stocker du dispositif<\/td>\n<td>&#8211; 20C\u00b0 au 70C\u00b0<\/td>\n<\/tr>\n<tr>\n<td>Taux de r\u00e9sistence \u00e0 l&rsquo;humidit\u00e9<\/td>\n<td>jusqu&rsquo;\u00e0 98% d&rsquo;humidit\u00e9 relative<\/td>\n<\/tr>\n<tr>\n<td>Dur\u00e9e du fonctionnement (batterie de 7,56 Wh)<\/td>\n<td>10 Heures<\/td>\n<\/tr>\n<tr>\n<td>Waterproof Notation &#8211; D\u00e9tecteur<\/td>\n<td>non waterproof<\/td>\n<\/tr>\n<tr>\n<td>Poids total<\/td>\n<td>1800 g<\/td>\n<\/tr>\n<tr>\n<td>Poids du dispositif<\/td>\n<td>600 g<\/td>\n<\/tr>\n<tr>\n<td>Poids du sac (vide)<\/td>\n<td>1000 g<\/td>\n<\/tr>\n<tr>\n<td>Dimensions du sac<\/td>\n<td>340mm x 275mm x 125mm<\/td>\n<\/tr>\n<tr>\n<td>Type de la batterie<\/td>\n<td>Li-ion Batterie Rechargeable- Batterie Interne<\/td>\n<\/tr>\n<tr>\n<td>Tension de sortie de la batterie<\/td>\n<td>Li-ion 10.8 VDC<\/td>\n<\/tr>\n<tr>\n<td>Capacit\u00e9 de la batterie<\/td>\n<td>Li-ion 7.56 Wh<\/td>\n<\/tr>\n<tr>\n<td>Temps d&rsquo;ex\u00e9cution de la batterie<\/td>\n<td>10 Heures<\/td>\n<\/tr>\n<tr>\n<td>Temp\u00e9rature du fonctionnement de la batterie<\/td>\n<td>0 C\u00b0 au 60 C\u00b0<\/td>\n<\/tr>\n<tr>\n<td>Temp\u00e9rature du stockage de la batterie<\/td>\n<td>&#8211; 2C\u00b0 au 70C\u00b0<\/td>\n<\/tr>\n<tr>\n<td>Poids de la batterie<\/td>\n<td>60 g<\/td>\n<\/tr>\n<tr>\n<td>Temp\u00e9rature du fonctionnement du chargeur de la Batterie<\/td>\n<td>0 C\u00b0 au 50 C\u00b0<\/td>\n<\/tr>\n<tr>\n<td>Temp\u00e9rature du stockage du chargeur de la Batterie<\/td>\n<td>&#8211; 30C\u00b0 au 80C\u00b0<\/td>\n<\/tr>\n<tr>\n<td>Tension d&rsquo;entr\u00e9e du chargeur de la Batterie<\/td>\n<td>90 \u2192 250 VAC 50\u219260 Hz<\/td>\n<\/tr>\n<tr>\n<td>Sortie du chargeur de la Batterie<\/td>\n<td>12.6 VDC \/ 1000 mA<\/td>\n<\/tr>\n<\/tbody>\n<\/table>\n<p>[\/vc_column_text][\/vc_tta_section][vc_tta_section title=\u00a0\u00bbAccessoires\u00a0\u00bb tab_id=\u00a0\u00bb1598442097652-d383f913-39bd40f2-9266&Prime;]\t\t<div id=\"gallery_755\" class=\"wd-images-gallery wd-wpb wd-rs-67a35d8bbbdba photoswipe-images\" style=\"--wd-justify-content:center;--wd-align-items:center;\">\n\t\t\t\n\t\t\t<div class=\" wd-grid-g\" style=\"--wd-col-lg:3;--wd-col-md:3;--wd-col-sm:1;--wd-gap-lg:2px;\">\n\t\t\t\t\n\t\t\t\t\t\t\t\t\t\t\t\t\t\t\t<div class=\"wd-gallery-item wd-col\">\n\t\t\t\t\t\t\t\t\t\t\t\t\t\t<a href=\"https:\/\/gmd-detectors.com\/wp-content\/uploads\/2021\/09\/Unit-holder-300x300-2.webp\" data-elementor-open-lightbox=\"no\" data-index=\"1\" data-width=\"300\" data-height=\"300\" \n\t\t\t\t\t\t\t\t\t\t\t\t >\n\t\t\t\t\t\t\t\t\n\t\t\t\t\t\t\t\t<img loading=\"lazy\" decoding=\"async\" width=\"300\" height=\"300\" src=\"https:\/\/gmd-detectors.com\/wp-content\/uploads\/2021\/09\/Unit-holder-300x300-2.webp\" class=\"wd-gallery-image image-1\" alt=\"\" srcset=\"https:\/\/gmd-detectors.com\/wp-content\/uploads\/2021\/09\/Unit-holder-300x300-2.webp 300w, https:\/\/gmd-detectors.com\/wp-content\/uploads\/2021\/09\/Unit-holder-300x300-2-150x150.webp 150w\" sizes=\"auto, (max-width: 300px) 100vw, 300px\" \/>\n\t\t\t\t\t\t\t\t\t\t\t\t\t\t\t<\/a>\n\t\t\t\t\t\t\t\t\t\t\t\t<\/div>\n\t\t\t\t\t\t\t\t\t\t\t<div class=\"wd-gallery-item wd-col\">\n\t\t\t\t\t\t\t\t\t\t\t\t\t\t<a href=\"https:\/\/gmd-detectors.com\/wp-content\/uploads\/2021\/09\/Super-Antena-VHS-300x300-1.webp\" data-elementor-open-lightbox=\"no\" data-index=\"2\" data-width=\"300\" data-height=\"300\" \n\t\t\t\t\t\t\t\t\t\t\t\t >\n\t\t\t\t\t\t\t\t\n\t\t\t\t\t\t\t\t<img loading=\"lazy\" decoding=\"async\" width=\"300\" height=\"300\" src=\"https:\/\/gmd-detectors.com\/wp-content\/uploads\/2021\/09\/Super-Antena-VHS-300x300-1.webp\" class=\"wd-gallery-image image-2\" alt=\"\" srcset=\"https:\/\/gmd-detectors.com\/wp-content\/uploads\/2021\/09\/Super-Antena-VHS-300x300-1.webp 300w, https:\/\/gmd-detectors.com\/wp-content\/uploads\/2021\/09\/Super-Antena-VHS-300x300-1-150x150.webp 150w\" sizes=\"auto, (max-width: 300px) 100vw, 300px\" \/>\n\t\t\t\t\t\t\t\t\t\t\t\t\t\t\t<\/a>\n\t\t\t\t\t\t\t\t\t\t\t\t<\/div>\n\t\t\t\t\t\t\t\t\t\t\t<div class=\"wd-gallery-item wd-col\">\n\t\t\t\t\t\t\t\t\t\t\t\t\t\t<a href=\"https:\/\/gmd-detectors.com\/wp-content\/uploads\/2021\/09\/signal-enhancer-dish-300x300-1.webp\" data-elementor-open-lightbox=\"no\" data-index=\"3\" data-width=\"300\" data-height=\"300\" \n\t\t\t\t\t\t\t\t\t\t\t\t >\n\t\t\t\t\t\t\t\t\n\t\t\t\t\t\t\t\t<img loading=\"lazy\" decoding=\"async\" width=\"300\" height=\"300\" src=\"https:\/\/gmd-detectors.com\/wp-content\/uploads\/2021\/09\/signal-enhancer-dish-300x300-1.webp\" class=\"wd-gallery-image image-3\" alt=\"\" srcset=\"https:\/\/gmd-detectors.com\/wp-content\/uploads\/2021\/09\/signal-enhancer-dish-300x300-1.webp 300w, https:\/\/gmd-detectors.com\/wp-content\/uploads\/2021\/09\/signal-enhancer-dish-300x300-1-150x150.webp 150w\" sizes=\"auto, (max-width: 300px) 100vw, 300px\" \/>\n\t\t\t\t\t\t\t\t\t\t\t\t\t\t\t<\/a>\n\t\t\t\t\t\t\t\t\t\t\t\t<\/div>\n\t\t\t\t\t\t\t\t\t\t\t<div class=\"wd-gallery-item wd-col\">\n\t\t\t\t\t\t\t\t\t\t\t\t\t\t<a href=\"https:\/\/gmd-detectors.com\/wp-content\/uploads\/2021\/09\/Recipient-antenna-300x300-2.webp\" data-elementor-open-lightbox=\"no\" data-index=\"4\" data-width=\"300\" data-height=\"300\" \n\t\t\t\t\t\t\t\t\t\t\t\t >\n\t\t\t\t\t\t\t\t\n\t\t\t\t\t\t\t\t<img loading=\"lazy\" decoding=\"async\" width=\"300\" height=\"300\" src=\"https:\/\/gmd-detectors.com\/wp-content\/uploads\/2021\/09\/Recipient-antenna-300x300-2.webp\" class=\"wd-gallery-image image-4\" alt=\"\" srcset=\"https:\/\/gmd-detectors.com\/wp-content\/uploads\/2021\/09\/Recipient-antenna-300x300-2.webp 300w, https:\/\/gmd-detectors.com\/wp-content\/uploads\/2021\/09\/Recipient-antenna-300x300-2-150x150.webp 150w\" sizes=\"auto, (max-width: 300px) 100vw, 300px\" \/>\n\t\t\t\t\t\t\t\t\t\t\t\t\t\t\t<\/a>\n\t\t\t\t\t\t\t\t\t\t\t\t<\/div>\n\t\t\t\t\t\t\t\t\t\t\t<div class=\"wd-gallery-item wd-col\">\n\t\t\t\t\t\t\t\t\t\t\t\t\t\t<a href=\"https:\/\/gmd-detectors.com\/wp-content\/uploads\/2021\/09\/Recipient-antenna-1-300x300-1.webp\" data-elementor-open-lightbox=\"no\" data-index=\"5\" data-width=\"300\" data-height=\"300\" \n\t\t\t\t\t\t\t\t\t\t\t\t >\n\t\t\t\t\t\t\t\t\n\t\t\t\t\t\t\t\t<img loading=\"lazy\" decoding=\"async\" width=\"300\" height=\"300\" src=\"https:\/\/gmd-detectors.com\/wp-content\/uploads\/2021\/09\/Recipient-antenna-1-300x300-1.webp\" class=\"wd-gallery-image image-5\" alt=\"\" srcset=\"https:\/\/gmd-detectors.com\/wp-content\/uploads\/2021\/09\/Recipient-antenna-1-300x300-1.webp 300w, https:\/\/gmd-detectors.com\/wp-content\/uploads\/2021\/09\/Recipient-antenna-1-300x300-1-150x150.webp 150w\" sizes=\"auto, (max-width: 300px) 100vw, 300px\" \/>\n\t\t\t\t\t\t\t\t\t\t\t\t\t\t\t<\/a>\n\t\t\t\t\t\t\t\t\t\t\t\t<\/div>\n\t\t\t\t\t\t\t\t\t\t\t<div class=\"wd-gallery-item wd-col\">\n\t\t\t\t\t\t\t\t\t\t\t\t\t\t<a href=\"https:\/\/gmd-detectors.com\/wp-content\/uploads\/2021\/09\/GER-Charher-USB-300x300-2.webp\" data-elementor-open-lightbox=\"no\" data-index=\"6\" data-width=\"300\" data-height=\"300\" \n\t\t\t\t\t\t\t\t\t\t\t\t >\n\t\t\t\t\t\t\t\t\n\t\t\t\t\t\t\t\t<img loading=\"lazy\" decoding=\"async\" width=\"300\" height=\"300\" src=\"https:\/\/gmd-detectors.com\/wp-content\/uploads\/2021\/09\/GER-Charher-USB-300x300-2.webp\" class=\"wd-gallery-image image-6\" alt=\"\" srcset=\"https:\/\/gmd-detectors.com\/wp-content\/uploads\/2021\/09\/GER-Charher-USB-300x300-2.webp 300w, https:\/\/gmd-detectors.com\/wp-content\/uploads\/2021\/09\/GER-Charher-USB-300x300-2-150x150.webp 150w\" sizes=\"auto, (max-width: 300px) 100vw, 300px\" \/>\n\t\t\t\t\t\t\t\t\t\t\t\t\t\t\t<\/a>\n\t\t\t\t\t\t\t\t\t\t\t\t<\/div>\n\t\t\t\t\t\t\t\t\t\t\t<div class=\"wd-gallery-item wd-col\">\n\t\t\t\t\t\t\t\t\t\t\t\t\t\t<a href=\"https:\/\/gmd-detectors.com\/wp-content\/uploads\/2021\/09\/Car-charger-USB-300x300-2.webp\" data-elementor-open-lightbox=\"no\" data-index=\"7\" data-width=\"300\" data-height=\"300\" \n\t\t\t\t\t\t\t\t\t\t\t\t >\n\t\t\t\t\t\t\t\t\n\t\t\t\t\t\t\t\t<img loading=\"lazy\" decoding=\"async\" width=\"300\" height=\"300\" src=\"https:\/\/gmd-detectors.com\/wp-content\/uploads\/2021\/09\/Car-charger-USB-300x300-2.webp\" class=\"wd-gallery-image image-7\" alt=\"\" srcset=\"https:\/\/gmd-detectors.com\/wp-content\/uploads\/2021\/09\/Car-charger-USB-300x300-2.webp 300w, https:\/\/gmd-detectors.com\/wp-content\/uploads\/2021\/09\/Car-charger-USB-300x300-2-150x150.webp 150w\" sizes=\"auto, (max-width: 300px) 100vw, 300px\" \/>\n\t\t\t\t\t\t\t\t\t\t\t\t\t\t\t<\/a>\n\t\t\t\t\t\t\t\t\t\t\t\t<\/div>\n\t\t\t\t\t\t\t\t\t\t\t<div class=\"wd-gallery-item wd-col\">\n\t\t\t\t\t\t\t\t\t\t\t\t\t\t<a href=\"https:\/\/gmd-detectors.com\/wp-content\/uploads\/2024\/05\/gerdetect-warranty.webp\" data-elementor-open-lightbox=\"no\" data-index=\"8\" data-width=\"400\" data-height=\"400\" \n\t\t\t\t\t\t\t\t\t\t\t\t >\n\t\t\t\t\t\t\t\t\n\t\t\t\t\t\t\t\t<img loading=\"lazy\" decoding=\"async\" width=\"300\" height=\"300\" src=\"https:\/\/gmd-detectors.com\/wp-content\/uploads\/2024\/05\/gerdetect-warranty-300x300.webp\" class=\"wd-gallery-image image-8\" alt=\"gerdetect-warranty\" srcset=\"https:\/\/gmd-detectors.com\/wp-content\/uploads\/2024\/05\/gerdetect-warranty-300x300.webp 300w, https:\/\/gmd-detectors.com\/wp-content\/uploads\/2024\/05\/gerdetect-warranty-150x150.webp 150w, https:\/\/gmd-detectors.com\/wp-content\/uploads\/2024\/05\/gerdetect-warranty.webp 400w\" sizes=\"auto, (max-width: 300px) 100vw, 300px\" \/>\n\t\t\t\t\t\t\t\t\t\t\t\t\t\t\t<\/a>\n\t\t\t\t\t\t\t\t\t\t\t\t<\/div>\n\t\t\t\t\t\t\t\t\t\n\t\t\t\t\t\t\t<\/div>\n\n\t\t\t\t\t<\/div>\n\t\t[\/vc_tta_section][\/vc_tta_tabs][\/vc_column][\/vc_row]<\/p>\n<\/div>","protected":false},"excerpt":{"rendered":"<p>La profondeur de recherche de l&rsquo;appareil DIAMOND HUNTER SMART atteint 50 m\u00e8tres dans le sol et une port\u00e9e avant de 3000 m\u00e8tres.<\/p>\n<p><strong> L&rsquo;appareil DIAMOND HUNTER SMART est l&rsquo;une des meilleures industries allemandes. Il d\u00e9tient le certificat europ\u00e9en CE selon les sp\u00e9cifications internationales, en plus du certificat international ISO 9001 selon les sp\u00e9cifications et normes internationales. <\/strong><\/p>\n<div id=\"gtx-trans\" style=\"position: absolute; left: 508px; top: -9.14286px;\">\n<div class=\"gtx-trans-icon\"><\/div>\n<\/div>\n","protected":false},"featured_media":13414,"template":"","meta":{"_acf_changed":false},"product_brand":[],"product_cat":[737,765],"product_tag":[],"class_list":{"0":"post-10053","1":"product","2":"type-product","3":"status-publish","4":"has-post-thumbnail","6":"product_cat-detecteurs-de-diamant","7":"product_cat-ger-detect-fr","9":"first","10":"instock","11":"sale","12":"shipping-taxable","13":"purchasable","14":"product-type-simple"},"acf":[],"_links":{"self":[{"href":"https:\/\/gmd-detectors.com\/fr\/wp-json\/wp\/v2\/product\/10053","targetHints":{"allow":["GET"]}}],"collection":[{"href":"https:\/\/gmd-detectors.com\/fr\/wp-json\/wp\/v2\/product"}],"about":[{"href":"https:\/\/gmd-detectors.com\/fr\/wp-json\/wp\/v2\/types\/product"}],"wp:featuredmedia":[{"embeddable":true,"href":"https:\/\/gmd-detectors.com\/fr\/wp-json\/wp\/v2\/media\/13414"}],"wp:attachment":[{"href":"https:\/\/gmd-detectors.com\/fr\/wp-json\/wp\/v2\/media?parent=10053"}],"wp:term":[{"taxonomy":"product_brand","embeddable":true,"href":"https:\/\/gmd-detectors.com\/fr\/wp-json\/wp\/v2\/product_brand?post=10053"},{"taxonomy":"product_cat","embeddable":true,"href":"https:\/\/gmd-detectors.com\/fr\/wp-json\/wp\/v2\/product_cat?post=10053"},{"taxonomy":"product_tag","embeddable":true,"href":"https:\/\/gmd-detectors.com\/fr\/wp-json\/wp\/v2\/product_tag?post=10053"}],"curies":[{"name":"wp","href":"https:\/\/api.w.org\/{rel}","templated":true}]}}