{"id":10068,"date":"2021-09-01T21:46:17","date_gmt":"2021-09-01T18:46:17","guid":{"rendered":"https:\/\/gmd-detectors.com\/?post_type=product&#038;p=10068"},"modified":"2025-02-05T15:05:51","modified_gmt":"2025-02-05T12:05:51","slug":"fresh-result-1-system-detector","status":"publish","type":"product","link":"https:\/\/gmd-detectors.com\/fr\/produit\/fresh-result-1-system-detector\/","title":{"rendered":"FRESH RESULT 1 SYSTEM DETECTOR"},"content":{"rendered":"<div class=\"wpb-content-wrapper\"><p>[vc_row full_width=\u00a0\u00bbstretch_row\u00a0\u00bb mobile_bg_img_hidden=\u00a0\u00bbno\u00a0\u00bb tablet_bg_img_hidden=\u00a0\u00bbno\u00a0\u00bb woodmart_parallax=\u00a0\u00bb0&Prime; woodmart_gradient_switch=\u00a0\u00bbno\u00a0\u00bb row_reverse_mobile=\u00a0\u00bb0&Prime; row_reverse_tablet=\u00a0\u00bb0&Prime; woodmart_disable_overflow=\u00a0\u00bb0&Prime; css=\u00a0\u00bb.vc_custom_1610451467938{border-bottom-width: 1px !important;padding-bottom: 40px !important;border-bottom-color: #e6e6e6 !important;border-bottom-style: solid !important;}\u00a0\u00bb][vc_column][vc_raw_html]JTNDZGl2JTIwY2xhc3MlM0QlMjJ2aWRlby1yZXNwb25zaXZlJTIyJTNFJTNDaWZyYW1lJTIwc3JjJTNEJTIyaHR0cHMlM0ElMkYlMkZ3d3cueW91dHViZS5jb20lMkZlbWJlZCUyRjVzYU9rT2hBV3FzJTNGcmVsJTNEMCUyMiUyMHdpZHRoJTNEJTIyMTAwJTI1JTIyJTIwaGVpZ2h0JTNEJTIyMzgwJTIyJTIwZnJhbWVib3JkZXIlM0QlMjIwJTIyJTIwYWxsb3dmdWxsc2NyZWVuJTNEJTIyYWxsb3dmdWxsc2NyZWVuJTIyJTNFJTNDJTJGaWZyYW1lJTNFJTNDJTJGZGl2JTNF[\/vc_raw_html][vc_column_text text_larger=\u00a0\u00bbno\u00a0\u00bb]Le dernier appareil pour d\u00e9tecter les eaux souterraines et les puits art\u00e9siens<br \/>\nFRESH RESULT 1 SYSTEM : Un appareil aux multiples fonctionnalit\u00e9s recherchant les eaux souterraines et les puits art\u00e9siens :<br \/>\n&#8211; Syst\u00e8me de recherche d&rsquo;eau douce<br \/>\n&#8211; Syst\u00e8me de recherche d&rsquo;eau naturelle<br \/>\n-Cette version se caract\u00e9rise \u00e9galement par plusieurs fonctions :<br \/>\nIl fonctionne en six langues diff\u00e9rentes : (allemand &#8211; anglais &#8211; fran\u00e7ais et arabe).<br \/>\nVous pouvez choisir la port\u00e9e souhait\u00e9e en ajustant l&rsquo;\u00e9tendue par la touche de commande : les choix pour la port\u00e9e de l&rsquo;appareil sont : (500 m\u00e8tres) ou (1000 m\u00e8tres) ou (1500 m\u00e8tres) ou (2000) m\u00e8tres, perpendiculaires.<br \/>\n[\/vc_column_text][\/vc_column][\/vc_row][vc_row full_width=\u00a0\u00bbstretch_row\u00a0\u00bb mobile_bg_img_hidden=\u00a0\u00bbno\u00a0\u00bb tablet_bg_img_hidden=\u00a0\u00bbno\u00a0\u00bb woodmart_parallax=\u00a0\u00bb0&Prime; woodmart_gradient_switch=\u00a0\u00bbno\u00a0\u00bb row_reverse_mobile=\u00a0\u00bb0&Prime; row_reverse_tablet=\u00a0\u00bb0&Prime; woodmart_disable_overflow=\u00a0\u00bb0&Prime; css=\u00a0\u00bb.vc_custom_1610451892311{margin-bottom: -80px !important;padding-top: 40px !important;padding-bottom: 40px !important;background-color: #f7f7f7 !important;}\u00a0\u00bb][vc_column][vc_tta_tabs style=\u00a0\u00bbmodern\u00a0\u00bb alignment=\u00a0\u00bbcenter\u00a0\u00bb active_section=\u00a0\u00bb1&Prime;][vc_tta_section title=\u00a0\u00bbCaract\u00e9ristiques\u00a0\u00bb tab_id=\u00a0\u00bb1598441911523-c89c9e8e-bac040f2-9266&Prime;][vc_column_text text_larger=\u00a0\u00bbno\u00a0\u00bb]Le dernier appareil pour d\u00e9tecter les eaux souterraines et les puits art\u00e9siens<br \/>\nFRESH RESULT 1 SYSTEM : Un appareil aux multiples fonctionnalit\u00e9s recherchant les eaux souterraines et les puits art\u00e9siens :<br \/>\n&#8211; Syst\u00e8me de recherche d&rsquo;eau douce<br \/>\n&#8211; Syst\u00e8me de recherche d&rsquo;eau naturelle<br \/>\n-Cette version se caract\u00e9rise \u00e9galement par plusieurs fonctions :<br \/>\nIl fonctionne en six langues diff\u00e9rentes : (allemand &#8211; anglais &#8211; fran\u00e7ais et arabe).<br \/>\nVous pouvez choisir la port\u00e9e souhait\u00e9e en ajustant l&rsquo;\u00e9tendue par la touche de commande : les choix pour la port\u00e9e de l&rsquo;appareil sont : (500 m\u00e8tres) ou (1000 m\u00e8tres) ou (1500 m\u00e8tres) ou (2000) m\u00e8tres, perpendiculaires.<br \/>\n[\/vc_column_text][\/vc_tta_section][vc_tta_section title=\u00a0\u00bbSyst\u00e8mes\u00a0\u00bb tab_id=\u00a0\u00bb1598442086500-76e5a306-5ebf40f2-9266&Prime;][vc_toggle title=\u00a0\u00bbLe syst\u00e8me longue port\u00e9e:\u00a0\u00bb open=\u00a0\u00bbtrue\u00a0\u00bb]Une fois les r\u00e9glages termin\u00e9s et le processus de d\u00e9tection lanc\u00e9, l&rsquo;appareil commencera \u00e0 envoyer et \u00e0 recevoir des fr\u00e9quences sp\u00e9ciales pour d\u00e9tecter le type de cible que vous choisirez dans la liste.<br \/>\nLorsque l&rsquo;appareil re\u00e7oit un signal, il suivra automatiquement le signal vers la cible, puis il se tournera vers la cible r\u00e9f\u00e9renc\u00e9e par l&rsquo;antenne d\u2019\u00e9mission et r\u00e9ception du signal.<br \/>\nApr\u00e8s avoir atteint au-dessus du centre de la cible, l&rsquo;appareil s&rsquo;enroulera dans un mouvement circulaire qui signifie que l&rsquo;appareil a confirm\u00e9 la cible.<br \/>\nLa profondeur de l&rsquo;appareil atteint jusqu&rsquo;\u00e0 1200 m\u00e8tres sous le sol.<br \/>\n[\/vc_toggle][\/vc_tta_section][vc_tta_section title=\u00a0\u00bbSpecifications\u00a0\u00bb tab_id=\u00a0\u00bb1598442096952-72789241-2ba340f2-9266&Prime;][vc_column_text text_larger=\u00a0\u00bbno\u00a0\u00bb]<\/p>\n<table class=\"table table-striped table-bordered\">\n<thead class=\"thead-dark\">\n<tr>\n<th scope=\"col\">Nom de la sp\u00e9cification technique<\/th>\n<th scope=\"col\">Valeur de sp\u00e9cification technique<\/th>\n<\/tr>\n<\/thead>\n<tbody id=\"technicalContainer\">\n<tr>\n<td>Sortie audio<\/td>\n<td>sonnerie pi\u00e9zo\u00e9lectrique \u00d8: 12mm &#8211; H: niveau de pression acoustique de 9,8mm 85db \u00e0 une fr\u00e9quence de 12v \/ 10cm 4.5 \u00b1 0.5 KHz<\/td>\n<\/tr>\n<tr>\n<td>Un \u00e9cran \u00e0 cristaux liquides(LCD)<\/td>\n<td>graphiques LCD (128&#215;64) pixel \/ 55mm x 27.22mm<\/td>\n<\/tr>\n<tr>\n<td>Longueur<\/td>\n<td>Appareil seulement 203mm &#8211; Dispositif avec antenne longue port\u00e9e 386mm (ferm\u00e9) &#8211; Appareil avec antenne longue port\u00e9e 638mm (ouverte)<\/td>\n<\/tr>\n<tr>\n<td>Fr\u00e9quence<\/td>\n<td>Max 500 KHz<\/td>\n<\/tr>\n<tr>\n<td>Vitesse de traitement des donn\u00e9es<\/td>\n<td>20 MHz<\/td>\n<\/tr>\n<tr>\n<td>La temp\u00e9rature r\u00e9sistente du dispositif<\/td>\n<td>0 C\u00b0 au 60 C\u00b0<\/td>\n<\/tr>\n<tr>\n<td>Plage de temp\u00e9rature de fonctionnement<\/td>\n<td>jusqu&rsquo;\u00e0 95% sans condensation<\/td>\n<\/tr>\n<tr>\n<td>Plage de temp\u00e9rature de stockage<\/td>\n<td>&#8211; 20C\u00b0 au 70C\u00b0<\/td>\n<\/tr>\n<tr>\n<td>Taux de r\u00e9sistence \u00e0 l&rsquo;humidit\u00e9<\/td>\n<td>jusqu&rsquo;\u00e0 98% d&rsquo;humidit\u00e9 relative<\/td>\n<\/tr>\n<tr>\n<td>Dur\u00e9e du fonctionnement (Batterie7.56 Wh )<\/td>\n<td>10 Heures<\/td>\n<\/tr>\n<tr>\n<td>Waterproof Notation-D\u00e9tecteur<\/td>\n<td>non waterproof<\/td>\n<\/tr>\n<tr>\n<td>Poids total<\/td>\n<td>1750 g<\/td>\n<\/tr>\n<tr>\n<td>Poids du dispositif<\/td>\n<td>550 g<\/td>\n<\/tr>\n<tr>\n<td>Poids du sac (vide)<\/td>\n<td>1000 g<\/td>\n<\/tr>\n<tr>\n<td>Dimensions du sac<\/td>\n<td>340mm x 275mm x 125mm<\/td>\n<\/tr>\n<tr>\n<td>Type de la batterie<\/td>\n<td>Li-ion Batterie Rechargeable &#8211; Batterie Interne<\/td>\n<\/tr>\n<tr>\n<td>Tension de sortie de la batterie<\/td>\n<td>Li-ion 10.8 VDC<\/td>\n<\/tr>\n<tr>\n<td>Capacit\u00e9 de la batterie<\/td>\n<td>Li-ion 7.56 Wh<\/td>\n<\/tr>\n<tr>\n<td>Temps d&rsquo;ex\u00e9cution de la batterie<\/td>\n<td>10 Heures<\/td>\n<\/tr>\n<tr>\n<td>Temp\u00e9rature de fonctionnement de la batterie<\/td>\n<td>0 C\u00b0 au 60 C\u00b0<\/td>\n<\/tr>\n<tr>\n<td>Temp\u00e9rature de stockage de la batterie<\/td>\n<td>&#8211; 2C\u00b0 au 70C\u00b0<\/td>\n<\/tr>\n<tr>\n<td>Poids de la batterie<\/td>\n<td>60g<\/td>\n<\/tr>\n<tr>\n<td>Temp\u00e9rature de fonctionnement du chargeur de la Batterie<\/td>\n<td>0 C\u00b0 au 50 C\u00b0<\/td>\n<\/tr>\n<tr>\n<td>Temp\u00e9rature de stockage du chargeur de la Batterie<\/td>\n<td>&#8211; 30C\u00b0 au 80C\u00b0<\/td>\n<\/tr>\n<tr>\n<td>Tension d&rsquo;entr\u00e9e du chargeur de la Batterie<\/td>\n<td>90 \u2192 250 VAC 50\u219260 Hz<\/td>\n<\/tr>\n<tr>\n<td>Sortie du chargeur de la Batterie<\/td>\n<td>12.6 VDC \/ 1000 mA<\/td>\n<\/tr>\n<\/tbody>\n<\/table>\n<p>[\/vc_column_text][\/vc_tta_section][vc_tta_section title=\u00a0\u00bbAccessories\u00a0\u00bb tab_id=\u00a0\u00bb1598442097652-d383f913-39bd40f2-9266&Prime;]\t\t<div id=\"gallery_263\" class=\"wd-images-gallery wd-wpb wd-rs-67a353bdd1e45 photoswipe-images\" style=\"--wd-justify-content:center;--wd-align-items:center;\">\n\t\t\t\n\t\t\t<div class=\" wd-grid-g\" style=\"--wd-col-lg:3;--wd-col-md:3;--wd-col-sm:1;--wd-gap-lg:2px;\">\n\t\t\t\t\n\t\t\t\t\t\t\t\t\t\t\t\t\t\t\t<div class=\"wd-gallery-item wd-col\">\n\t\t\t\t\t\t\t\t\t\t\t\t\t\t<a href=\"https:\/\/gmd-detectors.com\/wp-content\/uploads\/2021\/09\/antenna-for-fresh-result-1-system-devcie-5.jpg\" data-elementor-open-lightbox=\"no\" data-index=\"1\" data-width=\"360\" data-height=\"360\" \n\t\t\t\t\t\t\t\t\t\t\t\t >\n\t\t\t\t\t\t\t\t\n\t\t\t\t\t\t\t\t<img loading=\"lazy\" decoding=\"async\" width=\"300\" height=\"300\" src=\"https:\/\/gmd-detectors.com\/wp-content\/uploads\/2021\/09\/antenna-for-fresh-result-1-system-devcie-5-300x300.jpg\" class=\"wd-gallery-image image-1\" alt=\"\" srcset=\"https:\/\/gmd-detectors.com\/wp-content\/uploads\/2021\/09\/antenna-for-fresh-result-1-system-devcie-5-300x300.jpg 300w, https:\/\/gmd-detectors.com\/wp-content\/uploads\/2021\/09\/antenna-for-fresh-result-1-system-devcie-5-150x150.jpg 150w, https:\/\/gmd-detectors.com\/wp-content\/uploads\/2021\/09\/antenna-for-fresh-result-1-system-devcie-5-100x100.jpg 100w, https:\/\/gmd-detectors.com\/wp-content\/uploads\/2021\/09\/antenna-for-fresh-result-1-system-devcie-5.jpg 360w\" sizes=\"auto, (max-width: 300px) 100vw, 300px\" \/>\n\t\t\t\t\t\t\t\t\t\t\t\t\t\t\t<\/a>\n\t\t\t\t\t\t\t\t\t\t\t\t<\/div>\n\t\t\t\t\t\t\t\t\t\t\t<div class=\"wd-gallery-item wd-col\">\n\t\t\t\t\t\t\t\t\t\t\t\t\t\t<a href=\"https:\/\/gmd-detectors.com\/wp-content\/uploads\/2021\/09\/box-for-fresh-result-1-system-device-5.jpg\" data-elementor-open-lightbox=\"no\" data-index=\"2\" data-width=\"360\" data-height=\"360\" \n\t\t\t\t\t\t\t\t\t\t\t\t >\n\t\t\t\t\t\t\t\t\n\t\t\t\t\t\t\t\t<img loading=\"lazy\" decoding=\"async\" width=\"300\" height=\"300\" src=\"https:\/\/gmd-detectors.com\/wp-content\/uploads\/2021\/09\/box-for-fresh-result-1-system-device-5-300x300.jpg\" class=\"wd-gallery-image image-2\" alt=\"\" srcset=\"https:\/\/gmd-detectors.com\/wp-content\/uploads\/2021\/09\/box-for-fresh-result-1-system-device-5-300x300.jpg 300w, https:\/\/gmd-detectors.com\/wp-content\/uploads\/2021\/09\/box-for-fresh-result-1-system-device-5-150x150.jpg 150w, https:\/\/gmd-detectors.com\/wp-content\/uploads\/2021\/09\/box-for-fresh-result-1-system-device-5-100x100.jpg 100w, https:\/\/gmd-detectors.com\/wp-content\/uploads\/2021\/09\/box-for-fresh-result-1-system-device-5.jpg 360w\" sizes=\"auto, (max-width: 300px) 100vw, 300px\" \/>\n\t\t\t\t\t\t\t\t\t\t\t\t\t\t\t<\/a>\n\t\t\t\t\t\t\t\t\t\t\t\t<\/div>\n\t\t\t\t\t\t\t\t\t\t\t<div class=\"wd-gallery-item wd-col\">\n\t\t\t\t\t\t\t\t\t\t\t\t\t\t<a href=\"https:\/\/gmd-detectors.com\/wp-content\/uploads\/2021\/09\/car-charger-for-fresh-result-1-system-device-2.jpg\" data-elementor-open-lightbox=\"no\" data-index=\"3\" data-width=\"360\" data-height=\"360\" \n\t\t\t\t\t\t\t\t\t\t\t\t >\n\t\t\t\t\t\t\t\t\n\t\t\t\t\t\t\t\t<img loading=\"lazy\" decoding=\"async\" width=\"300\" height=\"300\" src=\"https:\/\/gmd-detectors.com\/wp-content\/uploads\/2021\/09\/car-charger-for-fresh-result-1-system-device-2-300x300.jpg\" class=\"wd-gallery-image image-3\" alt=\"\" srcset=\"https:\/\/gmd-detectors.com\/wp-content\/uploads\/2021\/09\/car-charger-for-fresh-result-1-system-device-2-300x300.jpg 300w, https:\/\/gmd-detectors.com\/wp-content\/uploads\/2021\/09\/car-charger-for-fresh-result-1-system-device-2-150x150.jpg 150w, https:\/\/gmd-detectors.com\/wp-content\/uploads\/2021\/09\/car-charger-for-fresh-result-1-system-device-2-100x100.jpg 100w, https:\/\/gmd-detectors.com\/wp-content\/uploads\/2021\/09\/car-charger-for-fresh-result-1-system-device-2.jpg 360w\" sizes=\"auto, (max-width: 300px) 100vw, 300px\" \/>\n\t\t\t\t\t\t\t\t\t\t\t\t\t\t\t<\/a>\n\t\t\t\t\t\t\t\t\t\t\t\t<\/div>\n\t\t\t\t\t\t\t\t\t\t\t<div class=\"wd-gallery-item wd-col\">\n\t\t\t\t\t\t\t\t\t\t\t\t\t\t<a href=\"https:\/\/gmd-detectors.com\/wp-content\/uploads\/2021\/09\/charger-for-fresh-result-1-system-device-5.jpg\" data-elementor-open-lightbox=\"no\" data-index=\"4\" data-width=\"360\" data-height=\"360\" \n\t\t\t\t\t\t\t\t\t\t\t\t >\n\t\t\t\t\t\t\t\t\n\t\t\t\t\t\t\t\t<img loading=\"lazy\" decoding=\"async\" width=\"300\" height=\"300\" src=\"https:\/\/gmd-detectors.com\/wp-content\/uploads\/2021\/09\/charger-for-fresh-result-1-system-device-5-300x300.jpg\" class=\"wd-gallery-image image-4\" alt=\"\" srcset=\"https:\/\/gmd-detectors.com\/wp-content\/uploads\/2021\/09\/charger-for-fresh-result-1-system-device-5-300x300.jpg 300w, https:\/\/gmd-detectors.com\/wp-content\/uploads\/2021\/09\/charger-for-fresh-result-1-system-device-5-150x150.jpg 150w, https:\/\/gmd-detectors.com\/wp-content\/uploads\/2021\/09\/charger-for-fresh-result-1-system-device-5-100x100.jpg 100w, https:\/\/gmd-detectors.com\/wp-content\/uploads\/2021\/09\/charger-for-fresh-result-1-system-device-5.jpg 360w\" sizes=\"auto, (max-width: 300px) 100vw, 300px\" \/>\n\t\t\t\t\t\t\t\t\t\t\t\t\t\t\t<\/a>\n\t\t\t\t\t\t\t\t\t\t\t\t<\/div>\n\t\t\t\t\t\t\t\t\t\t\t<div class=\"wd-gallery-item wd-col\">\n\t\t\t\t\t\t\t\t\t\t\t\t\t\t<a href=\"https:\/\/gmd-detectors.com\/wp-content\/uploads\/2021\/09\/main-unit-for-fresh-result-1-system-device-5.jpg\" data-elementor-open-lightbox=\"no\" data-index=\"5\" data-width=\"360\" data-height=\"360\" \n\t\t\t\t\t\t\t\t\t\t\t\t >\n\t\t\t\t\t\t\t\t\n\t\t\t\t\t\t\t\t<img loading=\"lazy\" decoding=\"async\" width=\"300\" height=\"300\" src=\"https:\/\/gmd-detectors.com\/wp-content\/uploads\/2021\/09\/main-unit-for-fresh-result-1-system-device-5-300x300.jpg\" class=\"wd-gallery-image image-5\" alt=\"\" srcset=\"https:\/\/gmd-detectors.com\/wp-content\/uploads\/2021\/09\/main-unit-for-fresh-result-1-system-device-5-300x300.jpg 300w, https:\/\/gmd-detectors.com\/wp-content\/uploads\/2021\/09\/main-unit-for-fresh-result-1-system-device-5-150x150.jpg 150w, https:\/\/gmd-detectors.com\/wp-content\/uploads\/2021\/09\/main-unit-for-fresh-result-1-system-device-5-100x100.jpg 100w, https:\/\/gmd-detectors.com\/wp-content\/uploads\/2021\/09\/main-unit-for-fresh-result-1-system-device-5.jpg 360w\" sizes=\"auto, (max-width: 300px) 100vw, 300px\" \/>\n\t\t\t\t\t\t\t\t\t\t\t\t\t\t\t<\/a>\n\t\t\t\t\t\t\t\t\t\t\t\t<\/div>\n\t\t\t\t\t\t\t\t\t\t\t<div class=\"wd-gallery-item wd-col\">\n\t\t\t\t\t\t\t\t\t\t\t\t\t\t<a href=\"https:\/\/gmd-detectors.com\/wp-content\/uploads\/2021\/09\/signal-enhancer-for-fresh-result-1-system-device-5.jpg\" data-elementor-open-lightbox=\"no\" data-index=\"6\" data-width=\"360\" data-height=\"360\" \n\t\t\t\t\t\t\t\t\t\t\t\t >\n\t\t\t\t\t\t\t\t\n\t\t\t\t\t\t\t\t<img loading=\"lazy\" decoding=\"async\" width=\"300\" height=\"300\" src=\"https:\/\/gmd-detectors.com\/wp-content\/uploads\/2021\/09\/signal-enhancer-for-fresh-result-1-system-device-5-300x300.jpg\" class=\"wd-gallery-image image-6\" alt=\"\" srcset=\"https:\/\/gmd-detectors.com\/wp-content\/uploads\/2021\/09\/signal-enhancer-for-fresh-result-1-system-device-5-300x300.jpg 300w, https:\/\/gmd-detectors.com\/wp-content\/uploads\/2021\/09\/signal-enhancer-for-fresh-result-1-system-device-5-150x150.jpg 150w, https:\/\/gmd-detectors.com\/wp-content\/uploads\/2021\/09\/signal-enhancer-for-fresh-result-1-system-device-5-100x100.jpg 100w, https:\/\/gmd-detectors.com\/wp-content\/uploads\/2021\/09\/signal-enhancer-for-fresh-result-1-system-device-5.jpg 360w\" sizes=\"auto, (max-width: 300px) 100vw, 300px\" \/>\n\t\t\t\t\t\t\t\t\t\t\t\t\t\t\t<\/a>\n\t\t\t\t\t\t\t\t\t\t\t\t<\/div>\n\t\t\t\t\t\t\t\t\t\t\t<div class=\"wd-gallery-item wd-col\">\n\t\t\t\t\t\t\t\t\t\t\t\t\t\t<a href=\"https:\/\/gmd-detectors.com\/wp-content\/uploads\/2021\/09\/signal-recipient-for-fresh-result-1-system-device-5.jpg\" data-elementor-open-lightbox=\"no\" data-index=\"7\" data-width=\"360\" data-height=\"360\" \n\t\t\t\t\t\t\t\t\t\t\t\t >\n\t\t\t\t\t\t\t\t\n\t\t\t\t\t\t\t\t<img loading=\"lazy\" decoding=\"async\" width=\"300\" height=\"300\" src=\"https:\/\/gmd-detectors.com\/wp-content\/uploads\/2021\/09\/signal-recipient-for-fresh-result-1-system-device-5-300x300.jpg\" class=\"wd-gallery-image image-7\" alt=\"\" srcset=\"https:\/\/gmd-detectors.com\/wp-content\/uploads\/2021\/09\/signal-recipient-for-fresh-result-1-system-device-5-300x300.jpg 300w, https:\/\/gmd-detectors.com\/wp-content\/uploads\/2021\/09\/signal-recipient-for-fresh-result-1-system-device-5-150x150.jpg 150w, https:\/\/gmd-detectors.com\/wp-content\/uploads\/2021\/09\/signal-recipient-for-fresh-result-1-system-device-5-100x100.jpg 100w, https:\/\/gmd-detectors.com\/wp-content\/uploads\/2021\/09\/signal-recipient-for-fresh-result-1-system-device-5.jpg 360w\" sizes=\"auto, (max-width: 300px) 100vw, 300px\" \/>\n\t\t\t\t\t\t\t\t\t\t\t\t\t\t\t<\/a>\n\t\t\t\t\t\t\t\t\t\t\t\t<\/div>\n\t\t\t\t\t\t\t\t\t\t\t<div class=\"wd-gallery-item wd-col\">\n\t\t\t\t\t\t\t\t\t\t\t\t\t\t<a href=\"https:\/\/gmd-detectors.com\/wp-content\/uploads\/2021\/09\/unit-holder-for-fresh-result-1-system-device-5.jpg\" data-elementor-open-lightbox=\"no\" data-index=\"8\" data-width=\"360\" data-height=\"360\" \n\t\t\t\t\t\t\t\t\t\t\t\t >\n\t\t\t\t\t\t\t\t\n\t\t\t\t\t\t\t\t<img loading=\"lazy\" decoding=\"async\" width=\"300\" height=\"300\" src=\"https:\/\/gmd-detectors.com\/wp-content\/uploads\/2021\/09\/unit-holder-for-fresh-result-1-system-device-5-300x300.jpg\" class=\"wd-gallery-image image-8\" alt=\"\" srcset=\"https:\/\/gmd-detectors.com\/wp-content\/uploads\/2021\/09\/unit-holder-for-fresh-result-1-system-device-5-300x300.jpg 300w, https:\/\/gmd-detectors.com\/wp-content\/uploads\/2021\/09\/unit-holder-for-fresh-result-1-system-device-5-150x150.jpg 150w, https:\/\/gmd-detectors.com\/wp-content\/uploads\/2021\/09\/unit-holder-for-fresh-result-1-system-device-5-100x100.jpg 100w, https:\/\/gmd-detectors.com\/wp-content\/uploads\/2021\/09\/unit-holder-for-fresh-result-1-system-device-5.jpg 360w\" sizes=\"auto, (max-width: 300px) 100vw, 300px\" \/>\n\t\t\t\t\t\t\t\t\t\t\t\t\t\t\t<\/a>\n\t\t\t\t\t\t\t\t\t\t\t\t<\/div>\n\t\t\t\t\t\t\t\t\t\t\t<div class=\"wd-gallery-item wd-col\">\n\t\t\t\t\t\t\t\t\t\t\t\t\t\t<a href=\"https:\/\/gmd-detectors.com\/wp-content\/uploads\/2024\/05\/gerdetect-warranty.webp\" data-elementor-open-lightbox=\"no\" data-index=\"9\" data-width=\"400\" data-height=\"400\" \n\t\t\t\t\t\t\t\t\t\t\t\t >\n\t\t\t\t\t\t\t\t\n\t\t\t\t\t\t\t\t<img loading=\"lazy\" decoding=\"async\" width=\"300\" height=\"300\" src=\"https:\/\/gmd-detectors.com\/wp-content\/uploads\/2024\/05\/gerdetect-warranty-300x300.webp\" class=\"wd-gallery-image image-9\" alt=\"gerdetect-warranty\" srcset=\"https:\/\/gmd-detectors.com\/wp-content\/uploads\/2024\/05\/gerdetect-warranty-300x300.webp 300w, https:\/\/gmd-detectors.com\/wp-content\/uploads\/2024\/05\/gerdetect-warranty-150x150.webp 150w, https:\/\/gmd-detectors.com\/wp-content\/uploads\/2024\/05\/gerdetect-warranty.webp 400w\" sizes=\"auto, (max-width: 300px) 100vw, 300px\" \/>\n\t\t\t\t\t\t\t\t\t\t\t\t\t\t\t<\/a>\n\t\t\t\t\t\t\t\t\t\t\t\t<\/div>\n\t\t\t\t\t\t\t\t\t\n\t\t\t\t\t\t\t<\/div>\n\n\t\t\t\t\t<\/div>\n\t\t[\/vc_tta_section][\/vc_tta_tabs][\/vc_column][\/vc_row]<\/p>\n<\/div>","protected":false},"excerpt":{"rendered":"<p>D\u00e9tecteur d\u2019eau a syst\u00e8me longue port\u00e9e<\/p>\n<p>Sp\u00e9cialis\u00e9 dans la d\u00e9tection des eaux souterraines et des puits art\u00e9siens sous la terre.<br \/>\nLa capacit\u00e9 d\u2019identifier le type d&rsquo;eau, (Douce &#8211; naturelle &#8211; sal\u00e9e).<br \/>\nFacilit\u00e9 d&rsquo;utilisation, pr\u00e9cision des performances et l\u00e9g\u00e8ret\u00e9.<br \/>\nLa port\u00e9e avant de l&rsquo;appareil est de 2000 m\u00e8tres carr\u00e9s et la profondeur est de 1200 m\u00e8tres sous terre. L&rsquo;appareil fonctionne en quatre langues : (allemand &#8211; anglais &#8211; fran\u00e7ais &#8211; arabe)<br \/>\nAppareil FRESH RESULT 1 SYSTEM est l&rsquo;un des meilleurs appareils allemands avec la certification europ\u00e9enne CE selon les normes de fabrication internationales en plus du certificat international ISO 9001.<\/p>\n","protected":false},"featured_media":11076,"template":"","meta":{"_acf_changed":false},"product_brand":[],"product_cat":[741,765],"product_tag":[],"class_list":{"0":"post-10068","1":"product","2":"type-product","3":"status-publish","4":"has-post-thumbnail","6":"product_cat-detecteurs-deaux-souterraines","7":"product_cat-ger-detect-fr","9":"first","10":"instock","11":"shipping-taxable","12":"purchasable","13":"product-type-simple"},"acf":[],"_links":{"self":[{"href":"https:\/\/gmd-detectors.com\/fr\/wp-json\/wp\/v2\/product\/10068","targetHints":{"allow":["GET"]}}],"collection":[{"href":"https:\/\/gmd-detectors.com\/fr\/wp-json\/wp\/v2\/product"}],"about":[{"href":"https:\/\/gmd-detectors.com\/fr\/wp-json\/wp\/v2\/types\/product"}],"wp:featuredmedia":[{"embeddable":true,"href":"https:\/\/gmd-detectors.com\/fr\/wp-json\/wp\/v2\/media\/11076"}],"wp:attachment":[{"href":"https:\/\/gmd-detectors.com\/fr\/wp-json\/wp\/v2\/media?parent=10068"}],"wp:term":[{"taxonomy":"product_brand","embeddable":true,"href":"https:\/\/gmd-detectors.com\/fr\/wp-json\/wp\/v2\/product_brand?post=10068"},{"taxonomy":"product_cat","embeddable":true,"href":"https:\/\/gmd-detectors.com\/fr\/wp-json\/wp\/v2\/product_cat?post=10068"},{"taxonomy":"product_tag","embeddable":true,"href":"https:\/\/gmd-detectors.com\/fr\/wp-json\/wp\/v2\/product_tag?post=10068"}],"curies":[{"name":"wp","href":"https:\/\/api.w.org\/{rel}","templated":true}]}}