{"id":11215,"date":"2022-01-02T20:37:49","date_gmt":"2022-01-02T17:37:49","guid":{"rendered":"https:\/\/gmd-detectors.com\/?post_type=product&#038;p=11215"},"modified":"2022-02-18T17:34:49","modified_gmt":"2022-02-18T14:34:49","slug":"portable_handheld_metal_detector_for_body_security_scanner","status":"publish","type":"product","link":"https:\/\/gmd-detectors.com\/fr\/produit\/portable_handheld_metal_detector_for_body_security_scanner\/","title":{"rendered":"D\u00e9tecteur Portable de S\u00e9curit\u00e9 &#8211; Super Scanner"},"content":{"rendered":"<div class=\"wpb-content-wrapper\"><p>[vc_section][vc_row full_width=\u00a0\u00bbstretch_row\u00a0\u00bb mobile_bg_img_hidden=\u00a0\u00bbno\u00a0\u00bb tablet_bg_img_hidden=\u00a0\u00bbno\u00a0\u00bb woodmart_parallax=\u00a0\u00bb0&Prime; woodmart_gradient_switch=\u00a0\u00bbno\u00a0\u00bb row_reverse_mobile=\u00a0\u00bb0&Prime; row_reverse_tablet=\u00a0\u00bb0&Prime; woodmart_disable_overflow=\u00a0\u00bb0&Prime; css=\u00a0\u00bb.vc_custom_1610457064397{border-bottom-width: 1px !important;padding-bottom: 40px !important;border-bottom-color: #e6e6e6 !important;border-bottom-style: solid !important;}\u00a0\u00bb][vc_column][vc_single_image image=\u00a0\u00bb11228&Prime; img_size=\u00a0\u00bbfull\u00a0\u00bb alignment=\u00a0\u00bbcenter\u00a0\u00bb parallax_scroll=\u00a0\u00bbno\u00a0\u00bb][vc_column_text text_larger=\u00a0\u00bbno\u00a0\u00bb]<strong>Le Super Scanner est un d\u00e9tecteur de m\u00e9taux \u00e0 main de haute performance, con\u00e7u pour r\u00e9pondre aux exigences des services de s\u00e9curit\u00e9.<\/strong><\/p>\n<p>Ce D\u00e9tecteur de nouvelle g\u00e9n\u00e9ration est destin\u00e9 au contr\u00f4le d\u2019acc\u00e8s, pour une utilisation intensive en p\u00e9riph\u00e9rie de zone s\u00e9curis\u00e9e (bars, bo\u00eetes de nuit, cin\u00e9mas, th\u00e9\u00e2tres, \u00e9coles, soci\u00e9t\u00e9s, ambassades, a\u00e9roports, gares, etc..<\/p>\n<p>Ce D\u00e9tecteur, appel\u00e9 \u00e9galement D\u00e9tecteur de fouille \u00e9lectronique vous permet de pratiquer une fouille s\u00e9lective sur une personne, sans la toucher, pour savoir si elle transporte des objets en m\u00e9tal (arme \u00e0 feu, arme blanche, bijoux, etc.).<\/p>\n<p>Design assurant le confort de l\u2019utilisateur et l\u2019efficacit\u00e9 de la d\u00e9tection : forme mince et allong\u00e9e de la zone d\u00e9tectrice sp\u00e9cialement \u00e9tudi\u00e9e.<\/p>\n<p>Ce mod\u00e8le poss\u00e8de deux modes de d\u00e9tection, un mode classique pour lequel un signal d\u2019alarme sonore ainsi qu\u2019un voyant lumineux vous indiquent que l\u2019appareil a localis\u00e9 du m\u00e9tal et un mode discret qui permet un signalement lumineux et par vibrations.<\/p>\n<p>Fonctionnement tr\u00e8s simple sans r\u00e9glage pr\u00e9alable.<\/p>\n<p>Un bouton de sensibilit\u00e9 permet de choisir entre une Haute et une Faible sensibilit\u00e9. Le D\u00e9tecteur est automatiquement en mode Haute sensibilit\u00e9. Pour basculer sur le mode Faible sensibilit\u00e9 afin de d\u00e9tecter seulement les objets plus imposants comme des armes et d&rsquo;\u00e9viter tout ce qui va \u00eatre plus petit comme des cl\u00e9s, il faut garder votre doigt appuy\u00e9 sur ce bouton de sensibilit\u00e9.<\/p>\n<p>Equip\u00e9 d&rsquo;une dragonne sur le manche pour une tenue s\u00e9curis\u00e9e.<\/p>\n<p>Fourni avec un \u00e9tui pour un port \u00e0 la ceinture avec fermeture par bouton pression.<\/p>\n<p>Aliment\u00e9 par une Pile Alcaline 9V (fournie) pour une capacit\u00e9 de plus de 40 heures de travail.[\/vc_column_text][vc_single_image image=\u00a0\u00bb11229&Prime; img_size=\u00a0\u00bbfull\u00a0\u00bb alignment=\u00a0\u00bbcenter\u00a0\u00bb parallax_scroll=\u00a0\u00bbno\u00a0\u00bb][\/vc_column][\/vc_row][vc_row full_width=\u00a0\u00bbstretch_row\u00a0\u00bb mobile_bg_img_hidden=\u00a0\u00bbno\u00a0\u00bb tablet_bg_img_hidden=\u00a0\u00bbno\u00a0\u00bb woodmart_parallax=\u00a0\u00bb0&Prime; woodmart_gradient_switch=\u00a0\u00bbno\u00a0\u00bb row_reverse_mobile=\u00a0\u00bb0&Prime; row_reverse_tablet=\u00a0\u00bb0&Prime; woodmart_disable_overflow=\u00a0\u00bb0&Prime; css=\u00a0\u00bb.vc_custom_1610457076119{margin-bottom: -80px !important;padding-top: 40px !important;padding-bottom: 40px !important;background-color: #f7f7f7 !important;}\u00a0\u00bb][vc_column][vc_tta_tabs style=\u00a0\u00bbmodern\u00a0\u00bb alignment=\u00a0\u00bbcenter\u00a0\u00bb active_section=\u00a0\u00bb1&Prime;][vc_tta_section title=\u00a0\u00bbCaract\u00e9ritisques: \u00a0\u00bb tab_id=\u00a0\u00bb1598442086500-76e5a306-5ebf40f2-926698a0-e1ff\u00a0\u00bb][vc_toggle title=\u00a0\u00bbCaract\u00e9ritisques: \u00a0\u00bb open=\u00a0\u00bbtrue\u00a0\u00bb]<br \/>\nMod\u00e8le : Super Scanner<br \/>\nCouleurs : Noir &amp; Jaune<br \/>\nAlarmes : T\u00e9moin Lumineux, Signal Sonore, Vibrations<br \/>\nSensibilit\u00e9 : 2 Modes, Faible et Haute Sensibilit\u00e9<br \/>\nAlimentation : 1 pile 9V (fournie)<br \/>\nPuissance : 270mW<br \/>\nFr\u00e9quence de fonctionnement : 22KhZ<br \/>\nCourant : &lt;50mA<br \/>\nOptions : Etui avec fermeture par bouton pression<br \/>\nDimensions : 410mm x 83mm x 43mm<br \/>\nPoids : 350g (avec pile)[\/vc_toggle][\/vc_tta_section][\/vc_tta_tabs][\/vc_column][\/vc_row][\/vc_section][vc_row][vc_column][vc_column_text]<\/p>\n<p>[\/vc_column_text][\/vc_column][\/vc_row]<\/p>\n<\/div>","protected":false},"excerpt":{"rendered":"<p>R\u00e9f\u00e9rence PIDT1<\/p>\n<p>Condition Produit neuf<\/p>\n<p>D\u00e9tecteur de m\u00e9taux \u00e0 main de haute performance Super Scanner.<br \/>\nDestin\u00e9 au contr\u00f4le d\u2019acc\u00e8s en p\u00e9riph\u00e9rie de zone s\u00e9curis\u00e9e.<br \/>\nR\u00e9glage Haute et faible Sensibilit\u00e9.<br \/>\nDeux Modes de d\u00e9tection : Classique &amp; Discret.<br \/>\nAliment\u00e9 par une Pile Alcaline 9V (fournie).<\/p>\n","protected":false},"featured_media":12639,"template":"","meta":{"_acf_changed":false},"product_brand":[],"product_cat":[1354],"product_tag":[],"class_list":{"0":"post-11215","1":"product","2":"type-product","3":"status-publish","4":"has-post-thumbnail","6":"product_cat-detecteur-portable-de-securite-fr","8":"first","9":"instock","10":"shipping-taxable","11":"purchasable","12":"product-type-simple"},"acf":[],"_links":{"self":[{"href":"https:\/\/gmd-detectors.com\/fr\/wp-json\/wp\/v2\/product\/11215","targetHints":{"allow":["GET"]}}],"collection":[{"href":"https:\/\/gmd-detectors.com\/fr\/wp-json\/wp\/v2\/product"}],"about":[{"href":"https:\/\/gmd-detectors.com\/fr\/wp-json\/wp\/v2\/types\/product"}],"wp:featuredmedia":[{"embeddable":true,"href":"https:\/\/gmd-detectors.com\/fr\/wp-json\/wp\/v2\/media\/12639"}],"wp:attachment":[{"href":"https:\/\/gmd-detectors.com\/fr\/wp-json\/wp\/v2\/media?parent=11215"}],"wp:term":[{"taxonomy":"product_brand","embeddable":true,"href":"https:\/\/gmd-detectors.com\/fr\/wp-json\/wp\/v2\/product_brand?post=11215"},{"taxonomy":"product_cat","embeddable":true,"href":"https:\/\/gmd-detectors.com\/fr\/wp-json\/wp\/v2\/product_cat?post=11215"},{"taxonomy":"product_tag","embeddable":true,"href":"https:\/\/gmd-detectors.com\/fr\/wp-json\/wp\/v2\/product_tag?post=11215"}],"curies":[{"name":"wp","href":"https:\/\/api.w.org\/{rel}","templated":true}]}}