{"id":11377,"date":"2022-04-22T11:27:46","date_gmt":"2022-04-22T08:27:46","guid":{"rendered":"https:\/\/gmd-detectors.com\/?post_type=product&#038;p=11377"},"modified":"2022-04-23T12:23:26","modified_gmt":"2022-04-23T09:23:26","slug":"ground-navigator","status":"publish","type":"product","link":"https:\/\/gmd-detectors.com\/fr\/produit\/ground-navigator\/","title":{"rendered":"D\u00e9tecteur de navigateur au sol 3D"},"content":{"rendered":"<div class=\"wpb-content-wrapper\"><p>[vc_row full_width=\u00a0\u00bbstretch_row\u00a0\u00bb mobile_bg_img_hidden=\u00a0\u00bbno\u00a0\u00bb tablet_bg_img_hidden=\u00a0\u00bbno\u00a0\u00bb woodmart_parallax=\u00a0\u00bb0&Prime; woodmart_gradient_switch=\u00a0\u00bbno\u00a0\u00bb row_reverse_mobile=\u00a0\u00bb0&Prime; row_reverse_tablet=\u00a0\u00bb0&Prime; woodmart_disable_overflow=\u00a0\u00bb0&Prime; css=\u00a0\u00bb.vc_custom_1610451467938{border-bottom-width: 1px !important;padding-bottom: 40px !important;border-bottom-color: #e6e6e6 !important;border-bottom-style: solid !important;}\u00a0\u00bb][vc_column][vc_raw_html]JTNDZGl2JTIwY2xhc3MlM0QlMjJ2aWRlby1yZXNwb25zaXZlJTIyJTNFJTNDaWZyYW1lJTIwc3JjJTNEJTIyaHR0cHMlM0ElMkYlMkZ3d3cueW91dHViZS5jb20lMkZlbWJlZCUyRjlBVVBsWTlWMTZNJTNGcmVsJTNEMCUyMiUyMHdpZHRoJTNEJTIyMTAwJTI1JTIyJTIwaGVpZ2h0JTNEJTIyMzgwJTIyJTIwZnJhbWVib3JkZXIlM0QlMjIwJTIyJTIwYWxsb3dmdWxsc2NyZWVuJTNEJTIyYWxsb3dmdWxsc2NyZWVuJTIyJTNFJTNDJTJGaWZyYW1lJTNFJTNDJTJGZGl2JTNF[\/vc_raw_html][vc_column_text text_larger=\u00a0\u00bbno\u00a0\u00bb]Navigateur au sol 3D 2<br \/>\n3D Ground Navigator 2 est une nouvelle version du d\u00e9tecteur de m\u00e9taux de confiance<br \/>\nqui a eu du succ\u00e8s et a donn\u00e9 les meilleurs r\u00e9sultats pour les prospecteurs professionnels<br \/>\net chasseurs de tr\u00e9sors du monde entier.<br \/>\nL\u2019appareil offre des performances am\u00e9lior\u00e9es par rapport \u00e0 sa version pr\u00e9c\u00e9dente<br \/>\navec l\u2019introduction de nouvelles fonctionnalit\u00e9s pour faciliter le travail du prospecteur,<br \/>\ntels que le contr\u00f4le via l\u2019\u00e9cran tactile et le Super Sensor am\u00e9lior\u00e9<br \/>\nqui \u00e9quip\u00e9 d\u2019une orbite LED (sph\u00e8re) comme dans Rover C4 .<br \/>\nLe d\u00e9tecteur de m\u00e9taux 3D Ground Navigator 2 int\u00e8gre la derni\u00e8re g\u00e9n\u00e9ration<br \/>\nde la technologie de balayage au sol de OKM \u2013 Allemagne.<br \/>\n3D Ground Navigator est un d\u00e9tecteur de m\u00e9taux professionnel adapt\u00e9 \u00e0 tous les besoins de<br \/>\nutilisateurs s\u00e9rieux et professionnels et chasseurs de tr\u00e9sors avec ses fonctions et fonctionnalit\u00e9s polyvalentes.[\/vc_column_text][\/vc_column][\/vc_row][vc_row full_width=\u00a0\u00bbstretch_row\u00a0\u00bb mobile_bg_img_hidden=\u00a0\u00bbno\u00a0\u00bb tablet_bg_img_hidden=\u00a0\u00bbno\u00a0\u00bb woodmart_parallax=\u00a0\u00bb0&Prime; woodmart_gradient_switch=\u00a0\u00bbno\u00a0\u00bb row_reverse_mobile=\u00a0\u00bb0&Prime; row_reverse_tablet=\u00a0\u00bb0&Prime; woodmart_disable_overflow=\u00a0\u00bb0&Prime; css=\u00a0\u00bb.vc_custom_1610451892311{margin-bottom: -80px !important;padding-top: 40px !important;padding-bottom: 40px !important;background-color: #f7f7f7 !important;}\u00a0\u00bb][vc_column][vc_tta_tabs style=\u00a0\u00bbmodern\u00a0\u00bb alignment=\u00a0\u00bbcenter\u00a0\u00bb active_section=\u00a0\u00bb1&Prime;][vc_tta_section title=\u00a0\u00bbCaract\u00e9ristiques\u00a0\u00bb tab_id=\u00a0\u00bb1598441911523-c89c9e8e-bac040f2-9266&Prime;][vc_column_text text_larger=\u00a0\u00bbno\u00a0\u00bb]Fonctionnalit\u00e9s 3D Ground Navigator 2<br \/>\n\u2013 Utilisations de l\u2019appareil :<br \/>\nTrouvez des objets en or enterr\u00e9s tels que des tr\u00e9sors en or, des ornements en or, des pi\u00e8ces de monnaie anciennes, etc.<br \/>\nD\u00e9tection des m\u00e9taux non ferreux (pr\u00e9cieux) tels que le cuivre, l\u2019argent, le bronze, etc.<br \/>\nPeut \u00e9galement \u00eatre utilis\u00e9 pour trouver des p\u00e9pites d\u2019or naturelles et des veines d\u2019or.<br \/>\nD\u00e9tection de cavit\u00e9s telles que tunnels, chambres, tombes, etc.<br \/>\n[\/vc_column_text][\/vc_tta_section][vc_tta_section title=\u00a0\u00bbModes de fonctionnement\u00a0\u00bb tab_id=\u00a0\u00bb1598442086500-76e5a306-5ebf40f2-9266&Prime;][vc_toggle title=\u00a0\u00bbMode de balayage au sol 3D\u00a0\u00bb open=\u00a0\u00bbtrue\u00a0\u00bb]3D Ground Navigator 2 contient trois modes de fonctionnement pour diff\u00e9rents objectifs et applications<\/p>\n<p>il est donc facile de s\u00e9lectionner le mode souhait\u00e9 simplement en utilisant le mode appropri\u00e9 \u00e0 partir du menu de l\u2019unit\u00e9 de commande principale.<\/p>\n<p>L\u2019appareil comprend les modes de fonctionnement suivants :<br \/>\n<strong>1 \u2013 Mode de balayage au sol 3D :<\/strong><br \/>\nC\u2019est le mode le plus puissant et utilis\u00e9 pour effectuer une v\u00e9ritable num\u00e9risation 3D d\u00e9taill\u00e9e<br \/>\npour une zone sp\u00e9cifique qui peut \u00eatre d\u00e9finie par l\u2019utilisateur ;<br \/>\nle processus de num\u00e9risation est effectu\u00e9 \u00e0 l\u2019aide d\u2019un super capteur t\u00e9lescopique<br \/>\nqui enregistrent les donn\u00e9es de scan pour chaque point de cette zone,<br \/>\npuis il est transf\u00e9r\u00e9 directement vers le Tablet PC fourni via un c\u00e2ble USB,<\/p>\n<p><img loading=\"lazy\" decoding=\"async\" class=\"size-medium wp-image-11406 aligncenter\" src=\"https:\/\/gmd-detectors.com\/wp-content\/uploads\/2022\/04\/ground-scan-on-2-300x200.png\" alt=\"ground-scan-on\" width=\"300\" height=\"200\" srcset=\"https:\/\/gmd-detectors.com\/wp-content\/uploads\/2022\/04\/ground-scan-on-2-300x200.png 300w, https:\/\/gmd-detectors.com\/wp-content\/uploads\/2022\/04\/ground-scan-on-2-150x100.png 150w, https:\/\/gmd-detectors.com\/wp-content\/uploads\/2022\/04\/ground-scan-on-2-450x300.png 450w, https:\/\/gmd-detectors.com\/wp-content\/uploads\/2022\/04\/ground-scan-on-2.png 480w\" sizes=\"auto, (max-width: 300px) 100vw, 300px\" \/><\/p>\n<p>les donn\u00e9es de num\u00e9risation s\u2019affichent directement sur l\u2019\u00e9cran de la tablette par le logiciel d\u2019analyse 3D<br \/>\nqui donnent au prospecteur des informations d\u00e9taill\u00e9es sur les cibles<br \/>\ntels que son type, sa forme, sa taille, sa profondeur et sa position.<\/p>\n<p><img loading=\"lazy\" decoding=\"async\" class=\"size-medium wp-image-11407 aligncenter\" src=\"https:\/\/gmd-detectors.com\/wp-content\/uploads\/2022\/04\/ground-scan-start-1-300x200.png\" alt=\"ground-scan-start\" width=\"300\" height=\"200\" srcset=\"https:\/\/gmd-detectors.com\/wp-content\/uploads\/2022\/04\/ground-scan-start-1-300x200.png 300w, https:\/\/gmd-detectors.com\/wp-content\/uploads\/2022\/04\/ground-scan-start-1-150x100.png 150w, https:\/\/gmd-detectors.com\/wp-content\/uploads\/2022\/04\/ground-scan-start-1-450x300.png 450w, https:\/\/gmd-detectors.com\/wp-content\/uploads\/2022\/04\/ground-scan-start-1.png 480w\" sizes=\"auto, (max-width: 300px) 100vw, 300px\" \/><\/p>\n<p>En utilisant ce mode, il est facile de trouver tous les types de m\u00e9taux et de tr\u00e9sors dor\u00e9s,<br \/>\nartefacts, tunnels, antiquit\u00e9s anciennes et tout ce qui se trouve sous terre.[\/vc_toggle][vc_toggle title=\u00a0\u00bbMode magn\u00e9tom\u00e8tre\u00a0\u00bb]Ce mode de fonctionnement est utilis\u00e9 pour d\u00e9tecter les m\u00e9taux ferromagn\u00e9tiques sous terre<br \/>\ntels que des clous, des noix et des objets comme des canettes de soda et des d\u00e9chets de fer.<br \/>\nle balayage se fait \u00e9galement \u00e0 l\u2019aide du Super Sensor T\u00e9lescopique,<\/p>\n<p><img loading=\"lazy\" decoding=\"async\" class=\"size-medium wp-image-11409 aligncenter\" src=\"https:\/\/gmd-detectors.com\/wp-content\/uploads\/2022\/04\/pinpointer-on-2-300x200.png\" alt=\"pinpointer-on\" width=\"300\" height=\"200\" srcset=\"https:\/\/gmd-detectors.com\/wp-content\/uploads\/2022\/04\/pinpointer-on-2-300x200.png 300w, https:\/\/gmd-detectors.com\/wp-content\/uploads\/2022\/04\/pinpointer-on-2-150x100.png 150w, https:\/\/gmd-detectors.com\/wp-content\/uploads\/2022\/04\/pinpointer-on-2-450x300.png 450w, https:\/\/gmd-detectors.com\/wp-content\/uploads\/2022\/04\/pinpointer-on-2.png 480w\" sizes=\"auto, (max-width: 300px) 100vw, 300px\" \/><\/p>\n<div id=\"attachment_11410\" style=\"width: 310px\" class=\"wp-caption aligncenter\"><img loading=\"lazy\" decoding=\"async\" aria-describedby=\"caption-attachment-11410\" class=\"size-medium wp-image-11410\" src=\"https:\/\/gmd-detectors.com\/wp-content\/uploads\/2022\/04\/scanning-3-300x200.png\" alt=\"scanning\" width=\"300\" height=\"200\" srcset=\"https:\/\/gmd-detectors.com\/wp-content\/uploads\/2022\/04\/scanning-3-300x200.png 300w, https:\/\/gmd-detectors.com\/wp-content\/uploads\/2022\/04\/scanning-3-150x100.png 150w, https:\/\/gmd-detectors.com\/wp-content\/uploads\/2022\/04\/scanning-3-450x300.png 450w, https:\/\/gmd-detectors.com\/wp-content\/uploads\/2022\/04\/scanning-3.png 480w\" sizes=\"auto, (max-width: 300px) 100vw, 300px\" \/><p id=\"caption-attachment-11410\" class=\"wp-caption-text\"><span style=\"font-size: 16px;\">ce mode n\u2019est qu\u2019un mode acoustique, qui ne cr\u00e9e aucune repr\u00e9sentation graphique.<\/span><\/p><\/div>\n<p>Ce mode est utile pour effectuer une pr\u00e9-scan rapide pour une zone sp\u00e9cifique<br \/>\npour enlever les d\u00e9chets de la surface et \u00e9limine les d\u00e9chets ou les objets utiles.[\/vc_toggle][vc_toggle title=\u00a0\u00bbMode de discrimination\u00a0\u00bb]Ce mode de fonctionnement est utile pour discriminer entre diff\u00e9rents types de m\u00e9taux<br \/>\nd\u2019objets enfouis sous terre comme les m\u00e9taux ferromagn\u00e9tiques, les m\u00e9taux pr\u00e9cieux ou les vides.<br \/>\nLe balayage est effectu\u00e9 par la sonde et lorsqu\u2019elle se d\u00e9place au-dessus de tout objet enterr\u00e9 en dessous<br \/>\naffichera une signature graphique sur l\u2019\u00e9cran de la tablette (via le logiciel Visualizer 3D).<br \/>\nEn examinant l\u2019amplitude et la couleur de la signature, il est facile de conna\u00eetre le type d\u2019objet enterr\u00e9<br \/>\npar exemple si l\u2019amplitude est positive et la couleur de la signature est rouge alors l\u2019objet est un m\u00e9tal non ferreux comme l\u2019or.<br \/>\nLes images suivantes illustrent plus clairement l\u2019id\u00e9e :<br \/>\n<strong>signal de m\u00e9tal non ferreux tel que l\u2019or, l\u2019argent<\/strong><\/p>\n<p><img loading=\"lazy\" decoding=\"async\" class=\"size-medium wp-image-11412 aligncenter\" src=\"https:\/\/gmd-detectors.com\/wp-content\/uploads\/2022\/04\/signal-non-ferrometal-2-300x138.png\" alt=\"signal-non-ferrometal\" width=\"300\" height=\"138\" srcset=\"https:\/\/gmd-detectors.com\/wp-content\/uploads\/2022\/04\/signal-non-ferrometal-2-300x138.png 300w, https:\/\/gmd-detectors.com\/wp-content\/uploads\/2022\/04\/signal-non-ferrometal-2-150x69.png 150w, https:\/\/gmd-detectors.com\/wp-content\/uploads\/2022\/04\/signal-non-ferrometal-2.png 423w\" sizes=\"auto, (max-width: 300px) 100vw, 300px\" \/><\/p>\n<p><strong>m\u00e9taux ferreux tels que le fer<\/strong><\/p>\n<p><img loading=\"lazy\" decoding=\"async\" class=\"size-medium wp-image-11411 aligncenter\" src=\"https:\/\/gmd-detectors.com\/wp-content\/uploads\/2022\/04\/signal-ferrometal-2-300x140.png\" alt=\"signal-ferrometal\" width=\"300\" height=\"140\" srcset=\"https:\/\/gmd-detectors.com\/wp-content\/uploads\/2022\/04\/signal-ferrometal-2-300x140.png 300w, https:\/\/gmd-detectors.com\/wp-content\/uploads\/2022\/04\/signal-ferrometal-2-150x70.png 150w, https:\/\/gmd-detectors.com\/wp-content\/uploads\/2022\/04\/signal-ferrometal-2-450x209.png 450w, https:\/\/gmd-detectors.com\/wp-content\/uploads\/2022\/04\/signal-ferrometal-2.png 458w\" sizes=\"auto, (max-width: 300px) 100vw, 300px\" \/><\/p>\n<p><strong>signal d\u2019un objet non m\u00e9tallique tel qu\u2019un espace ou un tunnel<\/strong><\/p>\n<p><img loading=\"lazy\" decoding=\"async\" class=\"size-medium wp-image-11413 aligncenter\" src=\"https:\/\/gmd-detectors.com\/wp-content\/uploads\/2022\/04\/signal-nonmetallic-2-300x125.png\" alt=\"signal-nonmetallic\" width=\"300\" height=\"125\" srcset=\"https:\/\/gmd-detectors.com\/wp-content\/uploads\/2022\/04\/signal-nonmetallic-2-300x125.png 300w, https:\/\/gmd-detectors.com\/wp-content\/uploads\/2022\/04\/signal-nonmetallic-2-150x63.png 150w, https:\/\/gmd-detectors.com\/wp-content\/uploads\/2022\/04\/signal-nonmetallic-2.png 426w\" sizes=\"auto, (max-width: 300px) 100vw, 300px\" \/>[\/vc_toggle][vc_toggle title=\u00a0\u00bbSuper capteur t\u00e9lescopique am\u00e9lior\u00e9\u00a0\u00bb]3D Ground Navigator 2 est livr\u00e9 avec un nouveau super capteur t\u00e9lescopique redessin\u00e9, puissant et unique<br \/>\nLe super capteur utilis\u00e9 dans tous les modes de fonctionnement pour effectuer le processus de num\u00e9risation,<br \/>\navec vous pouvez trouver n\u2019importe quoi de petites cibles m\u00e9talliques telles que des p\u00e9pites d\u2019or,<br \/>\npi\u00e8ces de monnaie, bagues, bijoux et autres objets m\u00e9talliques de valeur cach\u00e9s sous le sol<br \/>\npeut \u00eatre trouv\u00e9 facilement.<\/p>\n<p><img loading=\"lazy\" decoding=\"async\" class=\"aligncenter wp-image-11414 size-full\" src=\"https:\/\/gmd-detectors.com\/wp-content\/uploads\/2022\/04\/super-sensor-2.png\" alt=\"super-sensor\" width=\"945\" height=\"268\" srcset=\"https:\/\/gmd-detectors.com\/wp-content\/uploads\/2022\/04\/super-sensor-2.png 945w, https:\/\/gmd-detectors.com\/wp-content\/uploads\/2022\/04\/super-sensor-2-600x170.png 600w, https:\/\/gmd-detectors.com\/wp-content\/uploads\/2022\/04\/super-sensor-2-150x43.png 150w, https:\/\/gmd-detectors.com\/wp-content\/uploads\/2022\/04\/super-sensor-2-300x85.png 300w, https:\/\/gmd-detectors.com\/wp-content\/uploads\/2022\/04\/super-sensor-2-768x218.png 768w\" sizes=\"auto, (max-width: 945px) 100vw, 945px\" \/><\/p>\n<p>Il est \u00e9galement tr\u00e8s appropri\u00e9 pour d\u00e9tecter des objets plus gros comme des bo\u00eetes, des tuyaux, de l\u2019or ou de l\u2019argent.<br \/>\net d\u2019autres masses m\u00e9talliques qui sont enfouies profond\u00e9ment sous la surface<br \/>\nDans un nouveau design le super capteur \u00e9quip\u00e9 d\u2019une sph\u00e8re lumineuse appel\u00e9e \u201cLED Orbit\u201d,<br \/>\nqui peut indiquer les valeurs mesur\u00e9es par des changements de couleur pendant le processus de num\u00e9risation<br \/>\npar exemple si la couleur des LED est rouge alors c\u2019est un m\u00e9tal.[\/vc_toggle][vc_toggle title=\u00a0\u00bbTablette PC &amp; Logiciel d\u2019analyse 3D\u00a0\u00bb]3D Ground Navigator est fourni avec une tablette PC fonctionnant sous Windows 10<br \/>\nla tablette affiche les donn\u00e9es de num\u00e9risation sur son \u00e9cran dans Visualizer 3D<br \/>\nle logiciel d\u2019analyse install\u00e9.<br \/>\nLe logiciel Visualizer 3D offre une analyse approfondie des donn\u00e9es collect\u00e9es par le super capteur<br \/>\npendant le processus de num\u00e9risation, les donn\u00e9es num\u00e9ris\u00e9es pr\u00e9sent\u00e9es sous forme de graphiques 3D, \u00e0 partir de l\u00e0, l\u2019op\u00e9rateur peut<br \/>\nconna\u00eetre une information visuelle d\u00e9taill\u00e9e sur les cibles enfouies telles que leurs formes, tailles, emplacements et profondeur.<\/p>\n<p><img loading=\"lazy\" decoding=\"async\" class=\"aligncenter wp-image-11408 size-full\" src=\"https:\/\/gmd-detectors.com\/wp-content\/uploads\/2022\/04\/NUXM507nuxdetermine-position-depth-w540-i648-2.jpg\" alt=\"Le logiciel Visualizer 3D \" width=\"540\" height=\"405\" srcset=\"https:\/\/gmd-detectors.com\/wp-content\/uploads\/2022\/04\/NUXM507nuxdetermine-position-depth-w540-i648-2.jpg 540w, https:\/\/gmd-detectors.com\/wp-content\/uploads\/2022\/04\/NUXM507nuxdetermine-position-depth-w540-i648-2-150x113.jpg 150w, https:\/\/gmd-detectors.com\/wp-content\/uploads\/2022\/04\/NUXM507nuxdetermine-position-depth-w540-i648-2-450x338.jpg 450w, https:\/\/gmd-detectors.com\/wp-content\/uploads\/2022\/04\/NUXM507nuxdetermine-position-depth-w540-i648-2-300x225.jpg 300w\" sizes=\"auto, (max-width: 540px) 100vw, 540px\" \/>[\/vc_toggle][\/vc_tta_section][vc_tta_section title=\u00a0\u00bbCaract\u00e9ristiques\u00a0\u00bb tab_id=\u00a0\u00bb1598442096952-72789241-2ba340f2-9266&Prime;][vc_column_text text_larger=\u00a0\u00bbno\u00a0\u00bb]<\/p>\n<table id=\"tablepress-83\" class=\"tablepress tablepress-id-83\">\n<tbody class=\"row-hover\">\n<tr class=\"row-1 impair\">\n<td class=\"column-1\"><b>Dimensions (H x L x P)<\/b><\/td>\n<td class=\"column-2\">180x230x120mm<\/td>\n<\/tr>\n<tr class=\"row-2 even\">\n<td class=\"column-1\"><b>Poids<\/b><\/td>\n<td class=\"column-2\">env. 1,2 kg<\/td>\n<\/tr>\n<tr class=\"row-3 impair\">\n<td class=\"column-1\"><b>Classe de protection<\/b><\/td>\n<td class=\"column-2\">IP40<\/td>\n<\/tr>\n<tr class=\"row-4 even\">\n<td class=\"column-1\"><b>Temps de fonctionnement (batterie interne)<\/b><\/td>\n<td class=\"column-2\">env. 24 heures<\/td>\n<\/tr>\n<tr class=\"row-5 impair\">\n<td class=\"column-1\"><b>Temps de charge (batterie interne)<\/b><\/td>\n<td class=\"column-2\">env. 3 heures<\/td>\n<\/tr>\n<tr class=\"row-6 even\">\n<td class=\"column-1\"><b>Entr\u00e9e (prise du chargeur)<\/b><\/td>\n<td class=\"column-2\">19 VDC \/ 0,6 A (max. 24 VDC \/ 0,5 A)<\/td>\n<\/tr>\n<tr class=\"row-7 impair\">\n<td class=\"column-1\"><b>Temps de fonctionnement (Power Pack en option)<\/b><\/td>\n<td class=\"column-2\">env. 48 heures<\/td>\n<\/tr>\n<tr class=\"row-8 even\">\n<td class=\"column-1\"><b>Entr\u00e9e (bloc d\u2019alimentation en option)<\/b><\/td>\n<td class=\"column-2\">12,5 VDC \/ 0,9 A (max. 24 VDC \/ 0,5 A)<\/td>\n<\/tr>\n<tr class=\"row-9 impair\">\n<td class=\"column-1\"><b>Processeur \/ Processeur principal<\/b><\/td>\n<td class=\"column-2\">Cortex M3, 32 MHz<\/td>\n<\/tr>\n<tr class=\"row-10 even\">\n<td class=\"column-1\"><b>Processeur \/ CPU esclave<\/b><\/td>\n<td class=\"column-2\">Cortex M0, 24 MHz<\/td>\n<\/tr>\n<tr class=\"row-11 impair\">\n<td class=\"column-1\"><b>Affichage<\/b><\/td>\n<td class=\"column-2\">3,5\u2033 tactile r\u00e9sistif, 480 x 320 pixels<\/td>\n<\/tr>\n<tr class=\"row-12 even\">\n<td class=\"column-1\"><b>Afficher le processeur<\/b><\/td>\n<td class=\"column-2\">Cortex M3, 32 MHz, 128 Ko de RAM<\/td>\n<\/tr>\n<tr class=\"row-13 impair\">\n<td class=\"column-1\"><b>M\u00e9moire de donn\u00e9es<\/b><\/td>\n<td class=\"column-2\">4 Go<\/td>\n<\/tr>\n<tr class=\"row-14 even\">\n<td class=\"column-1\"><b>Taux d\u2019\u00e9chantillonnage<\/b><\/td>\n<td class=\"column-2\">1024 valeurs \/ seconde<\/td>\n<\/tr>\n<tr class=\"row-15 impair\">\n<td class=\"column-1\"><b>R\u00e9solution de mesure<\/b><\/td>\n<td class=\"column-2\">16 bits<\/td>\n<\/tr>\n<tr class=\"row-16 even\">\n<td class=\"column-1\"><b>Temp\u00e9rature de fonctionnement<\/b><\/td>\n<td class=\"column-2\">-10 \u2013 60\u00a0\u00b0C<\/td>\n<\/tr>\n<tr class=\"row-17 impair\">\n<td class=\"column-1\"><b>Temp\u00e9rature de stockage<\/b><\/td>\n<td class=\"column-2\">-20 \u2013 70\u00a0\u00b0C<\/td>\n<\/tr>\n<tr class=\"row-18 even\">\n<td class=\"column-1\"><b>Audio<\/b><\/td>\n<td class=\"column-2\">Haut-parleur interne \/ Bluetooth<\/td>\n<\/tr>\n<tr class=\"row-19 impair\">\n<td class=\"column-1\"><b>Humidit\u00e9 de l\u2019air<\/b><\/td>\n<td class=\"column-2\">5\u00a0% \u2013 75\u00a0%<\/td>\n<\/tr>\n<tr class=\"row-20 even\">\n<td class=\"column-1\"><b>\u00c9tanche<\/b><\/td>\n<td class=\"column-2\">Non<\/td>\n<\/tr>\n<\/tbody>\n<\/table>\n<p>[\/vc_column_text][\/vc_tta_section][vc_tta_section title=\u00a0\u00bbContenu du colis\u00a0\u00bb tab_id=\u00a0\u00bb1598442097652-d383f913-39bd40f2-9266&Prime;][vc_column_text text_larger=\u00a0\u00bbno\u00a0\u00bb]\u2013 Unit\u00e9 de contr\u00f4le<\/p>\n<p>L\u2019unit\u00e9 de contr\u00f4le est l\u2019unit\u00e9 de traitement principale de l\u2019appareil.<\/p>\n<p>Il contient avec un petit \u00e9cran num\u00e9rique moderne et des boutons de commande simples<\/p>\n<p>pour s\u00e9lectionner les modes de fonctionnement et d\u00e9terminer d\u2019autres param\u00e8tres pour le balayage.<\/p>\n<p>\u2013 Chargeur, station d\u2019accueil et adaptateur de voyage<\/p>\n<p>Pour recharger les blocs d\u2019alimentation, utilisez la station d\u2019accueil et le chargeur<br \/>\nun adaptateur de voyage compl\u00e8te les accessoires de charge pour s\u2019assurer que le<\/p>\n<p>Power Packs est facile \u00e0 charger via n\u2019importe quelle source d\u2019alimentation dans le monde.<\/p>\n<p>\u2013 \u00c9couteurs sans fil<\/p>\n<p>L\u2019utilisateur peut utiliser un casque filaire standard<\/p>\n<p>ou un casque sans fil Bluetooth ou simplement en utilisant le haut-parleur interne<\/p>\n<p>dans l\u2019unit\u00e9 de commande, mais pour le confort de l\u2019utilisateur casque Bluetooth sans fil<\/p>\n<p>donc c\u2019est plus pratique.<\/p>\n<p>disponible dans le paquet.<\/p>\n<p>\u2013 C\u00e2ble pour transf\u00e9rer des donn\u00e9es<\/p>\n<p>Utilis\u00e9 pour transf\u00e9rer les donn\u00e9es de l\u2019unit\u00e9 de commande principale vers la tablette PC<\/p>\n<p>ou tout autre ordinateur avec Visualizer 3D install\u00e9<\/p>\n<p>\u2013 Logiciel 3D (Visualizer 3D) sur DVD<\/p>\n<p>Affichage du logiciel d\u2019analyse Visualizer 3D<\/p>\n<p>les donn\u00e9es de num\u00e9risation sous forme de graphiques 3D afin qu\u2019elles<\/p>\n<p>facile \u00e0 d\u00e9terminer la profondeur et la taille des objets d\u00e9tect\u00e9s.<\/p>\n<p>\u2013 Tablette PC Windows 10<\/p>\n<p>Pour une utilisation facile sur le terrain, le logiciel du visualiseur 3D se charge<\/p>\n<p>dans le Tablet PC Windows mobile.<\/p>\n<p>Ainsi, en utilisant une tablette, l\u2019op\u00e9rateur peut analyser rapidement les images num\u00e9ris\u00e9es<\/p>\n<p>avec visualiseur 3d dans le champ de recherche.<\/p>\n<p>[\/vc_column_text][\/vc_tta_section][\/vc_tta_tabs][\/vc_column][\/vc_row]<\/p>\n<\/div>","protected":false},"excerpt":{"rendered":"<p>D\u00e9tecteur de navigateur au sol 3D<br \/>\n3D Ground Navigator 2 est une nouvelle version de d\u00e9tecteur de m\u00e9taux de confiance qui a eu du succ\u00e8s et a donn\u00e9 les meilleurs r\u00e9sultats pour les prospecteurs professionnels et les chasseurs de tr\u00e9sors<\/p>\n","protected":false},"featured_media":11394,"template":"","meta":{"_acf_changed":false},"product_brand":[],"product_cat":[739,743],"product_tag":[],"class_list":{"0":"post-11377","1":"product","2":"type-product","3":"status-publish","4":"has-post-thumbnail","6":"product_cat-detecteurs-dor","7":"product_cat-detecteurs-de-metaux","9":"first","10":"instock","11":"shipping-taxable","12":"purchasable","13":"product-type-simple"},"acf":[],"_links":{"self":[{"href":"https:\/\/gmd-detectors.com\/fr\/wp-json\/wp\/v2\/product\/11377","targetHints":{"allow":["GET"]}}],"collection":[{"href":"https:\/\/gmd-detectors.com\/fr\/wp-json\/wp\/v2\/product"}],"about":[{"href":"https:\/\/gmd-detectors.com\/fr\/wp-json\/wp\/v2\/types\/product"}],"wp:featuredmedia":[{"embeddable":true,"href":"https:\/\/gmd-detectors.com\/fr\/wp-json\/wp\/v2\/media\/11394"}],"wp:attachment":[{"href":"https:\/\/gmd-detectors.com\/fr\/wp-json\/wp\/v2\/media?parent=11377"}],"wp:term":[{"taxonomy":"product_brand","embeddable":true,"href":"https:\/\/gmd-detectors.com\/fr\/wp-json\/wp\/v2\/product_brand?post=11377"},{"taxonomy":"product_cat","embeddable":true,"href":"https:\/\/gmd-detectors.com\/fr\/wp-json\/wp\/v2\/product_cat?post=11377"},{"taxonomy":"product_tag","embeddable":true,"href":"https:\/\/gmd-detectors.com\/fr\/wp-json\/wp\/v2\/product_tag?post=11377"}],"curies":[{"name":"wp","href":"https:\/\/api.w.org\/{rel}","templated":true}]}}