{"id":11667,"date":"2022-06-20T14:27:16","date_gmt":"2022-06-20T11:27:16","guid":{"rendered":"https:\/\/gmd-detectors.com\/?post_type=product&#038;p=11667"},"modified":"2026-03-04T07:13:45","modified_gmt":"2026-03-04T04:13:45","slug":"gold-hunter-smart-detector","status":"publish","type":"product","link":"https:\/\/gmd-detectors.com\/fr\/produit\/gold-hunter-smart-detector\/","title":{"rendered":"GOLD HUNTER SMART DETECTOR"},"content":{"rendered":"<div class=\"wpb-content-wrapper\"><p>[vc_row full_width=\u00a0\u00bbstretch_row\u00a0\u00bb mobile_bg_img_hidden=\u00a0\u00bbno\u00a0\u00bb tablet_bg_img_hidden=\u00a0\u00bbno\u00a0\u00bb woodmart_parallax=\u00a0\u00bb0&Prime; woodmart_gradient_switch=\u00a0\u00bbno\u00a0\u00bb row_reverse_mobile=\u00a0\u00bb0&Prime; row_reverse_tablet=\u00a0\u00bb0&Prime; woodmart_disable_overflow=\u00a0\u00bb0&Prime; css=\u00a0\u00bb.vc_custom_1610451467938{border-bottom-width: 1px !important;padding-bottom: 40px !important;border-bottom-color: #e6e6e6 !important;border-bottom-style: solid !important;}\u00a0\u00bb][vc_column][vc_raw_html]JTNDZGl2JTIwY2xhc3MlM0QlMjJ2aWRlby1yZXNwb25zaXZlJTIyJTNFJTNDaWZyYW1lJTIwc3JjJTNEJTIyaHR0cHMlM0ElMkYlMkZ3d3cueW91dHViZS5jb20lMkZlbWJlZCUyRkFrSVFnOE1KRjgwJTNGcmVsJTNEMCUyMiUyMHdpZHRoJTNEJTIyMTAwJTI1JTIyJTIwaGVpZ2h0JTNEJTIyMzgwJTIyJTIwZnJhbWVib3JkZXIlM0QlMjIwJTIyJTIwYWxsb3dmdWxsc2NyZWVuJTNEJTIyYWxsb3dmdWxsc2NyZWVuJTIyJTNFJTNDJTJGaWZyYW1lJTNFJTNDJTJGZGl2JTNF[\/vc_raw_html][vc_row_inner][vc_column_inner width=\u00a0\u00bb2\/3&Prime;][vc_column_text text_larger=\u00a0\u00bbno\u00a0\u00bb]<strong>L&rsquo;appareil Gold Hunter Smart dispose de plusieurs fonctionnalit\u00e9s pour rechercher de l&rsquo;or, des tr\u00e9sors enfouis, des m\u00e9taux pr\u00e9cieux et des diamants dans le sol.<\/strong><\/p>\n<p><strong>L&rsquo;appareil Gold Hunter Smart est l&rsquo;un des meilleurs fabricants allemands. Il poss\u00e8de le certificat europ\u00e9en CE selon les sp\u00e9cifications internationales, en plus du certificat international ISO 9001 selon les sp\u00e9cifications et normes internationales.<\/strong>[\/vc_column_text][\/vc_column_inner][vc_column_inner width=\u00a0\u00bb1\/3&Prime;][vc_single_image image=\u00a0\u00bb11706&Prime; img_size=\u00a0\u00bbfull\u00a0\u00bb alignment=\u00a0\u00bbcenter\u00a0\u00bb style=\u00a0\u00bbvc_box_shadow\u00a0\u00bb onclick=\u00a0\u00bbzoom\u00a0\u00bb parallax_scroll=\u00a0\u00bbno\u00a0\u00bb][\/vc_column_inner][\/vc_row_inner][\/vc_column][\/vc_row][vc_row full_width=\u00a0\u00bbstretch_row\u00a0\u00bb mobile_bg_img_hidden=\u00a0\u00bbno\u00a0\u00bb tablet_bg_img_hidden=\u00a0\u00bbno\u00a0\u00bb woodmart_parallax=\u00a0\u00bb0&Prime; woodmart_gradient_switch=\u00a0\u00bbno\u00a0\u00bb row_reverse_mobile=\u00a0\u00bb0&Prime; row_reverse_tablet=\u00a0\u00bb0&Prime; woodmart_disable_overflow=\u00a0\u00bb0&Prime; css=\u00a0\u00bb.vc_custom_1610451892311{margin-bottom: -80px !important;padding-top: 40px !important;padding-bottom: 40px !important;background-color: #f7f7f7 !important;}\u00a0\u00bb][vc_column][vc_tta_tabs style=\u00a0\u00bbmodern\u00a0\u00bb alignment=\u00a0\u00bbcenter\u00a0\u00bb active_section=\u00a0\u00bb1&Prime;][vc_tta_section title=\u00a0\u00bbCaract\u00e9ristiques\u00a0\u00bb tab_id=\u00a0\u00bb1598441911523-c89c9e8e-bac040f2-9266&Prime;][vc_single_image image=\u00a0\u00bb11705&Prime; img_size=\u00a0\u00bbfull\u00a0\u00bb alignment=\u00a0\u00bbcenter\u00a0\u00bb parallax_scroll=\u00a0\u00bbno\u00a0\u00bb][vc_column_text text_larger=\u00a0\u00bbno\u00a0\u00bb]<strong>L&rsquo;appareil Gold Hunter Smart dispose de plusieurs fonctionnalit\u00e9s pour rechercher de l&rsquo;or, des tr\u00e9sors enfouis, des m\u00e9taux pr\u00e9cieux et des diamants dans le sol.<\/strong><br \/>\n-Super vitesse pour capturer des cibles et les localiser avec pr\u00e9cision.<br \/>\n-Le syst\u00e8me pour d\u00e9terminer la profondeur de la cible facilement et avec une grande pr\u00e9cision.<br \/>\n-Le syst\u00e8me pour sp\u00e9cifier le continent dans lequel rechercher.<br \/>\n-Un \u00e9cran qui prend en charge le syst\u00e8me tactile, qui contient de nombreux avantages et fonctionnalit\u00e9s :<br \/>\n-Un thermom\u00e8tre \u00e9lectronique \u00e0 l&rsquo;int\u00e9rieur de l&rsquo;\u00e9cran de l&rsquo;appareil, qui mesure la temp\u00e9rature m\u00e9t\u00e9o.<br \/>\n-Une horloge num\u00e9rique.<\/p>\n<p>-La possibilit\u00e9 de d\u00e9sactiver et activer le son de l&rsquo;appareil. -Super antenne qui aide l&rsquo;appareil \u00e0 couvrir de vastes domaines de recherche.<br \/>\n-Une parabole de recherche radar pour recevoir et am\u00e9liorer le signa.[\/vc_column_text][\/vc_tta_section][vc_tta_section title=\u00a0\u00bbSyst\u00e8mes\u00a0\u00bb tab_id=\u00a0\u00bb1598442086500-76e5a306-5ebf40f2-9266&Prime;][vc_toggle title=\u00a0\u00bbSyst\u00e8mes de recherche :\u00a0\u00bb open=\u00a0\u00bbtrue\u00a0\u00bb]<strong>Gold Hunter Smart qui fonctionne avec quatre syst\u00e8mes de recherche diff\u00e9rents :<\/strong><br \/>\n1-Le syst\u00e8me de recherche des m\u00e9taux pr\u00e9cieux et non pr\u00e9cieux : tels que l&rsquo;or ancien enfoui &#8211; l&rsquo;or brut &#8211; les filons d&rsquo;or &#8211; les m\u00e9t\u00e9orites &#8211; l&rsquo;argent &#8211; le zircon &#8211; le bronze &#8211; cobalt -le coltan &#8211; le mercure &#8211; le cuivre &#8211; le fer.<br \/>\n2- Le syst\u00e8me de recherche de grottes souterraines, de vides et de tombes anciennes.<br \/>\n3- Syst\u00e8me souterrain de recherche de diamants.<br \/>\n4- Un syst\u00e8me d&rsquo;imagerie bidimensionnelle pour d\u00e9terminer la profondeur et analyser les r\u00e9sultats de la recherche.<br \/>\n<strong>La profondeur de recherche de l&rsquo;appareil Gold Hunter Smart peut atteindre 50 m\u00e8tres dans le sol et la port\u00e9e avant est de 3000 m\u00e8tres.<\/strong><br \/>\n<strong>L&rsquo;appareil fonctionne en six langues, qui sont : allemand &#8211; anglais &#8211; fran\u00e7ais &#8211; espagnol &#8211; italien &#8211; arabe.<\/strong>[\/vc_toggle][\/vc_tta_section][vc_tta_section title=\u00a0\u00bbPropri\u00e9t\u00e9s techniques\u00a0\u00bb tab_id=\u00a0\u00bb1598442096952-72789241-2ba340f2-9266&Prime;][vc_column_text text_larger=\u00a0\u00bbno\u00a0\u00bb]<\/p>\n<table width=\"726\">\n<tbody>\n<tr>\n<td colspan=\"2\" width=\"726\">\n<p style=\"text-align: center;\"><strong>Gold Hunter Smart &#8211; Propri\u00e9t\u00e9s techniques<\/strong><\/p>\n<\/td>\n<\/tr>\n<tr>\n<td width=\"198\"><strong>Sortie audio<\/strong><\/td>\n<td width=\"528\">PLAGE DE FR\u00c9QUENCE DYNAMIQUE DES HAUT-PARLEURS\u00a0: 350 ~ 5\u00a0500\u00a0Hz<\/p>\n<p>SORTIE SONORE: 84 \u00b1 3dB<\/td>\n<\/tr>\n<tr>\n<td width=\"198\"><strong>Ecran<\/strong><strong> \u00e0 cristaux liquides (LCD)<\/strong><\/td>\n<td width=\"528\">Ecran tactile couleur 320 x 240 px<\/td>\n<\/tr>\n<tr>\n<td rowspan=\"3\" width=\"198\"><strong>\u00a0<\/strong><strong>Longueur<\/strong><\/td>\n<td width=\"528\">Appareil: 220 mm<\/td>\n<\/tr>\n<tr>\n<td width=\"528\">Appareil avec antenne 425 mm (Ferm\u00e9)<\/td>\n<\/tr>\n<tr>\n<td width=\"528\">Appareil avec antenne 695 mm (ouvert)<\/td>\n<\/tr>\n<tr>\n<td width=\"198\"><strong>La fr\u00e9quence<\/strong><\/td>\n<td width=\"528\">3.2 _ 16 KHz<\/td>\n<\/tr>\n<tr>\n<td width=\"198\"><strong>Vitesse de traitement des donn\u00e9es <\/strong><\/td>\n<td width=\"528\">180 MHz<\/td>\n<\/tr>\n<tr>\n<td width=\"198\"><strong>Plage de temp\u00e9ratures de fonctionnement<\/strong><\/td>\n<td width=\"528\">0 C\u00b0 \u00e0 70 C\u00b0<\/td>\n<\/tr>\n<tr>\n<td width=\"198\"><strong>Plage d&rsquo;humidit\u00e9 de fonctionnement<\/strong><\/td>\n<td width=\"528\">jusqu&rsquo;\u00e0 95 % sans condensation<\/td>\n<\/tr>\n<tr>\n<td width=\"198\"><strong>Plage de temp\u00e9rature de stockage<\/strong><\/td>\n<td width=\"528\">\u00a0&#8211; 20C\u00b0 \u00e0 70C\u00b0<\/td>\n<\/tr>\n<tr>\n<td width=\"198\"><strong>Plage d&rsquo;humidit\u00e9 de stockage<\/strong><\/td>\n<td width=\"528\">jusqu&rsquo;\u00e0 98 % d&rsquo;humidit\u00e9 relative<\/td>\n<\/tr>\n<tr>\n<td width=\"198\"><strong>Temps de fonctionnement<\/strong><\/p>\n<p><strong>(Batterie 18 Wh)<\/strong><\/td>\n<td width=\"528\">10 Heures<\/td>\n<\/tr>\n<tr>\n<td width=\"198\"><strong>Indice d&rsquo;\u00e9tanch\u00e9it\u00e9 &#8211; D\u00e9tecteur<\/strong><\/td>\n<td width=\"528\">Non \u00e9tanche (r\u00e9sistant aux intemp\u00e9ries uniquement)<\/td>\n<\/tr>\n<tr>\n<td colspan=\"2\" width=\"726\">\n<p style=\"text-align: center;\"><strong>Sp\u00e9cifications techniques de la batterie Li-ion<\/strong><\/p>\n<\/td>\n<\/tr>\n<tr>\n<td width=\"198\"><strong>Type<\/strong><\/td>\n<td width=\"528\">Batterie rechargeable Li-ion &#8211; batterie interne<\/td>\n<\/tr>\n<tr>\n<td width=\"198\"><strong>Tension de sortie<\/strong><\/td>\n<td width=\"528\">Li-ion 3,6 Vcc<\/td>\n<\/tr>\n<tr>\n<td width=\"198\"><strong>Capacit\u00e9<\/strong><\/td>\n<td width=\"528\">Li-ion 18 Wh<\/td>\n<\/tr>\n<tr>\n<td width=\"198\"><strong>Dur\u00e9e<\/strong><\/td>\n<td width=\"528\">10 Heures<\/td>\n<\/tr>\n<tr>\n<td width=\"198\"><strong>Temp\u00e9rature de fonctionnement de la batterie<\/strong><\/td>\n<td width=\"528\">0 C\u00b0 \u00e0 50 C\u00b0<\/td>\n<\/tr>\n<tr>\n<td width=\"198\"><strong>Temp\u00e9rature de stockage de la batterie<\/strong><\/td>\n<td width=\"528\">\u00a0&#8211; 5C\u00b0 \u00e0 70C\u00b0<\/td>\n<\/tr>\n<tr>\n<td colspan=\"2\" width=\"726\">\n<p style=\"text-align: center;\"><strong>Sp\u00e9cifications techniques du chargeur de batterie Li-ion<\/strong><\/p>\n<\/td>\n<\/tr>\n<tr>\n<td width=\"198\"><strong>Temp\u00e9rature de fonctionnement<\/strong><\/td>\n<td width=\"528\">0 C\u00b0 \u00e0 50 C\u00b0<\/td>\n<\/tr>\n<tr>\n<td width=\"198\"><strong>Temp\u00e9rature de stockage<\/strong><\/td>\n<td width=\"528\">&#8211; 30 C\u00b0 \u00e0 80 C\u00b0<\/td>\n<\/tr>\n<tr>\n<td width=\"198\"><strong>Tension d&rsquo;entr\u00e9e<\/strong><\/td>\n<td width=\"528\">90 \u2192 250 VCA 50\u219260 Hz<\/td>\n<\/tr>\n<tr>\n<td width=\"198\"><strong>Courant de sortie USB<\/strong><\/td>\n<td width=\"528\">5 Vcc \/ 2100 mA<\/td>\n<\/tr>\n<tr>\n<td colspan=\"2\" width=\"726\">\n<p style=\"text-align: center;\"><strong>Autres sp\u00e9cifications techniques<\/strong><\/p>\n<\/td>\n<\/tr>\n<tr>\n<td width=\"198\"><strong>Poids total<\/strong><\/td>\n<td width=\"528\">\u00a02720 g<\/td>\n<\/tr>\n<tr>\n<td width=\"198\"><strong>Poids de l&rsquo;appareil<\/strong><\/td>\n<td width=\"528\">\u00a0325 g<\/td>\n<\/tr>\n<tr>\n<td width=\"198\"><strong>Poids de la batterie<\/strong><\/td>\n<td width=\"528\">\u00a040 g<\/td>\n<\/tr>\n<tr>\n<td width=\"198\"><strong>Poids du sac (vide)<\/strong><\/td>\n<td width=\"528\">\u00a02160 g<\/td>\n<\/tr>\n<tr>\n<td width=\"198\"><strong>Dimensions du sac<\/strong><\/td>\n<td width=\"528\">42.5 cm x 17.5 cm x 28 cm<\/td>\n<\/tr>\n<\/tbody>\n<\/table>\n<p>[\/vc_column_text][\/vc_tta_section][vc_tta_section title=\u00a0\u00bbAccessoires\u00a0\u00bb tab_id=\u00a0\u00bb1598442097652-d383f913-39bd40f2-9266&Prime;]\t\t<div id=\"gallery_638\" class=\"wd-images-gallery wd-wpb wd-rs-67a34f5f2b362 photoswipe-images\" style=\"--wd-justify-content:center;--wd-align-items:center;\">\n\t\t\t\n\t\t\t<div class=\" wd-grid-g\" style=\"--wd-col-lg:3;--wd-col-md:3;--wd-col-sm:1;--wd-gap-lg:2px;\">\n\t\t\t\t\n\t\t\t\t\t\t\t\t\t\t\t\t\t\t\t<div class=\"wd-gallery-item wd-col\">\n\t\t\t\t\t\t\t\t\t\t\t\t\t\t<a href=\"https:\/\/gmd-detectors.com\/wp-content\/uploads\/2022\/06\/Unit-holder-300x300-1.webp\" data-elementor-open-lightbox=\"no\" data-index=\"1\" data-width=\"300\" data-height=\"300\" \n\t\t\t\t\t\t\t\t\t\t\t\t >\n\t\t\t\t\t\t\t\t\n\t\t\t\t\t\t\t\t<img loading=\"lazy\" decoding=\"async\" width=\"300\" height=\"300\" src=\"https:\/\/gmd-detectors.com\/wp-content\/uploads\/2022\/06\/Unit-holder-300x300-1.webp\" class=\"wd-gallery-image image-1\" alt=\"\" srcset=\"https:\/\/gmd-detectors.com\/wp-content\/uploads\/2022\/06\/Unit-holder-300x300-1.webp 300w, https:\/\/gmd-detectors.com\/wp-content\/uploads\/2022\/06\/Unit-holder-300x300-1-150x150.webp 150w\" sizes=\"auto, (max-width: 300px) 100vw, 300px\" \/>\n\t\t\t\t\t\t\t\t\t\t\t\t\t\t\t<\/a>\n\t\t\t\t\t\t\t\t\t\t\t\t<\/div>\n\t\t\t\t\t\t\t\t\t\t\t<div class=\"wd-gallery-item wd-col\">\n\t\t\t\t\t\t\t\t\t\t\t\t\t\t<a href=\"https:\/\/gmd-detectors.com\/wp-content\/uploads\/2022\/06\/Super-Antena-VHS-300x300-1.webp\" data-elementor-open-lightbox=\"no\" data-index=\"2\" data-width=\"300\" data-height=\"300\" \n\t\t\t\t\t\t\t\t\t\t\t\t >\n\t\t\t\t\t\t\t\t\n\t\t\t\t\t\t\t\t<img loading=\"lazy\" decoding=\"async\" width=\"300\" height=\"300\" src=\"https:\/\/gmd-detectors.com\/wp-content\/uploads\/2022\/06\/Super-Antena-VHS-300x300-1.webp\" class=\"wd-gallery-image image-2\" alt=\"\" srcset=\"https:\/\/gmd-detectors.com\/wp-content\/uploads\/2022\/06\/Super-Antena-VHS-300x300-1.webp 300w, https:\/\/gmd-detectors.com\/wp-content\/uploads\/2022\/06\/Super-Antena-VHS-300x300-1-150x150.webp 150w\" sizes=\"auto, (max-width: 300px) 100vw, 300px\" \/>\n\t\t\t\t\t\t\t\t\t\t\t\t\t\t\t<\/a>\n\t\t\t\t\t\t\t\t\t\t\t\t<\/div>\n\t\t\t\t\t\t\t\t\t\t\t<div class=\"wd-gallery-item wd-col\">\n\t\t\t\t\t\t\t\t\t\t\t\t\t\t<a href=\"https:\/\/gmd-detectors.com\/wp-content\/uploads\/2022\/06\/signal-enhancer-dish-300x300-1.webp\" data-elementor-open-lightbox=\"no\" data-index=\"3\" data-width=\"300\" data-height=\"300\" \n\t\t\t\t\t\t\t\t\t\t\t\t >\n\t\t\t\t\t\t\t\t\n\t\t\t\t\t\t\t\t<img loading=\"lazy\" decoding=\"async\" width=\"300\" height=\"300\" src=\"https:\/\/gmd-detectors.com\/wp-content\/uploads\/2022\/06\/signal-enhancer-dish-300x300-1.webp\" class=\"wd-gallery-image image-3\" alt=\"\" srcset=\"https:\/\/gmd-detectors.com\/wp-content\/uploads\/2022\/06\/signal-enhancer-dish-300x300-1.webp 300w, https:\/\/gmd-detectors.com\/wp-content\/uploads\/2022\/06\/signal-enhancer-dish-300x300-1-150x150.webp 150w\" sizes=\"auto, (max-width: 300px) 100vw, 300px\" \/>\n\t\t\t\t\t\t\t\t\t\t\t\t\t\t\t<\/a>\n\t\t\t\t\t\t\t\t\t\t\t\t<\/div>\n\t\t\t\t\t\t\t\t\t\t\t<div class=\"wd-gallery-item wd-col\">\n\t\t\t\t\t\t\t\t\t\t\t\t\t\t<a href=\"https:\/\/gmd-detectors.com\/wp-content\/uploads\/2022\/06\/Recipient-antenna-1-300x300-1.webp\" data-elementor-open-lightbox=\"no\" data-index=\"4\" data-width=\"300\" data-height=\"300\" \n\t\t\t\t\t\t\t\t\t\t\t\t >\n\t\t\t\t\t\t\t\t\n\t\t\t\t\t\t\t\t<img loading=\"lazy\" decoding=\"async\" width=\"300\" height=\"300\" src=\"https:\/\/gmd-detectors.com\/wp-content\/uploads\/2022\/06\/Recipient-antenna-1-300x300-1.webp\" class=\"wd-gallery-image image-4\" alt=\"\" srcset=\"https:\/\/gmd-detectors.com\/wp-content\/uploads\/2022\/06\/Recipient-antenna-1-300x300-1.webp 300w, https:\/\/gmd-detectors.com\/wp-content\/uploads\/2022\/06\/Recipient-antenna-1-300x300-1-150x150.webp 150w\" sizes=\"auto, (max-width: 300px) 100vw, 300px\" \/>\n\t\t\t\t\t\t\t\t\t\t\t\t\t\t\t<\/a>\n\t\t\t\t\t\t\t\t\t\t\t\t<\/div>\n\t\t\t\t\t\t\t\t\t\t\t<div class=\"wd-gallery-item wd-col\">\n\t\t\t\t\t\t\t\t\t\t\t\t\t\t<a href=\"https:\/\/gmd-detectors.com\/wp-content\/uploads\/2022\/06\/GER-Charher-USB-300x300-1.webp\" data-elementor-open-lightbox=\"no\" data-index=\"5\" data-width=\"300\" data-height=\"300\" \n\t\t\t\t\t\t\t\t\t\t\t\t >\n\t\t\t\t\t\t\t\t\n\t\t\t\t\t\t\t\t<img loading=\"lazy\" decoding=\"async\" width=\"300\" height=\"300\" src=\"https:\/\/gmd-detectors.com\/wp-content\/uploads\/2022\/06\/GER-Charher-USB-300x300-1.webp\" class=\"wd-gallery-image image-5\" alt=\"\" srcset=\"https:\/\/gmd-detectors.com\/wp-content\/uploads\/2022\/06\/GER-Charher-USB-300x300-1.webp 300w, https:\/\/gmd-detectors.com\/wp-content\/uploads\/2022\/06\/GER-Charher-USB-300x300-1-150x150.webp 150w\" sizes=\"auto, (max-width: 300px) 100vw, 300px\" \/>\n\t\t\t\t\t\t\t\t\t\t\t\t\t\t\t<\/a>\n\t\t\t\t\t\t\t\t\t\t\t\t<\/div>\n\t\t\t\t\t\t\t\t\t\t\t<div class=\"wd-gallery-item wd-col\">\n\t\t\t\t\t\t\t\t\t\t\t\t\t\t<a href=\"https:\/\/gmd-detectors.com\/wp-content\/uploads\/2022\/06\/Car-charger-USB-300x300-1.webp\" data-elementor-open-lightbox=\"no\" data-index=\"6\" data-width=\"300\" data-height=\"300\" \n\t\t\t\t\t\t\t\t\t\t\t\t >\n\t\t\t\t\t\t\t\t\n\t\t\t\t\t\t\t\t<img loading=\"lazy\" decoding=\"async\" width=\"300\" height=\"300\" src=\"https:\/\/gmd-detectors.com\/wp-content\/uploads\/2022\/06\/Car-charger-USB-300x300-1.webp\" class=\"wd-gallery-image image-6\" alt=\"\" srcset=\"https:\/\/gmd-detectors.com\/wp-content\/uploads\/2022\/06\/Car-charger-USB-300x300-1.webp 300w, https:\/\/gmd-detectors.com\/wp-content\/uploads\/2022\/06\/Car-charger-USB-300x300-1-150x150.webp 150w\" sizes=\"auto, (max-width: 300px) 100vw, 300px\" \/>\n\t\t\t\t\t\t\t\t\t\t\t\t\t\t\t<\/a>\n\t\t\t\t\t\t\t\t\t\t\t\t<\/div>\n\t\t\t\t\t\t\t\t\t\t\t<div class=\"wd-gallery-item wd-col\">\n\t\t\t\t\t\t\t\t\t\t\t\t\t\t<a href=\"https:\/\/gmd-detectors.com\/wp-content\/uploads\/2024\/05\/gerdetect-warranty.webp\" data-elementor-open-lightbox=\"no\" data-index=\"7\" data-width=\"400\" data-height=\"400\" \n\t\t\t\t\t\t\t\t\t\t\t\t >\n\t\t\t\t\t\t\t\t\n\t\t\t\t\t\t\t\t<img loading=\"lazy\" decoding=\"async\" width=\"300\" height=\"300\" src=\"https:\/\/gmd-detectors.com\/wp-content\/uploads\/2024\/05\/gerdetect-warranty-300x300.webp\" class=\"wd-gallery-image image-7\" alt=\"gerdetect-warranty\" srcset=\"https:\/\/gmd-detectors.com\/wp-content\/uploads\/2024\/05\/gerdetect-warranty-300x300.webp 300w, https:\/\/gmd-detectors.com\/wp-content\/uploads\/2024\/05\/gerdetect-warranty-150x150.webp 150w, https:\/\/gmd-detectors.com\/wp-content\/uploads\/2024\/05\/gerdetect-warranty.webp 400w\" sizes=\"auto, (max-width: 300px) 100vw, 300px\" \/>\n\t\t\t\t\t\t\t\t\t\t\t\t\t\t\t<\/a>\n\t\t\t\t\t\t\t\t\t\t\t\t<\/div>\n\t\t\t\t\t\t\t\t\t\n\t\t\t\t\t\t\t<\/div>\n\n\t\t\t\t\t<\/div>\n\t\t[\/vc_tta_section][\/vc_tta_tabs][\/vc_column][\/vc_row]<\/p>\n<\/div>","protected":false},"excerpt":{"rendered":"<p>LE NOUVEL APPAREIL GOLD HUNTER SMART<br \/>\nAvec le syst\u00e8me de d\u00e9tection d&rsquo;imagerie et la technologie d&rsquo;imagerie bidimensionnelle pour rechercher des m\u00e9taux pr\u00e9cieux et non pr\u00e9cieux tels que l&rsquo;or antique enfouis &#8211; p\u00e9pites d&rsquo;or &#8211; veines d&rsquo;or &#8211; m\u00e9t\u00e9orites &#8211; argent &#8211; zircon &#8211; bronze &#8211; coltan &#8211; cobalt &#8211; mercure &#8211; cuivre &#8211; fer.<br \/>\nSuper vitesse pour capturer des cibles et les localiser avec pr\u00e9cision, facilit\u00e9 d&rsquo;utilisation et poids l\u00e9ger.<br \/>\n<strong>La profondeur de recherche de l&rsquo;appareil Gold Hunter Smart peut atteindre 50 m\u00e8tres dans le sol et la port\u00e9e avant est de 3000 m\u00e8tres.<\/strong><\/p>\n","protected":false},"featured_media":13230,"template":"","meta":{"_acf_changed":false},"product_brand":[],"product_cat":[739,743,765],"product_tag":[],"class_list":{"0":"post-11667","1":"product","2":"type-product","3":"status-publish","4":"has-post-thumbnail","6":"product_cat-detecteurs-dor","7":"product_cat-detecteurs-de-metaux","8":"product_cat-ger-detect-fr","10":"first","11":"instock","12":"sale","13":"featured","14":"shipping-taxable","15":"purchasable","16":"product-type-simple"},"acf":[],"_links":{"self":[{"href":"https:\/\/gmd-detectors.com\/fr\/wp-json\/wp\/v2\/product\/11667","targetHints":{"allow":["GET"]}}],"collection":[{"href":"https:\/\/gmd-detectors.com\/fr\/wp-json\/wp\/v2\/product"}],"about":[{"href":"https:\/\/gmd-detectors.com\/fr\/wp-json\/wp\/v2\/types\/product"}],"wp:featuredmedia":[{"embeddable":true,"href":"https:\/\/gmd-detectors.com\/fr\/wp-json\/wp\/v2\/media\/13230"}],"wp:attachment":[{"href":"https:\/\/gmd-detectors.com\/fr\/wp-json\/wp\/v2\/media?parent=11667"}],"wp:term":[{"taxonomy":"product_brand","embeddable":true,"href":"https:\/\/gmd-detectors.com\/fr\/wp-json\/wp\/v2\/product_brand?post=11667"},{"taxonomy":"product_cat","embeddable":true,"href":"https:\/\/gmd-detectors.com\/fr\/wp-json\/wp\/v2\/product_cat?post=11667"},{"taxonomy":"product_tag","embeddable":true,"href":"https:\/\/gmd-detectors.com\/fr\/wp-json\/wp\/v2\/product_tag?post=11667"}],"curies":[{"name":"wp","href":"https:\/\/api.w.org\/{rel}","templated":true}]}}