{"id":11844,"date":"2022-08-30T08:00:10","date_gmt":"2022-08-30T05:00:10","guid":{"rendered":"https:\/\/gmd-detectors.com\/?post_type=product&#038;p=11844"},"modified":"2026-03-04T07:25:59","modified_gmt":"2026-03-04T04:25:59","slug":"titan-500-smart-detector","status":"publish","type":"product","link":"https:\/\/gmd-detectors.com\/fr\/produit\/titan-500-smart-detector\/","title":{"rendered":"TITAN 500 SMART DETECTOR"},"content":{"rendered":"<div class=\"wpb-content-wrapper\"><p>[vc_row full_width=\u00a0\u00bbstretch_row\u00a0\u00bb mobile_bg_img_hidden=\u00a0\u00bbno\u00a0\u00bb tablet_bg_img_hidden=\u00a0\u00bbno\u00a0\u00bb woodmart_parallax=\u00a0\u00bb0&Prime; woodmart_gradient_switch=\u00a0\u00bbno\u00a0\u00bb row_reverse_mobile=\u00a0\u00bb0&Prime; row_reverse_tablet=\u00a0\u00bb0&Prime; woodmart_disable_overflow=\u00a0\u00bb0&Prime; css=\u00a0\u00bb.vc_custom_1610451467938{border-bottom-width: 1px !important;padding-bottom: 40px !important;border-bottom-color: #e6e6e6 !important;border-bottom-style: solid !important;}\u00a0\u00bb][vc_column][vc_raw_html]JTNDZGl2JTIwY2xhc3MlM0QlMjJ2aWRlby1yZXNwb25zaXZlJTIyJTNFJTNDaWZyYW1lJTIwc3JjJTNEJTIyaHR0cHMlM0ElMkYlMkZ3d3cueW91dHViZS5jb20lMkZlbWJlZCUyRmJjZjNpVFlMUEpjJTNGcmVsJTNEMCUyMiUyMHdpZHRoJTNEJTIyMTAwJTI1JTIyJTIwaGVpZ2h0JTNEJTIyMzgwJTIyJTIwZnJhbWVib3JkZXIlM0QlMjIwJTIyJTIwYWxsb3dmdWxsc2NyZWVuJTNEJTIyYWxsb3dmdWxsc2NyZWVuJTIyJTNFJTNDJTJGaWZyYW1lJTNFJTNDJTJGZGl2JTNF[\/vc_raw_html][vc_row_inner content_placement=\u00a0\u00bbmiddle\u00a0\u00bb row_reverse_mobile=\u00a0\u00bb0&Prime; row_reverse_tablet=\u00a0\u00bb0&Prime;][vc_column_inner width=\u00a0\u00bb2\/3&Prime;][vc_column_text text_larger=\u00a0\u00bbno\u00a0\u00bb]<strong>L&rsquo;exploration de diamants souterrains TITAN 500 SMART est l&rsquo;une des meilleures industries allemandes. Il poss\u00e8de le certificat europ\u00e9en CE selon les normes internationales, en plus du certificat international ISO 9001 selon les normes et standards de fabrication internationaux.<\/strong><\/p>\n<p><strong>Cet appareil est con\u00e7u pour \u00eatre compatible avec son travail dans tous les pays et r\u00e9gions.<\/strong><br \/>\n<strong>Le v\u00e9ritable voyage d&rsquo;exploration ne n\u00e9cessite pas d&rsquo;aller vers de nouvelles terres, mais n\u00e9cessite plut\u00f4t de voir avec de nouveaux yeux.<\/strong>[\/vc_column_text][\/vc_column_inner][vc_column_inner width=\u00a0\u00bb1\/3&Prime;][vc_single_image image=\u00a0\u00bb11891&Prime; img_size=\u00a0\u00bbfull\u00a0\u00bb alignment=\u00a0\u00bbcenter\u00a0\u00bb style=\u00a0\u00bbvc_box_shadow\u00a0\u00bb parallax_scroll=\u00a0\u00bbno\u00a0\u00bb][\/vc_column_inner][\/vc_row_inner][\/vc_column][\/vc_row][vc_row full_width=\u00a0\u00bbstretch_row\u00a0\u00bb mobile_bg_img_hidden=\u00a0\u00bbno\u00a0\u00bb tablet_bg_img_hidden=\u00a0\u00bbno\u00a0\u00bb woodmart_parallax=\u00a0\u00bb0&Prime; woodmart_gradient_switch=\u00a0\u00bbno\u00a0\u00bb row_reverse_mobile=\u00a0\u00bb0&Prime; row_reverse_tablet=\u00a0\u00bb0&Prime; woodmart_disable_overflow=\u00a0\u00bb0&Prime; css=\u00a0\u00bb.vc_custom_1610451892311{margin-bottom: -80px !important;padding-top: 40px !important;padding-bottom: 40px !important;background-color: #f7f7f7 !important;}\u00a0\u00bb][vc_column][vc_tta_tabs style=\u00a0\u00bbmodern\u00a0\u00bb alignment=\u00a0\u00bbcenter\u00a0\u00bb active_section=\u00a0\u00bb1&Prime;][vc_tta_section title=\u00a0\u00bbCaract\u00e9ristiques\u00a0\u00bb tab_id=\u00a0\u00bb1598441911523-c89c9e8e-bac040f2-9266&Prime;][vc_single_image image=\u00a0\u00bb11890&Prime; img_size=\u00a0\u00bbfull\u00a0\u00bb alignment=\u00a0\u00bbcenter\u00a0\u00bb parallax_scroll=\u00a0\u00bbno\u00a0\u00bb][vc_column_text text_larger=\u00a0\u00bbno\u00a0\u00bb]La description<br \/>\nLa machine de recherche de pierres pr\u00e9cieuses TITAN 500 SMART est un appareil multifonctionnel pour la recherche de diamants, de pierres pr\u00e9cieuses, d&rsquo;or et de m\u00e9taux pr\u00e9cieux dans le sol.<br \/>\n&#8211; Super vitesse pour capturer des cibles et les localiser avec pr\u00e9cision.<br \/>\n-Recherche de gros et petits diamants.<br \/>\n&#8211; Recherche de joyaux et capacit\u00e9 \u00e0 d\u00e9couvrir 18 esp\u00e8ces diff\u00e9rentes<br \/>\n&#8211; Saphir, \u00c9meraude, Quartz, Topaze, Granet, Am\u00e9thyste, Lapis Lazuli, Tourmaline, Columbite, Tanzanite, Turquoise, P\u00e9ridot, Alexandrite,<br \/>\nOeil de chat, rubis, jaspe, opale, aigue-marine.<br \/>\n&#8211; Recherche de m\u00e9taux pr\u00e9cieux tels que l&rsquo;or ancien enfoui &#8211; platine p\u00e9pite d&rsquo;or &#8211; argent &#8211; bronze &#8211; zircon &#8211; cobalt &#8211; coltan &#8211; cuivre &#8211; mercure &#8211; m\u00e9t\u00e9orites &#8211; osmium.<br \/>\nD\u00e9terminer la profondeur de la cible en m\u00e8tres et la marquer facilement et avec une grande pr\u00e9cision.<br \/>\nD\u00e9terminez le continent \u00e0 rechercher.<br \/>\n&#8211; Un \u00e9cran supportant le syst\u00e8me tactile, qui pr\u00e9sente de nombreux avantages et fonctionnalit\u00e9s :<br \/>\n&#8211; Un thermom\u00e8tre \u00e9lectronique \u00e0 l&rsquo;int\u00e9rieur de l&rsquo;\u00e9cran de l&rsquo;appareil, qui mesure la temp\u00e9rature m\u00e9t\u00e9o.<br \/>\n&#8211; Une horloge num\u00e9rique.<br \/>\n&#8211; Couper et activer le son de l&rsquo;appareil.<br \/>\n&#8211; Super antenne, qui aide l&rsquo;appareil \u00e0 couvrir de vastes domaines de recherche.[\/vc_column_text][\/vc_tta_section][vc_tta_section title=\u00a0\u00bbSyst\u00e8mes\u00a0\u00bb tab_id=\u00a0\u00bb1598442086500-76e5a306-5ebf40f2-9266&Prime;][vc_toggle title=\u00a0\u00bbL&rsquo;appareil TITAN GER 500 fonctionne avec quatre syst\u00e8mes de recherche diff\u00e9rents :\u00a0\u00bb open=\u00a0\u00bbtrue\u00a0\u00bb]1- Le syst\u00e8me souterrain de recherche de gros et petits diamants.<br \/>\n2- Le syst\u00e8me souterrain de recherche de pierres pr\u00e9cieuses.<br \/>\nTels que le saphir, l&rsquo;\u00e9meraude, le quartz, la topaze, le granet, l&rsquo;am\u00e9thyste, le lapis-lazuli, la tourmaline, la colombite, la tanzanite, la turquoise, le p\u00e9ridot, l&rsquo;alexandrite,<br \/>\nOeil de chat, rubis, jaspe, opale, aigue-marine.<br \/>\n3- Le syst\u00e8me souterrain de recherche d&rsquo;or et de m\u00e9taux pr\u00e9cieux.<br \/>\nTels que l&rsquo;or ancien enterr\u00e9 &#8211; platine p\u00e9pite d&rsquo;or &#8211; argent &#8211; bronze &#8211; zircon &#8211; cobalt &#8211; coltan &#8211; cuivre &#8211; mercure &#8211; m\u00e9t\u00e9orites &#8211; osmium.<br \/>\n4- Syst\u00e8me de d\u00e9termination de la profondeur et d&rsquo;analyse des r\u00e9sultats sous terre.<br \/>\nLa profondeur de recherche de l&rsquo;appareil TITAN 500 SMART atteint jusqu&rsquo;\u00e0 120 m\u00e8tres dans le sol et la port\u00e9e avant est de 3000 m\u00e8tres.[\/vc_toggle][\/vc_tta_section][vc_tta_section title=\u00a0\u00bbPropri\u00e9t\u00e9s techniques\u00a0\u00bb tab_id=\u00a0\u00bb1598442096952-72789241-2ba340f2-9266&Prime;][vc_column_text text_larger=\u00a0\u00bbno\u00a0\u00bb]<\/p>\n<table class=\"table table-striped table-bordered\">\n<thead class=\"thead-dark\">\n<tr>\n<th scope=\"col\">Nom de la sp\u00e9cification technique<\/th>\n<th scope=\"col\">Valeur de sp\u00e9cification technique<\/th>\n<\/tr>\n<\/thead>\n<tbody id=\"technicalContainer\">\n<tr>\n<td>Sortie audio<\/td>\n<td>buzzer pi\u00e9zo-\u00e9lectrique \u00d8: 12mm &#8211; H: niveau de pression acoustique de 9.8mm 85db \u00e0 la fr\u00e9quence 12v \/ 10cm 4.5 \u00b1 0.5 KHz<\/td>\n<\/tr>\n<tr>\n<td>Un \u00e9cran \u00e0 cristaux liquides<\/td>\n<td>\u00c9cran du syst\u00e8me d&rsquo;induction \u00e0 impulsions: Graphiques (LCD) 128 x 64 px &#8211; \u00c9cran Autres syst\u00e8mes: \u00e9cran tactile couleur 98 mm x 57 mm \/ 480&#215;270 px<\/td>\n<\/tr>\n<tr>\n<td>Longueur<\/td>\n<td>Dispositif : 380 mm &#8211; Dispositif avec imagerie et capteur magn\u00e9tique 430mm &#8211; Dispositif avec capteur ionique 565mm &#8211; Appareil avec capteur longue port\u00e9e 695mm &#8211; Dispositif avec bobine 955 mm (ferm\u00e9) &#8211; Dispositif avec bobine 1345 mm (Ouvert)<\/td>\n<\/tr>\n<tr>\n<td>Fr\u00e9quence<\/td>\n<td>Syst\u00e8me d&rsquo;induction d&rsquo;impulsion: 350Hz &#8211; Autres syst\u00e8mes: Max 500 KHz<\/td>\n<\/tr>\n<tr>\n<td>Vitesse de traitement des donn\u00e9es<\/td>\n<td>Syst\u00e8me d&rsquo;induction d&rsquo;impulsion: 20 MHz &#8211; Autres syst\u00e8mes: 8 MHz<\/td>\n<\/tr>\n<tr>\n<td>Plage de temp\u00e9rature de fonctionnement<\/td>\n<td>0 C\u00b0 au 70 C\u00b0<\/td>\n<\/tr>\n<tr>\n<td>Plage d&rsquo;humidit\u00e9 en fonctionnement<\/td>\n<td>jusqu&rsquo;\u00e0 95% sans condensation<\/td>\n<\/tr>\n<tr>\n<td>Temp\u00e9rature du stockage du dispositif<\/td>\n<td>&#8211; 20C\u00b0 au 70C\u00b0<\/td>\n<\/tr>\n<tr>\n<td>Humidit\u00e9 du stockage du dispositif<\/td>\n<td>jusqu&rsquo;\u00e0 98% d&rsquo;humidit\u00e9 relative<\/td>\n<\/tr>\n<tr>\n<td>Dur\u00e9e de fonctionnement (batterie 54 Wh)<\/td>\n<td>Dur\u00e9e du syst\u00e8me d&rsquo;induction du pouls: 10 heures &#8211; Dur\u00e9e d&rsquo;autres syst\u00e8mes: 18 heures<\/td>\n<\/tr>\n<tr>\n<td>Bobine Waterproof<\/td>\n<td>waterproof jusqu&rsquo;\u00e0 une profondeur de 30 cm<\/td>\n<\/tr>\n<tr>\n<td>D\u00e9tecteur Waterproof<\/td>\n<td>non waterproof<\/td>\n<\/tr>\n<tr>\n<td>Bluetooth<\/td>\n<td>HC-05 module &#8211; 2.4 GHz radio<\/td>\n<\/tr>\n<tr>\n<td>Bobine<\/td>\n<td>Grande bobine: \u00d8 = 45cm &#8211; Petite bobine : \u00d8=20cm<\/td>\n<\/tr>\n<tr>\n<td>Poids total<\/td>\n<td>8600 g<\/td>\n<\/tr>\n<tr>\n<td>Poids de l&rsquo;appareil<\/td>\n<td>550 g<\/td>\n<\/tr>\n<tr>\n<td>Poids du sac (vide)<\/td>\n<td>4300 g<\/td>\n<\/tr>\n<tr>\n<td>Dimensions du sac<\/td>\n<td>670mm x 500mm x 270 mm<\/td>\n<\/tr>\n<tr>\n<td>Type de la batterie<\/td>\n<td>Li-ion Batterie Rechargeable &#8211; Batterie Externe<\/td>\n<\/tr>\n<tr>\n<td>Tension de sortie de la batterie<\/td>\n<td>Li-ion 10.8 VDC<\/td>\n<\/tr>\n<tr>\n<td>Capacit\u00e9 de la batterie<\/td>\n<td>Li-ion 54 Wh<\/td>\n<\/tr>\n<tr>\n<td>Temps d&rsquo;ex\u00e9cution de la batterie<\/td>\n<td>Dur\u00e9e du syst\u00e8me d&rsquo;induction du pouls: 10 heures &#8211; Dur\u00e9e du d&rsquo;autres syst\u00e8mes: 18 heures<\/td>\n<\/tr>\n<tr>\n<td>Temp\u00e9rature de la batterie<\/td>\n<td>0 C\u00b0 au 50 C\u00b0<\/td>\n<\/tr>\n<tr>\n<td>Temp\u00e9rature de la batterie du stockage<\/td>\n<td>&#8211; 5C\u00b0 au 70C\u00b0<\/td>\n<\/tr>\n<tr>\n<td>Poids du sac (vide)<\/td>\n<td>4300 g<\/td>\n<\/tr>\n<tr>\n<td>Temp\u00e9rature du dispositif du chargeur de la Batterie<\/td>\n<td>0 C\u00b0 au 50 C\u00b0<\/td>\n<\/tr>\n<tr>\n<td>Temp\u00e9rature du stockage du chargeur de la Batterie<\/td>\n<td>&#8211; 30C\u00b0 au 80C\u00b0<\/td>\n<\/tr>\n<tr>\n<td>Tension d&rsquo;entr\u00e9e du chargeur de la Batterie<\/td>\n<td>90 \u2192 250 VAC 50\u219260 Hz<\/td>\n<\/tr>\n<tr>\n<td>Sortie du chargeur de la Batterie<\/td>\n<td>12.6 VDC \/ 1000 mA<\/td>\n<\/tr>\n<\/tbody>\n<\/table>\n<p>[\/vc_column_text][\/vc_tta_section][vc_tta_section title=\u00a0\u00bbAccessoires\u00a0\u00bb tab_id=\u00a0\u00bb1598442097652-d383f913-39bd40f2-9266&Prime;]\t\t<div id=\"gallery_388\" class=\"wd-images-gallery wd-wpb wd-rs-67a34c8f6752d photoswipe-images\" style=\"--wd-justify-content:center;--wd-align-items:center;\">\n\t\t\t\n\t\t\t<div class=\" wd-grid-g\" style=\"--wd-col-lg:3;--wd-col-md:3;--wd-col-sm:1;--wd-gap-lg:2px;\">\n\t\t\t\t\n\t\t\t\t\t\t\t\t\t\t\t\t\t\t\t<div class=\"wd-gallery-item wd-col\">\n\t\t\t\t\t\t\t\t\t\t\t\t\t\t<a href=\"https:\/\/gmd-detectors.com\/wp-content\/uploads\/2022\/08\/Unit-holder-300x300-1.webp\" data-elementor-open-lightbox=\"no\" data-index=\"1\" data-width=\"300\" data-height=\"300\" \n\t\t\t\t\t\t\t\t\t\t\t\t >\n\t\t\t\t\t\t\t\t\n\t\t\t\t\t\t\t\t<img loading=\"lazy\" decoding=\"async\" width=\"300\" height=\"300\" src=\"https:\/\/gmd-detectors.com\/wp-content\/uploads\/2022\/08\/Unit-holder-300x300-1.webp\" class=\"wd-gallery-image image-1\" alt=\"\" srcset=\"https:\/\/gmd-detectors.com\/wp-content\/uploads\/2022\/08\/Unit-holder-300x300-1.webp 300w, https:\/\/gmd-detectors.com\/wp-content\/uploads\/2022\/08\/Unit-holder-300x300-1-150x150.webp 150w\" sizes=\"auto, (max-width: 300px) 100vw, 300px\" \/>\n\t\t\t\t\t\t\t\t\t\t\t\t\t\t\t<\/a>\n\t\t\t\t\t\t\t\t\t\t\t\t<\/div>\n\t\t\t\t\t\t\t\t\t\t\t<div class=\"wd-gallery-item wd-col\">\n\t\t\t\t\t\t\t\t\t\t\t\t\t\t<a href=\"https:\/\/gmd-detectors.com\/wp-content\/uploads\/2022\/08\/Super-Antenna-Gold-300x300-1.webp\" data-elementor-open-lightbox=\"no\" data-index=\"2\" data-width=\"300\" data-height=\"300\" \n\t\t\t\t\t\t\t\t\t\t\t\t >\n\t\t\t\t\t\t\t\t\n\t\t\t\t\t\t\t\t<img loading=\"lazy\" decoding=\"async\" width=\"300\" height=\"300\" src=\"https:\/\/gmd-detectors.com\/wp-content\/uploads\/2022\/08\/Super-Antenna-Gold-300x300-1.webp\" class=\"wd-gallery-image image-2\" alt=\"\" srcset=\"https:\/\/gmd-detectors.com\/wp-content\/uploads\/2022\/08\/Super-Antenna-Gold-300x300-1.webp 300w, https:\/\/gmd-detectors.com\/wp-content\/uploads\/2022\/08\/Super-Antenna-Gold-300x300-1-150x150.webp 150w\" sizes=\"auto, (max-width: 300px) 100vw, 300px\" \/>\n\t\t\t\t\t\t\t\t\t\t\t\t\t\t\t<\/a>\n\t\t\t\t\t\t\t\t\t\t\t\t<\/div>\n\t\t\t\t\t\t\t\t\t\t\t<div class=\"wd-gallery-item wd-col\">\n\t\t\t\t\t\t\t\t\t\t\t\t\t\t<a href=\"https:\/\/gmd-detectors.com\/wp-content\/uploads\/2022\/08\/Signal-enhancer-Gold-300x300-1.webp\" data-elementor-open-lightbox=\"no\" data-index=\"3\" data-width=\"300\" data-height=\"300\" \n\t\t\t\t\t\t\t\t\t\t\t\t >\n\t\t\t\t\t\t\t\t\n\t\t\t\t\t\t\t\t<img loading=\"lazy\" decoding=\"async\" width=\"300\" height=\"300\" src=\"https:\/\/gmd-detectors.com\/wp-content\/uploads\/2022\/08\/Signal-enhancer-Gold-300x300-1.webp\" class=\"wd-gallery-image image-3\" alt=\"\" srcset=\"https:\/\/gmd-detectors.com\/wp-content\/uploads\/2022\/08\/Signal-enhancer-Gold-300x300-1.webp 300w, https:\/\/gmd-detectors.com\/wp-content\/uploads\/2022\/08\/Signal-enhancer-Gold-300x300-1-150x150.webp 150w\" sizes=\"auto, (max-width: 300px) 100vw, 300px\" \/>\n\t\t\t\t\t\t\t\t\t\t\t\t\t\t\t<\/a>\n\t\t\t\t\t\t\t\t\t\t\t\t<\/div>\n\t\t\t\t\t\t\t\t\t\t\t<div class=\"wd-gallery-item wd-col\">\n\t\t\t\t\t\t\t\t\t\t\t\t\t\t<a href=\"https:\/\/gmd-detectors.com\/wp-content\/uploads\/2022\/08\/GER-Charher-USB-300x300-1.webp\" data-elementor-open-lightbox=\"no\" data-index=\"4\" data-width=\"300\" data-height=\"300\" \n\t\t\t\t\t\t\t\t\t\t\t\t >\n\t\t\t\t\t\t\t\t\n\t\t\t\t\t\t\t\t<img loading=\"lazy\" decoding=\"async\" width=\"300\" height=\"300\" src=\"https:\/\/gmd-detectors.com\/wp-content\/uploads\/2022\/08\/GER-Charher-USB-300x300-1.webp\" class=\"wd-gallery-image image-4\" alt=\"\" srcset=\"https:\/\/gmd-detectors.com\/wp-content\/uploads\/2022\/08\/GER-Charher-USB-300x300-1.webp 300w, https:\/\/gmd-detectors.com\/wp-content\/uploads\/2022\/08\/GER-Charher-USB-300x300-1-150x150.webp 150w\" sizes=\"auto, (max-width: 300px) 100vw, 300px\" \/>\n\t\t\t\t\t\t\t\t\t\t\t\t\t\t\t<\/a>\n\t\t\t\t\t\t\t\t\t\t\t\t<\/div>\n\t\t\t\t\t\t\t\t\t\t\t<div class=\"wd-gallery-item wd-col\">\n\t\t\t\t\t\t\t\t\t\t\t\t\t\t<a href=\"https:\/\/gmd-detectors.com\/wp-content\/uploads\/2022\/08\/device-box-300x300-1.webp\" data-elementor-open-lightbox=\"no\" data-index=\"5\" data-width=\"300\" data-height=\"300\" \n\t\t\t\t\t\t\t\t\t\t\t\t >\n\t\t\t\t\t\t\t\t\n\t\t\t\t\t\t\t\t<img loading=\"lazy\" decoding=\"async\" width=\"300\" height=\"300\" src=\"https:\/\/gmd-detectors.com\/wp-content\/uploads\/2022\/08\/device-box-300x300-1.webp\" class=\"wd-gallery-image image-5\" alt=\"\" srcset=\"https:\/\/gmd-detectors.com\/wp-content\/uploads\/2022\/08\/device-box-300x300-1.webp 300w, https:\/\/gmd-detectors.com\/wp-content\/uploads\/2022\/08\/device-box-300x300-1-150x150.webp 150w\" sizes=\"auto, (max-width: 300px) 100vw, 300px\" \/>\n\t\t\t\t\t\t\t\t\t\t\t\t\t\t\t<\/a>\n\t\t\t\t\t\t\t\t\t\t\t\t<\/div>\n\t\t\t\t\t\t\t\t\t\t\t<div class=\"wd-gallery-item wd-col\">\n\t\t\t\t\t\t\t\t\t\t\t\t\t\t<a href=\"https:\/\/gmd-detectors.com\/wp-content\/uploads\/2022\/08\/Car-charger-USB-300x300-1.webp\" data-elementor-open-lightbox=\"no\" data-index=\"6\" data-width=\"300\" data-height=\"300\" \n\t\t\t\t\t\t\t\t\t\t\t\t >\n\t\t\t\t\t\t\t\t\n\t\t\t\t\t\t\t\t<img loading=\"lazy\" decoding=\"async\" width=\"300\" height=\"300\" src=\"https:\/\/gmd-detectors.com\/wp-content\/uploads\/2022\/08\/Car-charger-USB-300x300-1.webp\" class=\"wd-gallery-image image-6\" alt=\"\" srcset=\"https:\/\/gmd-detectors.com\/wp-content\/uploads\/2022\/08\/Car-charger-USB-300x300-1.webp 300w, https:\/\/gmd-detectors.com\/wp-content\/uploads\/2022\/08\/Car-charger-USB-300x300-1-150x150.webp 150w\" sizes=\"auto, (max-width: 300px) 100vw, 300px\" \/>\n\t\t\t\t\t\t\t\t\t\t\t\t\t\t\t<\/a>\n\t\t\t\t\t\t\t\t\t\t\t\t<\/div>\n\t\t\t\t\t\t\t\t\t\t\t<div class=\"wd-gallery-item wd-col\">\n\t\t\t\t\t\t\t\t\t\t\t\t\t\t<a href=\"https:\/\/gmd-detectors.com\/wp-content\/uploads\/2024\/05\/gerdetect-warranty.webp\" data-elementor-open-lightbox=\"no\" data-index=\"7\" data-width=\"400\" data-height=\"400\" \n\t\t\t\t\t\t\t\t\t\t\t\t >\n\t\t\t\t\t\t\t\t\n\t\t\t\t\t\t\t\t<img loading=\"lazy\" decoding=\"async\" width=\"300\" height=\"300\" src=\"https:\/\/gmd-detectors.com\/wp-content\/uploads\/2024\/05\/gerdetect-warranty-300x300.webp\" class=\"wd-gallery-image image-7\" alt=\"gerdetect-warranty\" srcset=\"https:\/\/gmd-detectors.com\/wp-content\/uploads\/2024\/05\/gerdetect-warranty-300x300.webp 300w, https:\/\/gmd-detectors.com\/wp-content\/uploads\/2024\/05\/gerdetect-warranty-150x150.webp 150w, https:\/\/gmd-detectors.com\/wp-content\/uploads\/2024\/05\/gerdetect-warranty.webp 400w\" sizes=\"auto, (max-width: 300px) 100vw, 300px\" \/>\n\t\t\t\t\t\t\t\t\t\t\t\t\t\t\t<\/a>\n\t\t\t\t\t\t\t\t\t\t\t\t<\/div>\n\t\t\t\t\t\t\t\t\t\n\t\t\t\t\t\t\t<\/div>\n\n\t\t\t\t\t<\/div>\n\t\t[\/vc_tta_section][\/vc_tta_tabs][\/vc_column][\/vc_row]<\/p>\n<\/div>","protected":false},"excerpt":{"rendered":"<p>La machine de recherche de pierres pr\u00e9cieuses TITAN 500 SMART est un appareil multifonctionnel pour la recherche de diamants, de pierres pr\u00e9cieuses, d&rsquo;or et de m\u00e9taux pr\u00e9cieux dans le sol.<br \/>\n&#8211; Super vitesse pour capturer des cibles et les localiser avec pr\u00e9cision.<br \/>\n-Recherche de gros et petits diamants.<br \/>\n&#8211; Recherche de joyaux et capacit\u00e9 \u00e0 d\u00e9couvrir 18 esp\u00e8ces diff\u00e9rentes<br \/>\n&#8211; Saphir, \u00c9meraude, Quartz, Topaze, Granet, Am\u00e9thyste, Lapis Lazuli, Tourmaline, Columbite, Tanzanite, Turquoise, P\u00e9ridot, Alexandrite,<br \/>\nOeil de chat, rubis, jaspe, opale, aigue-marine.<br \/>\n&#8211; Recherche de m\u00e9taux pr\u00e9cieux tels que l&rsquo;or ancien enfoui &#8211; platine p\u00e9pite d&rsquo;or &#8211; argent &#8211; bronze &#8211; zircon &#8211; cobalt &#8211; coltan &#8211; cuivre &#8211; mercure &#8211; m\u00e9t\u00e9orites &#8211; osmium.<\/p>\n","protected":false},"featured_media":13239,"template":"","meta":{"_acf_changed":false},"product_brand":[],"product_cat":[739,737,743,765],"product_tag":[],"class_list":{"0":"post-11844","1":"product","2":"type-product","3":"status-publish","4":"has-post-thumbnail","6":"product_cat-detecteurs-dor","7":"product_cat-detecteurs-de-diamant","8":"product_cat-detecteurs-de-metaux","9":"product_cat-ger-detect-fr","11":"first","12":"instock","13":"sale","14":"featured","15":"shipping-taxable","16":"purchasable","17":"product-type-simple"},"acf":[],"_links":{"self":[{"href":"https:\/\/gmd-detectors.com\/fr\/wp-json\/wp\/v2\/product\/11844","targetHints":{"allow":["GET"]}}],"collection":[{"href":"https:\/\/gmd-detectors.com\/fr\/wp-json\/wp\/v2\/product"}],"about":[{"href":"https:\/\/gmd-detectors.com\/fr\/wp-json\/wp\/v2\/types\/product"}],"wp:featuredmedia":[{"embeddable":true,"href":"https:\/\/gmd-detectors.com\/fr\/wp-json\/wp\/v2\/media\/13239"}],"wp:attachment":[{"href":"https:\/\/gmd-detectors.com\/fr\/wp-json\/wp\/v2\/media?parent=11844"}],"wp:term":[{"taxonomy":"product_brand","embeddable":true,"href":"https:\/\/gmd-detectors.com\/fr\/wp-json\/wp\/v2\/product_brand?post=11844"},{"taxonomy":"product_cat","embeddable":true,"href":"https:\/\/gmd-detectors.com\/fr\/wp-json\/wp\/v2\/product_cat?post=11844"},{"taxonomy":"product_tag","embeddable":true,"href":"https:\/\/gmd-detectors.com\/fr\/wp-json\/wp\/v2\/product_tag?post=11844"}],"curies":[{"name":"wp","href":"https:\/\/api.w.org\/{rel}","templated":true}]}}