{"id":12004,"date":"2022-12-24T10:42:17","date_gmt":"2022-12-24T07:42:17","guid":{"rendered":"https:\/\/gmd-detectors.com\/?post_type=product&#038;p=12004"},"modified":"2022-12-27T14:52:33","modified_gmt":"2022-12-27T11:52:33","slug":"tf-mini-detector","status":"publish","type":"product","link":"https:\/\/gmd-detectors.com\/fr\/produit\/tf-mini-detector\/","title":{"rendered":"TF-MINI  Detector"},"content":{"rendered":"<div class=\"wpb-content-wrapper\"><p>[vc_section][vc_row full_width=\u00a0\u00bbstretch_row\u00a0\u00bb mobile_bg_img_hidden=\u00a0\u00bbno\u00a0\u00bb tablet_bg_img_hidden=\u00a0\u00bbno\u00a0\u00bb woodmart_parallax=\u00a0\u00bb0&Prime; woodmart_gradient_switch=\u00a0\u00bbno\u00a0\u00bb row_reverse_mobile=\u00a0\u00bb0&Prime; row_reverse_tablet=\u00a0\u00bb0&Prime; woodmart_disable_overflow=\u00a0\u00bb0&Prime; css=\u00a0\u00bb.vc_custom_1610457064397{border-bottom-width: 1px !important;padding-bottom: 40px !important;border-bottom-color: #e6e6e6 !important;border-bottom-style: solid !important;}\u00a0\u00bb][vc_column][vc_raw_html]JTNDZGl2JTIwY2xhc3MlM0QlMjJ2aWRlby1yZXNwb25zaXZlJTIyJTNFJTNDaWZyYW1lJTIwc3JjJTNEJTIyaHR0cHMlM0ElMkYlMkZ3d3cueW91dHViZS5jb20lMkZlbWJlZCUyRjNSZ1RPWV9IV3ZvJTNGcmVsJTNEMCUyMiUyMHdpZHRoJTNEJTIyMTAwJTI1JTIyJTIwaGVpZ2h0JTNEJTIyMzgwJTIyJTIwZnJhbWVib3JkZXIlM0QlMjIwJTIyJTIwYWxsb3dmdWxsc2NyZWVuJTNEJTIyYWxsb3dmdWxsc2NyZWVuJTIyJTNFJTNDJTJGaWZyYW1lJTNFJTNDJTJGZGl2JTNF[\/vc_raw_html][vc_single_image image=\u00a0\u00bb12011&Prime; img_size=\u00a0\u00bb500&#215;0&Prime; alignment=\u00a0\u00bbcenter\u00a0\u00bb style=\u00a0\u00bbvc_box_shadow_border\u00a0\u00bb parallax_scroll=\u00a0\u00bbno\u00a0\u00bb el_class=\u00a0\u00bbfloat-right-img\u00a0\u00bb][vc_column_text text_larger=\u00a0\u00bbno\u00a0\u00bb]<br \/>\nIl est temps de se d\u00e9barrasser des appareils complexes et lourds et de passer aux nouvelles technologies de d\u00e9tection, montre-bracelet d\u00e9tecteur de m\u00e9taux pr\u00e9cieux TF MINI avec nano technologie int\u00e9gr\u00e9e, pour atteindre votre tr\u00e9sor et r\u00e9aliser votre r\u00eave.<br \/>\nParce que MWF cherche toujours \u00e0 d\u00e9velopper et \u00e0 fournir un produit distinctif et efficace et se soucie des exigences des explorateurs et des aventuriers qui aiment rechercher des tr\u00e9sors partout dans le monde.<br \/>\nL\u2019appareil TF MINI fonctionne AVEC un syst\u00e8me de d\u00e9tection radar int\u00e9gr\u00e9 pour d\u00e9tecter et rechercher l\u2019ionisation radioactive des m\u00e9taux pr\u00e9cieux enfouis sous terre.<\/p>\n<p>\u2022 Un petit d\u00e9tecteur de tr\u00e9sor et de m\u00e9tal qui se fixe au poignet comme une montre de luxe<br \/>\n\u2022 Il a un design confortable et une forme \u00e9pur\u00e9e, et il convient \u00e0 tous les go\u00fbts<br \/>\n\u2022 Il est si l\u00e9ger que vous ne le sentez pas sur votre poignet<br \/>\n\u2022 Il n\u2019est pas n\u00e9cessaire de changer constamment les piles car il comprend une batterie rechargeable int\u00e9gr\u00e9e<br \/>\n\u2022 Tension \u00e0 faible consommation d\u2019\u00e9nergie avec une sensibilit\u00e9 \u00e9lev\u00e9e<br \/>\n\u2022 Poids l\u00e9ger seulement 90 grammes<br \/>\n\u2022 R\u00e9ponse rapide et capacit\u00e9s de r\u00e9initialisation et d\u2019\u00e9talonnage en un clic<br \/>\n\u2022 Pointeur audio Le visuel interactif interagit vers le haut lorsque la cible est approch\u00e9e<br \/>\n\u2022 Syst\u00e8me de programmation et compatibilit\u00e9 automatique avec tous types de terrains et sols rocheux, montagneux, sablonneux et boueux.<br \/>\n\u2022 Il a une fonction d\u2019indicateur de niveau de batterie et de chute de tension<br \/>\n\u2022 Indicateur lumineux interactif, il r\u00e9agit progressivement \u00e0 l\u2019approche ou \u00e0 l\u2019\u00e9loignement du m\u00e9tal<br \/>\n\u2022 Indicateur de r\u00e9ponse audio et visuel interactif, qui donne une d\u00e9termination pr\u00e9cise de la taille du m\u00e9tal en fonction de la force de sensibilit\u00e9<br \/>\n\u2022 L\u2019autonomie de la batterie en mode d\u2019utilisation est de 8&nbsp;heures<br \/>\n\u2022 Syst\u00e8me avanc\u00e9 et pr\u00e9cis d\u2019envoi et de r\u00e9ception de signaux (HSW), fourni uniquement par MWF, gr\u00e2ce \u00e0 ses processus d\u2019\u00e9tude et de d\u00e9veloppement modernes pour la forme du signal et en le chargeant sur des chemins d\u2019onde tr\u00e8s sensibles.<br \/>\n\u2022 Cet appareil est compos\u00e9 des meilleurs plastiques, composants et circuits \u00e9lectroniques aux normes internationales.<br \/>\n\u2022 Pr\u00e9cision et haute qualit\u00e9 dans la fabrication et les performances.<br \/>\n[\/vc_column_text]<div id=\"wd-63a7efbd7f539\" class=\" wd-rs-63a7efbd7f539  wd-button-wrapper text-center inline-element\"><a href=\"https:\/\/gmd-detectors.com\/wp-content\/uploads\/2022\/12\/tfmini.pdf\" title=\"\" target=\"_blank\" class=\"btn btn-color-primary btn-style-default btn-shape-semi-round btn-size-default btn-icon-pos-left\">User manual<span class=\"wd-btn-icon\"><span class=\"wd-icon fas fa-file-pdf\"><\/span><\/span><\/a><\/div>[\/vc_column][\/vc_row][vc_row full_width=\u00a0\u00bbstretch_row\u00a0\u00bb mobile_bg_img_hidden=\u00a0\u00bbno\u00a0\u00bb tablet_bg_img_hidden=\u00a0\u00bbno\u00a0\u00bb woodmart_parallax=\u00a0\u00bb0&Prime; woodmart_gradient_switch=\u00a0\u00bbno\u00a0\u00bb row_reverse_mobile=\u00a0\u00bb0&Prime; row_reverse_tablet=\u00a0\u00bb0&Prime; woodmart_disable_overflow=\u00a0\u00bb0&Prime; css=\u00a0\u00bb.vc_custom_1610457076119{margin-bottom: -80px !important;padding-top: 40px !important;padding-bottom: 40px !important;background-color: #f7f7f7 !important;}\u00a0\u00bb][vc_column][vc_tta_tabs style=\u00a0\u00bbmodern\u00a0\u00bb alignment=\u00a0\u00bbcenter\u00a0\u00bb active_section=\u00a0\u00bb1&Prime;][vc_tta_section title=\u00a0\u00bbSyst\u00e8mes de d\u00e9tection\u00a0\u00bb tab_id=\u00a0\u00bb1598442086500-76e5a306-5ebf40f2-926698a0-e1ff\u00a0\u00bb][vc_toggle title=\u00a0\u00bbSYST\u00c8MES DE D\u00c9TECTION\u00a0\u00bb open=\u00a0\u00bbtrue\u00a0\u00bb]    \u2022 La petite taille de l\u2019appareil permet d\u2019acc\u00e9der \u00e0 des lieux de recherche inaccessibles via un autre appareil<br \/>\n\u2022 D\u00e9tection de m\u00e9taux pr\u00e9cieux, enfouis dans le sol<br \/>\n\u2022 D\u00e9couvrez des tr\u00e9sors cach\u00e9s \u00e0 diff\u00e9rents endroits<br \/>\n\u2022 D\u00e9tection en conduisant une moto ou un v\u00e9lo<br \/>\n\u2022 Vous pouvez vous d\u00e9placer et voyager avec elle o\u00f9 vous voulez<br \/>\n\u2022 D\u00e9barrassez-vous des appareils complexes et lourds<br \/>\n\n\t\t<style type=\"text\/css\">\n\t\t\t#gallery-1 {\n\t\t\t\tmargin: auto;\n\t\t\t}\n\t\t\t#gallery-1 .gallery-item {\n\t\t\t\tfloat: left;\n\t\t\t\tmargin-top: 10px;\n\t\t\t\ttext-align: center;\n\t\t\t\twidth: 50%;\n\t\t\t}\n\t\t\t#gallery-1 img {\n\t\t\t\tborder: 2px solid #cfcfcf;\n\t\t\t}\n\t\t\t#gallery-1 .gallery-caption {\n\t\t\t\tmargin-left: 0;\n\t\t\t}\n\t\t\t\/* see gallery_shortcode() in wp-includes\/media.php *\/\n\t\t<\/style>\n\t\t<div id='gallery-1' class='gallery galleryid-12004 gallery-columns-2 gallery-size-large'><dl class='gallery-item'>\n\t\t\t<dt class='gallery-icon landscape'>\n\t\t\t\t<img loading=\"lazy\" decoding=\"async\" width=\"1000\" height=\"993\" src=\"https:\/\/gmd-detectors.com\/wp-content\/uploads\/2022\/12\/tf-mini-detector-ads-2.jpg\" class=\"attachment-large size-large\" alt=\"\" srcset=\"https:\/\/gmd-detectors.com\/wp-content\/uploads\/2022\/12\/tf-mini-detector-ads-2.jpg 1000w, https:\/\/gmd-detectors.com\/wp-content\/uploads\/2022\/12\/tf-mini-detector-ads-2-600x596.jpg 600w, https:\/\/gmd-detectors.com\/wp-content\/uploads\/2022\/12\/tf-mini-detector-ads-2-150x150.jpg 150w, https:\/\/gmd-detectors.com\/wp-content\/uploads\/2022\/12\/tf-mini-detector-ads-2-300x298.jpg 300w, https:\/\/gmd-detectors.com\/wp-content\/uploads\/2022\/12\/tf-mini-detector-ads-2-768x763.jpg 768w\" sizes=\"auto, (max-width: 1000px) 100vw, 1000px\" \/>\n\t\t\t<\/dt><\/dl><dl class='gallery-item'>\n\t\t\t<dt class='gallery-icon landscape'>\n\t\t\t\t<img loading=\"lazy\" decoding=\"async\" width=\"1000\" height=\"993\" src=\"https:\/\/gmd-detectors.com\/wp-content\/uploads\/2022\/12\/tf-mini-detector-ads-1.jpg\" class=\"attachment-large size-large\" alt=\"\" srcset=\"https:\/\/gmd-detectors.com\/wp-content\/uploads\/2022\/12\/tf-mini-detector-ads-1.jpg 1000w, https:\/\/gmd-detectors.com\/wp-content\/uploads\/2022\/12\/tf-mini-detector-ads-1-600x596.jpg 600w, https:\/\/gmd-detectors.com\/wp-content\/uploads\/2022\/12\/tf-mini-detector-ads-1-150x150.jpg 150w, https:\/\/gmd-detectors.com\/wp-content\/uploads\/2022\/12\/tf-mini-detector-ads-1-300x298.jpg 300w, https:\/\/gmd-detectors.com\/wp-content\/uploads\/2022\/12\/tf-mini-detector-ads-1-768x763.jpg 768w\" sizes=\"auto, (max-width: 1000px) 100vw, 1000px\" \/>\n\t\t\t<\/dt><\/dl><br style=\"clear: both\" \/>\n\t\t<\/div>\n[\/vc_toggle][\/vc_tta_section][vc_tta_section title=\u00a0\u00bbSp\u00e9cifications techniques\u00a0\u00bb tab_id=\u00a0\u00bb1598442096952-72789241-2ba340f2-926698a0-e1ff\u00a0\u00bb][vc_column_text text_larger=\u00a0\u00bbno\u00a0\u00bb]<\/p>\n<table>\n<tbody>\n<tr>\n<td><b>syst\u00e8me de d\u00e9tection&nbsp;:<\/b><\/td>\n<td><span style=\"font-weight: 400;\">Syst\u00e8me de recherche radar int\u00e9gr\u00e9 ionique<\/span><\/td>\n<\/tr>\n<tr>\n<td><b>Principe de d\u00e9tection&nbsp;:<\/b><\/td>\n<td><span style=\"font-weight: 400;\">Niveaux de traitement et signaux d\u2019ionisation radioactive pour d\u00e9tecter les m\u00e9taux pr\u00e9cieux enfouis<\/span><\/td>\n<\/tr>\n<tr>\n<td><b>Processeur d\u2019op\u00e9ration&nbsp;:<\/b><\/td>\n<td><span style=\"font-weight: 400;\">MICROCONTROLEUR PIC18 &amp; ARM&nbsp;7<\/span><\/td>\n<\/tr>\n<tr>\n<td><b>Fr\u00e9quence de fonctionnement<\/b><\/td>\n<td><span style=\"font-weight: 400;\">50&nbsp;MHz<\/span><\/td>\n<\/tr>\n<tr>\n<td><b>Type d\u2019alarme&nbsp;:<\/b><\/td>\n<td><span style=\"font-weight: 400;\">Alarme lumineuse et sonore interactive<\/span><\/td>\n<\/tr>\n<tr>\n<td><b>\u00c9nergie&nbsp;:<\/b><\/td>\n<td><span style=\"font-weight: 400;\">Deux cellules lithium-ion, 7,4&nbsp;volts, 400&nbsp;mAh.<\/span><\/td>\n<\/tr>\n<tr>\n<td><b>Consommation d\u2019\u00e9nergie&nbsp;:<\/b><\/td>\n<td><span style=\"font-weight: 400;\">La consommation maximale est de 200&nbsp;mAh<\/span><\/td>\n<\/tr>\n<tr>\n<td><b>Heures de fonctionnement de la batterie&nbsp;:<\/b><\/td>\n<td><span style=\"font-weight: 400;\">8&nbsp;heures de travail r\u00e9el<\/span><\/td>\n<\/tr>\n<tr>\n<td><b>chargeur&nbsp;:<\/b><\/td>\n<td><span style=\"font-weight: 400;\">9V 1A \/ Temps de charge : 30 minutes<\/span><\/td>\n<\/tr>\n<tr>\n<td><b>Sp\u00e9cialis\u00e9 dans la d\u00e9tection&nbsp;:<\/b><\/td>\n<td><span style=\"font-weight: 400;\">M\u00e9taux pr\u00e9cieux enfouis<\/span><\/td>\n<\/tr>\n<tr>\n<td><b>Profondeur de la recherche&nbsp;:<\/b><\/td>\n<td><span style=\"font-weight: 400;\">5 m\u00e8tres<\/span><\/td>\n<\/tr>\n<tr>\n<td><b>Distance de recherche&nbsp;:<\/b><\/td>\n<td><span style=\"font-weight: 400;\">20 m\u00e8tres<\/span><\/td>\n<\/tr>\n<tr>\n<td><b>Temp\u00e9rature de fonctionnement&nbsp;:<\/b><\/td>\n<td><span style=\"font-weight: 400;\">de -15\u00b0C \u00b0C \u00e0 55 \u00b0C \u00b0C<\/span><\/td>\n<\/tr>\n<tr>\n<td><b>Temp\u00e9rature de stockage&nbsp;:<\/b><\/td>\n<td><span style=\"font-weight: 400;\">de \u2013 15\u00b0C \u00b0C \u00e0 50 \u00b0C \u00b0C<\/span><\/td>\n<\/tr>\n<tr>\n<td><b>Humidit\u00e9&nbsp;:<\/b><\/td>\n<td><span style=\"font-weight: 400;\">Il peut \u00eatre stock\u00e9 et utilis\u00e9 \u00e0 un niveau d\u2019humidit\u00e9 de 90&nbsp;degr\u00e9s&nbsp;%<\/span><\/td>\n<\/tr>\n<tr>\n<td><b>poids&nbsp;:<\/b><\/td>\n<td><span style=\"font-weight: 400;\">Compos\u00e9&nbsp;: 90&nbsp;g \u2013 en sachet&nbsp;: 400&nbsp;g<\/span><\/td>\n<\/tr>\n<tr>\n<td><b>Dimensions&nbsp;:<\/b><\/td>\n<td><span style=\"font-weight: 400;\">4,8 x 7,8 x 2,6 cm<\/span><\/td>\n<\/tr>\n<\/tbody>\n<\/table>\n<p>[\/vc_column_text][\/vc_tta_section][vc_tta_section title=\u00a0\u00bbAccessoires\u00a0\u00bb tab_id=\u00a0\u00bb1598442097652-d383f913-39bd40f2-926698a0-e1ff\u00a0\u00bb][vc_column_text text_larger=\u00a0\u00bbno\u00a0\u00bb]  \u2022 main unit<br \/>\n\u2022 radar antenna<br \/>\n\u2022 wrist strap<br \/>\n\u2022 Charger<br \/>\n\u2022 User\u2019s Manual<br \/>\n\u2022 Warranty card<br \/>\n[\/vc_column_text]\t\t<div id=\"gallery_652\" class=\"wd-images-gallery wd-wpb\" style=\"--wd-justify-content:center;--wd-align-items:center;\">\n\t\t\t\n\t\t\t<div class=\" wd-grid-g\" style=\"--wd-col-lg:3;--wd-col-md:3;--wd-col-sm:1;--wd-gap-lg:30px;--wd-gap-sm:10px;\">\n\t\t\t\t\n\t\t\t\t\t\t\t\t\t\t\t\t\t\t\t<div class=\"wd-gallery-item wd-col\">\n\t\t\t\t\t\t\t\n\t\t\t\t\t\t\t\t<img loading=\"lazy\" decoding=\"async\" width=\"1000\" height=\"993\" src=\"https:\/\/gmd-detectors.com\/wp-content\/uploads\/2022\/12\/Main-unit-1.jpg\" class=\"wd-gallery-image image-1\" alt=\"\" srcset=\"https:\/\/gmd-detectors.com\/wp-content\/uploads\/2022\/12\/Main-unit-1.jpg 1000w, https:\/\/gmd-detectors.com\/wp-content\/uploads\/2022\/12\/Main-unit-1-600x596.jpg 600w, https:\/\/gmd-detectors.com\/wp-content\/uploads\/2022\/12\/Main-unit-1-150x150.jpg 150w, https:\/\/gmd-detectors.com\/wp-content\/uploads\/2022\/12\/Main-unit-1-300x298.jpg 300w, https:\/\/gmd-detectors.com\/wp-content\/uploads\/2022\/12\/Main-unit-1-768x763.jpg 768w\" sizes=\"auto, (max-width: 1000px) 100vw, 1000px\" \/>\n\t\t\t\t\t\t\t\t\t\t\t\t\t\t<\/div>\n\t\t\t\t\t\t\t\t\t\t\t<div class=\"wd-gallery-item wd-col\">\n\t\t\t\t\t\t\t\n\t\t\t\t\t\t\t\t<img loading=\"lazy\" decoding=\"async\" width=\"1000\" height=\"993\" src=\"https:\/\/gmd-detectors.com\/wp-content\/uploads\/2022\/12\/Radar-antenna-1.jpg\" class=\"wd-gallery-image image-2\" alt=\"\" srcset=\"https:\/\/gmd-detectors.com\/wp-content\/uploads\/2022\/12\/Radar-antenna-1.jpg 1000w, https:\/\/gmd-detectors.com\/wp-content\/uploads\/2022\/12\/Radar-antenna-1-600x596.jpg 600w, https:\/\/gmd-detectors.com\/wp-content\/uploads\/2022\/12\/Radar-antenna-1-150x150.jpg 150w, https:\/\/gmd-detectors.com\/wp-content\/uploads\/2022\/12\/Radar-antenna-1-300x298.jpg 300w, https:\/\/gmd-detectors.com\/wp-content\/uploads\/2022\/12\/Radar-antenna-1-768x763.jpg 768w\" sizes=\"auto, (max-width: 1000px) 100vw, 1000px\" \/>\n\t\t\t\t\t\t\t\t\t\t\t\t\t\t<\/div>\n\t\t\t\t\t\t\t\t\t\t\t<div class=\"wd-gallery-item wd-col\">\n\t\t\t\t\t\t\t\n\t\t\t\t\t\t\t\t<img loading=\"lazy\" decoding=\"async\" width=\"1000\" height=\"993\" src=\"https:\/\/gmd-detectors.com\/wp-content\/uploads\/2022\/12\/Arm-strap-1.jpg\" class=\"wd-gallery-image image-3\" alt=\"\" srcset=\"https:\/\/gmd-detectors.com\/wp-content\/uploads\/2022\/12\/Arm-strap-1.jpg 1000w, https:\/\/gmd-detectors.com\/wp-content\/uploads\/2022\/12\/Arm-strap-1-600x596.jpg 600w, https:\/\/gmd-detectors.com\/wp-content\/uploads\/2022\/12\/Arm-strap-1-150x150.jpg 150w, https:\/\/gmd-detectors.com\/wp-content\/uploads\/2022\/12\/Arm-strap-1-300x298.jpg 300w, https:\/\/gmd-detectors.com\/wp-content\/uploads\/2022\/12\/Arm-strap-1-768x763.jpg 768w\" sizes=\"auto, (max-width: 1000px) 100vw, 1000px\" \/>\n\t\t\t\t\t\t\t\t\t\t\t\t\t\t<\/div>\n\t\t\t\t\t\t\t\t\t\t\t<div class=\"wd-gallery-item wd-col\">\n\t\t\t\t\t\t\t\n\t\t\t\t\t\t\t\t<img loading=\"lazy\" decoding=\"async\" width=\"1000\" height=\"993\" src=\"https:\/\/gmd-detectors.com\/wp-content\/uploads\/2022\/12\/charger.jpg\" class=\"wd-gallery-image image-4\" alt=\"\" srcset=\"https:\/\/gmd-detectors.com\/wp-content\/uploads\/2022\/12\/charger.jpg 1000w, https:\/\/gmd-detectors.com\/wp-content\/uploads\/2022\/12\/charger-600x596.jpg 600w, https:\/\/gmd-detectors.com\/wp-content\/uploads\/2022\/12\/charger-150x150.jpg 150w, https:\/\/gmd-detectors.com\/wp-content\/uploads\/2022\/12\/charger-300x298.jpg 300w, https:\/\/gmd-detectors.com\/wp-content\/uploads\/2022\/12\/charger-768x763.jpg 768w\" sizes=\"auto, (max-width: 1000px) 100vw, 1000px\" \/>\n\t\t\t\t\t\t\t\t\t\t\t\t\t\t<\/div>\n\t\t\t\t\t\t\t\t\t\n\t\t\t\t\t\t\t<\/div>\n\n\t\t\t\t\t<\/div>\n\t\t[\/vc_tta_section][\/vc_tta_tabs][\/vc_column][\/vc_row][\/vc_section]<\/p>\n<\/div>","protected":false},"excerpt":{"rendered":"<p>Il est temps de se d\u00e9barrasser des appareils complexes et lourds et de passer aux nouvelles technologies de d\u00e9tection, montre-bracelet d\u00e9tecteur de m\u00e9taux pr\u00e9cieux TF MINI avec nano technologie int\u00e9gr\u00e9e, pour atteindre votre tr\u00e9sor et r\u00e9aliser votre r\u00eave.<br \/>\n    Parce que MWF cherche toujours \u00e0 d\u00e9velopper et \u00e0 fournir un produit distinctif et efficace et se soucie des exigences des explorateurs et des aventuriers qui aiment rechercher des tr\u00e9sors partout dans le monde.<br \/>\n    L\u2019appareil TF MINI fonctionne AVEC un syst\u00e8me de d\u00e9tection radar int\u00e9gr\u00e9 pour d\u00e9tecter et rechercher l\u2019ionisation radioactive des m\u00e9taux pr\u00e9cieux enfouis sous terre.<\/p>\n<p>La profondeur de recherche de l&rsquo;appareil TF-MINI atteint jusqu&rsquo;\u00e0 5 m\u00e8tres dans le sol et la port\u00e9e avant est de 20 m\u00e8tres.<\/p>\n","protected":false},"featured_media":12007,"template":"","meta":{"_acf_changed":false},"product_brand":[],"product_cat":[739,743],"product_tag":[],"class_list":{"0":"post-12004","1":"product","2":"type-product","3":"status-publish","4":"has-post-thumbnail","6":"product_cat-detecteurs-dor","7":"product_cat-detecteurs-de-metaux","9":"first","10":"instock","11":"shipping-taxable","12":"purchasable","13":"product-type-simple"},"acf":[],"_links":{"self":[{"href":"https:\/\/gmd-detectors.com\/fr\/wp-json\/wp\/v2\/product\/12004","targetHints":{"allow":["GET"]}}],"collection":[{"href":"https:\/\/gmd-detectors.com\/fr\/wp-json\/wp\/v2\/product"}],"about":[{"href":"https:\/\/gmd-detectors.com\/fr\/wp-json\/wp\/v2\/types\/product"}],"wp:featuredmedia":[{"embeddable":true,"href":"https:\/\/gmd-detectors.com\/fr\/wp-json\/wp\/v2\/media\/12007"}],"wp:attachment":[{"href":"https:\/\/gmd-detectors.com\/fr\/wp-json\/wp\/v2\/media?parent=12004"}],"wp:term":[{"taxonomy":"product_brand","embeddable":true,"href":"https:\/\/gmd-detectors.com\/fr\/wp-json\/wp\/v2\/product_brand?post=12004"},{"taxonomy":"product_cat","embeddable":true,"href":"https:\/\/gmd-detectors.com\/fr\/wp-json\/wp\/v2\/product_cat?post=12004"},{"taxonomy":"product_tag","embeddable":true,"href":"https:\/\/gmd-detectors.com\/fr\/wp-json\/wp\/v2\/product_tag?post=12004"}],"curies":[{"name":"wp","href":"https:\/\/api.w.org\/{rel}","templated":true}]}}