{"id":12056,"date":"2023-03-11T10:31:45","date_gmt":"2023-03-11T07:31:45","guid":{"rendered":"https:\/\/gmd-detectors.com\/?post_type=product&#038;p=12056"},"modified":"2026-03-04T07:52:49","modified_gmt":"2026-03-04T04:52:49","slug":"uig-ground-scanner-detector","status":"publish","type":"product","link":"https:\/\/gmd-detectors.com\/fr\/produit\/uig-ground-scanner-detector\/","title":{"rendered":"UIG GROUND SCANNER DETECTOR"},"content":{"rendered":"<div class=\"wpb-content-wrapper\"><p>[vc_row full_width=\u00a0\u00bbstretch_row\u00a0\u00bb mobile_bg_img_hidden=\u00a0\u00bbno\u00a0\u00bb tablet_bg_img_hidden=\u00a0\u00bbno\u00a0\u00bb woodmart_parallax=\u00a0\u00bb0&Prime; woodmart_gradient_switch=\u00a0\u00bbno\u00a0\u00bb row_reverse_mobile=\u00a0\u00bb0&Prime; row_reverse_tablet=\u00a0\u00bb0&Prime; woodmart_disable_overflow=\u00a0\u00bb0&Prime; css=\u00a0\u00bb.vc_custom_1610451467938{border-bottom-width: 1px !important;padding-bottom: 40px !important;border-bottom-color: #e6e6e6 !important;border-bottom-style: solid !important;}\u00a0\u00bb][vc_column][vc_raw_html]JTNDZGl2JTIwY2xhc3MlM0QlMjJ2aWRlby1yZXNwb25zaXZlJTIyJTNFJTNDaWZyYW1lJTIwc3JjJTNEJTIyaHR0cHMlM0ElMkYlMkZ3d3cueW91dHViZS5jb20lMkZlbWJlZCUyRnk4bm9QMmxiaXFRJTNGcmVsJTNEMCUyMiUyMHdpZHRoJTNEJTIyMTAwJTI1JTIyJTIwaGVpZ2h0JTNEJTIyMzgwJTIyJTIwZnJhbWVib3JkZXIlM0QlMjIwJTIyJTIwYWxsb3dmdWxsc2NyZWVuJTNEJTIyYWxsb3dmdWxsc2NyZWVuJTIyJTNFJTNDJTJGaWZyYW1lJTNFJTNDJTJGZGl2JTNF[\/vc_raw_html][vc_column_text text_larger=\u00a0\u00bbno\u00a0\u00bb]UIG Ground Scanner est un syst\u00e8me de scan en direct et d&rsquo;imagerie au sol utilisant la technologie 3D<\/p>\n<p>Commencez votre voyage d&rsquo;exploration en recherchant des m\u00e9taux pr\u00e9cieux, des tr\u00e9sors enfouis, des reliques anciennes, des tombes arch\u00e9ologiques, des grottes et des vides souterrains avec l&rsquo;appareil UIG Ground Scanner, la technologie unique et unique en son genre au monde, qui combine trois syst\u00e8mes d&rsquo;imagerie diff\u00e9rents avec un appareil sp\u00e9cialis\u00e9 dans l&rsquo;exploration et la recherche de m\u00e9taux, de tr\u00e9sors, de s\u00e9pultures arch\u00e9ologiques, de tunnels, de grottes, de vides dans le sol avec facilit\u00e9, haute pr\u00e9cision, en plus d&rsquo;effectuer un scan pr\u00e9cis des murs anciens et arch\u00e9ologiques.<\/p>\n<p>UIG Ground Scanner se caract\u00e9rise par sa petite taille et sa l\u00e9g\u00e8ret\u00e9, ce qui le rend pr\u00e9f\u00e9r\u00e9 des prospecteurs, en raison de sa facilit\u00e9 d&rsquo;utilisation dans l&rsquo;exploration et la recherche de m\u00e9taux pr\u00e9cieux, de tr\u00e9sors enfouis et de vides.<\/p>\n<p>Appareil multifonction:<\/p>\n<p>UIG Ground Scanner fonctionne avec trois syst\u00e8mes de d\u00e9tection et d&rsquo;imagerie souterrains:<\/p>\n<p>&#8211; Syst\u00e8me de scan au sol en direct.<\/p>\n<p>&#8211; Syst\u00e8me de scan mural en direct.<\/p>\n<p>&#8211; Syst\u00e8me d&rsquo;imagerie 3D.<\/p>\n<p>&#8211; En plus de distinguer les m\u00e9taux et les vides avec deux sons diff\u00e9rents.<\/p>\n<p>La profondeur de recherche pour l&rsquo;appareilUIG Ground Scanner est jusqu&rsquo;\u00e0 30 m\u00e8tres sous terre.<\/p>\n<p>UIG Ground Scanner est l&rsquo;une des meilleures industries allemandes.[\/vc_column_text][\/vc_column][\/vc_row][vc_row full_width=\u00a0\u00bbstretch_row\u00a0\u00bb mobile_bg_img_hidden=\u00a0\u00bbno\u00a0\u00bb tablet_bg_img_hidden=\u00a0\u00bbno\u00a0\u00bb woodmart_parallax=\u00a0\u00bb0&Prime; woodmart_gradient_switch=\u00a0\u00bbno\u00a0\u00bb row_reverse_mobile=\u00a0\u00bb0&Prime; row_reverse_tablet=\u00a0\u00bb0&Prime; woodmart_disable_overflow=\u00a0\u00bb0&Prime; css=\u00a0\u00bb.vc_custom_1610451892311{margin-bottom: -80px !important;padding-top: 40px !important;padding-bottom: 40px !important;background-color: #f7f7f7 !important;}\u00a0\u00bb][vc_column][vc_tta_tabs style=\u00a0\u00bbmodern\u00a0\u00bb alignment=\u00a0\u00bbcenter\u00a0\u00bb active_section=\u00a0\u00bb1&Prime;][vc_tta_section title=\u00a0\u00bbCaract\u00e9ristiques\u00a0\u00bb tab_id=\u00a0\u00bb1598441911523-c89c9e8e-bac040f2-9266&Prime;][vc_column_text text_larger=\u00a0\u00bbno\u00a0\u00bb]UIG ground scanner est un syst\u00e8me de scan en direct et d&rsquo;imagerie au sol utilisant la technologie 3D.<\/p>\n<p>Commencez votre voyage d&rsquo;exploration en recherchant des m\u00e9taux pr\u00e9cieux, des tr\u00e9sors enfouis, des reliques anciennes, des tombes arch\u00e9ologiques, des grottes et des vides souterrains avec le dispositif UIG ground scanner, la technologie unique et unique en son genre au monde, qui combine trois syst\u00e8mes d&rsquo;imagerie diff\u00e9rents avec un appareil sp\u00e9cialis\u00e9 dans l&rsquo;exploration et la recherche de m\u00e9taux, de tr\u00e9sors, de s\u00e9pultures arch\u00e9ologiques, de tunnels, de grottes, de vides dans le sol avec facilit\u00e9, haute pr\u00e9cision, en plus d&rsquo;effectuer un balayage pr\u00e9cis des murs anciens et arch\u00e9ologiques.<\/p>\n<p>UIG ground scanner fonctionne avec trois technologies professionnelles de scan et d&rsquo;imagerie avec un capteur d&rsquo;imagerie multifonctionnel avec des technologies modernes et tr\u00e8s efficaces soutenues par un bras mobile l\u00e9ger pour faciliter le scan et l&rsquo;imagerie des cibles, en plus de la possibilit\u00e9 de distinguer les m\u00e9taux et les vides avec deux sons diff\u00e9rents.<\/p>\n<p>UIG ground scanner se caract\u00e9rise par sa petite taille et sa l\u00e9g\u00e8ret\u00e9, ce qui le rend pr\u00e9f\u00e9r\u00e9 des prospecteurs, en raison de sa facilit\u00e9 d&rsquo;utilisation dans l&rsquo;exploration et la recherche de m\u00e9taux pr\u00e9cieux, de tr\u00e9sors enfouis et de vides dans le sol.<\/p>\n<p>Description:<\/p>\n<p>Trois syst\u00e8mes de d\u00e9tection et d&rsquo;imagerie souterrains dans un seul appareil.<\/p>\n<p>UIG ground scanner est un appareil multi-syst\u00e8me pour d\u00e9tecter les m\u00e9taux pr\u00e9cieux, les tr\u00e9sors, les s\u00e9pultures arch\u00e9ologiques, les tunnels, les grottes et les vides souterrains.<\/p>\n<p>&#8211; Haute vitesse et pr\u00e9cision dans la d\u00e9tection de cibles souterraines.<\/p>\n<p>&#8211; Tr\u00e8s efficace pour scanner des cibles \u00e0 l&rsquo;int\u00e9rieur d&rsquo;anciens murs arch\u00e9ologiques.<\/p>\n<p>&#8211; Bras mobile l\u00e9ger pour faciliter le scan et la photographie des cibles.<\/p>\n<p>&#8211; La propri\u00e9t\u00e9 de distinguer les m\u00e9taux et les vides en deux sons diff\u00e9rentes.<\/p>\n<p>-D\u00e9terminer la profondeur de la cible en m\u00e8tres et marquer facilement et avec une grande pr\u00e9cision.<\/p>\n<p>&#8211; Une liste de plusieurs langues support\u00e9es par l&rsquo;application attach\u00e9e \u00e0 l&rsquo;appareil, \u00e0 savoir: (Anglais &#8211; Arabe &#8211; Espagnol &#8211; Fran\u00e7ais &#8211; Allemand &#8211; Portugais).<\/p>\n<p>&#8211; Couper et activer le son de l&rsquo;appareil.<\/p>\n<p>Syst\u00e8mes de recherche d&rsquo; UIG ground scanner[\/vc_column_text][\/vc_tta_section][vc_tta_section title=\u00a0\u00bbSyst\u00e8mes\u00a0\u00bb tab_id=\u00a0\u00bb1598442086500-76e5a306-5ebf40f2-9266&Prime;][vc_toggle title=\u00a0\u00bbSyst\u00e8me de scan au sol en direct\u00a0\u00bb open=\u00a0\u00bbtrue\u00a0\u00bb][\/vc_toggle][vc_toggle title=\u00a0\u00bbSyst\u00e8me de scan mural en direct\u00a0\u00bb][\/vc_toggle][vc_toggle title=\u00a0\u00bbSyst\u00e8me d&rsquo;imagerie 3D\u00a0\u00bb][\/vc_toggle][\/vc_tta_section][vc_tta_section title=\u00a0\u00bbSpecifications\u00a0\u00bb tab_id=\u00a0\u00bb1598442096952-72789241-2ba340f2-9266&Prime;][vc_column_text text_larger=\u00a0\u00bbno\u00a0\u00bb]<\/p>\n<table class=\"table table-striped table-bordered\">\n<thead class=\"thead-dark\">\n<tr>\n<th scope=\"col\">Nom de la sp\u00e9cification technique<\/th>\n<th scope=\"col\">Valeur de sp\u00e9cification technique<\/th>\n<\/tr>\n<\/thead>\n<tbody id=\"technicalContainer\">\n<tr>\n<td>Les dimensions Appareil avec capteur (ouvert)<\/td>\n<td>880 mm<\/td>\n<\/tr>\n<tr>\n<td>Les dimensions Appareil avec capteur (Ferm\u00e9)<\/td>\n<td>600 mm<\/td>\n<\/tr>\n<tr>\n<td>Les dimensions Appareil sans capteur (Ferm\u00e9)<\/td>\n<td>575 mm<\/td>\n<\/tr>\n<tr>\n<td>Bluetooth<\/td>\n<td>2.4 GHz Radio<\/td>\n<\/tr>\n<tr>\n<td>Vitesse de traitement des donn\u00e9es<\/td>\n<td>72 MHz<\/td>\n<\/tr>\n<tr>\n<td>Plage de temp\u00e9ratures de fonctionnement<\/td>\n<td>0 C\u00b0 to 70 C\u00b0<\/td>\n<\/tr>\n<tr>\n<td>Plage d&rsquo;humidit\u00e9 de fonctionnement<\/td>\n<td>Jusqu&rsquo;\u00e0 95 % sans condensation<\/td>\n<\/tr>\n<tr>\n<td>Plage de temp\u00e9rature de stockage<\/td>\n<td>-20C\u00b0 \u00e0 70C\u00b0<\/td>\n<\/tr>\n<tr>\n<td>Plage d&rsquo;humidit\u00e9 de stockage<\/td>\n<td>jusqu&rsquo;\u00e0 98 % d&rsquo;humidit\u00e9 relative<\/td>\n<\/tr>\n<tr>\n<td>Temps de fonctionnement (Batterie 27 Wh)<\/td>\n<td>10 Heures<\/td>\n<\/tr>\n<tr>\n<td>Indice d&rsquo;\u00e9tanch\u00e9it\u00e9 &#8211; D\u00e9tecteur<\/td>\n<td>Non \u00e9tanche (r\u00e9sistant aux intemp\u00e9ries uniquement)<\/td>\n<\/tr>\n<tr>\n<td class=\"table-dark\" colspan=\"2\">Sp\u00e9cifications techniques de la batterie BT144<\/td>\n<\/tr>\n<tr>\n<td>Type<\/td>\n<td>Batterie rechargeable Li-ion &#8211; batterie externe<\/td>\n<\/tr>\n<tr>\n<td>Tension de sortie<\/td>\n<td>Li-ion 10.8 VCC<\/td>\n<\/tr>\n<tr>\n<td>Capacit\u00e9<\/td>\n<td>Li-ion 27 Wh<\/td>\n<\/tr>\n<tr>\n<td>Dur\u00e9e<\/td>\n<td>10 Heures<\/td>\n<\/tr>\n<tr>\n<td>Temp\u00e9rature de fonctionnement de la batterie<\/td>\n<td>0 C\u00b0 \u00e0 50 C\u00b0<\/td>\n<\/tr>\n<tr>\n<td>Temp\u00e9rature de stockage de la batterie<\/td>\n<td>&#8211; 5C\u00b0 \u00e0 70C\u00b0<\/td>\n<\/tr>\n<tr>\n<td class=\"table-dark\" colspan=\"2\">Sp\u00e9cifications techniques du chargeur de batterie Li-ion<\/td>\n<\/tr>\n<tr>\n<td>Temp\u00e9rature de fonctionnement<\/td>\n<td>0 C\u00b0 \u00e0 50 C\u00b0<\/td>\n<\/tr>\n<tr>\n<td>Temp\u00e9rature de stockage<\/td>\n<td>&#8211; 30 C\u00b0 \u00e0 80 C\u00b0<\/td>\n<\/tr>\n<tr>\n<td>Tension d&rsquo;entr\u00e9e<\/td>\n<td>90 \u2192 250 VCA 50\u219260 Hz<\/td>\n<\/tr>\n<tr>\n<td>Courant de sortie USB<\/td>\n<td>5 VCC \/ 2100 mA<\/td>\n<\/tr>\n<tr>\n<td class=\"table-dark\" colspan=\"2\">Autres sp\u00e9cifications techniques<\/td>\n<\/tr>\n<tr>\n<td>Poids total<\/td>\n<td>3900 g<\/td>\n<\/tr>\n<tr>\n<td>Poids de l&rsquo;appareil<\/td>\n<td>1100 g<\/td>\n<\/tr>\n<tr>\n<td>Poids de la batterie<\/td>\n<td>330 g<\/td>\n<\/tr>\n<tr>\n<td>Poids du sac (vide)<\/td>\n<td>2230 g<\/td>\n<\/tr>\n<tr>\n<td>Dimensions du sac<\/td>\n<td>635 mm x 335 mm x 145 mm<\/td>\n<\/tr>\n<\/tbody>\n<\/table>\n<p>[\/vc_column_text][\/vc_tta_section][vc_tta_section title=\u00a0\u00bbAccessoires\u00a0\u00bb tab_id=\u00a0\u00bb1598442097652-d383f913-39bd40f2-9266&Prime;]\t\t<div id=\"gallery_279\" class=\"wd-images-gallery wd-wpb wd-rs-67a34c26c149d photoswipe-images\" style=\"--wd-justify-content:center;--wd-align-items:center;\">\n\t\t\t\n\t\t\t<div class=\" wd-grid-g\" style=\"--wd-col-lg:3;--wd-col-md:3;--wd-col-sm:1;--wd-gap-lg:2px;\">\n\t\t\t\t\n\t\t\t\t\t\t\t\t\t\t\t\t\t\t\t<div class=\"wd-gallery-item wd-col\">\n\t\t\t\t\t\t\t\t\t\t\t\t\t\t<a href=\"https:\/\/gmd-detectors.com\/wp-content\/uploads\/2023\/03\/Safety-Box.jpg\" data-elementor-open-lightbox=\"no\" data-index=\"1\" data-width=\"360\" data-height=\"360\" \n\t\t\t\t\t\t\t\t\t\t\t\t >\n\t\t\t\t\t\t\t\t\n\t\t\t\t\t\t\t\t<img loading=\"lazy\" decoding=\"async\" width=\"300\" height=\"300\" src=\"https:\/\/gmd-detectors.com\/wp-content\/uploads\/2023\/03\/Safety-Box-300x300.jpg\" class=\"wd-gallery-image image-1\" alt=\"\" srcset=\"https:\/\/gmd-detectors.com\/wp-content\/uploads\/2023\/03\/Safety-Box-300x300.jpg 300w, https:\/\/gmd-detectors.com\/wp-content\/uploads\/2023\/03\/Safety-Box-150x150.jpg 150w, https:\/\/gmd-detectors.com\/wp-content\/uploads\/2023\/03\/Safety-Box.jpg 360w\" sizes=\"auto, (max-width: 300px) 100vw, 300px\" \/>\n\t\t\t\t\t\t\t\t\t\t\t\t\t\t\t<\/a>\n\t\t\t\t\t\t\t\t\t\t\t\t<\/div>\n\t\t\t\t\t\t\t\t\t\t\t<div class=\"wd-gallery-item wd-col\">\n\t\t\t\t\t\t\t\t\t\t\t\t\t\t<a href=\"https:\/\/gmd-detectors.com\/wp-content\/uploads\/2023\/03\/Tablet.jpg\" data-elementor-open-lightbox=\"no\" data-index=\"2\" data-width=\"360\" data-height=\"360\" \n\t\t\t\t\t\t\t\t\t\t\t\t >\n\t\t\t\t\t\t\t\t\n\t\t\t\t\t\t\t\t<img loading=\"lazy\" decoding=\"async\" width=\"300\" height=\"300\" src=\"https:\/\/gmd-detectors.com\/wp-content\/uploads\/2023\/03\/Tablet-300x300.jpg\" class=\"wd-gallery-image image-2\" alt=\"\" srcset=\"https:\/\/gmd-detectors.com\/wp-content\/uploads\/2023\/03\/Tablet-300x300.jpg 300w, https:\/\/gmd-detectors.com\/wp-content\/uploads\/2023\/03\/Tablet-150x150.jpg 150w, https:\/\/gmd-detectors.com\/wp-content\/uploads\/2023\/03\/Tablet.jpg 360w\" sizes=\"auto, (max-width: 300px) 100vw, 300px\" \/>\n\t\t\t\t\t\t\t\t\t\t\t\t\t\t\t<\/a>\n\t\t\t\t\t\t\t\t\t\t\t\t<\/div>\n\t\t\t\t\t\t\t\t\t\t\t<div class=\"wd-gallery-item wd-col\">\n\t\t\t\t\t\t\t\t\t\t\t\t\t\t<a href=\"https:\/\/gmd-detectors.com\/wp-content\/uploads\/2023\/03\/Unit-Holder.jpg\" data-elementor-open-lightbox=\"no\" data-index=\"3\" data-width=\"360\" data-height=\"360\" \n\t\t\t\t\t\t\t\t\t\t\t\t >\n\t\t\t\t\t\t\t\t\n\t\t\t\t\t\t\t\t<img loading=\"lazy\" decoding=\"async\" width=\"300\" height=\"300\" src=\"https:\/\/gmd-detectors.com\/wp-content\/uploads\/2023\/03\/Unit-Holder-300x300.jpg\" class=\"wd-gallery-image image-3\" alt=\"\" srcset=\"https:\/\/gmd-detectors.com\/wp-content\/uploads\/2023\/03\/Unit-Holder-300x300.jpg 300w, https:\/\/gmd-detectors.com\/wp-content\/uploads\/2023\/03\/Unit-Holder-150x150.jpg 150w, https:\/\/gmd-detectors.com\/wp-content\/uploads\/2023\/03\/Unit-Holder.jpg 360w\" sizes=\"auto, (max-width: 300px) 100vw, 300px\" \/>\n\t\t\t\t\t\t\t\t\t\t\t\t\t\t\t<\/a>\n\t\t\t\t\t\t\t\t\t\t\t\t<\/div>\n\t\t\t\t\t\t\t\t\t\t\t<div class=\"wd-gallery-item wd-col\">\n\t\t\t\t\t\t\t\t\t\t\t\t\t\t<a href=\"https:\/\/gmd-detectors.com\/wp-content\/uploads\/2023\/03\/Imaging-Sensor.jpg\" data-elementor-open-lightbox=\"no\" data-index=\"4\" data-width=\"360\" data-height=\"360\" \n\t\t\t\t\t\t\t\t\t\t\t\t >\n\t\t\t\t\t\t\t\t\n\t\t\t\t\t\t\t\t<img loading=\"lazy\" decoding=\"async\" width=\"300\" height=\"300\" src=\"https:\/\/gmd-detectors.com\/wp-content\/uploads\/2023\/03\/Imaging-Sensor-300x300.jpg\" class=\"wd-gallery-image image-4\" alt=\"\" srcset=\"https:\/\/gmd-detectors.com\/wp-content\/uploads\/2023\/03\/Imaging-Sensor-300x300.jpg 300w, https:\/\/gmd-detectors.com\/wp-content\/uploads\/2023\/03\/Imaging-Sensor-150x150.jpg 150w, https:\/\/gmd-detectors.com\/wp-content\/uploads\/2023\/03\/Imaging-Sensor.jpg 360w\" sizes=\"auto, (max-width: 300px) 100vw, 300px\" \/>\n\t\t\t\t\t\t\t\t\t\t\t\t\t\t\t<\/a>\n\t\t\t\t\t\t\t\t\t\t\t\t<\/div>\n\t\t\t\t\t\t\t\t\t\t\t<div class=\"wd-gallery-item wd-col\">\n\t\t\t\t\t\t\t\t\t\t\t\t\t\t<a href=\"https:\/\/gmd-detectors.com\/wp-content\/uploads\/2023\/03\/Tablet-Stand.jpg\" data-elementor-open-lightbox=\"no\" data-index=\"5\" data-width=\"360\" data-height=\"360\" \n\t\t\t\t\t\t\t\t\t\t\t\t >\n\t\t\t\t\t\t\t\t\n\t\t\t\t\t\t\t\t<img loading=\"lazy\" decoding=\"async\" width=\"300\" height=\"300\" src=\"https:\/\/gmd-detectors.com\/wp-content\/uploads\/2023\/03\/Tablet-Stand-300x300.jpg\" class=\"wd-gallery-image image-5\" alt=\"\" srcset=\"https:\/\/gmd-detectors.com\/wp-content\/uploads\/2023\/03\/Tablet-Stand-300x300.jpg 300w, https:\/\/gmd-detectors.com\/wp-content\/uploads\/2023\/03\/Tablet-Stand-150x150.jpg 150w, https:\/\/gmd-detectors.com\/wp-content\/uploads\/2023\/03\/Tablet-Stand.jpg 360w\" sizes=\"auto, (max-width: 300px) 100vw, 300px\" \/>\n\t\t\t\t\t\t\t\t\t\t\t\t\t\t\t<\/a>\n\t\t\t\t\t\t\t\t\t\t\t\t<\/div>\n\t\t\t\t\t\t\t\t\t\t\t<div class=\"wd-gallery-item wd-col\">\n\t\t\t\t\t\t\t\t\t\t\t\t\t\t<a href=\"https:\/\/gmd-detectors.com\/wp-content\/uploads\/2023\/03\/device-handle.jpg\" data-elementor-open-lightbox=\"no\" data-index=\"6\" data-width=\"360\" data-height=\"360\" \n\t\t\t\t\t\t\t\t\t\t\t\t >\n\t\t\t\t\t\t\t\t\n\t\t\t\t\t\t\t\t<img loading=\"lazy\" decoding=\"async\" width=\"300\" height=\"300\" src=\"https:\/\/gmd-detectors.com\/wp-content\/uploads\/2023\/03\/device-handle-300x300.jpg\" class=\"wd-gallery-image image-6\" alt=\"\" srcset=\"https:\/\/gmd-detectors.com\/wp-content\/uploads\/2023\/03\/device-handle-300x300.jpg 300w, https:\/\/gmd-detectors.com\/wp-content\/uploads\/2023\/03\/device-handle-150x150.jpg 150w, https:\/\/gmd-detectors.com\/wp-content\/uploads\/2023\/03\/device-handle.jpg 360w\" sizes=\"auto, (max-width: 300px) 100vw, 300px\" \/>\n\t\t\t\t\t\t\t\t\t\t\t\t\t\t\t<\/a>\n\t\t\t\t\t\t\t\t\t\t\t\t<\/div>\n\t\t\t\t\t\t\t\t\t\t\t<div class=\"wd-gallery-item wd-col\">\n\t\t\t\t\t\t\t\t\t\t\t\t\t\t<a href=\"https:\/\/gmd-detectors.com\/wp-content\/uploads\/2023\/03\/device-Charger.jpg\" data-elementor-open-lightbox=\"no\" data-index=\"7\" data-width=\"360\" data-height=\"360\" \n\t\t\t\t\t\t\t\t\t\t\t\t >\n\t\t\t\t\t\t\t\t\n\t\t\t\t\t\t\t\t<img loading=\"lazy\" decoding=\"async\" width=\"300\" height=\"300\" src=\"https:\/\/gmd-detectors.com\/wp-content\/uploads\/2023\/03\/device-Charger-300x300.jpg\" class=\"wd-gallery-image image-7\" alt=\"\" srcset=\"https:\/\/gmd-detectors.com\/wp-content\/uploads\/2023\/03\/device-Charger-300x300.jpg 300w, https:\/\/gmd-detectors.com\/wp-content\/uploads\/2023\/03\/device-Charger-150x150.jpg 150w, https:\/\/gmd-detectors.com\/wp-content\/uploads\/2023\/03\/device-Charger.jpg 360w\" sizes=\"auto, (max-width: 300px) 100vw, 300px\" \/>\n\t\t\t\t\t\t\t\t\t\t\t\t\t\t\t<\/a>\n\t\t\t\t\t\t\t\t\t\t\t\t<\/div>\n\t\t\t\t\t\t\t\t\t\t\t<div class=\"wd-gallery-item wd-col\">\n\t\t\t\t\t\t\t\t\t\t\t\t\t\t<a href=\"https:\/\/gmd-detectors.com\/wp-content\/uploads\/2023\/03\/car-charger.jpg\" data-elementor-open-lightbox=\"no\" data-index=\"8\" data-width=\"360\" data-height=\"360\" \n\t\t\t\t\t\t\t\t\t\t\t\t >\n\t\t\t\t\t\t\t\t\n\t\t\t\t\t\t\t\t<img loading=\"lazy\" decoding=\"async\" width=\"300\" height=\"300\" src=\"https:\/\/gmd-detectors.com\/wp-content\/uploads\/2023\/03\/car-charger-300x300.jpg\" class=\"wd-gallery-image image-8\" alt=\"\" srcset=\"https:\/\/gmd-detectors.com\/wp-content\/uploads\/2023\/03\/car-charger-300x300.jpg 300w, https:\/\/gmd-detectors.com\/wp-content\/uploads\/2023\/03\/car-charger-150x150.jpg 150w, https:\/\/gmd-detectors.com\/wp-content\/uploads\/2023\/03\/car-charger.jpg 360w\" sizes=\"auto, (max-width: 300px) 100vw, 300px\" \/>\n\t\t\t\t\t\t\t\t\t\t\t\t\t\t\t<\/a>\n\t\t\t\t\t\t\t\t\t\t\t\t<\/div>\n\t\t\t\t\t\t\t\t\t\t\t<div class=\"wd-gallery-item wd-col\">\n\t\t\t\t\t\t\t\t\t\t\t\t\t\t<a href=\"https:\/\/gmd-detectors.com\/wp-content\/uploads\/2023\/03\/device-battery.jpg\" data-elementor-open-lightbox=\"no\" data-index=\"9\" data-width=\"360\" data-height=\"360\" \n\t\t\t\t\t\t\t\t\t\t\t\t >\n\t\t\t\t\t\t\t\t\n\t\t\t\t\t\t\t\t<img loading=\"lazy\" decoding=\"async\" width=\"300\" height=\"300\" src=\"https:\/\/gmd-detectors.com\/wp-content\/uploads\/2023\/03\/device-battery-300x300.jpg\" class=\"wd-gallery-image image-9\" alt=\"\" srcset=\"https:\/\/gmd-detectors.com\/wp-content\/uploads\/2023\/03\/device-battery-300x300.jpg 300w, https:\/\/gmd-detectors.com\/wp-content\/uploads\/2023\/03\/device-battery-150x150.jpg 150w, https:\/\/gmd-detectors.com\/wp-content\/uploads\/2023\/03\/device-battery.jpg 360w\" sizes=\"auto, (max-width: 300px) 100vw, 300px\" \/>\n\t\t\t\t\t\t\t\t\t\t\t\t\t\t\t<\/a>\n\t\t\t\t\t\t\t\t\t\t\t\t<\/div>\n\t\t\t\t\t\t\t\t\t\t\t<div class=\"wd-gallery-item wd-col\">\n\t\t\t\t\t\t\t\t\t\t\t\t\t\t<a href=\"https:\/\/gmd-detectors.com\/wp-content\/uploads\/2024\/05\/gerdetect-warranty.webp\" data-elementor-open-lightbox=\"no\" data-index=\"10\" data-width=\"400\" data-height=\"400\" \n\t\t\t\t\t\t\t\t\t\t\t\t >\n\t\t\t\t\t\t\t\t\n\t\t\t\t\t\t\t\t<img loading=\"lazy\" decoding=\"async\" width=\"300\" height=\"300\" src=\"https:\/\/gmd-detectors.com\/wp-content\/uploads\/2024\/05\/gerdetect-warranty-300x300.webp\" class=\"wd-gallery-image image-10\" alt=\"gerdetect-warranty\" srcset=\"https:\/\/gmd-detectors.com\/wp-content\/uploads\/2024\/05\/gerdetect-warranty-300x300.webp 300w, https:\/\/gmd-detectors.com\/wp-content\/uploads\/2024\/05\/gerdetect-warranty-150x150.webp 150w, https:\/\/gmd-detectors.com\/wp-content\/uploads\/2024\/05\/gerdetect-warranty.webp 400w\" sizes=\"auto, (max-width: 300px) 100vw, 300px\" \/>\n\t\t\t\t\t\t\t\t\t\t\t\t\t\t\t<\/a>\n\t\t\t\t\t\t\t\t\t\t\t\t<\/div>\n\t\t\t\t\t\t\t\t\t\n\t\t\t\t\t\t\t<\/div>\n\n\t\t\t\t\t<\/div>\n\t\t[\/vc_tta_section][\/vc_tta_tabs][\/vc_column][\/vc_row]<\/p>\n<\/div>","protected":false},"excerpt":{"rendered":"<p>UIG Ground Scanner est un syst\u00e8me de scan en direct et d&rsquo;imagerie au sol utilisant la technologie 3D<\/p>\n<p>Commencez votre voyage d&rsquo;exploration en recherchant des m\u00e9taux pr\u00e9cieux, des tr\u00e9sors enfouis, des reliques anciennes, des tombes arch\u00e9ologiques, des grottes et des vides souterrains avec l&rsquo;appareil UIG Ground Scanner, la technologie unique et unique en son genre au monde, qui combine trois syst\u00e8mes d&rsquo;imagerie diff\u00e9rents avec un appareil sp\u00e9cialis\u00e9 dans l&rsquo;exploration et la recherche de m\u00e9taux, de tr\u00e9sors, de s\u00e9pultures arch\u00e9ologiques, de tunnels, de grottes, de vides dans le sol avec facilit\u00e9, haute pr\u00e9cision, en plus d&rsquo;effectuer un scan pr\u00e9cis des murs anciens et arch\u00e9ologiques.<\/p>\n<p>UIG Ground Scanner se caract\u00e9rise par sa petite taille et sa l\u00e9g\u00e8ret\u00e9, ce qui le rend pr\u00e9f\u00e9r\u00e9 des prospecteurs, en raison de sa facilit\u00e9 d&rsquo;utilisation dans l&rsquo;exploration et la recherche de m\u00e9taux pr\u00e9cieux, de tr\u00e9sors enfouis et de vides.<\/p>\n<p>Appareil multifonction:<\/p>\n<p>UIG Ground Scanner fonctionne avec trois syst\u00e8mes de d\u00e9tection et d&rsquo;imagerie souterrains:<\/p>\n<p>&#8211; Syst\u00e8me de scan au sol en direct.<\/p>\n<p>&#8211; Syst\u00e8me de scan mural en direct.<\/p>\n<p>&#8211; Syst\u00e8me d&rsquo;imagerie 3D.<\/p>\n<p>&#8211; En plus de distinguer les m\u00e9taux et les vides avec deux sons diff\u00e9rents.<\/p>\n<p>La profondeur de recherche pour l&rsquo;appareilUIG Ground Scanner est jusqu&rsquo;\u00e0 30 m\u00e8tres sous terre.<\/p>\n<p>UIG Ground Scanner est l&rsquo;une des meilleures industries allemandes.<\/p>\n","protected":false},"featured_media":12202,"template":"","meta":{"_acf_changed":false},"product_brand":[],"product_cat":[739,743,765],"product_tag":[],"class_list":{"0":"post-12056","1":"product","2":"type-product","3":"status-publish","4":"has-post-thumbnail","6":"product_cat-detecteurs-dor","7":"product_cat-detecteurs-de-metaux","8":"product_cat-ger-detect-fr","10":"first","11":"instock","12":"shipping-taxable","13":"purchasable","14":"product-type-simple"},"acf":[],"_links":{"self":[{"href":"https:\/\/gmd-detectors.com\/fr\/wp-json\/wp\/v2\/product\/12056","targetHints":{"allow":["GET"]}}],"collection":[{"href":"https:\/\/gmd-detectors.com\/fr\/wp-json\/wp\/v2\/product"}],"about":[{"href":"https:\/\/gmd-detectors.com\/fr\/wp-json\/wp\/v2\/types\/product"}],"wp:featuredmedia":[{"embeddable":true,"href":"https:\/\/gmd-detectors.com\/fr\/wp-json\/wp\/v2\/media\/12202"}],"wp:attachment":[{"href":"https:\/\/gmd-detectors.com\/fr\/wp-json\/wp\/v2\/media?parent=12056"}],"wp:term":[{"taxonomy":"product_brand","embeddable":true,"href":"https:\/\/gmd-detectors.com\/fr\/wp-json\/wp\/v2\/product_brand?post=12056"},{"taxonomy":"product_cat","embeddable":true,"href":"https:\/\/gmd-detectors.com\/fr\/wp-json\/wp\/v2\/product_cat?post=12056"},{"taxonomy":"product_tag","embeddable":true,"href":"https:\/\/gmd-detectors.com\/fr\/wp-json\/wp\/v2\/product_tag?post=12056"}],"curies":[{"name":"wp","href":"https:\/\/api.w.org\/{rel}","templated":true}]}}