{"id":12380,"date":"2023-11-05T14:05:54","date_gmt":"2023-11-05T11:05:54","guid":{"rendered":"https:\/\/gmd-detectors.com\/?post_type=product&#038;p=12380"},"modified":"2023-11-30T13:02:51","modified_gmt":"2023-11-30T10:02:51","slug":"ajax-ares","status":"publish","type":"product","link":"https:\/\/gmd-detectors.com\/fr\/produit\/ajax-ares\/","title":{"rendered":"Ajax Ares"},"content":{"rendered":"<div class=\"wpb-content-wrapper\"><p>[vc_row full_width=\u00a0\u00bbstretch_row\u00a0\u00bb mobile_bg_img_hidden=\u00a0\u00bbno\u00a0\u00bb tablet_bg_img_hidden=\u00a0\u00bbno\u00a0\u00bb woodmart_parallax=\u00a0\u00bb0&Prime; woodmart_gradient_switch=\u00a0\u00bbno\u00a0\u00bb row_reverse_mobile=\u00a0\u00bb0&Prime; row_reverse_tablet=\u00a0\u00bb0&Prime; woodmart_disable_overflow=\u00a0\u00bb0&Prime; css=\u00a0\u00bb.vc_custom_1610457064397{border-bottom-width: 1px !important;padding-bottom: 40px !important;border-bottom-color: #e6e6e6 !important;border-bottom-style: solid !important;}\u00a0\u00bb][vc_column][vc_raw_html]JTNDZGl2JTIwY2xhc3MlM0QlMjJ2aWRlby1yZXNwb25zaXZlJTIyJTNFJTNDaWZyYW1lJTIwc3JjJTNEJTIyaHR0cHMlM0ElMkYlMkZ3d3cueW91dHViZS5jb20lMkZlbWJlZCUyRi1odG5xLW5XNjJrJTNGcmVsJTNEMCUyMiUyMHdpZHRoJTNEJTIyMTAwJTI1JTIyJTIwaGVpZ2h0JTNEJTIyMzgwJTIyJTIwZnJhbWVib3JkZXIlM0QlMjIwJTIyJTIwYWxsb3dmdWxsc2NyZWVuJTNEJTIyYWxsb3dmdWxsc2NyZWVuJTIyJTNFJTNDJTJGaWZyYW1lJTNFJTNDJTJGZGl2JTNF[\/vc_raw_html][vc_column_text text_larger=\u00a0\u00bbno\u00a0\u00bb woodmart_inline=\u00a0\u00bbno\u00a0\u00bb]D\u00e9tecteur de m\u00e9taux Ares Intelligence, qualit\u00e9, pr\u00e9cision, efficacit\u00e9, luxe et douceur, le tout combin\u00e9 dans un seul appareil.<\/p>\n<p>Si vous recherchez de l\u2019or et des s\u00e9pultures sur de vastes terres et des zones ouvertes comprenant des cibles inconnues, vous avez principalement besoin d\u2019un outil qui vous guidera vers l\u2019emplacement de la cible enterr\u00e9e sur de longues distances, puis confirmera l\u2019existence de la cible gr\u00e2ce \u00e0 un syst\u00e8me de recherche sonore pr\u00e9cis qui peut d\u00e9terminer la profondeur, la taille et le type de cible !! Vous avez absolument besoin de cette technologie professionnelle pour vous permettre d\u2019atteindre plus facilement vos objectifs, rapidement et<br \/>\nintelligemment.<br \/>\n[\/vc_column_text][vc_single_image image=\u00a0\u00bb12470&Prime; img_size=\u00a0\u00bbfull\u00a0\u00bb alignment=\u00a0\u00bbcenter\u00a0\u00bb parallax_scroll=\u00a0\u00bbno\u00a0\u00bb woodmart_inline=\u00a0\u00bbno\u00a0\u00bb css=\u00a0\u00bb.vc_custom_1699773018848{background-position: center !important;background-repeat: no-repeat !important;background-size: contain !important;}\u00a0\u00bb][\/vc_column][\/vc_row][vc_row full_width=\u00a0\u00bbstretch_row\u00a0\u00bb mobile_bg_img_hidden=\u00a0\u00bbno\u00a0\u00bb tablet_bg_img_hidden=\u00a0\u00bbno\u00a0\u00bb woodmart_parallax=\u00a0\u00bb0&Prime; woodmart_gradient_switch=\u00a0\u00bbno\u00a0\u00bb row_reverse_mobile=\u00a0\u00bb0&Prime; row_reverse_tablet=\u00a0\u00bb0&Prime; woodmart_disable_overflow=\u00a0\u00bb0&Prime; css=\u00a0\u00bb.vc_custom_1610457076119{margin-bottom: -80px !important;padding-top: 40px !important;padding-bottom: 40px !important;background-color: #f7f7f7 !important;}\u00a0\u00bb][vc_column][vc_tta_tabs style=\u00a0\u00bbmodern\u00a0\u00bb alignment=\u00a0\u00bbcenter\u00a0\u00bb active_section=\u00a0\u00bb1&Prime;][vc_tta_section title=\u00a0\u00bbCaract\u00e9ristiques\u00a0\u00bb tab_id=\u00a0\u00bb1598441911523-c89c9e8e-bac040f2-9266&Prime;][vc_column_text text_larger=\u00a0\u00bbno\u00a0\u00bb woodmart_inline=\u00a0\u00bbno\u00a0\u00bb]<strong>Principales fonctionnalit\u00e9s<\/strong><\/p>\n<p><strong>Batterie<br \/>\n<\/strong>Une puissante batterie rechargeable permet de tenir toute la journ\u00e9e 7,4 volts, 3 300 mAh, dur\u00e9e d&rsquo;utilisation typique de 10 heures.<\/p>\n<p><strong>Port\u00e9e en profondeur<br \/>\n<\/strong>20 m\u00e8tres maximum de profondeur r\u00e9elle peuvent \u00eatre atteints.Obtenez ce qui se trouve sous terre en p\u00e9n\u00e9trant en profondeur.<\/p>\n<p><strong>Langues<br \/>\n<\/strong>L&rsquo;appareil Ares prend en charge de nombreuses langues o\u00f9 que vous soyez dans le monde: Anglais, Fran\u00e7ais, Espagnol, Allemand, Russe et Arabe.<\/p>\n<p><strong>Affichage<br \/>\n<\/strong>Le meilleur moniteur con\u00e7u pour les journ\u00e9es ensoleill\u00e9es et les endroits sombres. TFT couleur, 5 pouces, avec 16 bits color\u00e9s.<\/p>\n<p><strong>Alertes audio de haute technologie<\/strong><\/p>\n<p>Il est utilis\u00e9 pour distinguer les cibles avec une tonalit\u00e9 sp\u00e9cifique pour chacune, vous distinguerez facilement le son cible.<\/p>\n<p><strong>garantie<br \/>\n<\/strong>AJAX vous soutient et vous offre 2 ans de garantie ; Une \u00e9quipe d\u2019ing\u00e9nieurs professionnels vous suit apr\u00e8s la transaction.<br \/>\nSyst\u00e8mes de d\u00e9tection<\/p>\n<p>L&rsquo;appareil Ares fonctionne sur 4 syst\u00e8mes de recherche tr\u00e8s efficaces con\u00e7us sous la supervision d&rsquo;ing\u00e9nieurs sp\u00e9cialis\u00e9s et test\u00e9s mondialement pour garantir ses r\u00e9sultats.<br \/>\nCibles de d\u00e9tection<\/p>\n<p>Or, p\u00e9pite d&rsquo;or, argent, bronze, cuivre, fer, coltan, cavit\u00e9, diamant, \u00e9meraude, rubis, aigue-marine, mercure et lithium.<br \/>\nQualit\u00e9<\/p>\n<p>Les appareils Ajax sont des produits fabriqu\u00e9s aux \u00c9tats-Unis qui ont obtenu les certificats de CONFORMIT\u00c9 ISO et CE pour leur qualit\u00e9 et leur efficacit\u00e9.[\/vc_column_text][\/vc_tta_section][vc_tta_section title=\u00a0\u00bbSyst\u00e8mes\u00a0\u00bb tab_id=\u00a0\u00bb1598442086500-76e5a306-5ebf40f2-9266&Prime;][vc_toggle title=\u00a0\u00bbSyst\u00e8me LRL\u00a0\u00bb open=\u00a0\u00bbtrue\u00a0\u00bb]<\/p>\n<div class=\"row\">\n<div class=\"col\">Le r\u00e9glage double de la fr\u00e9quence de la cible confirme l\u2019existence de la cible, Ares permet une large gamme de fr\u00e9quences de -50\/+50 KHz. Une distance frontale de 1 000 m\u00e8tres et une port\u00e9e r\u00e9elle de 20 m\u00e8tres bas\u00e9e sur des tests sur le terrain sur diff\u00e9rents terrains pris en charge.<\/div>\n<div class=\"col-md-6\"><img decoding=\"async\" src=\"https:\/\/gmd-detectors.com\/wp-content\/uploads\/2023\/11\/Ares-Interfaces-English_LRL-System_scan_page-1.jpg\" alt=\"LRL System\" \/><\/div>\n<\/div>\n<p>[\/vc_toggle][vc_toggle title=\u00a0\u00bbSyst\u00e8me de discrimination EFM\u00a0\u00bb]<\/p>\n<div class=\"row\">\n<div class=\"col\">Un ton interactif sp\u00e9cial pour l\u2019or peut \u00eatre d\u00e9fini l\u00e0 o\u00f9 d\u2019autres m\u00e9taux auront un ton diff\u00e9rent, ou vous pouvez \u00e9liminer d\u2019autres m\u00e9taux pour d\u00e9tecter l\u2019or et uniquement l\u2019or.<\/div>\n<div class=\"col-md-6\"><img decoding=\"async\" src=\"https:\/\/gmd-detectors.com\/wp-content\/uploads\/2023\/11\/Ares-Interfaces-English_Discrimination.jpg\" alt=\"LRL System\" \/><\/div>\n<\/div>\n<p>[\/vc_toggle][vc_toggle title=\u00a0\u00bbSyst\u00e8me graphique EFM\u00a0\u00bb]<\/p>\n<div class=\"row\">\n<div class=\"col\">Conna\u00eetre la forme et la taille de la cible est possible avec le syst\u00e8me EFM Graph, o\u00f9 l\u2019appareil tracera un graphique en le faisant passer sur la cible dans toutes les directions.<\/div>\n<div class=\"col-md-6\"><img decoding=\"async\" src=\"https:\/\/gmd-detectors.com\/wp-content\/uploads\/2023\/11\/Ares-Interfaces-English_Graph.jpg\" alt=\"LRL System\" \/><\/div>\n<\/div>\n<p>[\/vc_toggle][vc_toggle title=\u00a0\u00bbSyst\u00e8me d&rsquo;analyse rapide EFM\u00a0\u00bb]<\/p>\n<div class=\"row\">\n<div class=\"col\">Permet \u00e0 l\u2019utilisateur d\u2019effectuer une analyse rapide de la zone pour rechercher des cibles possibles.<br \/>\nLe pointage est \u00e9galement possible avec une port\u00e9e \u00e9lev\u00e9e en profondeur, plus la cible est proche du centre de la bobine, plus l\u2019alerte sonore r\u00e9agira.<\/div>\n<div class=\"col-md-6\"><img decoding=\"async\" src=\"https:\/\/gmd-detectors.com\/wp-content\/uploads\/2023\/11\/Ares-Interfaces-English_Quick-Scan.jpg\" alt=\"LRL System\" \/><\/div>\n<\/div>\n<p>[\/vc_toggle][\/vc_tta_section][vc_tta_section title=\u00a0\u00bbSpecifications\u00a0\u00bb tab_id=\u00a0\u00bb1598442096952-72789241-2ba340f2-9266&Prime;][vc_column_text text_larger=\u00a0\u00bbno\u00a0\u00bb woodmart_inline=\u00a0\u00bbno\u00a0\u00bb]<\/p>\n<h2 class=\"left-redline\">Sp\u00e9cifications techniques<\/h2>\n<table>\n<tbody>\n<tr>\n<td>Syst\u00e8me de d\u00e9tection<\/td>\n<td>Analyser les signaux, traiter les donn\u00e9es et les convertir en r\u00e9sultats visuels et audio.<\/td>\n<\/tr>\n<tr>\n<td>Processeur<\/td>\n<td>BRAS 3-Cut<\/td>\n<\/tr>\n<tr>\n<td>\u00c9cran<\/td>\n<td>TFT couleur, 5 pouces, r\u00e9solution WVGA 800 \u00d7 480, 24 bits color\u00e9s.<\/td>\n<\/tr>\n<tr>\n<td>Source d\u2019\u00e9nergie<\/td>\n<td>Alimentation externe \u00ab Batterie \u00bb.<\/td>\n<\/tr>\n<tr>\n<td>Chargeur de batterie<\/td>\n<td>15 V \u2013 1,2 amp\u00e8re<\/td>\n<\/tr>\n<tr>\n<td>Heures de travail de la batterie<\/td>\n<td>Plus de 20 heures en continu avec niveau de luminosit\u00e9 maximum et niveau sonore maximum.<\/td>\n<\/tr>\n<tr>\n<td>Son<\/td>\n<td>L\u2019appareil est \u00e9quip\u00e9 d\u2019une sortie audio mono de haute qualit\u00e9.<\/td>\n<\/tr>\n<tr>\n<td>Vibration<\/td>\n<td>Facultatif (plus la cible est proche, plus la vibration et l\u2019intensit\u00e9 du son sont intenses).<\/td>\n<\/tr>\n<tr>\n<td>Langues<\/td>\n<td>L\u2019appareil prend en charge six langues.<\/td>\n<\/tr>\n<tr>\n<td>Date et l\u2019heure<\/td>\n<td>Oui.<\/td>\n<\/tr>\n<tr>\n<td>Plein poids avec batterie<\/td>\n<td>2,5KG.<\/td>\n<\/tr>\n<tr>\n<td>Poids du paquet<\/td>\n<td>4.250KG.<\/td>\n<\/tr>\n<tr>\n<td>Dimensions du sac<\/td>\n<td>63x48x18 cm<\/td>\n<\/tr>\n<tr>\n<td>Temp\u00e9rature de fonctionnement<\/td>\n<td>10\u00b0C \u2013 60\u00b0C<\/td>\n<\/tr>\n<tr>\n<td>Temp\u00e9rature de stockage<\/td>\n<td>10\u00b0C \u2013 80\u00b0C<\/td>\n<\/tr>\n<tr>\n<td>Niveau d\u2019humidit\u00e9<\/td>\n<td>Peut \u00eatre utilis\u00e9 et stock\u00e9 dans un taux d\u2019humidit\u00e9 de 100 %.<\/td>\n<\/tr>\n<tr>\n<td>Dimensions de la bobine de recherche<\/td>\n<td>35x35cm<\/td>\n<\/tr>\n<tr>\n<td>Apr\u00e8s avoir configur\u00e9 les dimensions de l\u2019appareil<\/td>\n<td>24 x 35 x 130 cm lorsque le b\u00e2ton est sur la longueur maximale, 24 x 35 x 113 cm lorsque le b\u00e2ton est sur la longueur minimale.<\/td>\n<\/tr>\n<\/tbody>\n<\/table>\n<p>[\/vc_column_text][\/vc_tta_section][vc_tta_section title=\u00a0\u00bbAccessoires\u00a0\u00bb tab_id=\u00a0\u00bb1598442097652-d383f913-39bd40f2-9266&Prime;]\t\t<div id=\"gallery_706\" class=\"wd-images-gallery wd-wpb wd-rs-655075d24d039\" style=\"--wd-justify-content:center;--wd-align-items:center;\">\n\t\t\t\n\t\t\t<div class=\" wd-grid-g\" style=\"--wd-col-lg:4;--wd-col-md:4;--wd-col-sm:1;--wd-gap-lg:30px;--wd-gap-sm:10px;\">\n\t\t\t\t\n\t\t\t\t\t\t\t\t\t\t\t\t\t\t\t<div class=\"wd-gallery-item wd-col\">\n\t\t\t\t\t\t\t\n\t\t\t\t\t\t\t\t<img loading=\"lazy\" decoding=\"async\" width=\"1000\" height=\"1000\" src=\"https:\/\/gmd-detectors.com\/wp-content\/uploads\/2023\/11\/Artboard-1-copy-33.jpg\" class=\"wd-gallery-image image-1\" alt=\"\" srcset=\"https:\/\/gmd-detectors.com\/wp-content\/uploads\/2023\/11\/Artboard-1-copy-33.jpg 1000w, https:\/\/gmd-detectors.com\/wp-content\/uploads\/2023\/11\/Artboard-1-copy-33-600x600.jpg 600w, https:\/\/gmd-detectors.com\/wp-content\/uploads\/2023\/11\/Artboard-1-copy-33-150x150.jpg 150w, https:\/\/gmd-detectors.com\/wp-content\/uploads\/2023\/11\/Artboard-1-copy-33-300x300.jpg 300w, https:\/\/gmd-detectors.com\/wp-content\/uploads\/2023\/11\/Artboard-1-copy-33-768x768.jpg 768w\" sizes=\"auto, (max-width: 1000px) 100vw, 1000px\" \/>\n\t\t\t\t\t\t\t\t\t\t\t\t\t\t<\/div>\n\t\t\t\t\t\t\t\t\t\t\t<div class=\"wd-gallery-item wd-col\">\n\t\t\t\t\t\t\t\n\t\t\t\t\t\t\t\t<img loading=\"lazy\" decoding=\"async\" width=\"1000\" height=\"1000\" src=\"https:\/\/gmd-detectors.com\/wp-content\/uploads\/2023\/11\/Ares_acc-7.jpg\" class=\"wd-gallery-image image-2\" alt=\"\" srcset=\"https:\/\/gmd-detectors.com\/wp-content\/uploads\/2023\/11\/Ares_acc-7.jpg 1000w, https:\/\/gmd-detectors.com\/wp-content\/uploads\/2023\/11\/Ares_acc-7-600x600.jpg 600w, https:\/\/gmd-detectors.com\/wp-content\/uploads\/2023\/11\/Ares_acc-7-150x150.jpg 150w, https:\/\/gmd-detectors.com\/wp-content\/uploads\/2023\/11\/Ares_acc-7-300x300.jpg 300w, https:\/\/gmd-detectors.com\/wp-content\/uploads\/2023\/11\/Ares_acc-7-768x768.jpg 768w\" sizes=\"auto, (max-width: 1000px) 100vw, 1000px\" \/>\n\t\t\t\t\t\t\t\t\t\t\t\t\t\t<\/div>\n\t\t\t\t\t\t\t\t\t\t\t<div class=\"wd-gallery-item wd-col\">\n\t\t\t\t\t\t\t\n\t\t\t\t\t\t\t\t<img loading=\"lazy\" decoding=\"async\" width=\"1000\" height=\"1000\" src=\"https:\/\/gmd-detectors.com\/wp-content\/uploads\/2023\/11\/Ares_acc-6.jpg\" class=\"wd-gallery-image image-3\" alt=\"\" srcset=\"https:\/\/gmd-detectors.com\/wp-content\/uploads\/2023\/11\/Ares_acc-6.jpg 1000w, https:\/\/gmd-detectors.com\/wp-content\/uploads\/2023\/11\/Ares_acc-6-600x600.jpg 600w, https:\/\/gmd-detectors.com\/wp-content\/uploads\/2023\/11\/Ares_acc-6-150x150.jpg 150w, https:\/\/gmd-detectors.com\/wp-content\/uploads\/2023\/11\/Ares_acc-6-300x300.jpg 300w, https:\/\/gmd-detectors.com\/wp-content\/uploads\/2023\/11\/Ares_acc-6-768x768.jpg 768w\" sizes=\"auto, (max-width: 1000px) 100vw, 1000px\" \/>\n\t\t\t\t\t\t\t\t\t\t\t\t\t\t<\/div>\n\t\t\t\t\t\t\t\t\t\t\t<div class=\"wd-gallery-item wd-col\">\n\t\t\t\t\t\t\t\n\t\t\t\t\t\t\t\t<img loading=\"lazy\" decoding=\"async\" width=\"1000\" height=\"1000\" src=\"https:\/\/gmd-detectors.com\/wp-content\/uploads\/2023\/11\/Ares_acc-5.jpg\" class=\"wd-gallery-image image-4\" alt=\"\" srcset=\"https:\/\/gmd-detectors.com\/wp-content\/uploads\/2023\/11\/Ares_acc-5.jpg 1000w, https:\/\/gmd-detectors.com\/wp-content\/uploads\/2023\/11\/Ares_acc-5-600x600.jpg 600w, https:\/\/gmd-detectors.com\/wp-content\/uploads\/2023\/11\/Ares_acc-5-150x150.jpg 150w, https:\/\/gmd-detectors.com\/wp-content\/uploads\/2023\/11\/Ares_acc-5-300x300.jpg 300w, https:\/\/gmd-detectors.com\/wp-content\/uploads\/2023\/11\/Ares_acc-5-768x768.jpg 768w\" sizes=\"auto, (max-width: 1000px) 100vw, 1000px\" \/>\n\t\t\t\t\t\t\t\t\t\t\t\t\t\t<\/div>\n\t\t\t\t\t\t\t\t\t\t\t<div class=\"wd-gallery-item wd-col\">\n\t\t\t\t\t\t\t\n\t\t\t\t\t\t\t\t<img loading=\"lazy\" decoding=\"async\" width=\"1000\" height=\"1000\" src=\"https:\/\/gmd-detectors.com\/wp-content\/uploads\/2023\/11\/Ares_acc-4.jpg\" class=\"wd-gallery-image image-5\" alt=\"\" srcset=\"https:\/\/gmd-detectors.com\/wp-content\/uploads\/2023\/11\/Ares_acc-4.jpg 1000w, https:\/\/gmd-detectors.com\/wp-content\/uploads\/2023\/11\/Ares_acc-4-600x600.jpg 600w, https:\/\/gmd-detectors.com\/wp-content\/uploads\/2023\/11\/Ares_acc-4-150x150.jpg 150w, https:\/\/gmd-detectors.com\/wp-content\/uploads\/2023\/11\/Ares_acc-4-300x300.jpg 300w, https:\/\/gmd-detectors.com\/wp-content\/uploads\/2023\/11\/Ares_acc-4-768x768.jpg 768w\" sizes=\"auto, (max-width: 1000px) 100vw, 1000px\" \/>\n\t\t\t\t\t\t\t\t\t\t\t\t\t\t<\/div>\n\t\t\t\t\t\t\t\t\t\t\t<div class=\"wd-gallery-item wd-col\">\n\t\t\t\t\t\t\t\n\t\t\t\t\t\t\t\t<img loading=\"lazy\" decoding=\"async\" width=\"1000\" height=\"1000\" src=\"https:\/\/gmd-detectors.com\/wp-content\/uploads\/2023\/11\/Ares_acc-2.jpg\" class=\"wd-gallery-image image-6\" alt=\"\" srcset=\"https:\/\/gmd-detectors.com\/wp-content\/uploads\/2023\/11\/Ares_acc-2.jpg 1000w, https:\/\/gmd-detectors.com\/wp-content\/uploads\/2023\/11\/Ares_acc-2-600x600.jpg 600w, https:\/\/gmd-detectors.com\/wp-content\/uploads\/2023\/11\/Ares_acc-2-150x150.jpg 150w, https:\/\/gmd-detectors.com\/wp-content\/uploads\/2023\/11\/Ares_acc-2-300x300.jpg 300w, https:\/\/gmd-detectors.com\/wp-content\/uploads\/2023\/11\/Ares_acc-2-768x768.jpg 768w\" sizes=\"auto, (max-width: 1000px) 100vw, 1000px\" \/>\n\t\t\t\t\t\t\t\t\t\t\t\t\t\t<\/div>\n\t\t\t\t\t\t\t\t\t\t\t<div class=\"wd-gallery-item wd-col\">\n\t\t\t\t\t\t\t\n\t\t\t\t\t\t\t\t<img loading=\"lazy\" decoding=\"async\" width=\"1000\" height=\"1000\" src=\"https:\/\/gmd-detectors.com\/wp-content\/uploads\/2023\/11\/Ares_acc-1.jpg\" class=\"wd-gallery-image image-7\" alt=\"\" srcset=\"https:\/\/gmd-detectors.com\/wp-content\/uploads\/2023\/11\/Ares_acc-1.jpg 1000w, https:\/\/gmd-detectors.com\/wp-content\/uploads\/2023\/11\/Ares_acc-1-600x600.jpg 600w, https:\/\/gmd-detectors.com\/wp-content\/uploads\/2023\/11\/Ares_acc-1-150x150.jpg 150w, https:\/\/gmd-detectors.com\/wp-content\/uploads\/2023\/11\/Ares_acc-1-300x300.jpg 300w, https:\/\/gmd-detectors.com\/wp-content\/uploads\/2023\/11\/Ares_acc-1-768x768.jpg 768w\" sizes=\"auto, (max-width: 1000px) 100vw, 1000px\" \/>\n\t\t\t\t\t\t\t\t\t\t\t\t\t\t<\/div>\n\t\t\t\t\t\t\t\t\t\t\t<div class=\"wd-gallery-item wd-col\">\n\t\t\t\t\t\t\t\n\t\t\t\t\t\t\t\t<img loading=\"lazy\" decoding=\"async\" width=\"1000\" height=\"1000\" src=\"https:\/\/gmd-detectors.com\/wp-content\/uploads\/2023\/11\/000.jpg\" class=\"wd-gallery-image image-8\" alt=\"\" srcset=\"https:\/\/gmd-detectors.com\/wp-content\/uploads\/2023\/11\/000.jpg 1000w, https:\/\/gmd-detectors.com\/wp-content\/uploads\/2023\/11\/000-600x600.jpg 600w, https:\/\/gmd-detectors.com\/wp-content\/uploads\/2023\/11\/000-150x150.jpg 150w, https:\/\/gmd-detectors.com\/wp-content\/uploads\/2023\/11\/000-300x300.jpg 300w, https:\/\/gmd-detectors.com\/wp-content\/uploads\/2023\/11\/000-768x768.jpg 768w\" sizes=\"auto, (max-width: 1000px) 100vw, 1000px\" \/>\n\t\t\t\t\t\t\t\t\t\t\t\t\t\t<\/div>\n\t\t\t\t\t\t\t\t\t\n\t\t\t\t\t\t\t<\/div>\n\n\t\t\t\t\t<\/div>\n\t\t[\/vc_tta_section][\/vc_tta_tabs][\/vc_column][\/vc_row]<\/p>\n<\/div>","protected":false},"excerpt":{"rendered":"<p>D\u00e9tecteur de m\u00e9taux Ares Intelligence, qualit\u00e9, pr\u00e9cision, efficacit\u00e9, luxe et douceur, le tout combin\u00e9 dans un seul appareil.<\/p>\n<p>Si vous recherchez de l\u2019or et des s\u00e9pultures sur de vastes terres et des zones ouvertes comprenant des cibles inconnues, vous avez principalement besoin d\u2019un outil qui vous guidera vers l\u2019emplacement de la cible enterr\u00e9e sur de longues distances, puis confirmera l\u2019existence de la cible gr\u00e2ce \u00e0 un syst\u00e8me de recherche sonore pr\u00e9cis qui peut d\u00e9terminer la profondeur, la taille et le type de cible !! Vous avez absolument besoin de cette technologie professionnelle pour vous permettre d\u2019atteindre plus facilement vos objectifs, rapidement et<br \/>\nintelligemment.<\/p>\n","protected":false},"featured_media":12486,"template":"","meta":{"_acf_changed":false},"product_brand":[],"product_cat":[739,743],"product_tag":[],"class_list":{"0":"post-12380","1":"product","2":"type-product","3":"status-publish","4":"has-post-thumbnail","6":"product_cat-detecteurs-dor","7":"product_cat-detecteurs-de-metaux","9":"first","10":"instock","11":"shipping-taxable","12":"purchasable","13":"product-type-simple"},"acf":[],"_links":{"self":[{"href":"https:\/\/gmd-detectors.com\/fr\/wp-json\/wp\/v2\/product\/12380","targetHints":{"allow":["GET"]}}],"collection":[{"href":"https:\/\/gmd-detectors.com\/fr\/wp-json\/wp\/v2\/product"}],"about":[{"href":"https:\/\/gmd-detectors.com\/fr\/wp-json\/wp\/v2\/types\/product"}],"wp:featuredmedia":[{"embeddable":true,"href":"https:\/\/gmd-detectors.com\/fr\/wp-json\/wp\/v2\/media\/12486"}],"wp:attachment":[{"href":"https:\/\/gmd-detectors.com\/fr\/wp-json\/wp\/v2\/media?parent=12380"}],"wp:term":[{"taxonomy":"product_brand","embeddable":true,"href":"https:\/\/gmd-detectors.com\/fr\/wp-json\/wp\/v2\/product_brand?post=12380"},{"taxonomy":"product_cat","embeddable":true,"href":"https:\/\/gmd-detectors.com\/fr\/wp-json\/wp\/v2\/product_cat?post=12380"},{"taxonomy":"product_tag","embeddable":true,"href":"https:\/\/gmd-detectors.com\/fr\/wp-json\/wp\/v2\/product_tag?post=12380"}],"curies":[{"name":"wp","href":"https:\/\/api.w.org\/{rel}","templated":true}]}}