{"id":12531,"date":"2024-01-12T15:10:29","date_gmt":"2024-01-12T12:10:29","guid":{"rendered":"https:\/\/gmd-detectors.com\/?post_type=product&#038;p=12531"},"modified":"2024-08-19T00:01:35","modified_gmt":"2024-08-18T21:01:35","slug":"detecteurs-xtrem-hunter","status":"publish","type":"product","link":"https:\/\/gmd-detectors.com\/fr\/produit\/detecteurs-xtrem-hunter\/","title":{"rendered":"D\u00e9tecteurs XTREM HUNTER"},"content":{"rendered":"<div class=\"wpb-content-wrapper\"><p>[vc_row full_width=\u00a0\u00bbstretch_row\u00a0\u00bb mobile_bg_img_hidden=\u00a0\u00bbno\u00a0\u00bb tablet_bg_img_hidden=\u00a0\u00bbno\u00a0\u00bb woodmart_parallax=\u00a0\u00bb0&Prime; woodmart_gradient_switch=\u00a0\u00bbno\u00a0\u00bb row_reverse_mobile=\u00a0\u00bb0&Prime; row_reverse_tablet=\u00a0\u00bb0&Prime; woodmart_disable_overflow=\u00a0\u00bb0&Prime; css=\u00a0\u00bb.vc_custom_1610451467938{border-bottom-width: 1px !important;padding-bottom: 40px !important;border-bottom-color: #e6e6e6 !important;border-bottom-style: solid !important;}\u00a0\u00bb][vc_column][vc_raw_html]JTNDZGl2JTIwY2xhc3MlM0QlMjJ2aWRlby1yZXNwb25zaXZlJTIyJTNFJTNDaWZyYW1lJTIwc3JjJTNEJTIyaHR0cHMlM0ElMkYlMkZ3d3cueW91dHViZS5jb20lMkZlbWJlZCUyRk9sQzBXdlFZWnUwJTNGcmVsJTNEMCUyMiUyMHdpZHRoJTNEJTIyMTAwJTI1JTIyJTIwaGVpZ2h0JTNEJTIyMzgwJTIyJTIwZnJhbWVib3JkZXIlM0QlMjIwJTIyJTIwYWxsb3dmdWxsc2NyZWVuJTNEJTIyYWxsb3dmdWxsc2NyZWVuJTIyJTNFJTNDJTJGaWZyYW1lJTNFJTNDJTJGZGl2JTNF[\/vc_raw_html][vc_column_text text_larger=\u00a0\u00bbno\u00a0\u00bb woodmart_inline=\u00a0\u00bbno\u00a0\u00bb]<\/p>\n<blockquote>\n<h3 class=\"xtrem active\">La nouvelle r\u00e9f\u00e9rence dans l\u2019univers des d\u00e9tecteurs de m\u00e9taux grande profondeur<\/h3>\n<\/blockquote>\n<p>XP am\u00e9liore encore les capacit\u00e9s du tr\u00e8s polyvalent DEUS II. Le XTREM HUNTER est son accessoire ultime pour \u00e9tendre les possibilit\u00e9s de d\u00e9tection et \u00e9tablir de nouvelles normes de performances dans le monde des\u00a0<strong class=\"red\">d\u00e9tecteurs \u00ab\u00a02 Box\u00a0\u00bb \u00e0 grande profondeur.<\/strong><\/p>\n<p>Le XTREM HUNTER ne se contente pas de surpasser la concurrence gr\u00e2ce \u00e0 sa\u00a0<strong class=\"red\">technologie avanc\u00e9e de multifr\u00e9quences simultan\u00e9es (FMF\u00ae) \u00e0 restitution rapide,<\/strong>\u00a0il offre \u00e9galement des performances in\u00e9gal\u00e9es et une stabilit\u00e9 exceptionnelle gr\u00e2ce \u00e0\u00a0<strong class=\"red\">sa capacit\u00e9 unique \u00e0 limiter les effets du sol.<\/strong><\/p>\n<p>Que vous soyez un professionnel du b\u00e2timent ou de l\u2019industrie, un arch\u00e9ologue, ou encore un particulier passionn\u00e9 \u00e0 la recherche d&rsquo;un\u00a0<strong class=\"red\">outil fiable et robuste pour localiser des cibles profondes et volumineuses,<\/strong>\u00a0le XTREM HUNTER sera votre compagnon ultime pour d\u00e9couvrir des \u00e9l\u00e9ments enfouis telles que des reliques imposantes et divers objets souterrains, y compris des r\u00e9servoirs et des tuyaux m\u00e9talliques.<\/p>\n<div id=\"gtx-trans\" style=\"position: absolute; left: -174px; top: -6.25px;\">\n<div class=\"gtx-trans-icon\"><\/div>\n<\/div>\n<p>[\/vc_column_text][vc_single_image image=\u00a0\u00bb12532&Prime; img_size=\u00a0\u00bbfull\u00a0\u00bb alignment=\u00a0\u00bbcenter\u00a0\u00bb parallax_scroll=\u00a0\u00bbno\u00a0\u00bb woodmart_inline=\u00a0\u00bbno\u00a0\u00bb][\/vc_column][\/vc_row][vc_row full_width=\u00a0\u00bbstretch_row\u00a0\u00bb mobile_bg_img_hidden=\u00a0\u00bbno\u00a0\u00bb tablet_bg_img_hidden=\u00a0\u00bbno\u00a0\u00bb woodmart_parallax=\u00a0\u00bb0&Prime; woodmart_gradient_switch=\u00a0\u00bbno\u00a0\u00bb row_reverse_mobile=\u00a0\u00bb0&Prime; row_reverse_tablet=\u00a0\u00bb0&Prime; woodmart_disable_overflow=\u00a0\u00bb0&Prime; css=\u00a0\u00bb.vc_custom_1610451892311{margin-bottom: -80px !important;padding-top: 40px !important;padding-bottom: 40px !important;background-color: #f7f7f7 !important;}\u00a0\u00bb][vc_column][vc_tta_tabs style=\u00a0\u00bbmodern\u00a0\u00bb alignment=\u00a0\u00bbcenter\u00a0\u00bb active_section=\u00a0\u00bb1&Prime;][vc_tta_section title=\u00a0\u00bbCaract\u00e9ristiques\u00a0\u00bb tab_id=\u00a0\u00bb1598441911523-c89c9e8e-bac040f2-9266&Prime;][vc_row_inner][vc_column_inner][vc_single_image image=\u00a0\u00bb13421&Prime; img_size=\u00a0\u00bbfull\u00a0\u00bb alignment=\u00a0\u00bbcenter\u00a0\u00bb style=\u00a0\u00bbvc_box_rounded\u00a0\u00bb css=\u00a0\u00bb\u00a0\u00bb parallax_scroll=\u00a0\u00bbno\u00a0\u00bb woodmart_inline=\u00a0\u00bbno\u00a0\u00bb][vc_column_text text_larger=\u00a0\u00bbno\u00a0\u00bb woodmart_inline=\u00a0\u00bbno\u00a0\u00bb]<strong>Lib\u00e9rez la puissance<\/strong><\/p>\n<p>La technologie multifr\u00e9quences simultan\u00e9es (FMF\u00ae) garantit\u00a0<strong class=\"red\">des performances in\u00e9gal\u00e9es avec un minimum d\u2019effet de sol.<\/strong><\/p>\n<p><strong class=\"red\">Atteignez des profondeurs extr\u00eames allant jusqu&rsquo;\u00e0 5 m\u00e8tres<\/strong>\u00a0afin de d\u00e9couvrir les cibles les plus profondes.<\/p>\n<p>&nbsp;<\/p>\n<p><strong>Capacit\u00e9 de discrimination<br \/>\n<\/strong>Gr\u00e2ce au syst\u00e8me avanc\u00e9 de multifr\u00e9quences simultan\u00e9es (FMF\u00ae),\u00a0<strong class=\"red\">la capacit\u00e9 de discrimination du fer atteint de nouveaux sommets.<\/strong>\u00a0En plus de son insensibilit\u00e9 naturelle aux petites cibles comme les clous, le XTREM HUNTER offre d\u00e9sormais la\u00a0<strong class=\"red\">possibilit\u00e9 de discriminer une partie des objets ferreux de taille mod\u00e9r\u00e9e.<\/strong><\/p>\n<p>&nbsp;<\/p>\n<p><strong>Facile \u00e0 utiliser et \u00e0 transporter<\/strong><\/p>\n<p>Con\u00e7u pour\u00a0<strong class=\"red\">un seul op\u00e9rateur,<\/strong>\u00a0sa maniabilit\u00e9 exceptionnelle garantit une d\u00e9tection ais\u00e9e.<\/p>\n<p><strong class=\"red\">Avec un poids de seulement 2,9 kg,<\/strong>\u00a0il permet de d\u00e9tecter plus longtemps.<\/p>\n<p>Votre XTREM HUNTER peut \u00eatre transport\u00e9 avec la\u00a0<strong class=\"red\">mallette XP<\/strong>\u00a0(inclus) ou le\u00a0<strong class=\"red\">sac \u00e0 dos XP 280<\/strong>\u00a0(en option) pour une plus grande praticit\u00e9.<\/p>\n<p><strong class=\"red\">Ajustez la poign\u00e9e<\/strong>\u00a0pour optimiser votre distance au sol.<\/p>\n<p>&nbsp;<\/p>\n<p><strong>R\u00e9sistant aux intemp\u00e9ries<\/strong><\/p>\n<p>Gr\u00e2ce \u00e0 sa\u00a0<strong class=\"red\">conception \u00e9tanche,<\/strong>\u00a0le XTREM HUNTER peut affronter la pluie et les conditions m\u00e9t\u00e9orologiques les plus difficiles.<\/p>\n<p>&nbsp;<\/p>\n<p>&nbsp;<\/p>\n<p><strong>Con\u00e7u pour durer<\/strong><\/p>\n<p>Avec sa\u00a0<strong class=\"red\">garantie compl\u00e8te de 5 ans<\/strong>\u00a0(pi\u00e8ces et main-d&rsquo;\u0153uvre), le XTREM HUNTER est con\u00e7u pour r\u00e9sister \u00e0 l&rsquo;\u00e9preuve du temps et vous offrir les meilleures performances pendant de nombreuses ann\u00e9es.<\/p>\n<p>&nbsp;<\/p>\n<p><strong>Le confort du \u00ab sans fil \u00bb<\/strong><\/p>\n<p>Profitez d&rsquo;une\u00a0<strong class=\"red\">compatibilit\u00e9 parfaite avec l&rsquo;\u00e9cosyst\u00e8me sans fil du DEUS II,<\/strong>\u00a0comprenant la t\u00e9l\u00e9commande, les casques et les disques standards FMF.<\/p>\n<p>Passez facilement aux disques sans fil standards du DEUS II en quelques secondes pour localiser pr\u00e9cis\u00e9ment votre cible.<\/p>\n<p>Associez le XTREM HUNTER en tant que nouveau disque et instantan\u00e9ment la t\u00e9l\u00e9commande vous pr\u00e9sente\u00a0<strong class=\"red\">ses menus sp\u00e9cifiques.<\/strong><\/p>\n<div id=\"gtx-trans\" style=\"position: absolute; left: 44px; top: 878px;\">\n<div class=\"gtx-trans-icon\"><\/div>\n<\/div>\n<p>[\/vc_column_text][\/vc_column_inner][\/vc_row_inner][vc_row_inner][vc_column_inner width=\u00a0\u00bb2\/3&Prime;][vc_column_text woodmart_inline=\u00a0\u00bbno\u00a0\u00bb text_larger=\u00a0\u00bbno\u00a0\u00bb]<\/p>\n<blockquote><p>D\u00e9tecteurs classiques VS XTREM HUNTER<\/p><\/blockquote>\n<p><strong>Les d\u00e9tecteurs classiques sont capables de d\u00e9tecter de petites<br \/>\n<\/strong>cibles ainsi que de grandes masses m\u00e9talliques \u00e0 des profondeurs importantes. Cependant, ils sont affect\u00e9s par les petites<br \/>\ncibles proches de la surface ou par les effets de sol. Par exemple,<br \/>\nun clou situ\u00e9 \u00e0 proximit\u00e9 peut masquer le signal provenant d\u2019une<br \/>\ngrande masse en profondeur.<br \/>\nEn outre, m\u00eame sur un sol relativement propre, il est difficile<br \/>\nde faire la distinction entre une petite cible en surface et une<br \/>\ncible plus grande en profondeur, car les deux g\u00e9n\u00e8rent un signal<br \/>\nsimilaire. Il devient alors difficile de se concentrer sur les masses<br \/>\nenfouies en profondeur sans perdre du temps \u00e0 chercher parmi<br \/>\nles nombreuses petites cibles de surface.<br \/>\n<strong>L\u2019 XTREM HUNTER<\/strong> , gr\u00e2ce \u00e0 la g\u00e9om\u00e9trie de ses disques et \u00e0<br \/>\nla distribution du champ \u00e9lectromagn\u00e9tique en r\u00e9sultant, est<br \/>\nextr\u00eamement peu sensible aux petites cibles de surface, qui<br \/>\nlui sont naturellement invisibles. Il est capable de p\u00e9n\u00e9trer les<br \/>\ncouches sup\u00e9rieures du sol et de les traverser facilement. En<br \/>\noutre, sa suppression am\u00e9lior\u00e9e de l\u2019effet de sol r\u00e9duit les faux<br \/>\nsignaux caus\u00e9s par les mouvements et les oscillations pendant<br \/>\nla marche, ce qui se traduit par une am\u00e9lioration significative<br \/>\ndes performances par rapport aux g\u00e9n\u00e9rations pr\u00e9c\u00e9dentes de<br \/>\nd\u00e9tecteurs de ce type.[\/vc_column_text][\/vc_column_inner][vc_column_inner width=\u00a0\u00bb1\/3&Prime;][vc_single_image image=\u00a0\u00bb12548&Prime; img_size=\u00a0\u00bbfull\u00a0\u00bb alignment=\u00a0\u00bbcenter\u00a0\u00bb parallax_scroll=\u00a0\u00bbno\u00a0\u00bb woodmart_inline=\u00a0\u00bbno\u00a0\u00bb][\/vc_column_inner][\/vc_row_inner][\/vc_tta_section][vc_tta_section title=\u00a0\u00bbCaract\u00e9ristiques techniques\u00a0\u00bb tab_id=\u00a0\u00bb1598442096952-72789241-2ba340f2-9266&Prime;][vc_column_text text_larger=\u00a0\u00bbno\u00a0\u00bb woodmart_inline=\u00a0\u00bbno\u00a0\u00bb]<\/p>\n<h4>(se r\u00e9f\u00e9rer au manuel du DEUS II pour les sp\u00e9cifications compl\u00e8tes)<\/h4>\n<h4><strong>Param\u00e8tres disponibles lorsqu&rsquo;il est associ\u00e9 au XTREM HUNTER<\/strong><\/h4>\n<p>Sensibilit\u00e9<\/p>\n<p>R\u00e9activit\u00e9<\/p>\n<p>Autotune r\u00e9glable<\/p>\n<p>Seuil audio<\/p>\n<p>Rejet du fer (IAR)<\/p>\n<p>R\u00e9ponse audio<\/p>\n<p>Balayage de fr\u00e9quence (annulation du bruit EMI) : Auto\/Manuel &#8211; 14 canaux<\/p>\n<p>\u00c9quilibrage au sol : Automatique ou Manuel<\/p>\n<p>Enregistrement de 4 secondes avec option Lecture\/Pause<\/p>\n<p>&nbsp;<\/p>\n<h4><strong>Caract\u00e9ristiques techniques g\u00e9n\u00e9rales (accessoire XTREM HUNTER)<\/strong><\/h4>\n<p>Multifr\u00e9quences simultan\u00e9es (FMF\u00ae)<\/p>\n<p>Mode statique avec Autotune r\u00e9glable<\/p>\n<p>Compatibilit\u00e9 avec les casques sans fil : WSAII XL (\u00e9tanche IP68) &#8211; WSAII (r\u00e9sistant aux intemp\u00e9ries) &#8211; WS6 (r\u00e9sistant aux intemp\u00e9ries)<\/p>\n<p>Type de batterie : Li-ion 18650 x1 &#8211; 11 Watts\/heure &#8211; 45g<\/p>\n<p>Autonomie de la batterie : &gt;10 heures<\/p>\n<p>Temps de charge : ~4 heures<\/p>\n<p>C\u00e2ble de charge : USB-C<\/p>\n<p>Longueur assembl\u00e9 : 1,20 m<\/p>\n<p>Mallette XP : incluse &#8211; r\u00e9sistante \u00e0 la pluie et aux chocs<\/p>\n<p>Poids (Xtrem Hunter + t\u00e9l\u00e9commande) : 2,9 kg<\/p>\n<p>Poids (Xtrem Hunter + mallette XP) : 5,8 kg<\/p>\n<p>Dimensions de la mallette XP : 725 x 480 x 170 mm<\/p>\n<p>Sac \u00e0 dos XP 280 : en option<\/p>\n<p>Garantie : 5 ans pi\u00e8ces et main-d&rsquo;\u0153uvre &#8211; Batteries et connecteurs 2 ans<\/p>\n<p>Brevet : US 7940049 B2 &#8211; EP 1990658 B1 + brevets en cours[\/vc_column_text][\/vc_tta_section][vc_tta_section title=\u00a0\u00bbAccessories\u00a0\u00bb tab_id=\u00a0\u00bb1598442097652-d383f913-39bd40f2-9266&Prime;][vc_single_image image=\u00a0\u00bb12626&Prime; img_size=\u00a0\u00bbfull\u00a0\u00bb alignment=\u00a0\u00bbcenter\u00a0\u00bb parallax_scroll=\u00a0\u00bbno\u00a0\u00bb woodmart_inline=\u00a0\u00bbno\u00a0\u00bb][vc_column_text woodmart_inline=\u00a0\u00bbno\u00a0\u00bb text_larger=\u00a0\u00bbno\u00a0\u00bb]<strong><span style=\"color: red;\">1-<\/span><\/strong>1 canne S-TELESCOPIC.<br \/>\n<strong><span style=\"color: red;\">2-<\/span><\/strong>1 t\u00e9l\u00e9commande (selon version).<br \/>\n<strong><span style=\"color: red;\">3-<\/span><\/strong>1 casque sans fil (selon version).<br \/>\n<strong><span style=\"color: red;\">4-<\/span><\/strong>1 c\u00e2ble de charge USB-C.<br \/>\n<strong><span style=\"color: red;\">5-<\/span><\/strong>2 vis molet\u00e9es &#8211; \u00d8 5mm &#8211; longueur 30mm.<br \/>\n<strong><span style=\"color: red;\">6-<\/span><\/strong>4 vis molet\u00e9es &#8211; \u00d8 5mm &#8211; longueur 16mm.<br \/>\n<strong><span style=\"color: red;\">7-<\/span><\/strong>1 vis molet\u00e9e &#8211; \u00d8 4mm &#8211; longueur 12mm.<br \/>\n<strong><span style=\"color: red;\">8-<\/span><\/strong>1 malette XP \u00e9tanche \u00e0 la pluie.<br \/>\n<strong><span style=\"color: red;\">9-<\/span><\/strong>1 sangle de portage.<br \/>\n<strong><span style=\"color: red;\">10-<\/span><\/strong>2 parties de la structure du XTREM HUNTER.<br \/>\n<strong><span style=\"color: red;\">11-<\/span><\/strong>1 disque avant avec \u00e9metteur et batterie.<br \/>\n<strong><span style=\"color: red;\">12-<\/span><\/strong>1 disque arri\u00e8re avec son c\u00e2ble.[\/vc_column_text][\/vc_tta_section][\/vc_tta_tabs][\/vc_column][\/vc_row]<\/p>\n<\/div>","protected":false},"excerpt":{"rendered":"<blockquote><p><strong>Lib\u00e9rez la puissance<\/strong><\/p><\/blockquote>\n<p>La technologie multifr\u00e9quences simultan\u00e9es (FMF\u00ae) garantit <strong>des performances in\u00e9gal\u00e9es avec un minimum d\u2019effet de sol.<\/strong><br \/>\n<strong>Atteignez des profondeurs extr\u00eames allant jusqu&rsquo;\u00e0 5 m\u00e8tres<\/strong> afin de d\u00e9couvrir les cibles les plus profondes.<\/p>\n<div id=\"gtx-trans\" style=\"position: absolute; left: -36px; top: 102px;\">\n<div class=\"gtx-trans-icon\"><\/div>\n<\/div>\n","protected":false},"featured_media":13425,"template":"","meta":{"_acf_changed":false},"product_brand":[],"product_cat":[739,743],"product_tag":[],"class_list":{"0":"post-12531","1":"product","2":"type-product","3":"status-publish","4":"has-post-thumbnail","6":"product_cat-detecteurs-dor","7":"product_cat-detecteurs-de-metaux","9":"first","10":"instock","11":"sale","12":"shipping-taxable","13":"purchasable","14":"product-type-simple"},"acf":[],"_links":{"self":[{"href":"https:\/\/gmd-detectors.com\/fr\/wp-json\/wp\/v2\/product\/12531","targetHints":{"allow":["GET"]}}],"collection":[{"href":"https:\/\/gmd-detectors.com\/fr\/wp-json\/wp\/v2\/product"}],"about":[{"href":"https:\/\/gmd-detectors.com\/fr\/wp-json\/wp\/v2\/types\/product"}],"wp:featuredmedia":[{"embeddable":true,"href":"https:\/\/gmd-detectors.com\/fr\/wp-json\/wp\/v2\/media\/13425"}],"wp:attachment":[{"href":"https:\/\/gmd-detectors.com\/fr\/wp-json\/wp\/v2\/media?parent=12531"}],"wp:term":[{"taxonomy":"product_brand","embeddable":true,"href":"https:\/\/gmd-detectors.com\/fr\/wp-json\/wp\/v2\/product_brand?post=12531"},{"taxonomy":"product_cat","embeddable":true,"href":"https:\/\/gmd-detectors.com\/fr\/wp-json\/wp\/v2\/product_cat?post=12531"},{"taxonomy":"product_tag","embeddable":true,"href":"https:\/\/gmd-detectors.com\/fr\/wp-json\/wp\/v2\/product_tag?post=12531"}],"curies":[{"name":"wp","href":"https:\/\/api.w.org\/{rel}","templated":true}]}}