{"id":14763,"date":"2025-05-02T08:43:48","date_gmt":"2025-05-02T05:43:48","guid":{"rendered":"https:\/\/gmd-detectors.com\/?post_type=product&#038;p=14763"},"modified":"2026-03-15T12:35:25","modified_gmt":"2026-03-15T09:35:25","slug":"detecteur-de-metaux-sous-marin-tc-120-pinpointer","status":"publish","type":"product","link":"https:\/\/gmd-detectors.com\/fr\/produit\/detecteur-de-metaux-sous-marin-tc-120-pinpointer\/","title":{"rendered":"D\u00e9tecteur de m\u00e9taux sous-marin TC-120 Pinpointer"},"content":{"rendered":"<div class=\"wpb-content-wrapper\"><p>[vc_row full_width=\u00a0\u00bbstretch_row\u00a0\u00bb mobile_bg_img_hidden=\u00a0\u00bbno\u00a0\u00bb tablet_bg_img_hidden=\u00a0\u00bbno\u00a0\u00bb woodmart_parallax=\u00a0\u00bb0&Prime; woodmart_gradient_switch=\u00a0\u00bbno\u00a0\u00bb row_reverse_mobile=\u00a0\u00bb0&Prime; row_reverse_tablet=\u00a0\u00bb0&Prime; woodmart_disable_overflow=\u00a0\u00bb0&Prime; css=\u00a0\u00bb.vc_custom_1610451467938{border-bottom-width: 1px !important;padding-bottom: 40px !important;border-bottom-color: #e6e6e6 !important;border-bottom-style: solid !important;}\u00a0\u00bb][vc_column][vc_column_text css=\u00a0\u00bb\u00a0\u00bb text_larger=\u00a0\u00bbno\u00a0\u00bb woodmart_inline=\u00a0\u00bbno\u00a0\u00bb]<strong>Pr\u00e9sentation<\/strong><\/p>\n<p><strong>Le TC-120 d\u00e9tecteur de m\u00e9taux de plong\u00e9e<\/strong><br \/>\nMerci d&rsquo;avoir choisi TC-120 d\u00e9tecteur de m\u00e9taux de plong\u00e9e. Le TC-120 est un d\u00e9tecteur de m\u00e9taux portatif. Il a \u00e9t\u00e9 con\u00e7u pour localiser des objets m\u00e9talliques (m\u00e9taux noirs et non ferreux) lors de la chasse au tr\u00e9sor. Le TC-120 peut \u00eatre utilis\u00e9 en combinaison avec des d\u00e9tecteurs de m\u00e9taux au sol pour aider \u00e0 d\u00e9couvrir des cibles m\u00e9talliques. Il a \u00e0 la fois le son et la vibration pour indiquer la pr\u00e9sence d&rsquo;objets m\u00e9talliques. La force de vibration augmente alors qu&rsquo;elle se rapproche de la cible m\u00e9tallique. Le d\u00e9tecteur a une bobine de 4.2 pouces, qui peut d\u00e9tecter facilement de petits objets m\u00e9talliques. Il est \u00e9quip\u00e9 de lampes de poche LED, ce qui aide \u00e0 d\u00e9tecter dans des conditions sombres ou de faible luminosit\u00e9. Le TC-120 est \u00e9tanche \u00e0 la plong\u00e9e. Il fournit l&rsquo;op\u00e9ration fiable m\u00eame dans les environnements complexes.<\/p>\n<p>Mise hors tension<br \/>\nAppuyez et maintenez le bouton marche\/arr\u00eat pendant 3 secondes et l&rsquo;appareil sera \u00e9teint.<br \/>\nModifier les param\u00e8tres<br \/>\n1. Apr\u00e8s avoir allum\u00e9 l&rsquo;\u00e9quipement, la valeur par d\u00e9faut est (sensibilit\u00e9 du buzzer et du vibrateur)<br \/>\n2. Pour r\u00e9gler le mode, appuyez sur le bouton (\u2460) pendant 2 secondes. L&rsquo;appareil \u00e9met 2 bips et la LED commence \u00e0 clignoter. Continuez ensuite \u00e0 appuyer sur le bouton \u2460 pendant 1 seconde et modifiez les param\u00e8tres:<br \/>\nVibration sonore: faible \u00e0 moyen \u00e0 \u00e9lev\u00e9<br \/>\nVoix: basse, moyenne et haute<br \/>\nVibration: faible, moyenne et \u00e9lev\u00e9e<br \/>\nApr\u00e8s le r\u00e9glage, la LED clignotera cinq secondes, puis l&rsquo;appareil confirmera automatiquement l&rsquo;\u00e9tat de r\u00e9glage actuel.<br \/>\nR\u00e9initialiser<br \/>\nLorsque la min\u00e9ralisation du sol est grave, ou une mauvaise op\u00e9ration peut conduit signal d&rsquo;erreur continue. Veuillez appuyer et rel\u00e2cher rapidement le bouton \u2460, la LED clignote une fois, l&rsquo;\u00e9quipement \u00e9liminera la fausse alarme. Le syst\u00e8me r\u00e9initialisera rapidement l&rsquo;\u00e9quilibre de d\u00e9tection et reviendra \u00e0 l&rsquo;\u00e9tat de fonctionnement normal.<\/p>\n<p>Sp\u00e9cifications<br \/>\nMod\u00e8le: TC-120 d\u00e9tecteur de m\u00e9taux de plong\u00e9e<br \/>\nM\u00e9thode de travail: induction d&rsquo;impulsion<br \/>\nFr\u00e9quence de fonctionnement: 3.2kHz<br \/>\nR\u00e9glage: Auto ou manuel (r\u00e9accordage)<br \/>\nIndiqu\u00e9: Audio \/ vibration \/ LED<br \/>\nPlage de temp\u00e9rature: 5 \u00b0 \u00e0 158 \u00b0 F (-15 \u00b0 \u00e0 + 70 \u2103)<br \/>\nBobine: 4.2 po<br \/>\nPoids net: 280g \/ 10.5 oz. (La batterie n&rsquo;est PAS incluse)<br \/>\nDimensions: 34.6&#215;9.3&#215;11.5 cm<br \/>\nBatterie: 9V (6F22). Piles alcalines ou rechargeables (la batterie n&rsquo;est PAS incluse)<br \/>\nPuissance de la batterie: g\u00e9n\u00e9ralement 20 heures<br \/>\n\u00c9quipement de nettoyage<br \/>\n1. Utilisez de l&rsquo;eau du robinet ou faites tremper un chiffon propre avec une solution de d\u00e9tergent m\u00e9nager.<br \/>\n2. Essuyez l&rsquo;\u00e9quipement avec un chiffon humide.<br \/>\n3. S\u00e9chez soigneusement l&rsquo;\u00e9quipement.<br \/>\n4. \u00c9vitez d&rsquo;utiliser des nettoyants chimiques et des solvants<\/p>\n<p>Le forfait comprend<br \/>\n1x D\u00e9tecteur de m\u00e9taux<br \/>\n1x Manuel<br \/>\n1x Corde anti-perte<\/p>\n<p><strong>Remarque:<\/strong><br \/>\nVeuillez accepter des erreurs de 1 \u00e0 2cm dues \u00e0 la mesure manuelle, assurez-vous que cela ne vous d\u00e9range pas avant de commander.<br \/>\nEn raison de la diff\u00e9rence entre les diff\u00e9rents moniteurs, l&rsquo;image peut ne pas refl\u00e9ter la couleur r\u00e9elle de l&rsquo;article.[\/vc_column_text][\/vc_column][\/vc_row]<\/p>\n<\/div>","protected":false},"excerpt":{"rendered":"<p><strong>Origine<\/strong>: CN (Origine)<br \/>\n<strong>Nom de marque<\/strong>: TTAKA7<br \/>\n<strong>Num\u00e9ro de Mod\u00e8le<\/strong>: TC-210<br \/>\n<strong>Avec \u00e9cran LCD ou pas<\/strong>: Oui<br \/>\n<strong>Type D&rsquo;alimentation:<\/strong> Aliment\u00e9 par batterie<\/p>\n","protected":false},"featured_media":14742,"template":"","meta":{"_acf_changed":false},"product_brand":[],"product_cat":[739],"product_tag":[],"class_list":{"0":"post-14763","1":"product","2":"type-product","3":"status-publish","4":"has-post-thumbnail","6":"product_cat-detecteurs-dor","8":"first","9":"instock","10":"shipping-taxable","11":"purchasable","12":"product-type-simple"},"acf":[],"_links":{"self":[{"href":"https:\/\/gmd-detectors.com\/fr\/wp-json\/wp\/v2\/product\/14763","targetHints":{"allow":["GET"]}}],"collection":[{"href":"https:\/\/gmd-detectors.com\/fr\/wp-json\/wp\/v2\/product"}],"about":[{"href":"https:\/\/gmd-detectors.com\/fr\/wp-json\/wp\/v2\/types\/product"}],"wp:featuredmedia":[{"embeddable":true,"href":"https:\/\/gmd-detectors.com\/fr\/wp-json\/wp\/v2\/media\/14742"}],"wp:attachment":[{"href":"https:\/\/gmd-detectors.com\/fr\/wp-json\/wp\/v2\/media?parent=14763"}],"wp:term":[{"taxonomy":"product_brand","embeddable":true,"href":"https:\/\/gmd-detectors.com\/fr\/wp-json\/wp\/v2\/product_brand?post=14763"},{"taxonomy":"product_cat","embeddable":true,"href":"https:\/\/gmd-detectors.com\/fr\/wp-json\/wp\/v2\/product_cat?post=14763"},{"taxonomy":"product_tag","embeddable":true,"href":"https:\/\/gmd-detectors.com\/fr\/wp-json\/wp\/v2\/product_tag?post=14763"}],"curies":[{"name":"wp","href":"https:\/\/api.w.org\/{rel}","templated":true}]}}