{"id":9611,"date":"2021-07-19T09:12:23","date_gmt":"2021-07-19T09:12:23","guid":{"rendered":"https:\/\/gmd-detectors.com\/?post_type=product&#038;p=9611"},"modified":"2022-02-27T14:40:24","modified_gmt":"2022-02-27T11:40:24","slug":"wf-202-pro","status":"publish","type":"product","link":"https:\/\/gmd-detectors.com\/fr\/produit\/wf-202-pro\/","title":{"rendered":"WF 202 PRO +"},"content":{"rendered":"<div class=\"wpb-content-wrapper\"><p>[vc_section][vc_row full_width=\u00a0\u00bbstretch_row\u00a0\u00bb mobile_bg_img_hidden=\u00a0\u00bbno\u00a0\u00bb tablet_bg_img_hidden=\u00a0\u00bbno\u00a0\u00bb woodmart_parallax=\u00a0\u00bb0&Prime; woodmart_gradient_switch=\u00a0\u00bbno\u00a0\u00bb row_reverse_mobile=\u00a0\u00bb0&Prime; row_reverse_tablet=\u00a0\u00bb0&Prime; woodmart_disable_overflow=\u00a0\u00bb0&Prime; css=\u00a0\u00bb.vc_custom_1610457064397{border-bottom-width: 1px !important;padding-bottom: 40px !important;border-bottom-color: #e6e6e6 !important;border-bottom-style: solid !important;}\u00a0\u00bb][vc_column][vc_single_image image=\u00a0\u00bb778&Prime; img_size=\u00a0\u00bb500&#215;0&Prime; alignment=\u00a0\u00bbcenter\u00a0\u00bb style=\u00a0\u00bbvc_box_shadow_border\u00a0\u00bb parallax_scroll=\u00a0\u00bbno\u00a0\u00bb el_class=\u00a0\u00bbfloat-right-img\u00a0\u00bb][vc_column_text text_larger=\u00a0\u00bbno\u00a0\u00bb]\u2022 WF 202 PRO+ \u00a0\u00bb Travaille sur des techniques scientifiques de caract\u00e8re \u00e9lectronique sp\u00e9cial et par des logiciels d\u00e9velopp\u00e9s et uniques.<br \/>\n\u2022 Syst\u00e8mes de multi-d\u00e9tection et d&rsquo;exploration avec les derni\u00e8res techniques avanc\u00e9es et sophistiqu\u00e9es pour d\u00e9tecter et localiser l&rsquo;eau.<br \/>\n\u2022 Niveaux de haute technologie pour la d\u00e9tection des eaux souterraines.<br \/>\n\u2022 Fr\u00e9quences d&rsquo;ondes de haute pr\u00e9cision et performance, capables de p\u00e9n\u00e9trer le sous-sol jusqu&rsquo;\u00e0 une profondeur de 450 m\u00e8tres, et la capacit\u00e9 de d\u00e9tecter la distance frontale et s&rsquo;\u00e9tendre jusqu&rsquo;\u00e0 2 km.<br \/>\n\u2022 Syst\u00e8me de r\u00e9glage automatique (ATS) Invention sp\u00e9ciale et nouvelle, enregistr\u00e9e en faveur du GROUPE MWF, ce syst\u00e8me fournit des r\u00e9sultats pr\u00e9cis et certains dans tous les types de sols et de terrain, car le syst\u00e8me reconna\u00eet le sol automatiquement, accorde le processus de recherche de r\u00e9glage automatique en fonction de le type de sol et les propri\u00e9t\u00e9s du sol, avec la suppression de tout chevauchement de rayonnement r\u00e9sultant de l&rsquo;effet de territoire rocheux et montagneux, qui peut affecter beaucoup d&rsquo;autres d\u00e9tecteurs, mais ce syst\u00e8me intelligent, peut trier et analyser et fournir les niveaux n\u00e9cessaires qui concerne le signal de fr\u00e9quence, la tension et la longueur d&rsquo;onde du signal qui donne des r\u00e9sultats exempts d&rsquo;erreurs.<br \/>\n\u2022 \u00c9cran couleur TFT 3,2 pouces HD, donne \u00e0 l&rsquo;utilisateur une vision claire de nuit comme de jour.<br \/>\n\u2022 Contr\u00f4lez le niveau de luminosit\u00e9 de l&rsquo;\u00e9cran, qui vous offre un \u00e9clairage ad\u00e9quat de jour comme de nuit, et r\u00e9duisez le niveau d&rsquo;\u00e9clairage pour \u00e9conomiser de l&rsquo;\u00e9nergie \u00e9galement.<br \/>\n\u2022 Cinq niveaux de son vous offrent un contr\u00f4le ad\u00e9quat de la sortie sonore et signalent les sons des r\u00e9sultats de la recherche.<br \/>\n\u2022 Pour la premi\u00e8re fois dans le monde dans les appareils de d\u00e9tection et d&rsquo;exploration exclusivement chez MWF Group, l&rsquo;appareil est pris en charge avec des syst\u00e8mes d&rsquo;exploitation et de d\u00e9tection intelligents, des interfaces intelligentes, un syst\u00e8me d&rsquo;\u00e9conomie d&rsquo;\u00e9nergie, un syst\u00e8me de charge intelligent, multilingue et m\u00e9moriser la langue de l&rsquo;appareil, enregistrer les param\u00e8tres, contr\u00f4le intelligent, Technologie Bluetooth et r\u00e9initialisation d&rsquo;usine.<br \/>\n\u2022 Interface de param\u00e8tres intelligents, vous offre un contr\u00f4le flexible et rapide de toutes les fonctions et programmes en toute simplicit\u00e9.<br \/>\n\u2022 Fonctionnalit\u00e9 intelligente de batterie et de charge, qui donne \u00e0 l&rsquo;utilisateur un suivi pr\u00e9cis du niveau de la batterie et des avis sur le niveau de la batterie et des alertes avant l&rsquo;entr\u00e9e en vigueur de l&rsquo;alimentation, avec des syst\u00e8mes de charge intelligents qui permettent \u00e0 l&rsquo;utilisateur de suivre \u00e9galement la charge de la batterie lorsque l&rsquo;appareil est allum\u00e9 ou OFF, et de conna\u00eetre le niveau de charge qui s&rsquo;est ajout\u00e9, le tout en temps r\u00e9el.<br \/>\n\u2022 L&rsquo;appareil et ses accessoires se caract\u00e9risent par leur petite taille, ce qui permet un mouvement rapide avec des commandes de communication sans fil, et sous r\u00e9serve du d\u00e9montage et du montage de toutes les unit\u00e9s et syst\u00e8mes attach\u00e9s.<br \/>\n\u2022 Syst\u00e8me de connexion sans fil, pour se connecter aux syst\u00e8mes de recherche d&rsquo;accompagnement, qui envoie un ordre sans fil au syst\u00e8me de recherche qui doit \u00eatre explor\u00e9 par celui-ci et modifier ses param\u00e8tres \u00e0 distance, sans avoir besoin de connecter les fils et autres \u00e9l\u00e9ments susceptibles d&rsquo;entraver et de retarder la recherche processus et r\u00e9sultats.<br \/>\n\u2022 L\u00e9ger, ce qui permet \u00e0 l&rsquo;utilisateur de travailler sans effort ni fatigue.[\/vc_column_text]<div id=\"wd-61052ed0d3922\" class=\" wd-rs-61052ed0d3922  wd-button-wrapper text-center inline-element\"><a href=\"\/usermanual\/mwf\/en\/wf-202-pro.pdf\" title=\"\" target=\"_blank\" class=\"btn btn-color-primary btn-style-default btn-shape-semi-round btn-size-default btn-icon-pos-left\">Manuel de l&#039;Utilisateur<span class=\"wd-btn-icon\"><span class=\"wd-icon fas fa-file-pdf\"><\/span><\/span><\/a><\/div>[\/vc_column][\/vc_row][vc_row full_width=\u00a0\u00bbstretch_row\u00a0\u00bb mobile_bg_img_hidden=\u00a0\u00bbno\u00a0\u00bb tablet_bg_img_hidden=\u00a0\u00bbno\u00a0\u00bb woodmart_parallax=\u00a0\u00bb0&Prime; woodmart_gradient_switch=\u00a0\u00bbno\u00a0\u00bb row_reverse_mobile=\u00a0\u00bb0&Prime; row_reverse_tablet=\u00a0\u00bb0&Prime; woodmart_disable_overflow=\u00a0\u00bb0&Prime; css=\u00a0\u00bb.vc_custom_1610457076119{margin-bottom: -80px !important;padding-top: 40px !important;padding-bottom: 40px !important;background-color: #f7f7f7 !important;}\u00a0\u00bb][vc_column][vc_tta_tabs style=\u00a0\u00bbmodern\u00a0\u00bb alignment=\u00a0\u00bbcenter\u00a0\u00bb active_section=\u00a0\u00bb1&Prime;][vc_tta_section title=\u00a0\u00bbSyst\u00e8mes de d\u00e9tection\u00a0\u00bb tab_id=\u00a0\u00bb1598442086500-76e5a306-5ebf40f2-926698a0-e1ff\u00a0\u00bb][vc_toggle title=\u00a0\u00bb1- LRL portable :\u00a0\u00bb open=\u00a0\u00bbtrue\u00a0\u00bb]\u2022 LRL portable \u00ab\u00a0fonctionne par un syst\u00e8me de recherche longue distance pour d\u00e9tecter l&#8217;emplacement de l&rsquo;eau, guide l&rsquo;utilisateur directement vers le site cible, avec une LED laser pour le guidage dans la nuit.<br \/>\n\u2022 Cet appareil fonctionnant sur un 6 volts, gr\u00e2ce \u00e0 quatre piles AAA standard de 1,5 volt, peut \u00eatre utilis\u00e9 avec des piles normales pour une fois, ou des piles rechargeables.<\/p>\n\n\t\t<style type=\"text\/css\">\n\t\t\t#gallery-1 {\n\t\t\t\tmargin: auto;\n\t\t\t}\n\t\t\t#gallery-1 .gallery-item {\n\t\t\t\tfloat: left;\n\t\t\t\tmargin-top: 10px;\n\t\t\t\ttext-align: center;\n\t\t\t\twidth: 50%;\n\t\t\t}\n\t\t\t#gallery-1 img {\n\t\t\t\tborder: 2px solid #cfcfcf;\n\t\t\t}\n\t\t\t#gallery-1 .gallery-caption {\n\t\t\t\tmargin-left: 0;\n\t\t\t}\n\t\t\t\/* see gallery_shortcode() in wp-includes\/media.php *\/\n\t\t<\/style>\n\t\t<div id='gallery-1' class='gallery galleryid-9611 gallery-columns-2 gallery-size-large'><dl class='gallery-item'>\n\t\t\t<dt class='gallery-icon landscape'>\n\t\t\t\t<img loading=\"lazy\" decoding=\"async\" width=\"1000\" height=\"993\" src=\"https:\/\/gmd-detectors.com\/wp-content\/uploads\/2021\/01\/WF-202-4.jpg\" class=\"attachment-large size-large\" alt=\"\" srcset=\"https:\/\/gmd-detectors.com\/wp-content\/uploads\/2021\/01\/WF-202-4.jpg 1000w, https:\/\/gmd-detectors.com\/wp-content\/uploads\/2021\/01\/WF-202-4-600x596.jpg 600w, https:\/\/gmd-detectors.com\/wp-content\/uploads\/2021\/01\/WF-202-4-150x150.jpg 150w, https:\/\/gmd-detectors.com\/wp-content\/uploads\/2021\/01\/WF-202-4-300x298.jpg 300w, https:\/\/gmd-detectors.com\/wp-content\/uploads\/2021\/01\/WF-202-4-768x763.jpg 768w, https:\/\/gmd-detectors.com\/wp-content\/uploads\/2021\/01\/WF-202-4-100x100.jpg 100w\" sizes=\"auto, (max-width: 1000px) 100vw, 1000px\" \/>\n\t\t\t<\/dt><\/dl><dl class='gallery-item'>\n\t\t\t<dt class='gallery-icon landscape'>\n\t\t\t\t<img loading=\"lazy\" decoding=\"async\" width=\"1000\" height=\"993\" src=\"https:\/\/gmd-detectors.com\/wp-content\/uploads\/2021\/01\/WF-202-5.jpg\" class=\"attachment-large size-large\" alt=\"\" srcset=\"https:\/\/gmd-detectors.com\/wp-content\/uploads\/2021\/01\/WF-202-5.jpg 1000w, https:\/\/gmd-detectors.com\/wp-content\/uploads\/2021\/01\/WF-202-5-600x596.jpg 600w, https:\/\/gmd-detectors.com\/wp-content\/uploads\/2021\/01\/WF-202-5-150x150.jpg 150w, https:\/\/gmd-detectors.com\/wp-content\/uploads\/2021\/01\/WF-202-5-300x298.jpg 300w, https:\/\/gmd-detectors.com\/wp-content\/uploads\/2021\/01\/WF-202-5-768x763.jpg 768w, https:\/\/gmd-detectors.com\/wp-content\/uploads\/2021\/01\/WF-202-5-100x100.jpg 100w\" sizes=\"auto, (max-width: 1000px) 100vw, 1000px\" \/>\n\t\t\t<\/dt><\/dl><br style=\"clear: both\" \/>\n\t\t<\/div>\n\n<p>[\/vc_toggle][vc_toggle title=\u00a0\u00bb2-Suivi de ligne :\u00a0\u00bb open=\u00a0\u00bbtrue\u00a0\u00bb]\u2022 Syst\u00e8me Line Tracker, un syst\u00e8me sp\u00e9cial pour suivre la fr\u00e9quence des lignes \u00e9lectriques connect\u00e9es entre le dispositif \u00e9metteur principal et le point d&rsquo;eau, il donne \u00e0 l&rsquo;utilisateur une piste pr\u00e9cise jusqu&rsquo;\u00e0 ce qu&rsquo;il atteigne directement le point cible, avec les derniers syst\u00e8mes avanc\u00e9s pour les syst\u00e8mes de t\u00e9l\u00e9d\u00e9tection par connexion sans fil.<br \/>\n\u2022 Cet appareil fonctionnant sur 9 volts, gr\u00e2ce \u00e0 une seule pile de 9 volts, vous pouvez utiliser des piles ordinaires, utiliser des piles uniques ou rechargeables.<\/p>\n\n\t\t<style type=\"text\/css\">\n\t\t\t#gallery-2 {\n\t\t\t\tmargin: auto;\n\t\t\t}\n\t\t\t#gallery-2 .gallery-item {\n\t\t\t\tfloat: left;\n\t\t\t\tmargin-top: 10px;\n\t\t\t\ttext-align: center;\n\t\t\t\twidth: 50%;\n\t\t\t}\n\t\t\t#gallery-2 img {\n\t\t\t\tborder: 2px solid #cfcfcf;\n\t\t\t}\n\t\t\t#gallery-2 .gallery-caption {\n\t\t\t\tmargin-left: 0;\n\t\t\t}\n\t\t\t\/* see gallery_shortcode() in wp-includes\/media.php *\/\n\t\t<\/style>\n\t\t<div id='gallery-2' class='gallery galleryid-9611 gallery-columns-2 gallery-size-large'><dl class='gallery-item'>\n\t\t\t<dt class='gallery-icon landscape'>\n\t\t\t\t<img loading=\"lazy\" decoding=\"async\" width=\"1000\" height=\"993\" src=\"https:\/\/gmd-detectors.com\/wp-content\/uploads\/2021\/01\/WF-202-7.jpg\" class=\"attachment-large size-large\" alt=\"\" srcset=\"https:\/\/gmd-detectors.com\/wp-content\/uploads\/2021\/01\/WF-202-7.jpg 1000w, https:\/\/gmd-detectors.com\/wp-content\/uploads\/2021\/01\/WF-202-7-600x596.jpg 600w, https:\/\/gmd-detectors.com\/wp-content\/uploads\/2021\/01\/WF-202-7-150x150.jpg 150w, https:\/\/gmd-detectors.com\/wp-content\/uploads\/2021\/01\/WF-202-7-300x298.jpg 300w, https:\/\/gmd-detectors.com\/wp-content\/uploads\/2021\/01\/WF-202-7-768x763.jpg 768w, https:\/\/gmd-detectors.com\/wp-content\/uploads\/2021\/01\/WF-202-7-100x100.jpg 100w\" sizes=\"auto, (max-width: 1000px) 100vw, 1000px\" \/>\n\t\t\t<\/dt><\/dl><dl class='gallery-item'>\n\t\t\t<dt class='gallery-icon landscape'>\n\t\t\t\t<img loading=\"lazy\" decoding=\"async\" width=\"1000\" height=\"993\" src=\"https:\/\/gmd-detectors.com\/wp-content\/uploads\/2021\/01\/WF-202-6.jpg\" class=\"attachment-large size-large\" alt=\"\" srcset=\"https:\/\/gmd-detectors.com\/wp-content\/uploads\/2021\/01\/WF-202-6.jpg 1000w, https:\/\/gmd-detectors.com\/wp-content\/uploads\/2021\/01\/WF-202-6-600x596.jpg 600w, https:\/\/gmd-detectors.com\/wp-content\/uploads\/2021\/01\/WF-202-6-150x150.jpg 150w, https:\/\/gmd-detectors.com\/wp-content\/uploads\/2021\/01\/WF-202-6-300x298.jpg 300w, https:\/\/gmd-detectors.com\/wp-content\/uploads\/2021\/01\/WF-202-6-768x763.jpg 768w, https:\/\/gmd-detectors.com\/wp-content\/uploads\/2021\/01\/WF-202-6-100x100.jpg 100w\" sizes=\"auto, (max-width: 1000px) 100vw, 1000px\" \/>\n\t\t\t<\/dt><\/dl><br style=\"clear: both\" \/>\n\t\t<\/div>\n\n<p>[\/vc_toggle][vc_column_text text_larger=\u00a0\u00bbno\u00a0\u00bb]Sp\u00e9cifications des syst\u00e8mes de recherche\u00a0:<\/p>\n<p>\u2022 Des r\u00e9sultats pr\u00e9cis pour d\u00e9tecter la nappe phr\u00e9atique et localiser le chemin cible avant de l&rsquo;atteindre.<br \/>\n\u2022 Interface de liste d&rsquo;eau cible sp\u00e9cialis\u00e9e d\u00e9tecte 4 types d&rsquo;eau en option : Eau naturelle \u2013 eau sal\u00e9e \u2013 eau min\u00e9rale \u2013 tous types d&rsquo;eau.<br \/>\n\u2022 Interface de r\u00e9glage pr\u00e9cis du niveau de recherche, multiniveaux pour pr\u00e9-contr\u00f4ler les niveaux de profondeur et de distance de la recherche\u00a0:<\/p>\n<p>\u2022 Profondeur jusqu&rsquo;\u00e0 450 m\u00e8tres avec une propri\u00e9t\u00e9 de contr\u00f4le dans le niveau de signal des profondeurs de recherche, via la liste d&rsquo;options de profondeurs, et commence :<br \/>\n\u2022 De 0 m \u00e0 50 m<br \/>\n\u2022 De 0 m \u00e0 100 m<br \/>\n\u2022 De 0 m \u00e0 150 m<br \/>\n\u2022 De 0 m \u00e0 250 m<br \/>\n\u2022 De 0 m \u00e0 300 m<br \/>\n\u2022 De 0 m \u00e0 450 m \u2022 Recherche de distance jusqu&rsquo;\u00e0 2000 m, avec une propri\u00e9t\u00e9 de contr\u00f4le au niveau de l&rsquo;onde de diffusion frontale, via la liste d&rsquo;options de distance, et commence :<br \/>\n\u2022 De 0 m \u00e0 100 m<br \/>\n\u2022 De 0 m \u00e0 250 m<br \/>\n\u2022 De 0 m \u00e0 500 m<br \/>\n\u2022 De 0 m \u00e0 1000 m<br \/>\n\u2022 De 0 m \u00e0 1500 m<br \/>\n\u2022 De 0 m \u00e0 2000 m<\/p>\n<p>\u2022 Syst\u00e8me de connexion sans fil<br \/>\n\u2022 Equip\u00e9 d&rsquo;un \u00e9metteur au sol pour renforcer le signal.[\/vc_column_text][\/vc_tta_section][vc_tta_section title=\u00a0\u00bbSp\u00e9cifications techniques\u00a0\u00bb tab_id=\u00a0\u00bb1598442096952-72789241-2ba340f2-926698a0-e1ff\u00a0\u00bb][vc_column_text text_larger=\u00a0\u00bbno\u00a0\u00bb]<\/p>\n<table>\n<tbody>\n<tr>\n<td><strong>Syst\u00e8me de recherche\u00a0:<\/strong><\/td>\n<td><strong>Le chercheur d&rsquo;eau longue port\u00e9e fonctionne par deux syst\u00e8mes (Line Tracker) + (LRL portable)<\/strong><\/td>\n<\/tr>\n<tr>\n<td><strong>Principe de recherche :<\/strong><\/td>\n<td><strong>Traitement num\u00e9rique du signal de fr\u00e9quence (DFSP) \/ Pour recevoir des champs \u00e9lectrostatiques d&rsquo;eau<\/strong><\/td>\n<\/tr>\n<tr>\n<td><strong>Processeur d&rsquo;exploitation :<\/strong><\/td>\n<td><strong>MICROCONTROLEUR PIC18 &amp; ARM 7<\/strong><\/td>\n<\/tr>\n<tr>\n<td><strong>Fr\u00e9quence de recherche d&rsquo;exploitation :<\/strong><\/td>\n<td><strong>\u00a0De 1 kHz \u00e0 11 kHz<\/strong><\/td>\n<\/tr>\n<tr>\n<td><strong>Puissance:<\/strong><\/td>\n<td><strong>7,4 volts 6000 mAh<\/strong><\/td>\n<\/tr>\n<tr>\n<td><strong>Consommation d&rsquo;\u00e9nergie:<\/strong><\/td>\n<td><strong>Maximum de consommation 150 mA<\/strong><\/td>\n<\/tr>\n<tr>\n<td><strong>Vie de la batterie:<\/strong><\/td>\n<td><strong>15 heures de travail<\/strong><\/td>\n<\/tr>\n<tr>\n<td><strong>Chargeur:<\/strong><\/td>\n<td><strong>5,1 volts 3 amp\u00e8res \/ Temps de charge 3 heures<\/strong><\/td>\n<\/tr>\n<tr>\n<td><strong>Type d&rsquo;affichage:<\/strong><\/td>\n<td><strong>Moniteur couleur TFT de 3,2 \u00ab\u00a0, 65536 couleurs, 48 MHz, GPU CDMA<\/strong><\/td>\n<\/tr>\n<tr>\n<td><strong>Sp\u00e9cialis\u00e9 pour d\u00e9tecter :<\/strong><\/td>\n<td><strong>Eau naturelle \u2013 eau sal\u00e9e \u2013 eau min\u00e9rale \u2013 tous types d&rsquo;eau.<\/strong><\/td>\n<\/tr>\n<tr>\n<td><strong>Cibles Discrimination :<\/strong><\/td>\n<td><strong>Oui<\/strong><\/td>\n<\/tr>\n<tr>\n<td><strong>Syst\u00e8me de s\u00e9lection de cible\u00a0:<\/strong><\/td>\n<td><strong>Oui, peut choisir le type de cible avant de lancer la recherche dans la liste des cibles<\/strong><\/td>\n<\/tr>\n<tr>\n<td><strong>Recherche en profondeur\u00a0:<\/strong><\/td>\n<td><strong>450m<\/strong><\/td>\n<\/tr>\n<tr>\n<td><strong>Recherche \u00e0 distance\u00a0:<\/strong><\/td>\n<td><strong>2000 m avec une propri\u00e9t\u00e9 de contr\u00f4le dans le niveau de distance, via la liste d&rsquo;options de distance.<\/strong><\/td>\n<\/tr>\n<tr>\n<td><strong>Retour sur les r\u00e9sultats\u00a0:<\/strong><\/td>\n<td><strong>1. Par l&rsquo;orientation vers l&#8217;emplacement cible accompagn\u00e9e d&rsquo;alertes sonores + visuelles +.<\/strong><\/td>\n<\/tr>\n<tr>\n<td><strong>Sans fil:<\/strong><\/td>\n<td><strong>Oui<\/strong><\/td>\n<\/tr>\n<tr>\n<td><strong>BLUETOOTH:<\/strong><\/td>\n<td><strong>Non<\/strong><\/td>\n<\/tr>\n<tr>\n<td><strong>Syst\u00e8me de guidage intelligent automatique\u00a0:<\/strong><\/td>\n<td><strong>Non<\/strong><\/td>\n<\/tr>\n<tr>\n<td><strong>Alertes sonores\u00a0:<\/strong><\/td>\n<td><strong>Oui<\/strong><\/td>\n<\/tr>\n<tr>\n<td><strong>Alerte vibration\u00a0:<\/strong><\/td>\n<td><strong>non<\/strong><\/td>\n<\/tr>\n<tr>\n<td><strong>Temp\u00e9rature de stockage:<\/strong><\/td>\n<td><strong>De -15\u00b0C \u00e0 40\u00b0C<\/strong><\/td>\n<\/tr>\n<tr>\n<td><strong>Humidit\u00e9:<\/strong><\/td>\n<td><strong>Il peut \u00eatre stock\u00e9 et fonctionner dans le degr\u00e9 d&rsquo;humidit\u00e9 de l&rsquo;air de niveau 90%.<\/strong><\/td>\n<\/tr>\n<tr>\n<td><strong>Poids:<\/strong><\/td>\n<td><strong>Compos\u00e9 : 1 kg \u2013 d\u00e9cousu dans le sac : 3 kg<\/strong><\/td>\n<\/tr>\n<tr>\n<td><strong>Dimensions:<\/strong><\/td>\n<td><strong>18.9\u00d710.4\u00d75.8 cm<\/strong><\/td>\n<\/tr>\n<tr>\n<td><strong>Dimensions du sac :<\/strong><\/td>\n<td><strong>40X33X17 cm<\/strong><\/td>\n<\/tr>\n<\/tbody>\n<\/table>\n<p>[\/vc_column_text][\/vc_tta_section][vc_tta_section title=\u00a0\u00bbAccessoires\u00a0\u00bb tab_id=\u00a0\u00bb1598442097652-d383f913-39bd40f2-926698a0-e1ff\u00a0\u00bb][vc_column_text text_larger=\u00a0\u00bbno\u00a0\u00bb]<\/p>\n<div class=\"newspaper\">\u2022 L&rsquo;unit\u00e9 principale de l&rsquo;appareil (le contr\u00f4leur).<br \/>\n\u2022 Antenne de connexion sans fil.<br \/>\n\u2022 Unit\u00e9 d&rsquo;\u00e9metteur au sol.<br \/>\n\u2022 Dispositif de syst\u00e8me de suivi de ligne + fils de connexion + antennes de suivi.<br \/>\n\u2022 Appareil de recherche LRL portable + antenne \u00e9metteur-r\u00e9cepteur + Grip.<br \/>\n\u2022 Sacoche pour appareil.<br \/>\n\u2022 Certificat de garantie<br \/>\n\u2022 Guide de l&rsquo;utilisateur.<br \/>\n\u2022 DVD didactique.<\/div>\n<p>[\/vc_column_text]\t\t<div id=\"gallery_717\" class=\"wd-images-gallery wd-wpb\" style=\"--wd-justify-content:center;--wd-align-items:center;\">\n\t\t\t\n\t\t\t<div class=\" wd-grid-g\" style=\"--wd-col-lg:4;--wd-col-md:4;--wd-col-sm:1;--wd-gap-lg:30px;--wd-gap-sm:10px;\">\n\t\t\t\t\n\t\t\t\t\t\t\t\t\t\t\t\t\t\t\t<div class=\"wd-gallery-item wd-col\">\n\t\t\t\t\t\t\t\n\t\t\t\t\t\t\t\t<img loading=\"lazy\" decoding=\"async\" width=\"1000\" height=\"993\" src=\"https:\/\/gmd-detectors.com\/wp-content\/uploads\/2021\/01\/1-11.jpg\" class=\"wd-gallery-image image-1\" alt=\"\" srcset=\"https:\/\/gmd-detectors.com\/wp-content\/uploads\/2021\/01\/1-11.jpg 1000w, https:\/\/gmd-detectors.com\/wp-content\/uploads\/2021\/01\/1-11-600x596.jpg 600w, https:\/\/gmd-detectors.com\/wp-content\/uploads\/2021\/01\/1-11-150x150.jpg 150w, https:\/\/gmd-detectors.com\/wp-content\/uploads\/2021\/01\/1-11-300x298.jpg 300w, https:\/\/gmd-detectors.com\/wp-content\/uploads\/2021\/01\/1-11-768x763.jpg 768w, https:\/\/gmd-detectors.com\/wp-content\/uploads\/2021\/01\/1-11-100x100.jpg 100w\" sizes=\"auto, (max-width: 1000px) 100vw, 1000px\" \/>\n\t\t\t\t\t\t\t\t\t\t\t\t\t\t<\/div>\n\t\t\t\t\t\t\t\t\t\t\t<div class=\"wd-gallery-item wd-col\">\n\t\t\t\t\t\t\t\n\t\t\t\t\t\t\t\t<img loading=\"lazy\" decoding=\"async\" width=\"1000\" height=\"993\" src=\"https:\/\/gmd-detectors.com\/wp-content\/uploads\/2021\/01\/5-2.jpg\" class=\"wd-gallery-image image-2\" alt=\"\" srcset=\"https:\/\/gmd-detectors.com\/wp-content\/uploads\/2021\/01\/5-2.jpg 1000w, https:\/\/gmd-detectors.com\/wp-content\/uploads\/2021\/01\/5-2-600x596.jpg 600w, https:\/\/gmd-detectors.com\/wp-content\/uploads\/2021\/01\/5-2-150x150.jpg 150w, https:\/\/gmd-detectors.com\/wp-content\/uploads\/2021\/01\/5-2-300x298.jpg 300w, https:\/\/gmd-detectors.com\/wp-content\/uploads\/2021\/01\/5-2-768x763.jpg 768w, https:\/\/gmd-detectors.com\/wp-content\/uploads\/2021\/01\/5-2-100x100.jpg 100w\" sizes=\"auto, (max-width: 1000px) 100vw, 1000px\" \/>\n\t\t\t\t\t\t\t\t\t\t\t\t\t\t<\/div>\n\t\t\t\t\t\t\t\t\t\t\t<div class=\"wd-gallery-item wd-col\">\n\t\t\t\t\t\t\t\n\t\t\t\t\t\t\t\t<img loading=\"lazy\" decoding=\"async\" width=\"1000\" height=\"993\" src=\"https:\/\/gmd-detectors.com\/wp-content\/uploads\/2021\/01\/4-3.jpg\" class=\"wd-gallery-image image-3\" alt=\"\" srcset=\"https:\/\/gmd-detectors.com\/wp-content\/uploads\/2021\/01\/4-3.jpg 1000w, https:\/\/gmd-detectors.com\/wp-content\/uploads\/2021\/01\/4-3-600x596.jpg 600w, https:\/\/gmd-detectors.com\/wp-content\/uploads\/2021\/01\/4-3-150x150.jpg 150w, https:\/\/gmd-detectors.com\/wp-content\/uploads\/2021\/01\/4-3-300x298.jpg 300w, https:\/\/gmd-detectors.com\/wp-content\/uploads\/2021\/01\/4-3-768x763.jpg 768w, https:\/\/gmd-detectors.com\/wp-content\/uploads\/2021\/01\/4-3-100x100.jpg 100w\" sizes=\"auto, (max-width: 1000px) 100vw, 1000px\" \/>\n\t\t\t\t\t\t\t\t\t\t\t\t\t\t<\/div>\n\t\t\t\t\t\t\t\t\t\t\t<div class=\"wd-gallery-item wd-col\">\n\t\t\t\t\t\t\t\n\t\t\t\t\t\t\t\t<img loading=\"lazy\" decoding=\"async\" width=\"1000\" height=\"993\" src=\"https:\/\/gmd-detectors.com\/wp-content\/uploads\/2021\/01\/3-2.jpg\" class=\"wd-gallery-image image-4\" alt=\"\" srcset=\"https:\/\/gmd-detectors.com\/wp-content\/uploads\/2021\/01\/3-2.jpg 1000w, https:\/\/gmd-detectors.com\/wp-content\/uploads\/2021\/01\/3-2-600x596.jpg 600w, https:\/\/gmd-detectors.com\/wp-content\/uploads\/2021\/01\/3-2-150x150.jpg 150w, https:\/\/gmd-detectors.com\/wp-content\/uploads\/2021\/01\/3-2-300x298.jpg 300w, https:\/\/gmd-detectors.com\/wp-content\/uploads\/2021\/01\/3-2-768x763.jpg 768w, https:\/\/gmd-detectors.com\/wp-content\/uploads\/2021\/01\/3-2-100x100.jpg 100w\" sizes=\"auto, (max-width: 1000px) 100vw, 1000px\" \/>\n\t\t\t\t\t\t\t\t\t\t\t\t\t\t<\/div>\n\t\t\t\t\t\t\t\t\t\t\t<div class=\"wd-gallery-item wd-col\">\n\t\t\t\t\t\t\t\n\t\t\t\t\t\t\t\t<img loading=\"lazy\" decoding=\"async\" width=\"1000\" height=\"993\" src=\"https:\/\/gmd-detectors.com\/wp-content\/uploads\/2021\/01\/2-14.jpg\" class=\"wd-gallery-image image-5\" alt=\"\" srcset=\"https:\/\/gmd-detectors.com\/wp-content\/uploads\/2021\/01\/2-14.jpg 1000w, https:\/\/gmd-detectors.com\/wp-content\/uploads\/2021\/01\/2-14-600x596.jpg 600w, https:\/\/gmd-detectors.com\/wp-content\/uploads\/2021\/01\/2-14-150x150.jpg 150w, https:\/\/gmd-detectors.com\/wp-content\/uploads\/2021\/01\/2-14-300x298.jpg 300w, https:\/\/gmd-detectors.com\/wp-content\/uploads\/2021\/01\/2-14-768x763.jpg 768w, https:\/\/gmd-detectors.com\/wp-content\/uploads\/2021\/01\/2-14-100x100.jpg 100w\" sizes=\"auto, (max-width: 1000px) 100vw, 1000px\" \/>\n\t\t\t\t\t\t\t\t\t\t\t\t\t\t<\/div>\n\t\t\t\t\t\t\t\t\t\n\t\t\t\t\t\t\t<\/div>\n\n\t\t\t\t\t<\/div>\n\t\t[\/vc_tta_section][\/vc_tta_tabs][\/vc_column][\/vc_row][\/vc_section]<\/p>\n<\/div>","protected":false},"excerpt":{"rendered":"<p>D\u00e9tecteur d&rsquo;eau souterraine WF-202 Pro+ avec 2 syst\u00e8mes de d\u00e9tection<br \/>\nCet appareil est un d\u00e9veloppeur de l&rsquo;appareil WF 202 Pro, qui a \u00e9t\u00e9 enti\u00e8rement mis \u00e0 jour et d\u00e9velopp\u00e9, a \u00e9t\u00e9 d\u00e9velopp\u00e9 des syst\u00e8mes d&rsquo;\u00e9metteur-r\u00e9cepteur et \u00e9quip\u00e9 de plus d&rsquo;un syst\u00e8me de d\u00e9tection d&rsquo;eau \u00e0 longue distance pour rechercher et d\u00e9tecter les eaux souterraines.<\/p>\n<p>Pris en charge \u00e9galement avec le multilingue, avec un logiciel moderne intelligent et un \u00e9cran couleur TFT.<\/p>\n<p>WF 202 PRO + , sp\u00e9cialiste de la d\u00e9tection et de l&rsquo;exploration des eaux souterraines avec listes optionnelles.<\/p>\n<p>Est un appareil multi-syst\u00e8mes de d\u00e9tection avec plusieurs fonctions, il donne \u00e0 l&rsquo;explorateur des r\u00e9sultats tr\u00e8s pr\u00e9cis sur l&rsquo;eau souterraine avec des points de localisation de forage pour l&rsquo;eau et la profondeur, soutenus par des syst\u00e8mes d&rsquo;exploitation intelligents, ce qui donne \u00e0 l&rsquo;utilisateur un syst\u00e8me complet et rapide contr\u00f4le dans tous les param\u00e8tres des programmes de l&rsquo;appareil et de mani\u00e8re transparente.<\/p>\n","protected":false},"featured_media":9612,"template":"","meta":{"_acf_changed":false},"product_brand":[],"product_cat":[741],"product_tag":[],"class_list":{"0":"post-9611","1":"product","2":"type-product","3":"status-publish","4":"has-post-thumbnail","6":"product_cat-detecteurs-deaux-souterraines","8":"first","9":"instock","10":"shipping-taxable","11":"purchasable","12":"product-type-simple"},"acf":[],"_links":{"self":[{"href":"https:\/\/gmd-detectors.com\/fr\/wp-json\/wp\/v2\/product\/9611","targetHints":{"allow":["GET"]}}],"collection":[{"href":"https:\/\/gmd-detectors.com\/fr\/wp-json\/wp\/v2\/product"}],"about":[{"href":"https:\/\/gmd-detectors.com\/fr\/wp-json\/wp\/v2\/types\/product"}],"wp:featuredmedia":[{"embeddable":true,"href":"https:\/\/gmd-detectors.com\/fr\/wp-json\/wp\/v2\/media\/9612"}],"wp:attachment":[{"href":"https:\/\/gmd-detectors.com\/fr\/wp-json\/wp\/v2\/media?parent=9611"}],"wp:term":[{"taxonomy":"product_brand","embeddable":true,"href":"https:\/\/gmd-detectors.com\/fr\/wp-json\/wp\/v2\/product_brand?post=9611"},{"taxonomy":"product_cat","embeddable":true,"href":"https:\/\/gmd-detectors.com\/fr\/wp-json\/wp\/v2\/product_cat?post=9611"},{"taxonomy":"product_tag","embeddable":true,"href":"https:\/\/gmd-detectors.com\/fr\/wp-json\/wp\/v2\/product_tag?post=9611"}],"curies":[{"name":"wp","href":"https:\/\/api.w.org\/{rel}","templated":true}]}}