{"id":9617,"date":"2021-07-19T09:11:54","date_gmt":"2021-07-19T09:11:54","guid":{"rendered":"https:\/\/gmd-detectors.com\/?post_type=product&#038;p=9617"},"modified":"2022-02-27T14:39:25","modified_gmt":"2022-02-27T11:39:25","slug":"terrassiere","status":"publish","type":"product","link":"https:\/\/gmd-detectors.com\/fr\/produit\/terrassiere\/","title":{"rendered":"navvy"},"content":{"rendered":"<div class=\"wpb-content-wrapper\"><p>[vc_section][vc_row full_width=\u00a0\u00bbstretch_row\u00a0\u00bb mobile_bg_img_hidden=\u00a0\u00bbno\u00a0\u00bb tablet_bg_img_hidden=\u00a0\u00bbno\u00a0\u00bb woodmart_parallax=\u00a0\u00bb0&Prime; woodmart_gradient_switch=\u00a0\u00bbno\u00a0\u00bb row_reverse_mobile=\u00a0\u00bb0&Prime; row_reverse_tablet=\u00a0\u00bb0&Prime; woodmart_disable_overflow=\u00a0\u00bb0&Prime; css=\u00a0\u00bb.vc_custom_1610457064397{border-bottom-width: 1px !important;padding-bottom: 40px !important;border-bottom-color: #e6e6e6 !important;border-bottom-style: solid !important;}\u00a0\u00bb][vc_column][vc_single_image image=\u00a0\u00bb732&Prime; img_size=\u00a0\u00bb500&#215;0&Prime; alignment=\u00a0\u00bbcenter\u00a0\u00bb style=\u00a0\u00bbvc_box_shadow_border\u00a0\u00bb parallax_scroll=\u00a0\u00bbno\u00a0\u00bb el_class=\u00a0\u00bbfloat-right-img\u00a0\u00bb][vc_column_text text_larger=\u00a0\u00bbno\u00a0\u00bb]\u2022 L&rsquo;appareil NAVVY est l&rsquo;un des meilleurs appareils au monde pour d\u00e9tecter et localiser les eaux souterraines \u00e0 distance.<br \/>\n\u2022 Un appareil sp\u00e9cialis\u00e9 dans la recherche et la d\u00e9tection des eaux souterraines et art\u00e9siennes.<br \/>\n\u2022 Grande pr\u00e9cision in\u00e9gal\u00e9e dans la sp\u00e9cification et la d\u00e9tection des eaux souterraines et confirmation de l&rsquo;existence de la cible \u00e0 100% sans aucune erreur.<br \/>\n\u2022 Grande vitesse pour fournir les r\u00e9sultats \u00e0 l&rsquo;utilisateur avec des donn\u00e9es int\u00e9gr\u00e9es et compl\u00e8tes sur la cible et le centre du point.<br \/>\n\u2022 Syst\u00e8mes de filtrage de signal interne, pour \u00e9viter toute confusion r\u00e9sultant de la pr\u00e9sence de fr\u00e9quences hautes fr\u00e9quences telles que des ondes radio dans l&rsquo;air ou autres.<br \/>\n\u2022 Syst\u00e8me de r\u00e9glage automatique (ATS).<br \/>\n\u2022 Contr\u00f4lez le niveau de luminosit\u00e9 de l&rsquo;\u00e9cran, qui vous offre un \u00e9clairage ad\u00e9quat de jour comme de nuit, et r\u00e9duisez le niveau d&rsquo;\u00e9clairage pour \u00e9conomiser de l&rsquo;\u00e9nergie \u00e9galement.<br \/>\n\u2022 Cinq niveaux de son vous offrent un contr\u00f4le ad\u00e9quat de la sortie sonore et des signaux sonores des r\u00e9sultats de la recherche, ainsi que le mode vibreur ou le mode silencieux et la suffisance des r\u00e9sultats visuels.<br \/>\n\u2022 Multi langues.<br \/>\n\u2022 Fonctionnalit\u00e9 intelligente de batterie et de charge, qui donne \u00e0 l&rsquo;utilisateur un suivi pr\u00e9cis du niveau de la batterie et des avis sur le niveau de la batterie et des alertes avant l&rsquo;entr\u00e9e en vigueur de l&rsquo;alimentation, avec des syst\u00e8mes de charge intelligents qui permettent \u00e0 l&rsquo;utilisateur de suivre \u00e9galement la charge de la batterie lorsque l&rsquo;appareil est allum\u00e9 ou OFF, et de conna\u00eetre le niveau de charge qui s&rsquo;est ajout\u00e9, le tout en temps r\u00e9el.<br \/>\n\u2022 Haute qualit\u00e9 et performances pr\u00e9cises, fabrication de ce produit avec les meilleurs \u00e9lastom\u00e8res, composants \u00e9lectroniques et circuits conformes aux normes internationales.[\/vc_column_text]<div id=\"wd-6105306aa89df\" class=\" wd-rs-6105306aa89df  wd-button-wrapper text-center inline-element\"><a href=\"\/usermanual\/mwf\/en\/navvy.pdf\" title=\"\" target=\"_blank\" class=\"btn btn-color-primary btn-style-default btn-shape-semi-round btn-size-default btn-icon-pos-left\">Manuel de l&#039;Utilisateur<span class=\"wd-btn-icon\"><span class=\"wd-icon fas fa-file-pdf\"><\/span><\/span><\/a><\/div>[\/vc_column][\/vc_row][vc_row full_width=\u00a0\u00bbstretch_row\u00a0\u00bb mobile_bg_img_hidden=\u00a0\u00bbno\u00a0\u00bb tablet_bg_img_hidden=\u00a0\u00bbno\u00a0\u00bb woodmart_parallax=\u00a0\u00bb0&Prime; woodmart_gradient_switch=\u00a0\u00bbno\u00a0\u00bb row_reverse_mobile=\u00a0\u00bb0&Prime; row_reverse_tablet=\u00a0\u00bb0&Prime; woodmart_disable_overflow=\u00a0\u00bb0&Prime; css=\u00a0\u00bb.vc_custom_1610457076119{margin-bottom: -80px !important;padding-top: 40px !important;padding-bottom: 40px !important;background-color: #f7f7f7 !important;}\u00a0\u00bb][vc_column][vc_tta_tabs style=\u00a0\u00bbmodern\u00a0\u00bb alignment=\u00a0\u00bbcenter\u00a0\u00bb active_section=\u00a0\u00bb1&Prime;][vc_tta_section title=\u00a0\u00bbSyst\u00e8mes de d\u00e9tection\u00a0\u00bb tab_id=\u00a0\u00bb1598442086500-76e5a306-5ebf40f2-926698a0-e1ff\u00a0\u00bb][vc_toggle title=\u00a0\u00bbAvanc\u00e9 &#8211; Syst\u00e8me de localisation \u00e0 longue port\u00e9e :\u00a0\u00bb open=\u00a0\u00bbtrue\u00a0\u00bb]\u2022 De nombreuses nouvelles technologies ajout\u00e9es \u00e0 notre syst\u00e8me de localisation \u00e0 longue port\u00e9e, la technologie exclusive est sans pr\u00e9c\u00e9dent, ce syst\u00e8me fonctionne pour d\u00e9tecter et localiser les eaux souterraines \u00e0 grande distance, il dirige l&rsquo;utilisateur et ses dirigeants vers l&#8217;emplacement de l&rsquo;eau directement.<br \/>\n\u2022 Syst\u00e8me int\u00e9gr\u00e9 de d\u00e9tection et de d\u00e9tection, o\u00f9 l&rsquo;appareil peut d\u00e9tecter les cibles en se dirigeant vers la cible et est accompagn\u00e9 d&rsquo;un indicateur d&rsquo;alarme acoustique vers la cible avec pr\u00e9cision.<br \/>\n\u2022 Syst\u00e8me de guidage intelligent automatique, pour localiser le chemin et la direction de la cible, gr\u00e2ce \u00e0 une interface graphique sp\u00e9ciale, o\u00f9 ce syst\u00e8me permet \u00e0 l&rsquo;utilisateur d&rsquo;identifier et de visualiser automatiquement la direction et l&#8217;emplacement de la cible.<br \/>\n\u2022 Interface de contr\u00f4le intelligent pour ajuster les niveaux, les capacit\u00e9s de recherche et le type de cible que vous souhaitez rechercher \u00e9galement.<br \/>\n\u2022 Une liste de cibles d&rsquo;eau, qui donne \u00e0 l&rsquo;utilisateur la possibilit\u00e9 de pr\u00e9s\u00e9lectionner le type d&rsquo;eau souterraine \u00e0 rechercher : eau naturelle &#8211; eau min\u00e9rale &#8211; eau sal\u00e9e &#8211; et tous types d&rsquo;eau.<br \/>\n\u2022 Interface de r\u00e9glage pr\u00e9cis des param\u00e8tres de recherche, multiniveaux pour pr\u00e9-contr\u00f4ler les niveaux de profondeur et de distance de la recherche\u00a0:<br \/>\n\u2022 Profondeur jusqu&rsquo;\u00e0 500 m\u00e8tres avec une propri\u00e9t\u00e9 de contr\u00f4le dans le niveau de signal des profondeurs de recherche, \u00e0 travers la liste des options de profondeur, et \u00e0 partir de 0 jusqu&rsquo;\u00e0 la profondeur s\u00e9lectionn\u00e9e : 25m \u2013 50m \u2013 100m \u2013 150m \u2013 250m \u2013 350m \u2013 500m.<br \/>\n\u2022 Recherche de distance jusqu&rsquo;\u00e0 2000m, avec une propri\u00e9t\u00e9 de contr\u00f4le au niveau de l&rsquo;onde de diffusion frontale, \u00e0 travers la liste des options de distance et \u00e0 partir de 0 jusqu&rsquo;\u00e0 la distance s\u00e9lectionn\u00e9e : 100m \u2013 250m \u2013 500m \u2013 750m \u2013 1000m \u20131500m \u2013 2000m.<br \/>\n\u2022 La fonction laser guid\u00e9e peut \u00eatre activ\u00e9e ou d\u00e9sactiv\u00e9e \u00e0 partir de l&rsquo;interface syst\u00e8me.<br \/>\n\u2022 \u00c9quip\u00e9 d&rsquo;un dispositif de diffusion int\u00e9gr\u00e9 fonctionne sur deux syst\u00e8mes, un syst\u00e8me de filtre de signal pour confirmer le site d&rsquo;eau souterraine et d\u00e9couvrir la densit\u00e9, et un syst\u00e8me d&rsquo;\u00e9metteur au sol pour renforcer le signal dans les zones montagneuses et rocheuses.[\/vc_toggle]\t\t<div id=\"gallery_636\" class=\"wd-images-gallery wd-wpb\" style=\"--wd-justify-content:center;--wd-align-items:center;\">\n\t\t\t\n\t\t\t<div class=\" wd-grid-g\" style=\"--wd-col-lg:2;--wd-col-md:2;--wd-col-sm:1;--wd-gap-lg:30px;--wd-gap-sm:10px;\">\n\t\t\t\t\n\t\t\t\t\t\t\t\t\t\t\t\t\t\t\t<div class=\"wd-gallery-item wd-col\">\n\t\t\t\t\t\t\t\n\t\t\t\t\t\t\t\t<img loading=\"lazy\" decoding=\"async\" width=\"1000\" height=\"993\" src=\"https:\/\/gmd-detectors.com\/wp-content\/uploads\/2021\/01\/navvy-4.jpg\" class=\"wd-gallery-image image-1\" alt=\"\" srcset=\"https:\/\/gmd-detectors.com\/wp-content\/uploads\/2021\/01\/navvy-4.jpg 1000w, https:\/\/gmd-detectors.com\/wp-content\/uploads\/2021\/01\/navvy-4-600x596.jpg 600w, https:\/\/gmd-detectors.com\/wp-content\/uploads\/2021\/01\/navvy-4-150x150.jpg 150w, https:\/\/gmd-detectors.com\/wp-content\/uploads\/2021\/01\/navvy-4-300x298.jpg 300w, https:\/\/gmd-detectors.com\/wp-content\/uploads\/2021\/01\/navvy-4-768x763.jpg 768w, https:\/\/gmd-detectors.com\/wp-content\/uploads\/2021\/01\/navvy-4-100x100.jpg 100w\" sizes=\"auto, (max-width: 1000px) 100vw, 1000px\" \/>\n\t\t\t\t\t\t\t\t\t\t\t\t\t\t<\/div>\n\t\t\t\t\t\t\t\t\t\t\t<div class=\"wd-gallery-item wd-col\">\n\t\t\t\t\t\t\t\n\t\t\t\t\t\t\t\t<img loading=\"lazy\" decoding=\"async\" width=\"1000\" height=\"993\" src=\"https:\/\/gmd-detectors.com\/wp-content\/uploads\/2021\/01\/navvy-3.jpg\" class=\"wd-gallery-image image-2\" alt=\"\" srcset=\"https:\/\/gmd-detectors.com\/wp-content\/uploads\/2021\/01\/navvy-3.jpg 1000w, https:\/\/gmd-detectors.com\/wp-content\/uploads\/2021\/01\/navvy-3-600x596.jpg 600w, https:\/\/gmd-detectors.com\/wp-content\/uploads\/2021\/01\/navvy-3-150x150.jpg 150w, https:\/\/gmd-detectors.com\/wp-content\/uploads\/2021\/01\/navvy-3-300x298.jpg 300w, https:\/\/gmd-detectors.com\/wp-content\/uploads\/2021\/01\/navvy-3-768x763.jpg 768w, https:\/\/gmd-detectors.com\/wp-content\/uploads\/2021\/01\/navvy-3-100x100.jpg 100w\" sizes=\"auto, (max-width: 1000px) 100vw, 1000px\" \/>\n\t\t\t\t\t\t\t\t\t\t\t\t\t\t<\/div>\n\t\t\t\t\t\t\t\t\t\n\t\t\t\t\t\t\t<\/div>\n\n\t\t\t\t\t<\/div>\n\t\t[\/vc_tta_section][vc_tta_section title=\u00a0\u00bbSp\u00e9cifications techniques\u00a0\u00bb tab_id=\u00a0\u00bb1598442096952-72789241-2ba340f2-926698a0-e1ff\u00a0\u00bb][vc_column_text text_larger=\u00a0\u00bbno\u00a0\u00bb]<\/p>\n<table>\n<tbody>\n<tr>\n<td><strong>Syst\u00e8me de recherche\u00a0:<\/strong><\/td>\n<td>Syst\u00e8me avanc\u00e9 de localisation d&rsquo;eau \u00e0 longue port\u00e9e<\/td>\n<\/tr>\n<tr>\n<td><strong>Principe de recherche :\u00a0<\/strong><\/td>\n<td>Traitement num\u00e9rique du signal de fr\u00e9quence (DFSP) \/ Pour recevoir les champs \u00e9lectrostatiques de l&rsquo;eau.<\/td>\n<\/tr>\n<tr>\n<td><strong>\u00a0Processeur d&rsquo;exploitation :<\/strong><\/td>\n<td>MICROCONTLLER PIC18 &amp; ARM 7<\/td>\n<\/tr>\n<tr>\n<td><strong>Fr\u00e9quence de recherche de fonctionnement : <\/strong><\/td>\n<td>De 9 kHz \u00e0 11 kHz<\/td>\n<\/tr>\n<tr>\n<td><strong>Force:<\/strong><\/td>\n<td>3.7V Li-ion 800 mAh<\/td>\n<\/tr>\n<tr>\n<td><strong>Consommation d&rsquo;\u00e9nergie: <\/strong><\/td>\n<td>Maximum de consommation 200 mA<\/td>\n<\/tr>\n<tr>\n<td><strong>Autonomie de la batterie :<\/strong><\/td>\n<td>\u00a05 heures de travail<\/td>\n<\/tr>\n<tr>\n<td><strong>Chargeur :\u00a0<\/strong><\/td>\n<td>9 volts 2 A \/ Temps de charge 2 heures<\/td>\n<\/tr>\n<tr>\n<td><strong>Type d&rsquo;affichage\u00a0: <\/strong><\/td>\n<td>moniteur couleur TFT de 3,2 po, 65536 couleurs, 48 Mhz, GPU CDMA<\/td>\n<\/tr>\n<tr>\n<td><strong>Sp\u00e9cialis\u00e9 pour d\u00e9tecter :<\/strong><\/td>\n<td>\u00a0Eau naturelle &#8211; eau min\u00e9rale &#8211; eau sal\u00e9e &#8211; et tous types d&rsquo;eau<\/td>\n<\/tr>\n<tr>\n<td><strong>Discrimination des eaux souterraines :<\/strong><\/td>\n<td>Oui<\/td>\n<\/tr>\n<tr>\n<td><strong>Syst\u00e8me de s\u00e9lection du type d&rsquo;eau :<\/strong><\/td>\n<td>Oui, peut choisir le type d&rsquo;eau avant de lancer la recherche dans la liste des cibles<\/td>\n<\/tr>\n<tr>\n<td><strong>Recherche en profondeur\u00a0:<\/strong><\/td>\n<td>500 m<\/td>\n<\/tr>\n<tr>\n<td><strong>Recherche \u00e0 distance :<\/strong><\/td>\n<td>2000 m<\/td>\n<\/tr>\n<tr>\n<td><strong>Retour sur les r\u00e9sultats : <\/strong><\/td>\n<td>gr\u00e2ce \u00e0 l&rsquo;orientation vers l&#8217;emplacement de l&rsquo;eau accompagn\u00e9e d&rsquo;alertes sonores + graphiques et vibratoires<\/td>\n<\/tr>\n<tr>\n<td><strong>Bluetooth:<\/strong><\/td>\n<td>Oui<\/td>\n<\/tr>\n<tr>\n<td><strong>Sans fil:<\/strong><\/td>\n<td>Oui<\/td>\n<\/tr>\n<tr>\n<td><strong>Syst\u00e8me de guidage intelligent automatique :<\/strong><\/td>\n<td>Oui, par interface graphique pour localiser le chemin et la direction de la cible, et commandes acoustiques<\/td>\n<\/tr>\n<tr>\n<td><strong>Alertes vocales :<\/strong><\/td>\n<td>Oui<\/td>\n<\/tr>\n<tr>\n<td><strong>Vibreur:<\/strong><\/td>\n<td>Oui<\/td>\n<\/tr>\n<tr>\n<td><strong>Temp\u00e9rature de fonctionnement :<\/strong><\/td>\n<td>De -15\u00b0C \u00e0 60\u00b0C<\/td>\n<\/tr>\n<tr>\n<td><strong>Temp\u00e9rature de stockage :<\/strong><\/td>\n<td>\u00a0De -15\u00b0C \u00e0 40\u00b0C<\/td>\n<\/tr>\n<tr>\n<td><strong>Humidit\u00e9: <\/strong><\/td>\n<td>Il peut \u00eatre stock\u00e9 et fonctionner dans un taux d&rsquo;humidit\u00e9 de l&rsquo;air de niveau 90%.<\/td>\n<\/tr>\n<tr>\n<td><strong>Poids : <\/strong><\/td>\n<td>Compos\u00e9 : 550 g &#8211; d\u00e9cousu dans le sachet : 750 g<\/td>\n<\/tr>\n<tr>\n<td><strong>Dimensions:<\/strong><\/td>\n<td>21&#215;10,7&#215;3,8 cm<\/td>\n<\/tr>\n<tr>\n<td><strong>Dimensions du sac :<\/strong><\/td>\n<td>27x24x08 cm<\/td>\n<\/tr>\n<\/tbody>\n<\/table>\n<p>[\/vc_column_text][\/vc_tta_section][vc_tta_section title=\u00a0\u00bbAccessoires\u00a0\u00bb tab_id=\u00a0\u00bb1598442097652-d383f913-39bd40f2-926698a0-e1ff\u00a0\u00bb][vc_column_text text_larger=\u00a0\u00bbno\u00a0\u00bb]<\/p>\n<div class=\"newspaper\">\u2022 L&rsquo;unit\u00e9 principale de l&rsquo;appareil (Search &amp; Control Unit).<br \/>\n\u2022 Antenne \u00e9metteur-r\u00e9cepteur.<br \/>\n\u2022 Bo\u00eetier en plastique de l&rsquo;appareil (Anti-choc).<br \/>\n\u2022 Chargeur \u00e9lectrique.<br \/>\n\u2022 Carte de garantie de 3 ans.<br \/>\n\u2022 Guide de l&rsquo;utilisateur.<br \/>\n\u2022 DVD didactique.<\/div>\n<p>[\/vc_column_text]\t\t<div id=\"gallery_100\" class=\"wd-images-gallery wd-wpb\" style=\"--wd-justify-content:center;--wd-align-items:center;\">\n\t\t\t\n\t\t\t<div class=\" wd-grid-g\" style=\"--wd-col-lg:4;--wd-col-md:4;--wd-col-sm:1;--wd-gap-lg:30px;--wd-gap-sm:10px;\">\n\t\t\t\t\n\t\t\t\t\t\t\t\t\t\t\t\t\t\t\t<div class=\"wd-gallery-item wd-col\">\n\t\t\t\t\t\t\t\n\t\t\t\t\t\t\t\t<img loading=\"lazy\" decoding=\"async\" width=\"1000\" height=\"993\" src=\"https:\/\/gmd-detectors.com\/wp-content\/uploads\/2021\/01\/navvy-8.jpg\" class=\"wd-gallery-image image-1\" alt=\"\" srcset=\"https:\/\/gmd-detectors.com\/wp-content\/uploads\/2021\/01\/navvy-8.jpg 1000w, https:\/\/gmd-detectors.com\/wp-content\/uploads\/2021\/01\/navvy-8-600x596.jpg 600w, https:\/\/gmd-detectors.com\/wp-content\/uploads\/2021\/01\/navvy-8-150x150.jpg 150w, https:\/\/gmd-detectors.com\/wp-content\/uploads\/2021\/01\/navvy-8-300x298.jpg 300w, https:\/\/gmd-detectors.com\/wp-content\/uploads\/2021\/01\/navvy-8-768x763.jpg 768w, https:\/\/gmd-detectors.com\/wp-content\/uploads\/2021\/01\/navvy-8-100x100.jpg 100w\" sizes=\"auto, (max-width: 1000px) 100vw, 1000px\" \/>\n\t\t\t\t\t\t\t\t\t\t\t\t\t\t<\/div>\n\t\t\t\t\t\t\t\t\t\t\t<div class=\"wd-gallery-item wd-col\">\n\t\t\t\t\t\t\t\n\t\t\t\t\t\t\t\t<img loading=\"lazy\" decoding=\"async\" width=\"1000\" height=\"993\" src=\"https:\/\/gmd-detectors.com\/wp-content\/uploads\/2021\/01\/navvy-7.jpg\" class=\"wd-gallery-image image-2\" alt=\"\" srcset=\"https:\/\/gmd-detectors.com\/wp-content\/uploads\/2021\/01\/navvy-7.jpg 1000w, https:\/\/gmd-detectors.com\/wp-content\/uploads\/2021\/01\/navvy-7-600x596.jpg 600w, https:\/\/gmd-detectors.com\/wp-content\/uploads\/2021\/01\/navvy-7-150x150.jpg 150w, https:\/\/gmd-detectors.com\/wp-content\/uploads\/2021\/01\/navvy-7-300x298.jpg 300w, https:\/\/gmd-detectors.com\/wp-content\/uploads\/2021\/01\/navvy-7-768x763.jpg 768w, https:\/\/gmd-detectors.com\/wp-content\/uploads\/2021\/01\/navvy-7-100x100.jpg 100w\" sizes=\"auto, (max-width: 1000px) 100vw, 1000px\" \/>\n\t\t\t\t\t\t\t\t\t\t\t\t\t\t<\/div>\n\t\t\t\t\t\t\t\t\t\t\t<div class=\"wd-gallery-item wd-col\">\n\t\t\t\t\t\t\t\n\t\t\t\t\t\t\t\t<img loading=\"lazy\" decoding=\"async\" width=\"1000\" height=\"993\" src=\"https:\/\/gmd-detectors.com\/wp-content\/uploads\/2021\/01\/navvy-6.jpg\" class=\"wd-gallery-image image-3\" alt=\"\" srcset=\"https:\/\/gmd-detectors.com\/wp-content\/uploads\/2021\/01\/navvy-6.jpg 1000w, https:\/\/gmd-detectors.com\/wp-content\/uploads\/2021\/01\/navvy-6-600x596.jpg 600w, https:\/\/gmd-detectors.com\/wp-content\/uploads\/2021\/01\/navvy-6-150x150.jpg 150w, https:\/\/gmd-detectors.com\/wp-content\/uploads\/2021\/01\/navvy-6-300x298.jpg 300w, https:\/\/gmd-detectors.com\/wp-content\/uploads\/2021\/01\/navvy-6-768x763.jpg 768w, https:\/\/gmd-detectors.com\/wp-content\/uploads\/2021\/01\/navvy-6-100x100.jpg 100w\" sizes=\"auto, (max-width: 1000px) 100vw, 1000px\" \/>\n\t\t\t\t\t\t\t\t\t\t\t\t\t\t<\/div>\n\t\t\t\t\t\t\t\t\t\t\t<div class=\"wd-gallery-item wd-col\">\n\t\t\t\t\t\t\t\n\t\t\t\t\t\t\t\t<img loading=\"lazy\" decoding=\"async\" width=\"1000\" height=\"993\" src=\"https:\/\/gmd-detectors.com\/wp-content\/uploads\/2021\/01\/main-unit-en-navvy-1.jpg\" class=\"wd-gallery-image image-4\" alt=\"\" srcset=\"https:\/\/gmd-detectors.com\/wp-content\/uploads\/2021\/01\/main-unit-en-navvy-1.jpg 1000w, https:\/\/gmd-detectors.com\/wp-content\/uploads\/2021\/01\/main-unit-en-navvy-1-600x596.jpg 600w, https:\/\/gmd-detectors.com\/wp-content\/uploads\/2021\/01\/main-unit-en-navvy-1-150x150.jpg 150w, https:\/\/gmd-detectors.com\/wp-content\/uploads\/2021\/01\/main-unit-en-navvy-1-300x298.jpg 300w, https:\/\/gmd-detectors.com\/wp-content\/uploads\/2021\/01\/main-unit-en-navvy-1-768x763.jpg 768w, https:\/\/gmd-detectors.com\/wp-content\/uploads\/2021\/01\/main-unit-en-navvy-1-100x100.jpg 100w\" sizes=\"auto, (max-width: 1000px) 100vw, 1000px\" \/>\n\t\t\t\t\t\t\t\t\t\t\t\t\t\t<\/div>\n\t\t\t\t\t\t\t\t\t\n\t\t\t\t\t\t\t<\/div>\n\n\t\t\t\t\t<\/div>\n\t\t[\/vc_tta_section][\/vc_tta_tabs][\/vc_column][\/vc_row][\/vc_section]<\/p>\n<\/div>","protected":false},"excerpt":{"rendered":"<p>Le plus facile .. le plus petit .. et le plus rapide pour d\u00e9tecter les eaux souterraines<\/p>\n<p>NAVVY, le nouvel appareil avanc\u00e9 pour d\u00e9tecter les eaux souterraines, l&rsquo;appareil navvy poss\u00e8de des fonctionnalit\u00e9s et des caract\u00e9ristiques modernes qui lui permettent de surveiller les eaux souterraines avec pr\u00e9cision et efficacit\u00e9, la haute sensibilit\u00e9 pour d\u00e9tecter l&rsquo;eau rapidement, la v\u00e9rification pr\u00e9cise de l&#8217;emplacement de l&rsquo;eau et les indicateurs acoustiques \u00e9mis pour d\u00e9terminer le chemin de localisation de l&rsquo;eau est l&rsquo;une des plus importantes de ces caract\u00e9ristiques, en plus de la boussole num\u00e9rique sur l&rsquo;\u00e9cran de l&rsquo;appareil, qui affiche \u00e9galement les directions et le chemin cible, la profondeur de d\u00e9tection de cet appareil atteint 500 m et peut d\u00e9tecter l&rsquo;eau \u00e0 distance de 2000 m circulaire.<\/p>\n","protected":false},"featured_media":9618,"template":"","meta":{"_acf_changed":false},"product_brand":[],"product_cat":[741],"product_tag":[],"class_list":{"0":"post-9617","1":"product","2":"type-product","3":"status-publish","4":"has-post-thumbnail","6":"product_cat-detecteurs-deaux-souterraines","8":"first","9":"instock","10":"shipping-taxable","11":"purchasable","12":"product-type-simple"},"acf":[],"_links":{"self":[{"href":"https:\/\/gmd-detectors.com\/fr\/wp-json\/wp\/v2\/product\/9617","targetHints":{"allow":["GET"]}}],"collection":[{"href":"https:\/\/gmd-detectors.com\/fr\/wp-json\/wp\/v2\/product"}],"about":[{"href":"https:\/\/gmd-detectors.com\/fr\/wp-json\/wp\/v2\/types\/product"}],"wp:featuredmedia":[{"embeddable":true,"href":"https:\/\/gmd-detectors.com\/fr\/wp-json\/wp\/v2\/media\/9618"}],"wp:attachment":[{"href":"https:\/\/gmd-detectors.com\/fr\/wp-json\/wp\/v2\/media?parent=9617"}],"wp:term":[{"taxonomy":"product_brand","embeddable":true,"href":"https:\/\/gmd-detectors.com\/fr\/wp-json\/wp\/v2\/product_brand?post=9617"},{"taxonomy":"product_cat","embeddable":true,"href":"https:\/\/gmd-detectors.com\/fr\/wp-json\/wp\/v2\/product_cat?post=9617"},{"taxonomy":"product_tag","embeddable":true,"href":"https:\/\/gmd-detectors.com\/fr\/wp-json\/wp\/v2\/product_tag?post=9617"}],"curies":[{"name":"wp","href":"https:\/\/api.w.org\/{rel}","templated":true}]}}