{"id":9620,"date":"2021-07-19T09:11:40","date_gmt":"2021-07-19T09:11:40","guid":{"rendered":"https:\/\/gmd-detectors.com\/?post_type=product&#038;p=9620"},"modified":"2022-02-27T14:37:58","modified_gmt":"2022-02-27T11:37:58","slug":"aqua","status":"publish","type":"product","link":"https:\/\/gmd-detectors.com\/fr\/produit\/aqua\/","title":{"rendered":"Aqua"},"content":{"rendered":"<div class=\"wpb-content-wrapper\"><p>[vc_section][vc_row full_width=\u00a0\u00bbstretch_row\u00a0\u00bb mobile_bg_img_hidden=\u00a0\u00bbno\u00a0\u00bb tablet_bg_img_hidden=\u00a0\u00bbno\u00a0\u00bb woodmart_parallax=\u00a0\u00bb0&Prime; woodmart_gradient_switch=\u00a0\u00bbno\u00a0\u00bb row_reverse_mobile=\u00a0\u00bb0&Prime; row_reverse_tablet=\u00a0\u00bb0&Prime; woodmart_disable_overflow=\u00a0\u00bb0&Prime; css=\u00a0\u00bb.vc_custom_1610457064397{border-bottom-width: 1px !important;padding-bottom: 40px !important;border-bottom-color: #e6e6e6 !important;border-bottom-style: solid !important;}\u00a0\u00bb][vc_column][vc_single_image image=\u00a0\u00bb724&Prime; img_size=\u00a0\u00bb500&#215;0&Prime; alignment=\u00a0\u00bbcenter\u00a0\u00bb style=\u00a0\u00bbvc_box_shadow_border\u00a0\u00bb parallax_scroll=\u00a0\u00bbno\u00a0\u00bb el_class=\u00a0\u00bbfloat-right-img\u00a0\u00bb][vc_column_text text_larger=\u00a0\u00bbno\u00a0\u00bb]\u2022 Sp\u00e9cialiste Aqwa\u00a0\u00bb pour d\u00e9tecter et rechercher les Eaux Souterraines, avec une tr\u00e8s grande pr\u00e9cision.<br \/>\n\u2022 Haute qualit\u00e9 et performances pr\u00e9cises, fabrication de ce produit avec les meilleurs \u00e9lastom\u00e8res, composants \u00e9lectroniques et circuits conformes aux normes internationales.<br \/>\n\u2022 Pris en charge cet appareil avec un simple panneau de commande, avec l&rsquo;interface fonctionne avec des boutons, des touches et des LED, permet \u00e0 l&rsquo;utilisateur de contr\u00f4ler et de configurer l&rsquo;appareil pour rechercher facilement, le panneau de commande se compose des \u00e9l\u00e9ments suivants\u00a0:<br \/>\n1- Bouton ON\/OFF<br \/>\n2- Bouton de r\u00e9glage du volume<br \/>\n3- Bouton de type de s\u00e9lection de cible<br \/>\n4- Bouton de s\u00e9lection de la plage de profondeur<br \/>\n5- Bouton de s\u00e9lection de plage de distance<\/p>\n<p>\u2022 Contr\u00f4le en 5 modes de niveau sonore en plus d&rsquo;un mode silencieux ou vibreur.<br \/>\n\u2022 Indicateur LED de recherche et de signal, et se compose de trois niveaux.<br \/>\n\u2022 Indicateur LED des niveaux de batterie, et se compose de 3 niveaux indique le niveau de la batterie.<br \/>\n\u2022 Interface LED affichant les modes de recherche s\u00e9lectionn\u00e9s comme le type de cible, la profondeur et la distance.<br \/>\n\u2022 Cibles, liste facultative : Eau naturelle \u2013 eau sal\u00e9e \u2013 eau min\u00e9rale et tous types d&rsquo;eau.<br \/>\n\u2022 Profondeur de recherche, liste optionnelle et d\u00e9part \u00e0 partir de 0m et jusqu&rsquo;\u00e0 la profondeur s\u00e9lectionn\u00e9e : 25 m &#8211; 50 m &#8211; 100 m &#8211; 150 m &#8211; 200 m.<br \/>\n\u2022 Distance de recherche, liste optionnelle et d\u00e9part \u00e0 partir de 0m et jusqu&rsquo;\u00e0 la profondeur s\u00e9lectionn\u00e9e : 25 m &#8211; 50 m &#8211; 100 m &#8211; 150 m &#8211; 200 m.<br \/>\n\u2022 Facile \u00e0 travailler et \u00e0 utiliser, tout le monde peut l&rsquo;utiliser.<br \/>\n\u2022 L&rsquo;Appareil se caract\u00e9rise par sa petite taille, o\u00f9 il peut \u00eatre plac\u00e9 dans la poche et se d\u00e9placer \u00e0 munificence.<br \/>\n\u2022 L\u00e9ger, ce qui permet \u00e0 l&rsquo;utilisateur de travailler sans effort ni fatigue.[\/vc_column_text]<div id=\"wd-61053aa397fb6\" class=\" wd-rs-61053aa397fb6  wd-button-wrapper text-center inline-element\"><a href=\"\/usermanual\/mwf\/en\/aqua.pdf\" title=\"\" target=\"_blank\" class=\"btn btn-color-primary btn-style-default btn-shape-semi-round btn-size-default btn-icon-pos-left\">Manuel de l&#039;Utilisateur<span class=\"wd-btn-icon\"><span class=\"wd-icon fas fa-file-pdf\"><\/span><\/span><\/a><\/div>[\/vc_column][\/vc_row][vc_row full_width=\u00a0\u00bbstretch_row\u00a0\u00bb mobile_bg_img_hidden=\u00a0\u00bbno\u00a0\u00bb tablet_bg_img_hidden=\u00a0\u00bbno\u00a0\u00bb woodmart_parallax=\u00a0\u00bb0&Prime; woodmart_gradient_switch=\u00a0\u00bbno\u00a0\u00bb row_reverse_mobile=\u00a0\u00bb0&Prime; row_reverse_tablet=\u00a0\u00bb0&Prime; woodmart_disable_overflow=\u00a0\u00bb0&Prime; css=\u00a0\u00bb.vc_custom_1610457076119{margin-bottom: -80px !important;padding-top: 40px !important;padding-bottom: 40px !important;background-color: #f7f7f7 !important;}\u00a0\u00bb][vc_column][vc_tta_tabs style=\u00a0\u00bbmodern\u00a0\u00bb alignment=\u00a0\u00bbcenter\u00a0\u00bb active_section=\u00a0\u00bb1&Prime;][vc_tta_section title=\u00a0\u00bbSyst\u00e8mes de d\u00e9tection\u00a0\u00bb tab_id=\u00a0\u00bb1598442086500-76e5a306-5ebf40f2-926698a0-e1ff\u00a0\u00bb][vc_toggle title=\u00a0\u00bbSyst\u00e8me de d\u00e9tection longue distance\u00a0\u00bb open=\u00a0\u00bbtrue\u00a0\u00bb]\u2022 Un syst\u00e8me d&rsquo;envoi et de r\u00e9ception du signal, avanc\u00e9 et pr\u00e9cis (HSW), unique au Groupe MWF, \u00e0 travers les \u00e9tudes et proc\u00e9d\u00e9s de d\u00e9veloppement modernes sous forme de signal et charg\u00e9 sur un trajet d&rsquo;ondes haute sensibilit\u00e9.<br \/>\n\u2022 Syst\u00e8me int\u00e9gr\u00e9 de d\u00e9tection et de d\u00e9tection, o\u00f9 l&rsquo;appareil peut d\u00e9tecter les cibles en se dirigeant vers la cible et est accompagn\u00e9 d&rsquo;un indicateur d&rsquo;alarme acoustique vers la cible.<br \/>\n\u2022 Syst\u00e8mes de filtrage de signaux internes, pour \u00e9viter toute erreur inattendue en isolant tous les signaux r\u00e9sultants des effets magn\u00e9tiques du sol et des roches m\u00e9talliques.<br \/>\n\u2022 Le syst\u00e8me de r\u00e9glage automatique (ATS) fonctionne avec tous les types de terrains et sols rocheux, montagneux, sablonneux et argileux.[\/vc_toggle]\t\t<div id=\"gallery_860\" class=\"wd-images-gallery wd-wpb\" style=\"--wd-justify-content:center;--wd-align-items:center;\">\n\t\t\t\n\t\t\t<div class=\" wd-grid-g\" style=\"--wd-col-lg:2;--wd-col-md:2;--wd-col-sm:1;--wd-gap-lg:30px;--wd-gap-sm:10px;\">\n\t\t\t\t\n\t\t\t\t\t\t\t\t\t\t\t\t\t\t\t<div class=\"wd-gallery-item wd-col\">\n\t\t\t\t\t\t\t\n\t\t\t\t\t\t\t\t<img loading=\"lazy\" decoding=\"async\" width=\"1000\" height=\"993\" src=\"https:\/\/gmd-detectors.com\/wp-content\/uploads\/2021\/01\/4.jpg\" class=\"wd-gallery-image image-1\" alt=\"\" srcset=\"https:\/\/gmd-detectors.com\/wp-content\/uploads\/2021\/01\/4.jpg 1000w, https:\/\/gmd-detectors.com\/wp-content\/uploads\/2021\/01\/4-600x596.jpg 600w, https:\/\/gmd-detectors.com\/wp-content\/uploads\/2021\/01\/4-150x150.jpg 150w, https:\/\/gmd-detectors.com\/wp-content\/uploads\/2021\/01\/4-300x298.jpg 300w, https:\/\/gmd-detectors.com\/wp-content\/uploads\/2021\/01\/4-768x763.jpg 768w, https:\/\/gmd-detectors.com\/wp-content\/uploads\/2021\/01\/4-100x100.jpg 100w\" sizes=\"auto, (max-width: 1000px) 100vw, 1000px\" \/>\n\t\t\t\t\t\t\t\t\t\t\t\t\t\t<\/div>\n\t\t\t\t\t\t\t\t\t\t\t<div class=\"wd-gallery-item wd-col\">\n\t\t\t\t\t\t\t\n\t\t\t\t\t\t\t\t<img loading=\"lazy\" decoding=\"async\" width=\"1000\" height=\"993\" src=\"https:\/\/gmd-detectors.com\/wp-content\/uploads\/2021\/01\/3.jpg\" class=\"wd-gallery-image image-2\" alt=\"\" srcset=\"https:\/\/gmd-detectors.com\/wp-content\/uploads\/2021\/01\/3.jpg 1000w, https:\/\/gmd-detectors.com\/wp-content\/uploads\/2021\/01\/3-600x596.jpg 600w, https:\/\/gmd-detectors.com\/wp-content\/uploads\/2021\/01\/3-150x150.jpg 150w, https:\/\/gmd-detectors.com\/wp-content\/uploads\/2021\/01\/3-300x298.jpg 300w, https:\/\/gmd-detectors.com\/wp-content\/uploads\/2021\/01\/3-768x763.jpg 768w, https:\/\/gmd-detectors.com\/wp-content\/uploads\/2021\/01\/3-100x100.jpg 100w\" sizes=\"auto, (max-width: 1000px) 100vw, 1000px\" \/>\n\t\t\t\t\t\t\t\t\t\t\t\t\t\t<\/div>\n\t\t\t\t\t\t\t\t\t\n\t\t\t\t\t\t\t<\/div>\n\n\t\t\t\t\t<\/div>\n\t\t[\/vc_tta_section][vc_tta_section title=\u00a0\u00bbSp\u00e9cifications techniques\u00a0\u00bb tab_id=\u00a0\u00bb1598442096952-72789241-2ba340f2-926698a0-e1ff\u00a0\u00bb][vc_column_text text_larger=\u00a0\u00bbno\u00a0\u00bb]<\/p>\n<table>\n<tbody>\n<tr>\n<th>SYST\u00c8ME DE RECHERCHE :<\/th>\n<td>syst\u00e8me de d\u00e9tection longue distance (LDS)<\/td>\n<\/tr>\n<tr>\n<th>PRINCIPE DE RECHERCHE :<\/th>\n<td>1. Traitement num\u00e9rique du signal de fr\u00e9quence (DFSP) \/ Pour recevoir les champs \u00e9lectrostatiques des cibles<\/td>\n<\/tr>\n<tr>\n<th>PROCESSEUR D&rsquo;EXPLOITATION :<\/th>\n<td>M\u0130KROKONTROLLER PIC18<\/td>\n<\/tr>\n<tr>\n<th>FR\u00c9QUENCE DE RECHERCHE DE FONCTIONNEMENT :<\/th>\n<td>De 1 kHz \u00e0 9 kHz<\/td>\n<\/tr>\n<tr>\n<th>ALIMENTATION :<\/th>\n<td>4 piles AAA 1,5 volts \/ \u00c9quivalent de 6 volts interchangeables<\/td>\n<\/tr>\n<tr>\n<th>CONSOMMATION D&rsquo;\u00c9NERGIE:<\/th>\n<td>Maximum de consommation 25 mAh<\/td>\n<\/tr>\n<tr>\n<th>DUR\u00c9E DE VIE DE LA BATTERIE :<\/th>\n<td>\u00a032 heures de travail<\/td>\n<\/tr>\n<tr>\n<th>CHARGEUR :<\/th>\n<td>aucun<\/td>\n<\/tr>\n<tr>\n<th>TYPE D&rsquo;AFFICHAGE :<\/th>\n<td>\u00a0LED d&rsquo;interface<\/td>\n<\/tr>\n<tr>\n<th>SP\u00c9CIALIS\u00c9 POUR D\u00c9TECTER :<\/th>\n<td>Eau naturelle \u2013 eau sal\u00e9e \u2013 eau min\u00e9rale \u2013 tous types d&rsquo;eau.<\/td>\n<\/tr>\n<tr>\n<th>CIBLES LA DISCRIMINATION :<\/th>\n<td>Oui<\/td>\n<\/tr>\n<tr>\n<th>SYST\u00c8ME DE S\u00c9LECTION DE CIBLE\u00a0:<\/th>\n<td>Oui, peut choisir le type de cible avant de lancer la recherche<\/td>\n<\/tr>\n<tr>\n<th>RECHERCHE EN PROFONDEUR\u00a0:<\/th>\n<td>200 m, avec syst\u00e8me de contr\u00f4le au niveau de la profondeur<\/td>\n<\/tr>\n<tr>\n<th>RECHERCHE \u00c0 DISTANCE\u00a0:<\/th>\n<td>200m, avec syst\u00e8me de contr\u00f4le au niveau de la distance<\/td>\n<\/tr>\n<tr>\n<th>RETOUR SUR LES R\u00c9SULTATS\u00a0:<\/th>\n<td>Gr\u00e2ce \u00e0 l&rsquo;orientation vers l&#8217;emplacement cible accompagn\u00e9e d&rsquo;alertes acoustiques<\/td>\n<\/tr>\n<tr>\n<th>BLUETOOTH:<\/th>\n<td>Rien<\/td>\n<\/tr>\n<tr>\n<th>SANS FIL:<\/th>\n<td>Rien<\/td>\n<\/tr>\n<tr>\n<th>SYST\u00c8ME DE GUIDAGE INTELLIGENT AUTOMATIQUE\u00a0:<\/th>\n<td>Oui, via l&rsquo;interface Smart LDE pour localiser le chemin cible.<\/td>\n<\/tr>\n<tr>\n<th>ALERTES VOCALES\u00a0:<\/th>\n<td>Oui<\/td>\n<\/tr>\n<tr>\n<th>VIBREUR:<\/th>\n<td>Oui<\/td>\n<\/tr>\n<tr>\n<th>TEMP\u00c9RATURE DE FONCTIONNEMENT :<\/th>\n<td>De -15\u00b0C \u00e0 60\u00b0C<\/td>\n<\/tr>\n<tr>\n<th>TEMP\u00c9RATURE DE STOCKAGE:<\/th>\n<td>\u00a0De -15\u00b0C \u00e0 40\u00b0C<\/td>\n<\/tr>\n<tr>\n<th>HUMIDIT\u00c9:<\/th>\n<td>\u00a0Il peut \u00eatre stock\u00e9 et fonctionner dans un taux d&rsquo;humidit\u00e9 de l&rsquo;air de niveau 90%.<\/td>\n<\/tr>\n<tr>\n<th>POIDS:<\/th>\n<td>Compos\u00e9 : 700 gr \u2013 d\u00e9cousu dans le sac : 1 kg<\/td>\n<\/tr>\n<tr>\n<th>DIMENSIONS:<\/th>\n<td>16X9.5X2.5 cm<\/td>\n<\/tr>\n<tr>\n<th>DIMENSIONS DU SAC\u00a0:<\/th>\n<td>20X15X5 cm<\/td>\n<\/tr>\n<\/tbody>\n<\/table>\n<p>[\/vc_column_text][\/vc_tta_section][vc_tta_section title=\u00a0\u00bbAccessoires\u00a0\u00bb tab_id=\u00a0\u00bb1598442097652-d383f913-39bd40f2-926698a0-e1ff\u00a0\u00bb][vc_column_text text_larger=\u00a0\u00bbno\u00a0\u00bb]<\/p>\n<div class=\"newspaper\">\u2022 L&rsquo;unit\u00e9 de commande principale.<br \/>\n\u2022 Antennes d&rsquo;\u00e9mission et de r\u00e9ception.<br \/>\n\u2022 Grip (d\u00e9montable et installable).<br \/>\n\u2022 Sacoche pour appareil.<br \/>\n\u2022 Certificat de garantie<br \/>\n\u2022 Guide de l&rsquo;utilisateur.<br \/>\n\u2022 DVD didactique.<\/div>\n<p>[\/vc_column_text]\t\t<div id=\"gallery_894\" class=\"wd-images-gallery wd-wpb\" style=\"--wd-justify-content:center;--wd-align-items:center;\">\n\t\t\t\n\t\t\t<div class=\" wd-grid-g\" style=\"--wd-col-lg:3;--wd-col-md:3;--wd-col-sm:1;--wd-gap-lg:30px;--wd-gap-sm:10px;\">\n\t\t\t\t\n\t\t\t\t\t\t\t\t\t\t\t\t\t\t\t<div class=\"wd-gallery-item wd-col\">\n\t\t\t\t\t\t\t\n\t\t\t\t\t\t\t\t<img loading=\"lazy\" decoding=\"async\" width=\"1000\" height=\"993\" src=\"https:\/\/gmd-detectors.com\/wp-content\/uploads\/2021\/01\/main-unit-en.jpg\" class=\"wd-gallery-image image-1\" alt=\"\" srcset=\"https:\/\/gmd-detectors.com\/wp-content\/uploads\/2021\/01\/main-unit-en.jpg 1000w, https:\/\/gmd-detectors.com\/wp-content\/uploads\/2021\/01\/main-unit-en-600x596.jpg 600w, https:\/\/gmd-detectors.com\/wp-content\/uploads\/2021\/01\/main-unit-en-150x150.jpg 150w, https:\/\/gmd-detectors.com\/wp-content\/uploads\/2021\/01\/main-unit-en-300x298.jpg 300w, https:\/\/gmd-detectors.com\/wp-content\/uploads\/2021\/01\/main-unit-en-768x763.jpg 768w, https:\/\/gmd-detectors.com\/wp-content\/uploads\/2021\/01\/main-unit-en-100x100.jpg 100w\" sizes=\"auto, (max-width: 1000px) 100vw, 1000px\" \/>\n\t\t\t\t\t\t\t\t\t\t\t\t\t\t<\/div>\n\t\t\t\t\t\t\t\t\t\t\t<div class=\"wd-gallery-item wd-col\">\n\t\t\t\t\t\t\t\n\t\t\t\t\t\t\t\t<img loading=\"lazy\" decoding=\"async\" width=\"1000\" height=\"993\" src=\"https:\/\/gmd-detectors.com\/wp-content\/uploads\/2021\/01\/6.jpg\" class=\"wd-gallery-image image-2\" alt=\"\" srcset=\"https:\/\/gmd-detectors.com\/wp-content\/uploads\/2021\/01\/6.jpg 1000w, https:\/\/gmd-detectors.com\/wp-content\/uploads\/2021\/01\/6-600x596.jpg 600w, https:\/\/gmd-detectors.com\/wp-content\/uploads\/2021\/01\/6-150x150.jpg 150w, https:\/\/gmd-detectors.com\/wp-content\/uploads\/2021\/01\/6-300x298.jpg 300w, https:\/\/gmd-detectors.com\/wp-content\/uploads\/2021\/01\/6-768x763.jpg 768w, https:\/\/gmd-detectors.com\/wp-content\/uploads\/2021\/01\/6-100x100.jpg 100w\" sizes=\"auto, (max-width: 1000px) 100vw, 1000px\" \/>\n\t\t\t\t\t\t\t\t\t\t\t\t\t\t<\/div>\n\t\t\t\t\t\t\t\t\t\t\t<div class=\"wd-gallery-item wd-col\">\n\t\t\t\t\t\t\t\n\t\t\t\t\t\t\t\t<img loading=\"lazy\" decoding=\"async\" width=\"1000\" height=\"993\" src=\"https:\/\/gmd-detectors.com\/wp-content\/uploads\/2021\/01\/5.jpg\" class=\"wd-gallery-image image-3\" alt=\"\" srcset=\"https:\/\/gmd-detectors.com\/wp-content\/uploads\/2021\/01\/5.jpg 1000w, https:\/\/gmd-detectors.com\/wp-content\/uploads\/2021\/01\/5-600x596.jpg 600w, https:\/\/gmd-detectors.com\/wp-content\/uploads\/2021\/01\/5-150x150.jpg 150w, https:\/\/gmd-detectors.com\/wp-content\/uploads\/2021\/01\/5-300x298.jpg 300w, https:\/\/gmd-detectors.com\/wp-content\/uploads\/2021\/01\/5-768x763.jpg 768w, https:\/\/gmd-detectors.com\/wp-content\/uploads\/2021\/01\/5-100x100.jpg 100w\" sizes=\"auto, (max-width: 1000px) 100vw, 1000px\" \/>\n\t\t\t\t\t\t\t\t\t\t\t\t\t\t<\/div>\n\t\t\t\t\t\t\t\t\t\n\t\t\t\t\t\t\t<\/div>\n\n\t\t\t\t\t<\/div>\n\t\t[\/vc_tta_section][\/vc_tta_tabs][\/vc_column][\/vc_row][\/vc_section]<\/p>\n<\/div>","protected":false},"excerpt":{"rendered":"<p>Le d\u00e9tecteur d&rsquo;eau souterraine AQUA fait fonctionner cet appareil par un syst\u00e8me de d\u00e9tection \u00e0 longue distance (LDS), avanc\u00e9 et int\u00e9gr\u00e9 avec des syst\u00e8mes d&rsquo;identification acoustique pour localiser le chemin et le centre du point de l&rsquo;eau.<\/p>\n<p>AQUA offre les ondes de fr\u00e9quence de haute rigueur qui lui permettent d&rsquo;identifier et de d\u00e9tecter les eaux souterraines de mani\u00e8re tr\u00e8s m\u00e9ticuleuse o\u00f9 l&rsquo;appareil peut localiser les cibles \u00e0 une distance de 200 m\u00e8tres et un angle de 360 degr\u00e9s avec une fonction de contr\u00f4le pr\u00e9cis lors d&rsquo;une recherche \u00e0 distance horizontale, o\u00f9 il y a un plusieurs niveaux de distance de recherche, l&rsquo;utilisateur peut ajuster selon ses besoins au balayage horizontal, la profondeur de recherche dans l&rsquo;appareil Aqua peut \u00eatre atteinte jusqu&rsquo;\u00e0 200m sous terre avec la possibilit\u00e9 d&rsquo;un contr\u00f4le pr\u00e9cis de la profondeur de recherche,<\/p>\n<p>Tout cela gr\u00e2ce \u00e0 l&rsquo;interface de contr\u00f4le de l&rsquo;appareil, l&rsquo;appareil se caract\u00e9rise par sa petite taille et sa facilit\u00e9 d&rsquo;utilisation, o\u00f9 il peut \u00eatre plac\u00e9 dans la poche et le d\u00e9placer facilement et avec toute la bonne volont\u00e9, et n&rsquo;importe qui peut l&rsquo;utiliser sans avoir \u00e0 avoir d&rsquo;exp\u00e9rience ou de grandes connaissances sur d\u00e9tecteurs.<\/p>\n","protected":false},"featured_media":9621,"template":"","meta":{"_acf_changed":false},"product_brand":[],"product_cat":[741],"product_tag":[],"class_list":{"0":"post-9620","1":"product","2":"type-product","3":"status-publish","4":"has-post-thumbnail","6":"product_cat-detecteurs-deaux-souterraines","8":"first","9":"instock","10":"shipping-taxable","11":"purchasable","12":"product-type-simple"},"acf":[],"_links":{"self":[{"href":"https:\/\/gmd-detectors.com\/fr\/wp-json\/wp\/v2\/product\/9620","targetHints":{"allow":["GET"]}}],"collection":[{"href":"https:\/\/gmd-detectors.com\/fr\/wp-json\/wp\/v2\/product"}],"about":[{"href":"https:\/\/gmd-detectors.com\/fr\/wp-json\/wp\/v2\/types\/product"}],"wp:featuredmedia":[{"embeddable":true,"href":"https:\/\/gmd-detectors.com\/fr\/wp-json\/wp\/v2\/media\/9621"}],"wp:attachment":[{"href":"https:\/\/gmd-detectors.com\/fr\/wp-json\/wp\/v2\/media?parent=9620"}],"wp:term":[{"taxonomy":"product_brand","embeddable":true,"href":"https:\/\/gmd-detectors.com\/fr\/wp-json\/wp\/v2\/product_brand?post=9620"},{"taxonomy":"product_cat","embeddable":true,"href":"https:\/\/gmd-detectors.com\/fr\/wp-json\/wp\/v2\/product_cat?post=9620"},{"taxonomy":"product_tag","embeddable":true,"href":"https:\/\/gmd-detectors.com\/fr\/wp-json\/wp\/v2\/product_tag?post=9620"}],"curies":[{"name":"wp","href":"https:\/\/api.w.org\/{rel}","templated":true}]}}