{"id":9631,"date":"2021-07-19T09:14:57","date_gmt":"2021-07-19T09:14:57","guid":{"rendered":"https:\/\/gmd-detectors.com\/?post_type=product&#038;p=9631"},"modified":"2022-02-27T15:22:35","modified_gmt":"2022-02-27T12:22:35","slug":"ajax-iota","status":"publish","type":"product","link":"https:\/\/gmd-detectors.com\/fr\/produit\/ajax-iota\/","title":{"rendered":"Ajax Iota"},"content":{"rendered":"<div class=\"wpb-content-wrapper\"><p>[vc_row full_width=\u00a0\u00bbstretch_row\u00a0\u00bb mobile_bg_img_hidden=\u00a0\u00bbno\u00a0\u00bb tablet_bg_img_hidden=\u00a0\u00bbno\u00a0\u00bb woodmart_parallax=\u00a0\u00bb0&Prime; woodmart_gradient_switch=\u00a0\u00bbno\u00a0\u00bb row_reverse_mobile=\u00a0\u00bb0&Prime; row_reverse_tablet=\u00a0\u00bb0&Prime; woodmart_disable_overflow=\u00a0\u00bb0&Prime; css=\u00a0\u00bb.vc_custom_1610456302792{border-bottom-width: 1px !important;padding-bottom: 40px !important;border-bottom-color: #e6e6e6 !important;border-bottom-style: solid !important;}\u00a0\u00bb][vc_column][vc_raw_html]JTNDZGl2JTIwY2xhc3MlM0QlMjJ2aWRlby1yZXNwb25zaXZlJTIyJTNFJTNDaWZyYW1lJTIwc3JjJTNEJTIyaHR0cHMlM0ElMkYlMkZ3d3cueW91dHViZS5jb20lMkZlbWJlZCUyRndRWmV1UGMzTUE4JTNGcmVsJTNEMCUyMiUyMHdpZHRoJTNEJTIyMTAwJTI1JTIyJTIwaGVpZ2h0JTNEJTIyMzgwJTIyJTIwZnJhbWVib3JkZXIlM0QlMjIwJTIyJTIwYWxsb3dmdWxsc2NyZWVuJTNEJTIyYWxsb3dmdWxsc2NyZWVuJTIyJTNFJTNDJTJGaWZyYW1lJTNFJTNDJTJGZGl2JTNF[\/vc_raw_html][vc_single_image image=\u00a0\u00bb633&Prime; img_size=\u00a0\u00bb1200&#215;0&Prime; alignment=\u00a0\u00bbcenter\u00a0\u00bb style=\u00a0\u00bbvc_box_shadow_border\u00a0\u00bb parallax_scroll=\u00a0\u00bbno\u00a0\u00bb el_class=\u00a0\u00bbproductbanner\u00a0\u00bb][vc_column_text text_larger=\u00a0\u00bbno\u00a0\u00bb]\u2022 IOTA vous offre plusieurs fonctions pour d\u00e9marrer une recherche de tr\u00e9sor r\u00e9ussie, avec des donn\u00e9es int\u00e9gr\u00e9es et claires autour du point cible, ce qui vous permet de d\u00e9terminer la profondeur de la cible d\u00e9tect\u00e9e avec une grande pr\u00e9cision.<\/p>\n<p>\u2022 L&rsquo;interface de r\u00e9sultats et les indicateurs interactifs vous permettent de localiser la cible avec pr\u00e9cision jusqu&rsquo;\u00e0 100%, et de conna\u00eetre la taille ou la masse estim\u00e9e de la cible d\u00e9tect\u00e9e, ce qui vous donne une r\u00e9f\u00e9rence claire avant le processus de forage.<\/p>\n<p>\u2022 Cet appareil est bas\u00e9 sur le syst\u00e8me de d\u00e9tection ionique pour localiser l&rsquo;or et les tr\u00e9sors enfouis sous terre jusqu&rsquo;\u00e0 20 m\u00e8tres de profondeur et 200 m\u00e8tres sur une longue distance, vous pouvez utiliser cet appareil \u00e0 l&rsquo;int\u00e9rieur de la voiture car il a une grande capacit\u00e9 et une r\u00e9ponse rapide \u00e0 localiser et identifier les emplacements des cibles avec possibilit\u00e9 d&rsquo;enregistrer les r\u00e9sultats pour r\u00e9f\u00e9rence.[\/vc_column_text]<div id=\"wd-61024f6d09e1b\" class=\" wd-rs-61024f6d09e1b  wd-button-wrapper text-center inline-element\"><a href=\"\/usermanual\/Iota\/Iota_English.pdf\" title=\"\" target=\"_blank\" class=\"btn btn-color-primary btn-style-default btn-shape-semi-round btn-size-default btn-icon-pos-left\">Manuel de l&#039;Utilisateur<span class=\"wd-btn-icon\"><span class=\"wd-icon fas fa-file-pdf\"><\/span><\/span><\/a><\/div>[\/vc_column][\/vc_row][vc_row full_width=\u00a0\u00bbstretch_row\u00a0\u00bb mobile_bg_img_hidden=\u00a0\u00bbno\u00a0\u00bb tablet_bg_img_hidden=\u00a0\u00bbno\u00a0\u00bb woodmart_parallax=\u00a0\u00bb0&Prime; woodmart_gradient_switch=\u00a0\u00bbno\u00a0\u00bb row_reverse_mobile=\u00a0\u00bb0&Prime; row_reverse_tablet=\u00a0\u00bb0&Prime; woodmart_disable_overflow=\u00a0\u00bb0&Prime; css=\u00a0\u00bb.vc_custom_1610456312395{margin-bottom: -80px !important;padding-top: 40px !important;padding-bottom: 40px !important;background-color: #f7f7f7 !important;}\u00a0\u00bb][vc_column][vc_tta_tabs style=\u00a0\u00bbmodern\u00a0\u00bb alignment=\u00a0\u00bbcenter\u00a0\u00bb active_section=\u00a0\u00bb1&Prime;][vc_tta_section title=\u00a0\u00bbCaract\u00e9ristiques\u00a0\u00bb tab_id=\u00a0\u00bb1598441911523-c89c9e8e-bac040f2-9266&Prime;][vc_column_text text_larger=\u00a0\u00bbno\u00a0\u00bb]<\/p>\n<ol>\n<li>IOTA poss\u00e8de de nombreuses fonctionnalit\u00e9s pour identifier les emplacements des cibles \u00e0 longue distance gr\u00e2ce au syst\u00e8me ionique \u00e0 longue port\u00e9e.<\/li>\n<li>La conception moderne et unique, qui vous donne la puissance et la confiance n\u00e9cessaires pour terminer vos explorations facilement, offre la commodit\u00e9 de la d\u00e9tection, de la l\u00e9g\u00e8ret\u00e9 et de la facilit\u00e9 d&rsquo;utilisation.<\/li>\n<li>Cet appareil a \u00e9t\u00e9 enti\u00e8rement fabriqu\u00e9 et con\u00e7u ainsi que toutes ses pi\u00e8ces et composants via l&rsquo;usine Ajax pour des techniques de d\u00e9tection sans utilisation de pi\u00e8ces externes, ce qui conf\u00e8re \u00e0 l&rsquo;appareil des performances \u00e9lev\u00e9es, une fiabilit\u00e9 et une qualit\u00e9 in\u00e9gal\u00e9es.<\/li>\n<li>Conception de haute qualit\u00e9 con\u00e7ue pour fonctionner dans des conditions extr\u00eames et r\u00e9sistante au bruit de l&rsquo;environnement.<\/li>\n<li>\u00c9cran color\u00e9 pour afficher les r\u00e9sultats et les param\u00e8tres au format 5 pouces, permet \u00e0 l&rsquo;utilisateur de contr\u00f4ler l&rsquo;ensemble des param\u00e8tres de l&rsquo;appareil et d&rsquo;afficher les r\u00e9sultats et les caract\u00e9ristiques de la recherche.<\/li>\n<li>Des interfaces et des programmes id\u00e9aux qui vous offrent un contr\u00f4le pr\u00e9cis et une facilit\u00e9 d&rsquo;utilisation de l&rsquo;appareil pendant la recherche.<\/li>\n<li>La batterie principale est plac\u00e9e \u00e0 l&rsquo;int\u00e9rieur de la poign\u00e9e de transport de l&rsquo;appareil, elle peut s&rsquo;ouvrir et se fermer, ce qui permet de remplacer facilement la batterie si elle est endommag\u00e9e sans avoir \u00e0 ouvrir le bo\u00eetier principal de l&rsquo;appareil.<\/li>\n<li>La puissance de base permet \u00e0 l&rsquo;appareil de fonctionner pendant 5 heures de travail continu \u00e0 des niveaux sonores et des niveaux de r\u00e9tro\u00e9clairage maximum de l&rsquo;\u00e9cran de recherche.<\/li>\n<li>Prise casque, qui vous permet d&rsquo;entendre des r\u00e9sultats de recherche clairs et des alertes avec des r\u00e9sultats audio pratiques et vari\u00e9s en MP3 et WAVES.<\/li>\n<li>La prise de charge, qui permet une charge rapide et intelligente de la batterie pour des performances \u00e9lev\u00e9es et une charge correcte.<\/li>\n<li>La prise d&rsquo;entr\u00e9e des syst\u00e8mes de recherche multit\u00e2ches, \u00e0 travers elle, vous pouvez choisir le syst\u00e8me avec lequel vous souhaitez travailler, elle dispose d&rsquo;un m\u00e9canisme m\u00e9canique sophistiqu\u00e9 pour d\u00e9monter et installer le capteur de recherche sans effort ni temps.<\/li>\n<li>Interface touches de contr\u00f4le, anti-choc et humidit\u00e9 il fonctionne en appuyant sur des boutons, ce qui vous donne un contr\u00f4le total du programme et des r\u00e9glages de l&rsquo;appareil sur l&rsquo;\u00e9cran<\/li>\n<\/ol>\n<p>[\/vc_column_text][\/vc_tta_section][vc_tta_section title=\u00a0\u00bbSyst\u00e8mes\u00a0\u00bb tab_id=\u00a0\u00bb1598442086500-76e5a306-5ebf40f2-9266&Prime;][vc_toggle title=\u00a0\u00bbSyst\u00e8me ionique longue port\u00e9e\u00a0\u00bb open=\u00a0\u00bbtrue\u00a0\u00bb]\u2022 Apr\u00e8s des recherches approfondies et des \u00e9tudes men\u00e9es sur notre syst\u00e8me ionique, nous avons produit et d\u00e9velopp\u00e9 un tr\u00e8s haut niveau longue port\u00e9e (syst\u00e8me ionique), qui permet une identification et une d\u00e9tection rapide des ions (atomes \u00e9lectriques) des m\u00e9taux pr\u00e9cieux enfouis sous terre, comme l&rsquo;or , Bronze, cuivre et platine.<\/p>\n<p>\u2022 Ce syst\u00e8me fonctionne gr\u00e2ce \u00e0 des syst\u00e8mes \u00e9lectroniques sp\u00e9ciaux de fonctionnement et de traitement avec une interface de recherche et de r\u00e9glage avanc\u00e9e qui permet \u00e0 l&rsquo;utilisateur d&rsquo;ajuster le syst\u00e8me et d&rsquo;effectuer l&rsquo;\u00e9quilibre au sol pour obtenir des r\u00e9sultats garantis qui d\u00e9terminent l&#8217;emplacement de la cible de mani\u00e8re professionnelle.<\/p>\n<p>\u2022 L&rsquo;\u00e9cran des r\u00e9sultats affiche les r\u00e9sultats interactifs qui indiquent le niveau de puissance du signal et il est affect\u00e9 de mani\u00e8re exponentielle chaque fois que l&#8217;emplacement cible est approch\u00e9, avec un indicateur syst\u00e8me pour d\u00e9terminer l&#8217;emplacement cible exact.<\/p>\n<p>\u2022 Sons interactifs synchronis\u00e9s avec le signal et sa force, o\u00f9 ils interagissent de mani\u00e8re exponentielle en fonction de la cible et de sa taille.<\/p>\n<p>\u2022 Ce syst\u00e8me est fourni avec un programme intelligent pour d\u00e9terminer la profondeur de la cible d\u00e9tect\u00e9e en fonction de la force de d\u00e9tection des effets r\u00e9fl\u00e9chissants des niveaux de chemin ionique.<\/p>\n<p>\u2022 Le principal facteur de d\u00e9tection dans ce syst\u00e8me est l&rsquo;unit\u00e9 \u00e0 haute sensibilit\u00e9, multit\u00e2che et fonctionnelle (antenne \u00e0 gain \u00e9lev\u00e9), qui contient des circuits \u00e9lectroniques int\u00e9gr\u00e9s avec des normes \u00e9lev\u00e9es, multi-caract\u00e9ristiques et des fonctions de transmission et de r\u00e9ception de signal et d&rsquo;exportation vers le carte m\u00e8re dans l&rsquo;appareil pour traiter le signal et afficher les r\u00e9sultats \u00e0 l&rsquo;\u00e9cran, et cette unit\u00e9 est prot\u00e9g\u00e9e par les derniers moyens de traiter toutes les conditions et propri\u00e9t\u00e9s du sol.<\/p>\n<p>Profondeur maximale 20 m\u00e8tres, la profondeur de la cible peut \u00eatre d\u00e9termin\u00e9e par le programme de d\u00e9termination de la profondeur.<br \/>\nLongue distance Il peut d\u00e9tecter jusqu&rsquo;\u00e0 200 m\u00e8tres.<br \/>\nCibles Domaines ioniques des m\u00e9taux pr\u00e9cieux : or, argent, bronze, platine, cuivre.<br \/>\nD\u00e9tection de fr\u00e9quence 85 MHz.<br \/>\nEffets sonores Oui, ce syst\u00e8me propose \u00e9galement des effets acoustiques et vibratoires en option.<br \/>\nIndicateurs num\u00e9riques Oui, indicateurs interactifs.<br \/>\n\u00c9quilibrer l&rsquo;appareil manuellement, pour obtenir des r\u00e9sultats garantis.[\/vc_toggle][\/vc_tta_section][vc_tta_section title=\u00a0\u00bbSpecifications\u00a0\u00bb tab_id=\u00a0\u00bb1598442096952-72789241-2ba340f2-9266&Prime;][vc_column_text text_larger=\u00a0\u00bbno\u00a0\u00bb]<\/p>\n<table>\n<tbody>\n<tr>\n<th>Principe de recherche<\/th>\n<td>Syst\u00e8me de d\u00e9tection de champs ioniques pour s\u00e9pultures et m\u00e9taux pr\u00e9cieux<\/td>\n<\/tr>\n<tr>\n<th>Principe de fonctionnement<\/th>\n<td>Traiter les donn\u00e9es et les signaux num\u00e9riques et les convertir en r\u00e9sultats visuels et audibles<\/td>\n<\/tr>\n<tr>\n<th>Type de traitement<\/th>\n<td>Multitraitement<\/td>\n<\/tr>\n<tr>\n<th>Processeur d&rsquo;op\u00e9ration<\/th>\n<td>MICROCONTROLEUR 32 bits<\/td>\n<\/tr>\n<tr>\n<th>\u00c9cran d&rsquo;affichage<\/th>\n<td>\u00c9cran TFT color\u00e9 avec une taille WVGA 800&#215;480, une profondeur de couleur de 16 bits<\/td>\n<\/tr>\n<tr>\n<th>Batterie de base<\/th>\n<td>7.4 volts, 3300 mA<\/td>\n<\/tr>\n<tr>\n<th>Consommation d&rsquo;\u00e9nergie<\/th>\n<td>Consommation moyenne 400 mA<\/td>\n<\/tr>\n<tr>\n<th>Heures de batterie de base<\/th>\n<td>(5 heures) et cela peut \u00eatre diff\u00e9rent en ce qui concerne les param\u00e8tres de luminosit\u00e9 de l&rsquo;\u00e9cran, les niveaux sonores et d&rsquo;autres fonctions qui peuvent \u00eatre en mode de lecture.<\/td>\n<\/tr>\n<tr>\n<th>Chargeur \u00e9lectrique<\/th>\n<td>Alimentation \/ entr\u00e9e d&rsquo;alimentation 240v-100V AC, sortie d&rsquo;alimentation 15V 1.2A<\/td>\n<\/tr>\n<tr>\n<th>capacit\u00e9 de stockage<\/th>\n<td>1 Go \/ il peut enregistrer jusqu&rsquo;\u00e0 999 scans.<\/td>\n<\/tr>\n<tr>\n<th>Du son<\/th>\n<td>Sons de haute qualit\u00e9, 32 KBIT\/S, MP3<\/td>\n<\/tr>\n<tr>\n<th>Notifications sonores<\/th>\n<td>Oui, avec un contr\u00f4le total des niveaux sonores dans toutes les fonctions.<\/td>\n<\/tr>\n<tr>\n<th>Vibreur<\/th>\n<td>Oui, (facultatif)<\/td>\n<\/tr>\n<tr>\n<th>Bluetooth<\/th>\n<td>Non, non disponible.<\/td>\n<\/tr>\n<tr>\n<th>Langues<\/th>\n<td>Oui, multilingue, avec 8 langues<\/td>\n<\/tr>\n<tr>\n<th>date et l&rsquo;heure<\/th>\n<td>Oui<\/td>\n<\/tr>\n<tr>\n<th>le mot de passe<\/th>\n<td>Oui, mot de passe r\u00e9initialisable\/ou annul\u00e9<\/td>\n<\/tr>\n<tr>\n<th>Dimensions<\/th>\n<td>49X21X15 cm<\/td>\n<\/tr>\n<tr>\n<th>Dimensions r\u00e9elles<\/th>\n<td>54x50x20 cm<\/td>\n<\/tr>\n<tr>\n<th>Poids total dans le sac<\/th>\n<td>3.3 kg<\/td>\n<\/tr>\n<tr>\n<th>Poids pour l&rsquo;assemblage<\/th>\n<td>1 kg<\/td>\n<\/tr>\n<tr>\n<th>Temp\u00e9rature de fonctionnement<\/th>\n<td>De 10\u00b0 C a 60\u00b0 C<\/td>\n<\/tr>\n<tr>\n<th>Temp\u00e9rature de stockage<\/th>\n<td>De 10\u00b0C \u00e0 80\u00b0C<\/td>\n<\/tr>\n<tr>\n<th>Humidit\u00e9<\/th>\n<td>Il peut \u00eatre stock\u00e9 et utilis\u00e9 \u00e0 100 % d&rsquo;humidit\u00e9.<\/td>\n<\/tr>\n<\/tbody>\n<\/table>\n<p>[\/vc_column_text][\/vc_tta_section][vc_tta_section title=\u00a0\u00bbAccessoires\u00a0\u00bb tab_id=\u00a0\u00bb1598442097652-d383f913-39bd40f2-9266&Prime;]\t\t<div id=\"gallery_381\" class=\"wd-images-gallery wd-wpb\" style=\"--wd-justify-content:center;--wd-align-items:center;\">\n\t\t\t\n\t\t\t<div class=\" wd-grid-g\" style=\"--wd-col-lg:4;--wd-col-md:4;--wd-col-sm:1;--wd-gap-lg:30px;--wd-gap-sm:10px;\">\n\t\t\t\t\n\t\t\t\t\t\t\t\t\t\t\t\t\t\t\t<div class=\"wd-gallery-item wd-col\">\n\t\t\t\t\t\t\t\n\t\t\t\t\t\t\t\t<img loading=\"lazy\" decoding=\"async\" width=\"1024\" height=\"1024\" src=\"https:\/\/gmd-detectors.com\/wp-content\/uploads\/2021\/01\/bag-4-1024x1024.jpg\" class=\"wd-gallery-image image-1\" alt=\"\" srcset=\"https:\/\/gmd-detectors.com\/wp-content\/uploads\/2021\/01\/bag-4-1024x1024.jpg 1024w, https:\/\/gmd-detectors.com\/wp-content\/uploads\/2021\/01\/bag-4-600x600.jpg 600w, https:\/\/gmd-detectors.com\/wp-content\/uploads\/2021\/01\/bag-4-150x150.jpg 150w, https:\/\/gmd-detectors.com\/wp-content\/uploads\/2021\/01\/bag-4-300x300.jpg 300w, https:\/\/gmd-detectors.com\/wp-content\/uploads\/2021\/01\/bag-4-768x768.jpg 768w, https:\/\/gmd-detectors.com\/wp-content\/uploads\/2021\/01\/bag-4-100x100.jpg 100w, https:\/\/gmd-detectors.com\/wp-content\/uploads\/2021\/01\/bag-4.jpg 1200w\" sizes=\"auto, (max-width: 1024px) 100vw, 1024px\" \/>\n\t\t\t\t\t\t\t\t\t\t\t\t\t\t<\/div>\n\t\t\t\t\t\t\t\t\t\t\t<div class=\"wd-gallery-item wd-col\">\n\t\t\t\t\t\t\t\n\t\t\t\t\t\t\t\t<img loading=\"lazy\" decoding=\"async\" width=\"1024\" height=\"1024\" src=\"https:\/\/gmd-detectors.com\/wp-content\/uploads\/2021\/01\/main-unit-3-1024x1024.jpg\" class=\"wd-gallery-image image-2\" alt=\"\" srcset=\"https:\/\/gmd-detectors.com\/wp-content\/uploads\/2021\/01\/main-unit-3-1024x1024.jpg 1024w, https:\/\/gmd-detectors.com\/wp-content\/uploads\/2021\/01\/main-unit-3-600x600.jpg 600w, https:\/\/gmd-detectors.com\/wp-content\/uploads\/2021\/01\/main-unit-3-150x150.jpg 150w, https:\/\/gmd-detectors.com\/wp-content\/uploads\/2021\/01\/main-unit-3-300x300.jpg 300w, https:\/\/gmd-detectors.com\/wp-content\/uploads\/2021\/01\/main-unit-3-768x768.jpg 768w, https:\/\/gmd-detectors.com\/wp-content\/uploads\/2021\/01\/main-unit-3-100x100.jpg 100w, https:\/\/gmd-detectors.com\/wp-content\/uploads\/2021\/01\/main-unit-3.jpg 1200w\" sizes=\"auto, (max-width: 1024px) 100vw, 1024px\" \/>\n\t\t\t\t\t\t\t\t\t\t\t\t\t\t<\/div>\n\t\t\t\t\t\t\t\t\t\t\t<div class=\"wd-gallery-item wd-col\">\n\t\t\t\t\t\t\t\n\t\t\t\t\t\t\t\t<img loading=\"lazy\" decoding=\"async\" width=\"1024\" height=\"1024\" src=\"https:\/\/gmd-detectors.com\/wp-content\/uploads\/2021\/01\/High-gain-1-1024x1024.jpg\" class=\"wd-gallery-image image-3\" alt=\"\" srcset=\"https:\/\/gmd-detectors.com\/wp-content\/uploads\/2021\/01\/High-gain-1-1024x1024.jpg 1024w, https:\/\/gmd-detectors.com\/wp-content\/uploads\/2021\/01\/High-gain-1-600x600.jpg 600w, https:\/\/gmd-detectors.com\/wp-content\/uploads\/2021\/01\/High-gain-1-150x150.jpg 150w, https:\/\/gmd-detectors.com\/wp-content\/uploads\/2021\/01\/High-gain-1-300x300.jpg 300w, https:\/\/gmd-detectors.com\/wp-content\/uploads\/2021\/01\/High-gain-1-768x768.jpg 768w, https:\/\/gmd-detectors.com\/wp-content\/uploads\/2021\/01\/High-gain-1-100x100.jpg 100w, https:\/\/gmd-detectors.com\/wp-content\/uploads\/2021\/01\/High-gain-1.jpg 1200w\" sizes=\"auto, (max-width: 1024px) 100vw, 1024px\" \/>\n\t\t\t\t\t\t\t\t\t\t\t\t\t\t<\/div>\n\t\t\t\t\t\t\t\t\t\t\t<div class=\"wd-gallery-item wd-col\">\n\t\t\t\t\t\t\t\n\t\t\t\t\t\t\t\t<img loading=\"lazy\" decoding=\"async\" width=\"1024\" height=\"1024\" src=\"https:\/\/gmd-detectors.com\/wp-content\/uploads\/2021\/01\/headphone-2-4-1024x1024.jpg\" class=\"wd-gallery-image image-4\" alt=\"\" srcset=\"https:\/\/gmd-detectors.com\/wp-content\/uploads\/2021\/01\/headphone-2-4-1024x1024.jpg 1024w, https:\/\/gmd-detectors.com\/wp-content\/uploads\/2021\/01\/headphone-2-4-600x600.jpg 600w, https:\/\/gmd-detectors.com\/wp-content\/uploads\/2021\/01\/headphone-2-4-150x150.jpg 150w, https:\/\/gmd-detectors.com\/wp-content\/uploads\/2021\/01\/headphone-2-4-300x300.jpg 300w, https:\/\/gmd-detectors.com\/wp-content\/uploads\/2021\/01\/headphone-2-4-768x768.jpg 768w, https:\/\/gmd-detectors.com\/wp-content\/uploads\/2021\/01\/headphone-2-4-100x100.jpg 100w, https:\/\/gmd-detectors.com\/wp-content\/uploads\/2021\/01\/headphone-2-4.jpg 1200w\" sizes=\"auto, (max-width: 1024px) 100vw, 1024px\" \/>\n\t\t\t\t\t\t\t\t\t\t\t\t\t\t<\/div>\n\t\t\t\t\t\t\t\t\t\t\t<div class=\"wd-gallery-item wd-col\">\n\t\t\t\t\t\t\t\n\t\t\t\t\t\t\t\t<img loading=\"lazy\" decoding=\"async\" width=\"1024\" height=\"1024\" src=\"https:\/\/gmd-detectors.com\/wp-content\/uploads\/2021\/01\/Car-charger-4-1024x1024.jpg\" class=\"wd-gallery-image image-5\" alt=\"\" srcset=\"https:\/\/gmd-detectors.com\/wp-content\/uploads\/2021\/01\/Car-charger-4-1024x1024.jpg 1024w, https:\/\/gmd-detectors.com\/wp-content\/uploads\/2021\/01\/Car-charger-4-600x600.jpg 600w, https:\/\/gmd-detectors.com\/wp-content\/uploads\/2021\/01\/Car-charger-4-150x150.jpg 150w, https:\/\/gmd-detectors.com\/wp-content\/uploads\/2021\/01\/Car-charger-4-300x300.jpg 300w, https:\/\/gmd-detectors.com\/wp-content\/uploads\/2021\/01\/Car-charger-4-768x768.jpg 768w, https:\/\/gmd-detectors.com\/wp-content\/uploads\/2021\/01\/Car-charger-4-100x100.jpg 100w, https:\/\/gmd-detectors.com\/wp-content\/uploads\/2021\/01\/Car-charger-4.jpg 1200w\" sizes=\"auto, (max-width: 1024px) 100vw, 1024px\" \/>\n\t\t\t\t\t\t\t\t\t\t\t\t\t\t<\/div>\n\t\t\t\t\t\t\t\t\t\t\t<div class=\"wd-gallery-item wd-col\">\n\t\t\t\t\t\t\t\n\t\t\t\t\t\t\t\t<img loading=\"lazy\" decoding=\"async\" width=\"1024\" height=\"1024\" src=\"https:\/\/gmd-detectors.com\/wp-content\/uploads\/2021\/01\/Battery-pack-4-1024x1024.jpg\" class=\"wd-gallery-image image-6\" alt=\"\" srcset=\"https:\/\/gmd-detectors.com\/wp-content\/uploads\/2021\/01\/Battery-pack-4-1024x1024.jpg 1024w, https:\/\/gmd-detectors.com\/wp-content\/uploads\/2021\/01\/Battery-pack-4-600x600.jpg 600w, https:\/\/gmd-detectors.com\/wp-content\/uploads\/2021\/01\/Battery-pack-4-150x150.jpg 150w, https:\/\/gmd-detectors.com\/wp-content\/uploads\/2021\/01\/Battery-pack-4-300x300.jpg 300w, https:\/\/gmd-detectors.com\/wp-content\/uploads\/2021\/01\/Battery-pack-4-768x768.jpg 768w, https:\/\/gmd-detectors.com\/wp-content\/uploads\/2021\/01\/Battery-pack-4-100x100.jpg 100w, https:\/\/gmd-detectors.com\/wp-content\/uploads\/2021\/01\/Battery-pack-4.jpg 1200w\" sizes=\"auto, (max-width: 1024px) 100vw, 1024px\" \/>\n\t\t\t\t\t\t\t\t\t\t\t\t\t\t<\/div>\n\t\t\t\t\t\t\t\t\t\t\t<div class=\"wd-gallery-item wd-col\">\n\t\t\t\t\t\t\t\n\t\t\t\t\t\t\t\t<img loading=\"lazy\" decoding=\"async\" width=\"1024\" height=\"1024\" src=\"https:\/\/gmd-detectors.com\/wp-content\/uploads\/2021\/01\/Power-adapter-4-1024x1024.jpg\" class=\"wd-gallery-image image-7\" alt=\"\" srcset=\"https:\/\/gmd-detectors.com\/wp-content\/uploads\/2021\/01\/Power-adapter-4-1024x1024.jpg 1024w, https:\/\/gmd-detectors.com\/wp-content\/uploads\/2021\/01\/Power-adapter-4-600x600.jpg 600w, https:\/\/gmd-detectors.com\/wp-content\/uploads\/2021\/01\/Power-adapter-4-150x150.jpg 150w, https:\/\/gmd-detectors.com\/wp-content\/uploads\/2021\/01\/Power-adapter-4-300x300.jpg 300w, https:\/\/gmd-detectors.com\/wp-content\/uploads\/2021\/01\/Power-adapter-4-768x768.jpg 768w, https:\/\/gmd-detectors.com\/wp-content\/uploads\/2021\/01\/Power-adapter-4-100x100.jpg 100w, https:\/\/gmd-detectors.com\/wp-content\/uploads\/2021\/01\/Power-adapter-4.jpg 1200w\" sizes=\"auto, (max-width: 1024px) 100vw, 1024px\" \/>\n\t\t\t\t\t\t\t\t\t\t\t\t\t\t<\/div>\n\t\t\t\t\t\t\t\t\t\n\t\t\t\t\t\t\t<\/div>\n\n\t\t\t\t\t<\/div>\n\t\t[\/vc_tta_section][\/vc_tta_tabs][\/vc_column][\/vc_row]<\/p>\n<\/div>","protected":false},"excerpt":{"rendered":"<p>Avec un syst\u00e8me int\u00e9gr\u00e9 pour d\u00e9tecter les tr\u00e9sors de longues distances et des techniques \u00e9lev\u00e9es \u2026\u2026..<\/p>\n<p>Afin de fournir les meilleures normes de d\u00e9tection avec un d\u00e9tecteur \u00e0 syst\u00e8me fixe \u00e0 longue port\u00e9e, la technologie AJAX pour les d\u00e9tecteurs a \u00e9t\u00e9 produite par le dispositif IOTA le meilleur et le plus avanc\u00e9 parmi les syst\u00e8mes et dispositifs de d\u00e9tection ionique \u00e0 longue port\u00e9e.<\/p>\n<p>Remarque : tous les produits AJAX sont fournis avec une garantie de deux ans.<\/p>\n","protected":false},"featured_media":9632,"template":"","meta":{"_acf_changed":false},"product_brand":[],"product_cat":[739],"product_tag":[],"class_list":{"0":"post-9631","1":"product","2":"type-product","3":"status-publish","4":"has-post-thumbnail","6":"product_cat-detecteurs-dor","8":"first","9":"instock","10":"shipping-taxable","11":"purchasable","12":"product-type-simple"},"acf":[],"_links":{"self":[{"href":"https:\/\/gmd-detectors.com\/fr\/wp-json\/wp\/v2\/product\/9631","targetHints":{"allow":["GET"]}}],"collection":[{"href":"https:\/\/gmd-detectors.com\/fr\/wp-json\/wp\/v2\/product"}],"about":[{"href":"https:\/\/gmd-detectors.com\/fr\/wp-json\/wp\/v2\/types\/product"}],"wp:featuredmedia":[{"embeddable":true,"href":"https:\/\/gmd-detectors.com\/fr\/wp-json\/wp\/v2\/media\/9632"}],"wp:attachment":[{"href":"https:\/\/gmd-detectors.com\/fr\/wp-json\/wp\/v2\/media?parent=9631"}],"wp:term":[{"taxonomy":"product_brand","embeddable":true,"href":"https:\/\/gmd-detectors.com\/fr\/wp-json\/wp\/v2\/product_brand?post=9631"},{"taxonomy":"product_cat","embeddable":true,"href":"https:\/\/gmd-detectors.com\/fr\/wp-json\/wp\/v2\/product_cat?post=9631"},{"taxonomy":"product_tag","embeddable":true,"href":"https:\/\/gmd-detectors.com\/fr\/wp-json\/wp\/v2\/product_tag?post=9631"}],"curies":[{"name":"wp","href":"https:\/\/api.w.org\/{rel}","templated":true}]}}